{"id":5752,"date":"2024-06-10T12:32:25","date_gmt":"2024-06-10T12:32:25","guid":{"rendered":"https:\/\/moyahousehold.com\/?post_type=product&#038;p=5752"},"modified":"2025-02-05T04:07:09","modified_gmt":"2025-02-05T04:07:09","slug":"wholesale-1l-stylish-insulated-coffee-pots","status":"publish","type":"product","link":"https:\/\/moyahousehold.com\/es\/producto\/wholesale-1l-stylish-insulated-coffee-pots\/","title":{"rendered":"Venta al por mayor elegante 1.0L aislado cafeteras, a granel termo hervidor de agua para la venta, Apoyo OEM y ODM"},"content":{"rendered":"<h3 class=\"wp-block-heading\">Par\u00e1metros de las cafeteras isot\u00e9rmicas<\/h3>\n\n\n\n<figure class=\"wp-block-table\"><table><tbody><tr><td>Capacidad<\/td><td>Material<\/td><td>Tama\u00f1o del producto<\/td><td>Cantidad por caja<\/td><td>Color<\/td><\/tr><tr><td>1.0L<\/td><td>PP,Acero inoxidable<br>304,Silicona<\/td><td>13,7*12,4*26,5 cm<\/td><td>12<\/td><td>Negro,Negro plata<\/td><\/tr><\/tbody><\/table><\/figure>\n\n\n\n<h3 class=\"wp-block-heading\">Opciones de cafeteras personalizadas<\/h3>\n\n\n\n<p><strong>Tapas:<\/strong> tapa a presi\u00f3n de acero inoxidable<br><strong>Logotipo:<\/strong> personalice el logotipo de su marca en el producto y el envase.<br><strong>Opciones de logotipo:<\/strong> logotipo impreso, logotipo grabado con l\u00e1ser, etc.<br><strong>Patr\u00f3n:<\/strong> impresi\u00f3n de motivos en termos<br><strong>Tecnolog\u00eda de impresi\u00f3n:<\/strong> impresi\u00f3n por transferencia de agua, serigraf\u00eda, impresi\u00f3n por transferencia de calor, transferencia por sublimaci\u00f3n, etc.<br><strong>Embalaje:<\/strong> caja de color<br><a href=\"https:\/\/moyahousehold.com\/es\/solucion-personalizada\/\"><strong>M\u00e1s informaci\u00f3n sobre soluciones personalizadas para cafeteras.<\/strong><\/a><\/p>\n\n\n\n<div class=\"wp-block-columns is-layout-flex wp-container-core-columns-is-layout-9d6595d7 wp-block-columns-is-layout-flex\">\n<div class=\"wp-block-column is-layout-flow wp-block-column-is-layout-flow\">\n<figure class=\"wp-block-image size-full\"><img fetchpriority=\"high\" decoding=\"async\" width=\"1500\" height=\"2250\" src=\"https:\/\/moyahousehold.com\/wp-content\/uploads\/2024\/06\/Insulated-Coffee-Pots-Detail-1.webp\" alt=\"Cafeteras isot\u00e9rmicas Detalle (1)\" class=\"wp-image-9899\" srcset=\"https:\/\/moyahousehold.com\/wp-content\/uploads\/2024\/06\/Insulated-Coffee-Pots-Detail-1.webp 1500w, https:\/\/moyahousehold.com\/wp-content\/uploads\/2024\/06\/Insulated-Coffee-Pots-Detail-1-200x300.webp 200w, https:\/\/moyahousehold.com\/wp-content\/uploads\/2024\/06\/Insulated-Coffee-Pots-Detail-1-768x1152.webp 768w, https:\/\/moyahousehold.com\/wp-content\/uploads\/2024\/06\/Insulated-Coffee-Pots-Detail-1-8x12.webp 8w, https:\/\/moyahousehold.com\/wp-content\/uploads\/2024\/06\/Insulated-Coffee-Pots-Detail-1-285x428.webp 285w, https:\/\/moyahousehold.com\/wp-content\/uploads\/2024\/06\/Insulated-Coffee-Pots-Detail-1-440x660.webp 440w, https:\/\/moyahousehold.com\/wp-content\/uploads\/2024\/06\/Insulated-Coffee-Pots-Detail-1-100x150.webp 100w\" sizes=\"(max-width: 1500px) 100vw, 1500px\" \/><\/figure>\n<\/div>\n\n\n\n<div class=\"wp-block-column is-layout-flow wp-block-column-is-layout-flow\">\n<figure class=\"wp-block-image size-full\"><img decoding=\"async\" width=\"1500\" height=\"2250\" src=\"https:\/\/moyahousehold.com\/wp-content\/uploads\/2024\/06\/Insulated-Coffee-Pots-Detail-2.webp\" alt=\"Detalle de las cafeteras isot\u00e9rmicas (2)\" class=\"wp-image-9900\" srcset=\"https:\/\/moyahousehold.com\/wp-content\/uploads\/2024\/06\/Insulated-Coffee-Pots-Detail-2.webp 1500w, https:\/\/moyahousehold.com\/wp-content\/uploads\/2024\/06\/Insulated-Coffee-Pots-Detail-2-200x300.webp 200w, https:\/\/moyahousehold.com\/wp-content\/uploads\/2024\/06\/Insulated-Coffee-Pots-Detail-2-768x1152.webp 768w, https:\/\/moyahousehold.com\/wp-content\/uploads\/2024\/06\/Insulated-Coffee-Pots-Detail-2-8x12.webp 8w, https:\/\/moyahousehold.com\/wp-content\/uploads\/2024\/06\/Insulated-Coffee-Pots-Detail-2-285x428.webp 285w, https:\/\/moyahousehold.com\/wp-content\/uploads\/2024\/06\/Insulated-Coffee-Pots-Detail-2-440x660.webp 440w, https:\/\/moyahousehold.com\/wp-content\/uploads\/2024\/06\/Insulated-Coffee-Pots-Detail-2-100x150.webp 100w\" sizes=\"(max-width: 1500px) 100vw, 1500px\" \/><\/figure>\n<\/div>\n<\/div>","protected":false},"excerpt":{"rendered":"<p>Mayorista de moda Cafeteras isot\u00e9rmicas de 1,0L, dise\u00f1o bonito y elegante. La cafetera aislada tiene un excelente revestimiento aislante para garantizar que la bebida mantenga la temperatura ideal durante mucho tiempo. P\u00f3ngase en contacto con nosotros para solicitar un presupuesto.<\/p>\n<h3>Caracter\u00edsticas de las cafeteras isot\u00e9rmicas de 1.0L\u00a0<\/h3>\n<p><strong>Materiales de alta calidad:<\/strong> Las cafeteras isot\u00e9rmicas est\u00e1n fabricadas en acero inoxidable 304 por dentro y por fuera, y la tapa de la boquilla est\u00e1 hecha de pp de calidad alimentaria y silicona para garantizar su durabilidad y seguridad de uso a largo plazo.<\/p>\n<p><strong>Dise\u00f1o ligero:<\/strong> El dise\u00f1o general de esta cafetera isot\u00e9rmica es delgado y ligero, y est\u00e1 equipada con una c\u00f3moda asa que permite verter el agua sin esfuerzo y de forma sencilla.<\/p>\n<p><strong>Funcionamiento c\u00f3modo:<\/strong> Pulse el bot\u00f3n de la tapa para encender y apagar la salida de agua, sin tener que mantener pulsado el bot\u00f3n durante mucho tiempo, lo que resulta m\u00e1s c\u00f3modo de usar que la jarra t\u00e9rmica tradicional.<\/p>\n<p><strong>Revestimiento de pintura protectora:<\/strong> La capa exterior de acero inoxidable de la cafetera isot\u00e9rmica est\u00e1 recubierta de pintura protectora para realzar el brillo y evitar eficazmente los restos de huellas dactilares.<\/p>\n<p><strong>Servicio de personalizaci\u00f3n OEM y ODM:<\/strong> Ofrecemos servicios personalizados de cafeteras isot\u00e9rmicas, proporcionando soluciones de personalizaci\u00f3n oem y odm para satisfacer las necesidades de su marca.<\/p>","protected":false},"featured_media":9901,"comment_status":"closed","ping_status":"closed","template":"","meta":[],"product_cat":[54],"product_tag":[66,85],"class_list":{"0":"post-5752","1":"product","2":"type-product","3":"status-publish","4":"has-post-thumbnail","6":"product_cat-thermal-carafe-wholesale","7":"product_tag-wholesale-1000ml-thermos-carafe","8":"product_tag-wholesale-stainless-steel-liner-thermos-carafe","10":"first","11":"instock","12":"shipping-taxable","13":"product-type-simple"},"_links":{"self":[{"href":"https:\/\/moyahousehold.com\/es\/wp-json\/wp\/v2\/product\/5752","targetHints":{"allow":["GET"]}}],"collection":[{"href":"https:\/\/moyahousehold.com\/es\/wp-json\/wp\/v2\/product"}],"about":[{"href":"https:\/\/moyahousehold.com\/es\/wp-json\/wp\/v2\/types\/product"}],"replies":[{"embeddable":true,"href":"https:\/\/moyahousehold.com\/es\/wp-json\/wp\/v2\/comments?post=5752"}],"version-history":[{"count":0,"href":"https:\/\/moyahousehold.com\/es\/wp-json\/wp\/v2\/product\/5752\/revisions"}],"wp:featuredmedia":[{"embeddable":true,"href":"https:\/\/moyahousehold.com\/es\/wp-json\/wp\/v2\/media\/9901"}],"wp:attachment":[{"href":"https:\/\/moyahousehold.com\/es\/wp-json\/wp\/v2\/media?parent=5752"}],"wp:term":[{"taxonomy":"product_cat","embeddable":true,"href":"https:\/\/moyahousehold.com\/es\/wp-json\/wp\/v2\/product_cat?post=5752"},{"taxonomy":"product_tag","embeddable":true,"href":"https:\/\/moyahousehold.com\/es\/wp-json\/wp\/v2\/product_tag?post=5752"}],"curies":[{"name":"wp","href":"https:\/\/api.w.org\/{rel}","templated":true}]}}