{"id":5766,"date":"2024-06-10T12:57:22","date_gmt":"2024-06-10T12:57:22","guid":{"rendered":"https:\/\/moyahousehold.com\/?post_type=product&#038;p=5766"},"modified":"2025-04-19T08:55:22","modified_gmt":"2025-04-19T08:55:22","slug":"wholesale-1-liter-thermal-coffee-carafe","status":"publish","type":"product","link":"https:\/\/moyahousehold.com\/es\/producto\/wholesale-1-liter-thermal-coffee-carafe\/","title":{"rendered":"Mayorista Jarra T\u00e9rmica de Caf\u00e9 de 1 Litro - MOYA Thermal Carafe Manufacturer, Support OEM &amp; DOM"},"content":{"rendered":"<h3 class=\"wp-block-heading\">Par\u00e1metros de la jarra t\u00e9rmica para caf\u00e9<\/h3>\n\n\n\n<figure class=\"wp-block-table\"><table><tbody><tr><td>Capacidad<\/td><td>Material del asa<\/td><td>Material<\/td><td>Tama\u00f1o del producto<\/td><td>Cantidad por caja<\/td><td>Color<\/td><\/tr><tr><td>1.0L<\/td><td>Madera<\/td><td>ABS, vidrio borosilicato, PP, silicona.<\/td><td>19.7*12.3*24.5<\/td><td>12<\/td><td>Negro\uff0cBlanco roto\uff0cCamel,Verde<\/td><\/tr><tr><td>1.0L<\/td><td>Acero inoxidable<\/td><td>ABS, vidrio borosilicato, PP, silicona.<\/td><td>19.7*12.3*24.5<\/td><td>12<\/td><td>Negro\uff0cBlanco roto\uff0cCamel,Verde<\/td><\/tr><tr><td>1.3L<\/td><td>Madera<\/td><td>ABS, vidrio borosilicato, PP, silicona.<\/td><td><\/td><td>12<\/td><td>Negro\uff0cBlanco roto\uff0cCamel,Verde<\/td><\/tr><tr><td>1.3L<\/td><td>Acero inoxidable<\/td><td>ABS, vidrio borosilicato, PP, silicona.<\/td><td><\/td><td>12<\/td><td>Negro\uff0cBlanco roto\uff0cCamel,Verde<\/td><\/tr><\/tbody><\/table><\/figure>\n\n\n\n<h3 class=\"wp-block-heading\">Opciones de jarra t\u00e9rmica personalizadas<\/h3>\n\n\n\n<p><strong>Tapas<\/strong>Tapa a presi\u00f3n de acero inoxidable<br><strong>Logotipo<\/strong>Personalice el logotipo de su marca en el producto y el envase.<br><strong>Opciones de logotipo<\/strong>Logotipo impreso, logotipo grabado con l\u00e1ser, etc.<br><strong>Patr\u00f3n<\/strong>Impresi\u00f3n de motivos en cafetera.<br><strong>Tecnolog\u00eda de impresi\u00f3n<\/strong>Impresi\u00f3n por transferencia de agua, serigraf\u00eda, transferencia de calor, sublimaci\u00f3n, etc. <br><strong>Embalaje:<\/strong> caja de color<br><a href=\"https:\/\/moyahousehold.com\/es\/solucion-personalizada\/\"><strong>Explore m\u00e1s soluciones de garrafas t\u00e9rmicas personalizadas<\/strong><\/a><\/p>\n\n\n\n<div class=\"wp-block-columns is-layout-flex wp-container-core-columns-is-layout-9d6595d7 wp-block-columns-is-layout-flex\">\n<div class=\"wp-block-column is-layout-flow wp-block-column-is-layout-flow\">\n<figure class=\"wp-block-image size-full\"><img fetchpriority=\"high\" decoding=\"async\" width=\"2610\" height=\"2610\" src=\"https:\/\/moyahousehold.com\/wp-content\/uploads\/2024\/06\/Thermal-Coffee-Carafe-with-Wooden-Handle.webp\" alt=\"Jarra de caf\u00e9 t\u00e9rmica con asa de madera\" class=\"wp-image-9860\" srcset=\"https:\/\/moyahousehold.com\/wp-content\/uploads\/2024\/06\/Thermal-Coffee-Carafe-with-Wooden-Handle.webp 2610w, https:\/\/moyahousehold.com\/wp-content\/uploads\/2024\/06\/Thermal-Coffee-Carafe-with-Wooden-Handle-300x300.webp 300w, https:\/\/moyahousehold.com\/wp-content\/uploads\/2024\/06\/Thermal-Coffee-Carafe-with-Wooden-Handle-150x150.webp 150w, https:\/\/moyahousehold.com\/wp-content\/uploads\/2024\/06\/Thermal-Coffee-Carafe-with-Wooden-Handle-768x768.webp 768w, https:\/\/moyahousehold.com\/wp-content\/uploads\/2024\/06\/Thermal-Coffee-Carafe-with-Wooden-Handle-12x12.webp 12w, https:\/\/moyahousehold.com\/wp-content\/uploads\/2024\/06\/Thermal-Coffee-Carafe-with-Wooden-Handle-285x285.webp 285w, https:\/\/moyahousehold.com\/wp-content\/uploads\/2024\/06\/Thermal-Coffee-Carafe-with-Wooden-Handle-1600x1600.webp 1600w, https:\/\/moyahousehold.com\/wp-content\/uploads\/2024\/06\/Thermal-Coffee-Carafe-with-Wooden-Handle-270x270.webp 270w, https:\/\/moyahousehold.com\/wp-content\/uploads\/2024\/06\/Thermal-Coffee-Carafe-with-Wooden-Handle-540x540.webp 540w, https:\/\/moyahousehold.com\/wp-content\/uploads\/2024\/06\/Thermal-Coffee-Carafe-with-Wooden-Handle-660x660.webp 660w\" sizes=\"(max-width: 2610px) 100vw, 2610px\" \/><\/figure>\n<\/div>\n\n\n\n<div class=\"wp-block-column is-layout-flow wp-block-column-is-layout-flow\">\n<figure class=\"wp-block-image size-full\"><img decoding=\"async\" width=\"2533\" height=\"2533\" src=\"https:\/\/moyahousehold.com\/wp-content\/uploads\/2024\/06\/Thermal-Coffee-Carafe-with-Stainless-Steel-Handle.webp\" alt=\"Jarra t\u00e9rmica de caf\u00e9 con asa de acero inoxidable\" class=\"wp-image-9859\" srcset=\"https:\/\/moyahousehold.com\/wp-content\/uploads\/2024\/06\/Thermal-Coffee-Carafe-with-Stainless-Steel-Handle.webp 2533w, https:\/\/moyahousehold.com\/wp-content\/uploads\/2024\/06\/Thermal-Coffee-Carafe-with-Stainless-Steel-Handle-300x300.webp 300w, https:\/\/moyahousehold.com\/wp-content\/uploads\/2024\/06\/Thermal-Coffee-Carafe-with-Stainless-Steel-Handle-150x150.webp 150w, https:\/\/moyahousehold.com\/wp-content\/uploads\/2024\/06\/Thermal-Coffee-Carafe-with-Stainless-Steel-Handle-768x768.webp 768w, https:\/\/moyahousehold.com\/wp-content\/uploads\/2024\/06\/Thermal-Coffee-Carafe-with-Stainless-Steel-Handle-12x12.webp 12w, https:\/\/moyahousehold.com\/wp-content\/uploads\/2024\/06\/Thermal-Coffee-Carafe-with-Stainless-Steel-Handle-285x285.webp 285w, https:\/\/moyahousehold.com\/wp-content\/uploads\/2024\/06\/Thermal-Coffee-Carafe-with-Stainless-Steel-Handle-1600x1600.webp 1600w, https:\/\/moyahousehold.com\/wp-content\/uploads\/2024\/06\/Thermal-Coffee-Carafe-with-Stainless-Steel-Handle-270x270.webp 270w, https:\/\/moyahousehold.com\/wp-content\/uploads\/2024\/06\/Thermal-Coffee-Carafe-with-Stainless-Steel-Handle-540x540.webp 540w, https:\/\/moyahousehold.com\/wp-content\/uploads\/2024\/06\/Thermal-Coffee-Carafe-with-Stainless-Steel-Handle-660x660.webp 660w\" sizes=\"(max-width: 2533px) 100vw, 2533px\" \/><\/figure>\n<\/div>\n<\/div>","protected":false},"excerpt":{"rendered":"<p>Mayorista personalizable jarra de caf\u00e9 t\u00e9rmica, esta jarra de caf\u00e9 t\u00e9rmica puede mantener el calor durante 24 horas, la c\u00e1scara est\u00e1 hecha de material de PP de calidad alimentaria, ligero y c\u00f3modo, adecuado para diversas escenas como el hogar, restaurante, oficina, etc. Ofrecemos OEM y ODM servicio personalizado jarra de caf\u00e9 t\u00e9rmica, recepci\u00f3n para entrarnos en contacto con.<\/p>\n<h3>Caracter\u00edsticas de la jarra t\u00e9rmica para caf\u00e9<\/h3>\n<p><strong>Dise\u00f1o moderno:<\/strong> Esta jarra de caf\u00e9 t\u00e9rmica tiene un aspecto sencillo y elegante, adecuado para una variedad de estilos de hogar modernos, pr\u00e1cticos y bonitos.<\/p>\n<p><strong>Material de alta calidad:<\/strong> El dep\u00f3sito interior de la jarra t\u00e9rmica de caf\u00e9 est\u00e1 hecho de vidrio interior, que puede proporcionar 24 horas de preservaci\u00f3n del calor y preservaci\u00f3n del fr\u00edo.<\/p>\n<p><strong>M\u00faltiples estilos para elegir:<\/strong> Disponemos de jarra t\u00e9rmica con asa de madera y jarra t\u00e9rmica con asa de acero inoxidable, y ofrecemos opciones de tama\u00f1o de 1,0L y 1,3L para satisfacer las preferencias de los distintos usuarios.<\/p>\n<p><strong>F\u00e1cil de manejar:<\/strong> El cuerpo y el asa tienen un dise\u00f1o ergon\u00f3mico, c\u00f3modo de sujetar, y el pitorro tiene forma de \u00e1guila, para que el agua no se derrame al verterla.<\/p>\n<p><strong>Servicio personalizado OEM y ODM:<\/strong> Como fabricante profesional de jarra t\u00e9rmica, MOYA le ofrece un servicio integral de jarra t\u00e9rmica personalizada, ayud\u00e1ndole a crear productos adecuados para el mercado de 0 a 1.<\/p>","protected":false},"featured_media":9862,"comment_status":"closed","ping_status":"closed","template":"","meta":[],"product_cat":[54],"product_tag":[66,84],"class_list":{"0":"post-5766","1":"product","2":"type-product","3":"status-publish","4":"has-post-thumbnail","6":"product_cat-thermal-carafe-wholesale","7":"product_tag-wholesale-1000ml-thermos-carafe","8":"product_tag-wholesale-glass-liner-thermos-carafe","10":"first","11":"instock","12":"shipping-taxable","13":"product-type-simple"},"_links":{"self":[{"href":"https:\/\/moyahousehold.com\/es\/wp-json\/wp\/v2\/product\/5766","targetHints":{"allow":["GET"]}}],"collection":[{"href":"https:\/\/moyahousehold.com\/es\/wp-json\/wp\/v2\/product"}],"about":[{"href":"https:\/\/moyahousehold.com\/es\/wp-json\/wp\/v2\/types\/product"}],"replies":[{"embeddable":true,"href":"https:\/\/moyahousehold.com\/es\/wp-json\/wp\/v2\/comments?post=5766"}],"version-history":[{"count":0,"href":"https:\/\/moyahousehold.com\/es\/wp-json\/wp\/v2\/product\/5766\/revisions"}],"wp:featuredmedia":[{"embeddable":true,"href":"https:\/\/moyahousehold.com\/es\/wp-json\/wp\/v2\/media\/9862"}],"wp:attachment":[{"href":"https:\/\/moyahousehold.com\/es\/wp-json\/wp\/v2\/media?parent=5766"}],"wp:term":[{"taxonomy":"product_cat","embeddable":true,"href":"https:\/\/moyahousehold.com\/es\/wp-json\/wp\/v2\/product_cat?post=5766"},{"taxonomy":"product_tag","embeddable":true,"href":"https:\/\/moyahousehold.com\/es\/wp-json\/wp\/v2\/product_tag?post=5766"}],"curies":[{"name":"wp","href":"https:\/\/api.w.org\/{rel}","templated":true}]}}