{"id":5785,"date":"2024-06-10T13:27:01","date_gmt":"2024-06-10T13:27:01","guid":{"rendered":"https:\/\/moyahousehold.com\/?post_type=product&#038;p=5785"},"modified":"2025-02-05T04:02:51","modified_gmt":"2025-02-05T04:02:51","slug":"wholesale-modern-1-liter-thermal-coffee-carafe","status":"publish","type":"product","link":"https:\/\/moyahousehold.com\/es\/producto\/wholesale-modern-1-liter-thermal-coffee-carafe\/","title":{"rendered":"Mayorista Moderno Hermoso 1 litro jarra t\u00e9rmica de caf\u00e9 - MOYA jarra t\u00e9rmica Fabricante,Soporte OEM y ODM"},"content":{"rendered":"<h3 class=\"wp-block-heading\">Par\u00e1metros de la jarra t\u00e9rmica para caf\u00e9<\/h3>\n\n\n\n<figure class=\"wp-block-table\"><table><tbody><tr><td>Capacidad<\/td><td>Material<\/td><td>Tama\u00f1o del producto<\/td><td>Cantidad por caja<\/td><\/tr><tr><td>1.0L<\/td><td>PP, vidrio de borosilicato,<br>silicona<\/td><td>21.8*17*22.8<\/td><td>12<\/td><\/tr><\/tbody><\/table><\/figure>\n\n\n\n<h3 class=\"wp-block-heading\">Opciones de jarra t\u00e9rmica personalizadas<\/h3>\n\n\n\n<p><strong>Tapas: <\/strong>tapa a presi\u00f3n de acero inoxidable<br><strong>Logotipo:<\/strong> Personalice el logotipo de su marca en el producto y el envase.<br><strong>Opciones de logotipo: <\/strong>logotipo impreso, logotipo grabado con l\u00e1ser, etc.<br><strong>Patr\u00f3n: <\/strong>impresi\u00f3n de motivos en termos<br><strong>Tecnolog\u00eda de impresi\u00f3n<\/strong>Impresi\u00f3n por transferencia de agua, serigraf\u00eda, transferencia de calor, sublimaci\u00f3n, etc. <br><strong>Embalaje:<\/strong>caja de color<br><a href=\"https:\/\/moyahousehold.com\/es\/solucion-personalizada\/\"><strong>Explore m\u00e1s soluciones de garrafas t\u00e9rmicas personalizadas<\/strong><\/a><\/p>\n\n\n\n<div class=\"wp-block-columns is-layout-flex wp-container-core-columns-is-layout-9d6595d7 wp-block-columns-is-layout-flex\">\n<div class=\"wp-block-column is-layout-flow wp-block-column-is-layout-flow\">\n<figure class=\"wp-block-image size-full\"><img fetchpriority=\"high\" decoding=\"async\" width=\"2569\" height=\"2569\" src=\"https:\/\/moyahousehold.com\/wp-content\/uploads\/2024\/06\/1-liter-Thermal-Coffee-Carafe-Detail-1.webp\" alt=\"Jarra t\u00e9rmica de caf\u00e9 de 1 litro Detalle (1)\" class=\"wp-image-9880\" srcset=\"https:\/\/moyahousehold.com\/wp-content\/uploads\/2024\/06\/1-liter-Thermal-Coffee-Carafe-Detail-1.webp 2569w, https:\/\/moyahousehold.com\/wp-content\/uploads\/2024\/06\/1-liter-Thermal-Coffee-Carafe-Detail-1-300x300.webp 300w, https:\/\/moyahousehold.com\/wp-content\/uploads\/2024\/06\/1-liter-Thermal-Coffee-Carafe-Detail-1-150x150.webp 150w, https:\/\/moyahousehold.com\/wp-content\/uploads\/2024\/06\/1-liter-Thermal-Coffee-Carafe-Detail-1-768x768.webp 768w, https:\/\/moyahousehold.com\/wp-content\/uploads\/2024\/06\/1-liter-Thermal-Coffee-Carafe-Detail-1-12x12.webp 12w, https:\/\/moyahousehold.com\/wp-content\/uploads\/2024\/06\/1-liter-Thermal-Coffee-Carafe-Detail-1-285x285.webp 285w, https:\/\/moyahousehold.com\/wp-content\/uploads\/2024\/06\/1-liter-Thermal-Coffee-Carafe-Detail-1-1600x1600.webp 1600w, https:\/\/moyahousehold.com\/wp-content\/uploads\/2024\/06\/1-liter-Thermal-Coffee-Carafe-Detail-1-270x270.webp 270w, https:\/\/moyahousehold.com\/wp-content\/uploads\/2024\/06\/1-liter-Thermal-Coffee-Carafe-Detail-1-540x540.webp 540w, https:\/\/moyahousehold.com\/wp-content\/uploads\/2024\/06\/1-liter-Thermal-Coffee-Carafe-Detail-1-660x660.webp 660w\" sizes=\"(max-width: 2569px) 100vw, 2569px\" \/><\/figure>\n<\/div>\n\n\n\n<div class=\"wp-block-column is-layout-flow wp-block-column-is-layout-flow\">\n<figure class=\"wp-block-image size-full\"><img decoding=\"async\" width=\"2546\" height=\"2546\" src=\"https:\/\/moyahousehold.com\/wp-content\/uploads\/2024\/06\/1-liter-Thermal-Coffee-Carafe-Detail-2.webp\" alt=\"Jarra t\u00e9rmica de caf\u00e9 de 1 litro Detalle (2)\" class=\"wp-image-9881\" srcset=\"https:\/\/moyahousehold.com\/wp-content\/uploads\/2024\/06\/1-liter-Thermal-Coffee-Carafe-Detail-2.webp 2546w, https:\/\/moyahousehold.com\/wp-content\/uploads\/2024\/06\/1-liter-Thermal-Coffee-Carafe-Detail-2-300x300.webp 300w, https:\/\/moyahousehold.com\/wp-content\/uploads\/2024\/06\/1-liter-Thermal-Coffee-Carafe-Detail-2-150x150.webp 150w, https:\/\/moyahousehold.com\/wp-content\/uploads\/2024\/06\/1-liter-Thermal-Coffee-Carafe-Detail-2-768x768.webp 768w, https:\/\/moyahousehold.com\/wp-content\/uploads\/2024\/06\/1-liter-Thermal-Coffee-Carafe-Detail-2-12x12.webp 12w, https:\/\/moyahousehold.com\/wp-content\/uploads\/2024\/06\/1-liter-Thermal-Coffee-Carafe-Detail-2-285x285.webp 285w, https:\/\/moyahousehold.com\/wp-content\/uploads\/2024\/06\/1-liter-Thermal-Coffee-Carafe-Detail-2-1600x1600.webp 1600w, https:\/\/moyahousehold.com\/wp-content\/uploads\/2024\/06\/1-liter-Thermal-Coffee-Carafe-Detail-2-270x270.webp 270w, https:\/\/moyahousehold.com\/wp-content\/uploads\/2024\/06\/1-liter-Thermal-Coffee-Carafe-Detail-2-540x540.webp 540w, https:\/\/moyahousehold.com\/wp-content\/uploads\/2024\/06\/1-liter-Thermal-Coffee-Carafe-Detail-2-660x660.webp 660w\" sizes=\"(max-width: 2546px) 100vw, 2546px\" \/><\/figure>\n<\/div>\n<\/div>","protected":false},"excerpt":{"rendered":"<p>Jarra t\u00e9rmica de estilo moderno al por mayor. La jarra t\u00e9rmica est\u00e1 hecha de materiales de aislamiento t\u00e9rmico eficientes, con un excelente rendimiento de aislamiento t\u00e9rmico, proporcionando 24 horas de preservaci\u00f3n del calor y efecto de enfriamiento. Ofrecemos servicios de personalizaci\u00f3n OEM y ODM, y podemos personalizarla seg\u00fan las necesidades del cliente. P\u00f3ngase en contacto con nosotros para solicitar un presupuesto.<\/p>\n<h3>Caracter\u00edsticas y ventajas de la hervidora isot\u00e9rmica personalizada<\/h3>\n<p><strong>Aspecto elegante:<\/strong> Esta jarra de caf\u00e9 t\u00e9rmica tiene un estilo de dise\u00f1o \u00fanico y sencillo, que puede combinarse con diversos ambientes dom\u00e9sticos y tambi\u00e9n puede utilizarse como una bonita decoraci\u00f3n en la mesa del comedor.<\/p>\n<p><strong>Buen efecto aislante:<\/strong> El tanque interior est\u00e1 hecho de vidrio rojo, que puede mantener eficazmente la temperatura de la bebida y proporcionar 24 horas de aislamiento y efecto de enfriamiento.<\/p>\n<p><strong>Dise\u00f1o pr\u00e1ctico:<\/strong> Adopta un dise\u00f1o de pulsar para descargar. S\u00f3lo tiene que pulsar ligeramente para liberar el agua, que es simple y ahorro de trabajo para operar.<\/p>\n<p><strong>F\u00e1cil de limpiar:<\/strong> La superficie interior lisa permite extraer f\u00e1cilmente el dep\u00f3sito interior del fondo, lo que facilita la limpieza y permite mantener la olla limpia e higi\u00e9nica.<\/p>\n<p><strong>Servicios personalizados OEM y ODM:<\/strong> Ofrecemos garrafas t\u00e9rmicas personalizadas, con diversas opciones de personalizaci\u00f3n, como el aspecto, el dise\u00f1o, la capacidad y el envase.<\/p>\n<p><strong><a href=\"https:\/\/moyahousehold.com\/es\/solucion-personalizada\/\">M\u00e1s informaci\u00f3n sobre soluciones de garrafas t\u00e9rmicas personalizadas OEM&amp;ODM.<\/a><\/strong><\/p>","protected":false},"featured_media":9882,"comment_status":"closed","ping_status":"closed","template":"","meta":[],"product_cat":[54],"product_tag":[66,84],"class_list":{"0":"post-5785","1":"product","2":"type-product","3":"status-publish","4":"has-post-thumbnail","6":"product_cat-thermal-carafe-wholesale","7":"product_tag-wholesale-1000ml-thermos-carafe","8":"product_tag-wholesale-glass-liner-thermos-carafe","10":"first","11":"instock","12":"shipping-taxable","13":"product-type-simple"},"_links":{"self":[{"href":"https:\/\/moyahousehold.com\/es\/wp-json\/wp\/v2\/product\/5785","targetHints":{"allow":["GET"]}}],"collection":[{"href":"https:\/\/moyahousehold.com\/es\/wp-json\/wp\/v2\/product"}],"about":[{"href":"https:\/\/moyahousehold.com\/es\/wp-json\/wp\/v2\/types\/product"}],"replies":[{"embeddable":true,"href":"https:\/\/moyahousehold.com\/es\/wp-json\/wp\/v2\/comments?post=5785"}],"version-history":[{"count":0,"href":"https:\/\/moyahousehold.com\/es\/wp-json\/wp\/v2\/product\/5785\/revisions"}],"wp:featuredmedia":[{"embeddable":true,"href":"https:\/\/moyahousehold.com\/es\/wp-json\/wp\/v2\/media\/9882"}],"wp:attachment":[{"href":"https:\/\/moyahousehold.com\/es\/wp-json\/wp\/v2\/media?parent=5785"}],"wp:term":[{"taxonomy":"product_cat","embeddable":true,"href":"https:\/\/moyahousehold.com\/es\/wp-json\/wp\/v2\/product_cat?post=5785"},{"taxonomy":"product_tag","embeddable":true,"href":"https:\/\/moyahousehold.com\/es\/wp-json\/wp\/v2\/product_tag?post=5785"}],"curies":[{"name":"wp","href":"https:\/\/api.w.org\/{rel}","templated":true}]}}