{"id":5905,"date":"2024-06-22T09:15:13","date_gmt":"2024-06-22T09:15:13","guid":{"rendered":"https:\/\/moyahousehold.com\/?post_type=product&#038;p=5905"},"modified":"2026-04-07T09:21:18","modified_gmt":"2026-04-07T09:21:18","slug":"wholesale-insulated-stainless-steel-food-jar","status":"publish","type":"product","link":"https:\/\/moyahousehold.com\/es\/producto\/wholesale-insulated-stainless-steel-food-jar\/","title":{"rendered":"304 Stainless Steel Insulated Food Jar \u2013 Keep Meals Hot or Cold, Durable, BPA-Free, Factory Direct Wholesale"},"content":{"rendered":"<h3 class=\"wp-block-heading\">Par\u00e1metros del tarro aislado de acero inoxidable para alimentos<\/h3>\n\n\n\n<p><strong>Material:<\/strong> 304 + PP <strong> Color:<\/strong> Beige\/caqui<\/p>\n\n\n\n<div class=\"wp-block-group\"><div class=\"wp-block-group__inner-container is-layout-constrained wp-block-group-is-layout-constrained\">\n<div class=\"wp-block-group\"><div class=\"wp-block-group__inner-container is-layout-constrained wp-block-group-is-layout-constrained\">\n<figure class=\"wp-block-table\"><table><tbody><tr><td>N\u00famero de modelo<\/td><td>Capacidad<\/td><td>Tama\u00f1o del producto<\/td><td>Cantidad por caja<\/td><td>N.W<\/td><td>G.W\/Caso<\/td><\/tr><tr><td>MYLY021<\/td><td>Single layer\/800ml<\/td><td>12*12*9.5<\/td><td>60<\/td><td>0.33<\/td><td>24.8<\/td><\/tr><tr><td>MYLY022<\/td><td>Double layers\/1200ml<\/td><td>12*12*18.5<\/td><td>40<\/td><td>0.52<\/td><td>25.8<\/td><\/tr><tr><td>MYLY023<\/td><td>Single layer\/1600ml<\/td><td>12*12*24<\/td><td>32<\/td><td>0.72<\/td><td>28.0<\/td><\/tr><tr><td>MYLY024<\/td><td>Double layers\/2000ml<\/td><td>12*12*30<\/td><td>24<\/td><td>0.91<\/td><td>26.8<\/td><\/tr><\/tbody><\/table><\/figure>\n<\/div><\/div>\n<\/div><\/div>\n\n\n\n<h3 class=\"wp-block-heading\">Opciones de tarros personalizados<\/h3>\n\n\n\n<p><strong>Logotipo<\/strong>: Custom your brand logo on the insulated food jar and package.<br><strong>Logo 0ptions<\/strong>: Printed logo, laser engraved logo, etc.<br><strong>Patr\u00f3n<\/strong>: Patrones de impresi\u00f3n <br><strong>Printing Technology<\/strong>: Water transfer printing, silk screen printing, heat transfer printing, sublimation transfer, etc.<br><strong>Paquete<\/strong>: Caja de color<br><a href=\"https:\/\/moyahousehold.com\/es\/solucion-personalizada\/\"><strong>M\u00e1s informaci\u00f3n sobre cuctom food jar detail<\/strong><\/a><\/p>\n\n\n\n<div class=\"wp-block-columns is-layout-flex wp-container-core-columns-is-layout-9d6595d7 wp-block-columns-is-layout-flex\">\n<div class=\"wp-block-column is-layout-flow wp-block-column-is-layout-flow\">\n<figure class=\"wp-block-image size-full\"><img fetchpriority=\"high\" decoding=\"async\" width=\"1500\" height=\"1500\" src=\"https:\/\/moyahousehold.com\/wp-content\/uploads\/2024\/06\/insulated-stainless-steel-food-jar-1.png\" alt=\"tarro aislado de acero inoxidable para alimentos (1)\" class=\"wp-image-8644\" srcset=\"https:\/\/moyahousehold.com\/wp-content\/uploads\/2024\/06\/insulated-stainless-steel-food-jar-1.png 1500w, https:\/\/moyahousehold.com\/wp-content\/uploads\/2024\/06\/insulated-stainless-steel-food-jar-1-300x300.png 300w, https:\/\/moyahousehold.com\/wp-content\/uploads\/2024\/06\/insulated-stainless-steel-food-jar-1-150x150.png 150w, https:\/\/moyahousehold.com\/wp-content\/uploads\/2024\/06\/insulated-stainless-steel-food-jar-1-768x768.png 768w, https:\/\/moyahousehold.com\/wp-content\/uploads\/2024\/06\/insulated-stainless-steel-food-jar-1-12x12.png 12w, https:\/\/moyahousehold.com\/wp-content\/uploads\/2024\/06\/insulated-stainless-steel-food-jar-1-285x285.png 285w, https:\/\/moyahousehold.com\/wp-content\/uploads\/2024\/06\/insulated-stainless-steel-food-jar-1-270x270.png 270w, https:\/\/moyahousehold.com\/wp-content\/uploads\/2024\/06\/insulated-stainless-steel-food-jar-1-540x540.png 540w, https:\/\/moyahousehold.com\/wp-content\/uploads\/2024\/06\/insulated-stainless-steel-food-jar-1-660x660.png 660w\" sizes=\"(max-width: 1500px) 100vw, 1500px\" \/><\/figure>\n<\/div>\n\n\n\n<div class=\"wp-block-column is-layout-flow wp-block-column-is-layout-flow\">\n<figure class=\"wp-block-image size-full\"><img decoding=\"async\" width=\"750\" height=\"750\" src=\"https:\/\/moyahousehold.com\/wp-content\/uploads\/2024\/06\/insulated-stainless-steel-food-jar-2.png\" alt=\"tarro aislado de acero inoxidable para alimentos (2)\" class=\"wp-image-8645\" srcset=\"https:\/\/moyahousehold.com\/wp-content\/uploads\/2024\/06\/insulated-stainless-steel-food-jar-2.png 750w, https:\/\/moyahousehold.com\/wp-content\/uploads\/2024\/06\/insulated-stainless-steel-food-jar-2-300x300.png 300w, https:\/\/moyahousehold.com\/wp-content\/uploads\/2024\/06\/insulated-stainless-steel-food-jar-2-150x150.png 150w, https:\/\/moyahousehold.com\/wp-content\/uploads\/2024\/06\/insulated-stainless-steel-food-jar-2-12x12.png 12w, https:\/\/moyahousehold.com\/wp-content\/uploads\/2024\/06\/insulated-stainless-steel-food-jar-2-285x285.png 285w, https:\/\/moyahousehold.com\/wp-content\/uploads\/2024\/06\/insulated-stainless-steel-food-jar-2-270x270.png 270w, https:\/\/moyahousehold.com\/wp-content\/uploads\/2024\/06\/insulated-stainless-steel-food-jar-2-540x540.png 540w, https:\/\/moyahousehold.com\/wp-content\/uploads\/2024\/06\/insulated-stainless-steel-food-jar-2-660x660.png 660w\" sizes=\"(max-width: 750px) 100vw, 750px\" \/><\/figure>\n<\/div>\n<\/div>\n\n\n\n<div class=\"wp-block-columns is-layout-flex wp-container-core-columns-is-layout-9d6595d7 wp-block-columns-is-layout-flex\">\n<div class=\"wp-block-column is-layout-flow wp-block-column-is-layout-flow\">\n<figure class=\"wp-block-image size-full\"><img decoding=\"async\" width=\"4160\" height=\"6240\" src=\"https:\/\/moyahousehold.com\/wp-content\/uploads\/2024\/06\/LY-\u53d1\u6ce1\u4fdd\u6e29\u996d\u76d2-2.jpg\" alt=\"Beige and Khaki stainless steel insulated food jar set with stackable containers, airtight lids, and a folding spoon\" class=\"wp-image-12697\" srcset=\"https:\/\/moyahousehold.com\/wp-content\/uploads\/2024\/06\/LY-\u53d1\u6ce1\u4fdd\u6e29\u996d\u76d2-2.jpg 4160w, https:\/\/moyahousehold.com\/wp-content\/uploads\/2024\/06\/LY-\u53d1\u6ce1\u4fdd\u6e29\u996d\u76d2-2-200x300.jpg 200w, https:\/\/moyahousehold.com\/wp-content\/uploads\/2024\/06\/LY-\u53d1\u6ce1\u4fdd\u6e29\u996d\u76d2-2-768x1152.jpg 768w, https:\/\/moyahousehold.com\/wp-content\/uploads\/2024\/06\/LY-\u53d1\u6ce1\u4fdd\u6e29\u996d\u76d2-2-8x12.jpg 8w, https:\/\/moyahousehold.com\/wp-content\/uploads\/2024\/06\/LY-\u53d1\u6ce1\u4fdd\u6e29\u996d\u76d2-2-285x428.jpg 285w, https:\/\/moyahousehold.com\/wp-content\/uploads\/2024\/06\/LY-\u53d1\u6ce1\u4fdd\u6e29\u996d\u76d2-2-1600x2400.jpg 1600w, https:\/\/moyahousehold.com\/wp-content\/uploads\/2024\/06\/LY-\u53d1\u6ce1\u4fdd\u6e29\u996d\u76d2-2-440x660.jpg 440w, https:\/\/moyahousehold.com\/wp-content\/uploads\/2024\/06\/LY-\u53d1\u6ce1\u4fdd\u6e29\u996d\u76d2-2-100x150.jpg 100w\" sizes=\"(max-width: 4160px) 100vw, 4160px\" \/><\/figure>\n<\/div>\n\n\n\n<div class=\"wp-block-column is-layout-flow wp-block-column-is-layout-flow\">\n<figure class=\"wp-block-image size-full\"><img loading=\"lazy\" decoding=\"async\" width=\"4160\" height=\"6240\" src=\"https:\/\/moyahousehold.com\/wp-content\/uploads\/2024\/06\/LY-\u53d1\u6ce1\u4fdd\u6e29\u996d\u76d2-11.jpg\" alt=\"Beige and Khaki stainless steel insulated food jar set with stackable containers, airtight lids, and a folding spoon\" class=\"wp-image-12696\" srcset=\"https:\/\/moyahousehold.com\/wp-content\/uploads\/2024\/06\/LY-\u53d1\u6ce1\u4fdd\u6e29\u996d\u76d2-11.jpg 4160w, https:\/\/moyahousehold.com\/wp-content\/uploads\/2024\/06\/LY-\u53d1\u6ce1\u4fdd\u6e29\u996d\u76d2-11-200x300.jpg 200w, https:\/\/moyahousehold.com\/wp-content\/uploads\/2024\/06\/LY-\u53d1\u6ce1\u4fdd\u6e29\u996d\u76d2-11-768x1152.jpg 768w, https:\/\/moyahousehold.com\/wp-content\/uploads\/2024\/06\/LY-\u53d1\u6ce1\u4fdd\u6e29\u996d\u76d2-11-8x12.jpg 8w, https:\/\/moyahousehold.com\/wp-content\/uploads\/2024\/06\/LY-\u53d1\u6ce1\u4fdd\u6e29\u996d\u76d2-11-285x428.jpg 285w, https:\/\/moyahousehold.com\/wp-content\/uploads\/2024\/06\/LY-\u53d1\u6ce1\u4fdd\u6e29\u996d\u76d2-11-1600x2400.jpg 1600w, https:\/\/moyahousehold.com\/wp-content\/uploads\/2024\/06\/LY-\u53d1\u6ce1\u4fdd\u6e29\u996d\u76d2-11-440x660.jpg 440w, https:\/\/moyahousehold.com\/wp-content\/uploads\/2024\/06\/LY-\u53d1\u6ce1\u4fdd\u6e29\u996d\u76d2-11-100x150.jpg 100w\" sizes=\"(max-width: 4160px) 100vw, 4160px\" \/><\/figure>\n<\/div>\n<\/div>","protected":false},"excerpt":{"rendered":"<p>Mayorista de tarros de acero inoxidable aislados de alta calidad, la capa intermedia de este tarro de acero inoxidable est\u00e1 rellena de espuma de PU, lo que mejora en gran medida el efecto aislante, de modo que los alimentos o bebidas del tarro pueden mantener la temperatura adecuada durante mucho tiempo. Es adecuado para escuelas, minoristas y mayoristas. Ofrecemos precios competitivos para pedidos al por mayor, p\u00f3ngase en contacto con nosotros para solicitar un presupuesto.<\/p>\n<h3>Caracter\u00edsticas y ventajas de la jarra aislante de acero inoxidable para alimentos<\/h3>\n<p><strong>Material de acero inoxidable de alta calidad:<\/strong> El revestimiento del tarro para alimentos est\u00e1 hecho de acero inoxidable 304 de calidad alimentaria, que no s\u00f3lo es muy resistente a la corrosi\u00f3n y antibacteriano, sino que tambi\u00e9n se puede utilizar para almacenar sopas calientes, bebidas fr\u00edas o diversos manjares.<\/p>\n<p><strong>Excelente rendimiento aislante:<\/strong> Rellenando la capa intermedia con espuma de PU, se mejora eficazmente el efecto aislante, y los alimentos o bebidas almacenados en el tarro de alimentos pueden mantener una temperatura adecuada durante mucho tiempo.<\/p>\n<p><strong>Buen sellado:<\/strong> Este tarro de alimentos de acero inoxidable utiliza un anillo de sellado de silicona y un dise\u00f1o de tap\u00f3n de rosca herm\u00e9tico para garantizar que el tarro quede bien ajustado y evitar fugas. Tanto si se inclina como si se invierte, no se derramar\u00e1 l\u00edquido, apto para colocar en una bolsa o en el coche.<\/p>\n<p><strong>F\u00e1cil de transportar:<\/strong> Este tarro de alimentos de acero inoxidable es ligero y est\u00e1 equipado con una c\u00f3moda asa para transportarlo f\u00e1cilmente. Adecuado para los desplazamientos diarios, el trabajo, la escuela o los viajes cortos, puede satisfacer f\u00e1cilmente sus necesidades de aislamiento.<\/p>\n<p><strong>Servicio de personalizaci\u00f3n:<\/strong> Ofrecemos servicios de personalizaci\u00f3n OEM y ODM. Los clientes pueden elegir colores, tama\u00f1os y logotipos de marca exclusivos para crear productos \u00fanicos.<\/p>","protected":false},"featured_media":8646,"comment_status":"closed","ping_status":"closed","template":"","meta":[],"product_cat":[58],"product_tag":[89,90,143,91],"class_list":{"0":"post-5905","1":"product","2":"type-product","3":"status-publish","4":"has-post-thumbnail","6":"product_cat-lunch-box-wholesale","7":"product_tag-wholesale-3-layer-lunch-box","8":"product_tag-wholesale-double-layer-lunch-box","9":"product_tag-insulated-food-jar","10":"product_tag-wholesale-round-lunch-box","12":"first","13":"instock","14":"shipping-taxable","15":"product-type-simple"},"_links":{"self":[{"href":"https:\/\/moyahousehold.com\/es\/wp-json\/wp\/v2\/product\/5905","targetHints":{"allow":["GET"]}}],"collection":[{"href":"https:\/\/moyahousehold.com\/es\/wp-json\/wp\/v2\/product"}],"about":[{"href":"https:\/\/moyahousehold.com\/es\/wp-json\/wp\/v2\/types\/product"}],"replies":[{"embeddable":true,"href":"https:\/\/moyahousehold.com\/es\/wp-json\/wp\/v2\/comments?post=5905"}],"version-history":[{"count":0,"href":"https:\/\/moyahousehold.com\/es\/wp-json\/wp\/v2\/product\/5905\/revisions"}],"wp:featuredmedia":[{"embeddable":true,"href":"https:\/\/moyahousehold.com\/es\/wp-json\/wp\/v2\/media\/8646"}],"wp:attachment":[{"href":"https:\/\/moyahousehold.com\/es\/wp-json\/wp\/v2\/media?parent=5905"}],"wp:term":[{"taxonomy":"product_cat","embeddable":true,"href":"https:\/\/moyahousehold.com\/es\/wp-json\/wp\/v2\/product_cat?post=5905"},{"taxonomy":"product_tag","embeddable":true,"href":"https:\/\/moyahousehold.com\/es\/wp-json\/wp\/v2\/product_tag?post=5905"}],"curies":[{"name":"wp","href":"https:\/\/api.w.org\/{rel}","templated":true}]}}