{"id":5906,"date":"2024-06-22T09:24:51","date_gmt":"2024-06-22T09:18:31","guid":{"rendered":"https:\/\/moyahousehold.com\/?post_type=product&#038;p=5906"},"modified":"2025-04-22T09:51:49","modified_gmt":"2025-04-22T09:51:49","slug":"customized-stainless-steel-bento-box-with-transparency-lid-wholesale","status":"publish","type":"product","link":"https:\/\/moyahousehold.com\/es\/producto\/customized-stainless-steel-bento-box-with-transparency-lid-wholesale\/","title":{"rendered":"Mayorista Fiambreras de Acero Inoxidable con Tapa Transparente: 2 Compartimentos y 3 Compartimentos Disponibles"},"content":{"rendered":"<h2 class=\"wp-block-heading\">Par\u00e1metros de las fiambreras de acero inoxidable<\/h2>\n\n\n\n<p><strong>material:<\/strong>304 + PP <strong> color:<\/strong>Beige<\/p>\n\n\n\n<figure class=\"wp-block-table\"><table><tbody><tr><td>N\u00famero de modelo<\/td><td>Nombre del producto <\/td><td>capacidad<\/td><td>Tama\u00f1o del producto<\/td><td>Tama\u00f1o de la caja exterior<\/td><td>Cantidad por caja<\/td><td>N.W<\/td><td>G.W\/Caso<\/td><\/tr><tr><td>MYJD110<\/td><td>caja bento de acero inoxidable con 2 compartimentos<\/td><td>2 compartimentos<\/td><td>20.5*14*6.5<\/td><td>62*38*68<\/td><td>60<\/td><td>0.44<\/td><td>26<\/td><\/tr><tr><td>MYJD111<\/td><td>caja bento de acero inoxidable con 3 compartimentos <\/td><td>3 compartimentos<\/td><td>20.5*14*6.5<\/td><td>62*38*68<\/td><td>60<\/td><td>0.44<\/td><td>32.5<\/td><\/tr><\/tbody><\/table><\/figure>\n\n\n\n<h3 class=\"wp-block-heading\">Opciones de cajas Bento personalizadas<\/h3>\n\n\n\n<p><strong>Logotipo<\/strong>Personalice el logotipo de su marca en la caja bento de acero inoxidable y en el paquete.<br><strong>Opciones de logotipo<\/strong>Logotipo impreso, logotipo grabado con l\u00e1ser, etc.<br><strong>Patr\u00f3n<\/strong>: Impresi\u00f3n de motivos personalizados en productos y envases.<br><strong>Tecnolog\u00eda de impresi\u00f3n<\/strong>Impresi\u00f3n por transferencia de agua, serigraf\u00eda, transferencia de calor, sublimaci\u00f3n, etc.<br><strong>Paquete<\/strong>:caja de color<br><a href=\"https:\/\/moyahousehold.com\/es\/solucion-personalizada\/\"><strong>M\u00e1s informaci\u00f3n sobre las cajas bento personalizadas<\/strong><\/a><\/p>\n\n\n\n<div class=\"wp-block-columns is-layout-flex wp-container-core-columns-is-layout-9d6595d7 wp-block-columns-is-layout-flex\">\n<div class=\"wp-block-column is-layout-flow wp-block-column-is-layout-flow\">\n<figure class=\"wp-block-image size-full\"><img fetchpriority=\"high\" decoding=\"async\" width=\"2656\" height=\"2656\" src=\"https:\/\/moyahousehold.com\/wp-content\/uploads\/2024\/06\/YJD110-111-5.webp\" alt=\"Caja Bento personalizada al por mayor con tapa transparente\" class=\"wp-image-5311\" srcset=\"https:\/\/moyahousehold.com\/wp-content\/uploads\/2024\/06\/YJD110-111-5.webp 2656w, https:\/\/moyahousehold.com\/wp-content\/uploads\/2024\/06\/YJD110-111-5-300x300.webp 300w, https:\/\/moyahousehold.com\/wp-content\/uploads\/2024\/06\/YJD110-111-5-150x150.webp 150w, https:\/\/moyahousehold.com\/wp-content\/uploads\/2024\/06\/YJD110-111-5-768x768.webp 768w, https:\/\/moyahousehold.com\/wp-content\/uploads\/2024\/06\/YJD110-111-5-285x285.webp 285w, https:\/\/moyahousehold.com\/wp-content\/uploads\/2024\/06\/YJD110-111-5-1600x1600.webp 1600w, https:\/\/moyahousehold.com\/wp-content\/uploads\/2024\/06\/YJD110-111-5-270x270.webp 270w, https:\/\/moyahousehold.com\/wp-content\/uploads\/2024\/06\/YJD110-111-5-540x540.webp 540w, https:\/\/moyahousehold.com\/wp-content\/uploads\/2024\/06\/YJD110-111-5-660x660.webp 660w\" sizes=\"(max-width: 2656px) 100vw, 2656px\" \/><\/figure>\n<\/div>\n\n\n\n<div class=\"wp-block-column is-layout-flow wp-block-column-is-layout-flow\">\n<figure class=\"wp-block-image size-full\"><img decoding=\"async\" width=\"2656\" height=\"2656\" src=\"https:\/\/moyahousehold.com\/wp-content\/uploads\/2024\/06\/YJD110-111-11.webp\" alt=\"\" class=\"wp-image-5316\" srcset=\"https:\/\/moyahousehold.com\/wp-content\/uploads\/2024\/06\/YJD110-111-11.webp 2656w, https:\/\/moyahousehold.com\/wp-content\/uploads\/2024\/06\/YJD110-111-11-300x300.webp 300w, https:\/\/moyahousehold.com\/wp-content\/uploads\/2024\/06\/YJD110-111-11-150x150.webp 150w, https:\/\/moyahousehold.com\/wp-content\/uploads\/2024\/06\/YJD110-111-11-768x768.webp 768w, https:\/\/moyahousehold.com\/wp-content\/uploads\/2024\/06\/YJD110-111-11-285x285.webp 285w, https:\/\/moyahousehold.com\/wp-content\/uploads\/2024\/06\/YJD110-111-11-1600x1600.webp 1600w, https:\/\/moyahousehold.com\/wp-content\/uploads\/2024\/06\/YJD110-111-11-270x270.webp 270w, https:\/\/moyahousehold.com\/wp-content\/uploads\/2024\/06\/YJD110-111-11-540x540.webp 540w, https:\/\/moyahousehold.com\/wp-content\/uploads\/2024\/06\/YJD110-111-11-660x660.webp 660w\" sizes=\"(max-width: 2656px) 100vw, 2656px\" \/><\/figure>\n<\/div>\n<\/div>\n\n\n\n<div class=\"wp-block-columns is-layout-flex wp-container-core-columns-is-layout-9d6595d7 wp-block-columns-is-layout-flex\">\n<div class=\"wp-block-column is-layout-flow wp-block-column-is-layout-flow\"><\/div>\n\n\n\n<div class=\"wp-block-column is-layout-flow wp-block-column-is-layout-flow\"><\/div>\n<\/div>","protected":false},"excerpt":{"rendered":"<p>Fiambreras de acero inoxidable al por mayor, fabricadas en acero inoxidable de alta calidad, con certificaci\u00f3n FDA y LFGB. Este estilo tiene 2 compartimentos y 3 compartimentos para elegir. El forro de acero inoxidable se puede colocar en el microondas despu\u00e9s de que la cubierta exterior se puede quitar para calentar, adecuado para uso en el hogar y la oficina. Apoyo a la personalizaci\u00f3n de la marca, la bienvenida a los compradores B-end en contacto con nosotros para las cotizaciones.<\/p>\n<h3>Caracter\u00edsticas de la caja Bento personalizable<\/h3>\n<p><strong>Material de acero inoxidable 304:<\/strong> La fiambrera al por mayor est\u00e1 fabricada en acero inoxidable 304 de alta calidad. Es muy segura y adecuada para almacenar diversos alimentos fr\u00edos y calientes durante mucho tiempo.<\/p>\n<p><strong>F\u00e1cil de limpiar:<\/strong> La superficie interior de la fiambrera est\u00e1 pulida. Para la limpieza diaria, basta con enjuagarla o pasarle un pa\u00f1o para eliminar las manchas. Tambi\u00e9n se puede meter en el lavavajillas para limpiarla, lo que ahorra tiempo y esfuerzo.<\/p>\n<p><strong>Dise\u00f1o de sellado eficiente:<\/strong> La fiambrera lleva incorporado un anillo de sellado de silicona alimentaria de alta calidad con un excelente rendimiento de sellado. Puede prevenir con eficacia la salida de la sopa y del l\u00edquido y es muy conveniente para llevar a cabo.<\/p>\n<p><strong>Dise\u00f1o de cerradura de cuatro lados:<\/strong> La estructura de cierre firme por los cuatro lados garantiza que la caja bento no se abrir\u00e1 accidentalmente al transportarla. Cada cierre ha sido sometido a rigurosas pruebas de durabilidad y puede soportar un uso repetido.<\/p>\n<p><strong>F\u00e1cil de transportar:<\/strong> El dise\u00f1o general de esta fiambrera es ligero y compacto. Tanto si se coloca en una mochila como en un bolso o en una bolsa de almuerzo, no ocupa demasiado espacio, lo que facilita y hace m\u00e1s c\u00f3modo salir.<\/p>\n<p><strong>Servicio a medida:<\/strong> Ofrecemos soluciones de fiambreras personalizadas. Tanto si se trata del color de la apariencia, el dise\u00f1o de la capacidad o la personalizaci\u00f3n del logotipo de la marca, nuestro equipo puede ajustarse con flexibilidad seg\u00fan las necesidades del cliente.<\/p>","protected":false},"featured_media":8939,"comment_status":"closed","ping_status":"closed","template":"","meta":[],"product_cat":[58],"product_tag":[87,92],"class_list":{"0":"post-5906","1":"product","2":"type-product","3":"status-publish","4":"has-post-thumbnail","6":"product_cat-lunch-box-wholesale","7":"product_tag-wholesale-multi-compartment-lunch-box","8":"product_tag-wholesale-rectangle-lunch-box","10":"first","11":"instock","12":"shipping-taxable","13":"product-type-simple"},"_links":{"self":[{"href":"https:\/\/moyahousehold.com\/es\/wp-json\/wp\/v2\/product\/5906","targetHints":{"allow":["GET"]}}],"collection":[{"href":"https:\/\/moyahousehold.com\/es\/wp-json\/wp\/v2\/product"}],"about":[{"href":"https:\/\/moyahousehold.com\/es\/wp-json\/wp\/v2\/types\/product"}],"replies":[{"embeddable":true,"href":"https:\/\/moyahousehold.com\/es\/wp-json\/wp\/v2\/comments?post=5906"}],"version-history":[{"count":0,"href":"https:\/\/moyahousehold.com\/es\/wp-json\/wp\/v2\/product\/5906\/revisions"}],"wp:featuredmedia":[{"embeddable":true,"href":"https:\/\/moyahousehold.com\/es\/wp-json\/wp\/v2\/media\/8939"}],"wp:attachment":[{"href":"https:\/\/moyahousehold.com\/es\/wp-json\/wp\/v2\/media?parent=5906"}],"wp:term":[{"taxonomy":"product_cat","embeddable":true,"href":"https:\/\/moyahousehold.com\/es\/wp-json\/wp\/v2\/product_cat?post=5906"},{"taxonomy":"product_tag","embeddable":true,"href":"https:\/\/moyahousehold.com\/es\/wp-json\/wp\/v2\/product_tag?post=5906"}],"curies":[{"name":"wp","href":"https:\/\/api.w.org\/{rel}","templated":true}]}}