{"id":5955,"date":"2024-06-25T03:52:51","date_gmt":"2024-06-25T03:52:51","guid":{"rendered":"https:\/\/moyahousehold.com\/?post_type=product&#038;p=5955"},"modified":"2025-03-05T10:11:22","modified_gmt":"2025-03-05T10:11:22","slug":"custom-stainless-steel-food-storage-container","status":"publish","type":"product","link":"https:\/\/moyahousehold.com\/es\/producto\/custom-stainless-steel-food-storage-container\/","title":{"rendered":"Contenedor de almacenamiento de alimentos de acero inoxidable personalizado,Contenedores de almacenamiento de alimentos a granel comercial para la venta"},"content":{"rendered":"<div class=\"wp-block-columns is-layout-flex wp-container-core-columns-is-layout-9d6595d7 wp-block-columns-is-layout-flex\">\n<div class=\"wp-block-column is-layout-flow wp-block-column-is-layout-flow\">\n<h3 class=\"wp-block-heading\">Par\u00e1metros del contenedor de acero inoxidable para alimentos<\/h3>\n\n\n\n<figure class=\"wp-block-table\"><table><tbody><tr><td>Art\u00edculo NO<\/td><td>Capacidad<\/td><td>Talla\/PCS<\/td><td>PCS\/Caja<\/td><td>N.W.\/PCS<\/td><td>G.W.\/Caso<\/td><\/tr><tr><td>MYJD224<\/td><td>420 ml<\/td><td>13.3*9.6*5.6<\/td><td>80<\/td><td>14<\/td><td>0.15<\/td><\/tr><tr><td>MYJD225<\/td><td>660 ml<\/td><td>13.3*9.6*8.2<\/td><td>80<\/td><td>14.8<\/td><td>0.16<\/td><\/tr><tr><td>MYJD226<\/td><td>900 ml<\/td><td>13.3*9.6*10.7<\/td><td>60<\/td><td>14<\/td><td>0.2<\/td><\/tr><tr><td>MYJD227<\/td><td>1000 ml<\/td><td>20.3*13.5*5.7<\/td><td>60<\/td><td>17<\/td><td>0.25<\/td><\/tr><tr><td>MYJD228<\/td><td>1600 ml<\/td><td>20.3*13.5*8.2<\/td><td>60<\/td><td>18.8<\/td><td>0.28<\/td><\/tr><tr><td>MYJD229<\/td><td>2100 ml<\/td><td>20.3*13.5*10.7<\/td><td>48<\/td><td>18.32<\/td><td>0.34<\/td><\/tr><tr><td>MYJD230<\/td><td>2400 ml<\/td><td>27.5*20.2*6<\/td><td>48<\/td><td>25.52<\/td><td>0.49<\/td><\/tr><tr><td>MYJD231<\/td><td>3500 ml<\/td><td>27.5*20.2*8.2<\/td><td>36<\/td><td>22.52<\/td><td>0.57<\/td><\/tr><tr><td>MYJD232<\/td><td>4600 ml<\/td><td>27.5*20.2*10.7<\/td><td>24<\/td><td>17.12<\/td><td>0.63<\/td><\/tr><\/tbody><\/table><\/figure>\n<\/div>\n<\/div>\n\n\n\n<h3 class=\"wp-block-heading\">Opciones de recipientes de acero inoxidable a medida<\/h3>\n\n\n\n<p><strong>Logotipo: <\/strong>personalice el logotipo de su marca en envases y embalajes alimentarios.<br><strong>Tapa:<\/strong> Tapa de vidrio, tapa de PP<br><strong>Opciones de logotipo:<\/strong> logotipo impreso, logotipo grabado con l\u00e1ser, etc.<br><strong>Patr\u00f3n:<\/strong> impresi\u00f3n de motivos en recipientes para alimentos.<br><strong>Tecnolog\u00eda de impresi\u00f3n: <\/strong>impresi\u00f3n por transferencia de agua, serigraf\u00eda, impresi\u00f3n por transferencia de calor, etc.<br><strong>Paquete:<\/strong> caja de color<br><a href=\"https:\/\/moyahousehold.com\/es\/solucion-personalizada\/\" data-type=\"page\" data-id=\"2817\"><strong>Obtenga m\u00e1s informaci\u00f3n sobre la soluci\u00f3n de envases alimentarios personalizados.<\/strong><\/a><\/p>\n\n\n\n<div class=\"wp-block-columns is-layout-flex wp-container-core-columns-is-layout-9d6595d7 wp-block-columns-is-layout-flex\">\n<div class=\"wp-block-column is-layout-flow wp-block-column-is-layout-flow\">\n<figure class=\"wp-block-image size-full\"><img fetchpriority=\"high\" decoding=\"async\" width=\"2000\" height=\"2000\" src=\"https:\/\/moyahousehold.com\/wp-content\/uploads\/2024\/06\/stainless-steel-csutom-food-container-1.jpg\" alt=\"contenedor de alimentos csutom de acero inoxidable (1)\" class=\"wp-image-9147\" srcset=\"https:\/\/moyahousehold.com\/wp-content\/uploads\/2024\/06\/stainless-steel-csutom-food-container-1.jpg 2000w, https:\/\/moyahousehold.com\/wp-content\/uploads\/2024\/06\/stainless-steel-csutom-food-container-1-300x300.jpg 300w, https:\/\/moyahousehold.com\/wp-content\/uploads\/2024\/06\/stainless-steel-csutom-food-container-1-150x150.jpg 150w, https:\/\/moyahousehold.com\/wp-content\/uploads\/2024\/06\/stainless-steel-csutom-food-container-1-768x768.jpg 768w, https:\/\/moyahousehold.com\/wp-content\/uploads\/2024\/06\/stainless-steel-csutom-food-container-1-12x12.jpg 12w, https:\/\/moyahousehold.com\/wp-content\/uploads\/2024\/06\/stainless-steel-csutom-food-container-1-285x285.jpg 285w, https:\/\/moyahousehold.com\/wp-content\/uploads\/2024\/06\/stainless-steel-csutom-food-container-1-1600x1600.jpg 1600w, https:\/\/moyahousehold.com\/wp-content\/uploads\/2024\/06\/stainless-steel-csutom-food-container-1-270x270.jpg 270w, https:\/\/moyahousehold.com\/wp-content\/uploads\/2024\/06\/stainless-steel-csutom-food-container-1-540x540.jpg 540w, https:\/\/moyahousehold.com\/wp-content\/uploads\/2024\/06\/stainless-steel-csutom-food-container-1-660x660.jpg 660w\" sizes=\"(max-width: 2000px) 100vw, 2000px\" \/><\/figure>\n<\/div>\n\n\n\n<div class=\"wp-block-column is-layout-flow wp-block-column-is-layout-flow\">\n<figure class=\"wp-block-image size-full\"><img decoding=\"async\" width=\"2000\" height=\"2000\" src=\"https:\/\/moyahousehold.com\/wp-content\/uploads\/2024\/06\/stainless-steel-csutom-food-container-2.jpg\" alt=\"contenedor de alimentos csutom de acero inoxidable (2)\" class=\"wp-image-9148\" srcset=\"https:\/\/moyahousehold.com\/wp-content\/uploads\/2024\/06\/stainless-steel-csutom-food-container-2.jpg 2000w, https:\/\/moyahousehold.com\/wp-content\/uploads\/2024\/06\/stainless-steel-csutom-food-container-2-300x300.jpg 300w, https:\/\/moyahousehold.com\/wp-content\/uploads\/2024\/06\/stainless-steel-csutom-food-container-2-150x150.jpg 150w, https:\/\/moyahousehold.com\/wp-content\/uploads\/2024\/06\/stainless-steel-csutom-food-container-2-768x768.jpg 768w, https:\/\/moyahousehold.com\/wp-content\/uploads\/2024\/06\/stainless-steel-csutom-food-container-2-12x12.jpg 12w, https:\/\/moyahousehold.com\/wp-content\/uploads\/2024\/06\/stainless-steel-csutom-food-container-2-285x285.jpg 285w, https:\/\/moyahousehold.com\/wp-content\/uploads\/2024\/06\/stainless-steel-csutom-food-container-2-1600x1600.jpg 1600w, https:\/\/moyahousehold.com\/wp-content\/uploads\/2024\/06\/stainless-steel-csutom-food-container-2-270x270.jpg 270w, https:\/\/moyahousehold.com\/wp-content\/uploads\/2024\/06\/stainless-steel-csutom-food-container-2-540x540.jpg 540w, https:\/\/moyahousehold.com\/wp-content\/uploads\/2024\/06\/stainless-steel-csutom-food-container-2-660x660.jpg 660w\" sizes=\"(max-width: 2000px) 100vw, 2000px\" \/><\/figure>\n<\/div>\n<\/div>","protected":false},"excerpt":{"rendered":"<p>Moya es un proveedor y fabricante mayorista de envases para alimentos de China. Vendemos al por mayor envases de alimentos de diversas especificaciones. Y proporcionamos servicio de contenedores de alimentos personalizados. Ya sea un negocio de catering o un supermercado, nuestros contenedores de acero inoxidable de alta calidad al por mayor pueden satisfacer sus necesidades de uso o de venta. Al mismo tiempo, los contenedores de alimentos personalizados OEM y ODM son bienvenidos. P\u00f3ngase en contacto con nosotros para obtener m\u00e1s informaci\u00f3n al por mayor y personalizada.<\/p>\n<h3>Caracter\u00edsticas y ventajas de los contenedores para alimentos al por mayor<\/h3>\n<p><strong>Personalizable:<\/strong> Como fabricante profesional de contenedores de acero inoxidable para alimentos, ofrecemos una gran variedad de opciones de personalizaci\u00f3n, incluyendo tama\u00f1o, dise\u00f1o, material y color. Tanto si se utilizan en restaurantes, hoteles o supermercados, podemos ofrecer soluciones de contenedores para alimentos personalizados OEM y ODM de alta calidad.<\/p>\n<p><strong>Material de alta calidad:<\/strong> Este recipiente para alimentos al por mayor est\u00e1 fabricado en acero inoxidable 304 de alta calidad con una superficie lisa, que reduce eficazmente la proliferaci\u00f3n de bacterias y es f\u00e1cil de limpiar. No dejar\u00e1 ning\u00fan olor al almacenar alimentos.<\/p>\n<p><strong>Varias opciones<\/strong>: Ofrecemos recipientes para alimentos a granel de varios tama\u00f1os para satisfacer las necesidades de almacenamiento de hogares y restaurantes, con una capacidad que oscila entre 420 ml y 4600 ml.<\/p>\n<p><strong>Dise\u00f1o a prueba de fugas:<\/strong> Este recipiente de acero inoxidable para alimentos est\u00e1 equipado con un anillo de silicona de sellado ensanchado, que se ajusta herm\u00e9ticamente para garantizar la estanqueidad, la protecci\u00f3n contra la humedad y la conservaci\u00f3n de la frescura.<\/p>\n<p><strong>Tapa de la caja engrosada:<\/strong> El contenedor de alimentos de acero inoxidable utiliza una tapa de caja de PP engrosada, que no es f\u00e1cil de deformar y es adecuada para lugares comerciales de uso frecuente.<\/p>","protected":false},"featured_media":9149,"comment_status":"open","ping_status":"closed","template":"","meta":[],"product_cat":[57],"product_tag":[95,106,99],"class_list":{"0":"post-5955","1":"product","2":"type-product","3":"status-publish","4":"has-post-thumbnail","6":"product_cat-food-storage-container-wholesale","7":"product_tag-wholesale-food-storage-containers-with-date-dial","8":"product_tag-microwavable-food-storage-containers","9":"product_tag-wholesale-rectangle-food-storage-containers","11":"first","12":"instock","13":"shipping-taxable","14":"product-type-simple"},"_links":{"self":[{"href":"https:\/\/moyahousehold.com\/es\/wp-json\/wp\/v2\/product\/5955","targetHints":{"allow":["GET"]}}],"collection":[{"href":"https:\/\/moyahousehold.com\/es\/wp-json\/wp\/v2\/product"}],"about":[{"href":"https:\/\/moyahousehold.com\/es\/wp-json\/wp\/v2\/types\/product"}],"replies":[{"embeddable":true,"href":"https:\/\/moyahousehold.com\/es\/wp-json\/wp\/v2\/comments?post=5955"}],"version-history":[{"count":0,"href":"https:\/\/moyahousehold.com\/es\/wp-json\/wp\/v2\/product\/5955\/revisions"}],"wp:featuredmedia":[{"embeddable":true,"href":"https:\/\/moyahousehold.com\/es\/wp-json\/wp\/v2\/media\/9149"}],"wp:attachment":[{"href":"https:\/\/moyahousehold.com\/es\/wp-json\/wp\/v2\/media?parent=5955"}],"wp:term":[{"taxonomy":"product_cat","embeddable":true,"href":"https:\/\/moyahousehold.com\/es\/wp-json\/wp\/v2\/product_cat?post=5955"},{"taxonomy":"product_tag","embeddable":true,"href":"https:\/\/moyahousehold.com\/es\/wp-json\/wp\/v2\/product_tag?post=5955"}],"curies":[{"name":"wp","href":"https:\/\/api.w.org\/{rel}","templated":true}]}}