{"id":5990,"date":"2024-06-25T10:13:23","date_gmt":"2024-06-25T09:59:31","guid":{"rendered":"https:\/\/moyahousehold.com\/?post_type=product&#038;p=5990"},"modified":"2025-03-05T10:22:25","modified_gmt":"2025-03-05T10:22:25","slug":"wholesale-colored-food-storage-containers-with-date-dial","status":"publish","type":"product","link":"https:\/\/moyahousehold.com\/es\/producto\/wholesale-colored-food-storage-containers-with-date-dial\/","title":{"rendered":"Mayorista Recipientes de Colores para Conservas con Fechador"},"content":{"rendered":"<div class=\"wp-block-columns is-layout-flex wp-container-core-columns-is-layout-9d6595d7 wp-block-columns-is-layout-flex\">\n<div class=\"wp-block-column is-layout-flow wp-block-column-is-layout-flow\">\n<h3 class=\"wp-block-heading\">Par\u00e1metros de los recipientes de colores para alimentos<\/h3>\n\n\n\n<figure class=\"wp-block-table\"><table><tbody><tr><td>Art\u00edculo NO<\/td><td>Capacidad<\/td><td>Talla\/PCS<\/td><td>PCS\/Caja<\/td><td>N.W.\/PCS<\/td><td>G.W.\/Caso<\/td><\/tr><tr><td>MYJD126<\/td><td>420 ml<\/td><td>13.3*9.6*5.6<\/td><td>80<\/td><td>14<\/td><td>0.15<\/td><\/tr><tr><td>MYJD127<\/td><td>660 ml<\/td><td>13.3*9.6*8.2<\/td><td>80<\/td><td>14.8<\/td><td>0.16<\/td><\/tr><tr><td>MYJD128<\/td><td>900 ml<\/td><td>13.3*9.6*10.7<\/td><td>60<\/td><td>14<\/td><td>0.2<\/td><\/tr><tr><td>MYJD129<\/td><td>1000 ml<\/td><td>20.3*13.5*5.7<\/td><td>60<\/td><td>17<\/td><td>0.25<\/td><\/tr><tr><td>MYJD130<\/td><td>1600 ml<\/td><td>20.3*13.5*8.2<\/td><td>60<\/td><td>18.8<\/td><td>0.28<\/td><\/tr><tr><td>MYJD131<\/td><td>2100 ml<\/td><td>20.3*13.5*10.7<\/td><td>48<\/td><td>18.32<\/td><td>0.34<\/td><\/tr><tr><td>MYJD132<\/td><td>2400 ml<\/td><td>27.5*20.2*6<\/td><td>48<\/td><td>25.52<\/td><td>0.49<\/td><\/tr><tr><td>MYJD133<\/td><td>3500 ml<\/td><td>27.5*20.2*8.2<\/td><td>36<\/td><td>22.52<\/td><td>0.57<\/td><\/tr><tr><td>MYJD134<\/td><td>4600 ml<\/td><td>27.5*20.2*10.7<\/td><td>24<\/td><td>17.12<\/td><td>0.63<\/td><\/tr><\/tbody><\/table><\/figure>\n<\/div>\n<\/div>\n\n\n\n<h3 class=\"wp-block-heading\">Opciones de recipientes personalizados para alimentos<\/h3>\n\n\n\n<p><strong>Logotipo:<\/strong> personalice el logotipo de su marca en envases y embalajes para almacenamiento de alimentos.<br><strong>Tapa: <\/strong>Tapa de vidrio, tapa de PP<br><strong>Opciones de logotipo:<\/strong> logotipo impreso, logotipo grabado con l\u00e1ser, etc.<br><strong>Patr\u00f3n:<\/strong> impresi\u00f3n de motivos en recipientes para alimentos.<br><strong>Tecnolog\u00eda de impresi\u00f3n:<\/strong> impresi\u00f3n por transferencia de agua, serigraf\u00eda, impresi\u00f3n por transferencia de calor, etc.<br><strong>Embalaje:<\/strong>caja de color<br><a href=\"https:\/\/moyahousehold.com\/es\/solucion-personalizada\/\" data-type=\"page\" data-id=\"2817\"><strong>M\u00e1s informaci\u00f3n sobre recipientes personalizados para alimentos<\/strong><\/a>.<\/p>\n\n\n\n<div class=\"wp-block-columns is-layout-flex wp-container-core-columns-is-layout-9d6595d7 wp-block-columns-is-layout-flex\">\n<div class=\"wp-block-column is-layout-flow wp-block-column-is-layout-flow\">\n<figure class=\"wp-block-image size-full\"><img fetchpriority=\"high\" decoding=\"async\" width=\"1500\" height=\"1500\" src=\"https:\/\/moyahousehold.com\/wp-content\/uploads\/2024\/06\/yellow-food-storage-container-display.jpg\" alt=\"expositor amarillo para alimentos\" class=\"wp-image-9032\" srcset=\"https:\/\/moyahousehold.com\/wp-content\/uploads\/2024\/06\/yellow-food-storage-container-display.jpg 1500w, https:\/\/moyahousehold.com\/wp-content\/uploads\/2024\/06\/yellow-food-storage-container-display-300x300.jpg 300w, https:\/\/moyahousehold.com\/wp-content\/uploads\/2024\/06\/yellow-food-storage-container-display-150x150.jpg 150w, https:\/\/moyahousehold.com\/wp-content\/uploads\/2024\/06\/yellow-food-storage-container-display-768x768.jpg 768w, https:\/\/moyahousehold.com\/wp-content\/uploads\/2024\/06\/yellow-food-storage-container-display-12x12.jpg 12w, https:\/\/moyahousehold.com\/wp-content\/uploads\/2024\/06\/yellow-food-storage-container-display-285x285.jpg 285w, https:\/\/moyahousehold.com\/wp-content\/uploads\/2024\/06\/yellow-food-storage-container-display-270x270.jpg 270w, https:\/\/moyahousehold.com\/wp-content\/uploads\/2024\/06\/yellow-food-storage-container-display-540x540.jpg 540w, https:\/\/moyahousehold.com\/wp-content\/uploads\/2024\/06\/yellow-food-storage-container-display-660x660.jpg 660w\" sizes=\"(max-width: 1500px) 100vw, 1500px\" \/><\/figure>\n<\/div>\n\n\n\n<div class=\"wp-block-column is-layout-flow wp-block-column-is-layout-flow\">\n<figure class=\"wp-block-image size-full\"><img decoding=\"async\" width=\"1500\" height=\"1500\" src=\"https:\/\/moyahousehold.com\/wp-content\/uploads\/2024\/06\/brown-food-storage-container-display.jpg\" alt=\"expositor marr\u00f3n para alimentos\" class=\"wp-image-9030\" srcset=\"https:\/\/moyahousehold.com\/wp-content\/uploads\/2024\/06\/brown-food-storage-container-display.jpg 1500w, https:\/\/moyahousehold.com\/wp-content\/uploads\/2024\/06\/brown-food-storage-container-display-300x300.jpg 300w, https:\/\/moyahousehold.com\/wp-content\/uploads\/2024\/06\/brown-food-storage-container-display-150x150.jpg 150w, https:\/\/moyahousehold.com\/wp-content\/uploads\/2024\/06\/brown-food-storage-container-display-768x768.jpg 768w, https:\/\/moyahousehold.com\/wp-content\/uploads\/2024\/06\/brown-food-storage-container-display-12x12.jpg 12w, https:\/\/moyahousehold.com\/wp-content\/uploads\/2024\/06\/brown-food-storage-container-display-285x285.jpg 285w, https:\/\/moyahousehold.com\/wp-content\/uploads\/2024\/06\/brown-food-storage-container-display-270x270.jpg 270w, https:\/\/moyahousehold.com\/wp-content\/uploads\/2024\/06\/brown-food-storage-container-display-540x540.jpg 540w, https:\/\/moyahousehold.com\/wp-content\/uploads\/2024\/06\/brown-food-storage-container-display-660x660.jpg 660w\" sizes=\"(max-width: 1500px) 100vw, 1500px\" \/><\/figure>\n<\/div>\n<\/div>\n\n\n\n<div class=\"wp-block-columns is-layout-flex wp-container-core-columns-is-layout-9d6595d7 wp-block-columns-is-layout-flex\">\n<div class=\"wp-block-column is-layout-flow wp-block-column-is-layout-flow\">\n<figure class=\"wp-block-image size-full\"><img decoding=\"async\" width=\"1500\" height=\"1500\" src=\"https:\/\/moyahousehold.com\/wp-content\/uploads\/2024\/06\/blue-food-storage-container-display.jpg\" alt=\"expositor azul para alimentos\" class=\"wp-image-9029\" srcset=\"https:\/\/moyahousehold.com\/wp-content\/uploads\/2024\/06\/blue-food-storage-container-display.jpg 1500w, https:\/\/moyahousehold.com\/wp-content\/uploads\/2024\/06\/blue-food-storage-container-display-300x300.jpg 300w, https:\/\/moyahousehold.com\/wp-content\/uploads\/2024\/06\/blue-food-storage-container-display-150x150.jpg 150w, https:\/\/moyahousehold.com\/wp-content\/uploads\/2024\/06\/blue-food-storage-container-display-768x768.jpg 768w, https:\/\/moyahousehold.com\/wp-content\/uploads\/2024\/06\/blue-food-storage-container-display-12x12.jpg 12w, https:\/\/moyahousehold.com\/wp-content\/uploads\/2024\/06\/blue-food-storage-container-display-285x285.jpg 285w, https:\/\/moyahousehold.com\/wp-content\/uploads\/2024\/06\/blue-food-storage-container-display-270x270.jpg 270w, https:\/\/moyahousehold.com\/wp-content\/uploads\/2024\/06\/blue-food-storage-container-display-540x540.jpg 540w, https:\/\/moyahousehold.com\/wp-content\/uploads\/2024\/06\/blue-food-storage-container-display-660x660.jpg 660w\" sizes=\"(max-width: 1500px) 100vw, 1500px\" \/><\/figure>\n<\/div>\n\n\n\n<div class=\"wp-block-column is-layout-flow wp-block-column-is-layout-flow\">\n<figure class=\"wp-block-image size-full\"><img loading=\"lazy\" decoding=\"async\" width=\"1500\" height=\"1500\" src=\"https:\/\/moyahousehold.com\/wp-content\/uploads\/2024\/06\/green-food-storage-container-display.jpg\" alt=\"expositor de recipientes ecol\u00f3gicos para alimentos\" class=\"wp-image-9031\" srcset=\"https:\/\/moyahousehold.com\/wp-content\/uploads\/2024\/06\/green-food-storage-container-display.jpg 1500w, https:\/\/moyahousehold.com\/wp-content\/uploads\/2024\/06\/green-food-storage-container-display-300x300.jpg 300w, https:\/\/moyahousehold.com\/wp-content\/uploads\/2024\/06\/green-food-storage-container-display-150x150.jpg 150w, https:\/\/moyahousehold.com\/wp-content\/uploads\/2024\/06\/green-food-storage-container-display-768x768.jpg 768w, https:\/\/moyahousehold.com\/wp-content\/uploads\/2024\/06\/green-food-storage-container-display-12x12.jpg 12w, https:\/\/moyahousehold.com\/wp-content\/uploads\/2024\/06\/green-food-storage-container-display-285x285.jpg 285w, https:\/\/moyahousehold.com\/wp-content\/uploads\/2024\/06\/green-food-storage-container-display-270x270.jpg 270w, https:\/\/moyahousehold.com\/wp-content\/uploads\/2024\/06\/green-food-storage-container-display-540x540.jpg 540w, https:\/\/moyahousehold.com\/wp-content\/uploads\/2024\/06\/green-food-storage-container-display-660x660.jpg 660w\" sizes=\"(max-width: 1500px) 100vw, 1500px\" \/><\/figure>\n<\/div>\n<\/div>\n\n\n\n<p><\/p>","protected":false},"excerpt":{"rendered":"<p>Venta al por mayor de recipientes de colores para almacenar alimentos. Disponemos de una gran variedad de colores para satisfacer las preferencias de los distintos usuarios. La capacidad oscila entre 420 ml y 4600 ml. Puede utilizarse como fiambrera familiar o como recipiente comercial para almacenar alimentos congelados. Satisface las necesidades de diversos escenarios. Realizamos pedidos de lotes peque\u00f1os y servicios personalizados, p\u00f3ngase en contacto con nosotros.<\/p>\n<h3>Caracter\u00edsticas de los recipientes de colores para alimentos<\/h3>\n<p><strong>Colores vistosos:<\/strong> Proporcionar una variedad de buenas opciones de color, el aspecto colorido lindo mantiene a los usuarios de buen humor.<\/p>\n<p><strong>Dise\u00f1o de la esfera con fecha:<\/strong> Cada tapa de contenedor est\u00e1 equipada con un indicador de fecha para facilitar el registro de la fecha de almacenamiento, lo que ayuda a los usuarios a gestionar mejor la frescura de los alimentos y evitar el desperdicio.<\/p>\n<p><strong>Materiales de alta calidad:<\/strong> Fabricado en acero inoxidable 304 de alta calidad, tiene excelentes propiedades antibacterianas, garantiza la higiene y seguridad de los alimentos y es adecuado para el almacenamiento de alimentos a largo plazo.<\/p>\n<p><strong>M\u00faltiples especificaciones:<\/strong> Ofrece nueve especificaciones diferentes para satisfacer una gran variedad de necesidades, desde una comida individual hasta una cena familiar. Tambi\u00e9n puede almacenar alimentos de diferentes tama\u00f1os en el frigor\u00edfico.<\/p>\n<p><strong>F\u00e1cil de limpiar:<\/strong> La superficie interior del contenedor de alimentos de acero inoxidable es lisa, no es f\u00e1cil que queden restos de comida, es f\u00e1cil de limpiar y se puede limpiar en el lavavajillas, lo que ahorra tiempo de limpieza.<\/p>\n<p><strong>Servicio personalizado:<\/strong> Los fabricantes de contenedores de alimentos MOYA ofrecen soluciones personalizadas OEM y ODM, que pueden ajustar el tama\u00f1o, el color, el logotipo de la marca, etc. seg\u00fan las necesidades del cliente para proporcionar a los clientes contenedores de almacenamiento de alimentos \u00fanicos.<\/p>","protected":false},"featured_media":9008,"comment_status":"closed","ping_status":"closed","template":"","meta":[],"product_cat":[57],"product_tag":[95,107,99],"class_list":{"0":"post-5990","1":"product","2":"type-product","3":"status-publish","4":"has-post-thumbnail","6":"product_cat-food-storage-container-wholesale","7":"product_tag-wholesale-food-storage-containers-with-date-dial","8":"product_tag-large-stainless-steel-food-storage-containers","9":"product_tag-wholesale-rectangle-food-storage-containers","11":"first","12":"instock","13":"shipping-taxable","14":"product-type-simple"},"_links":{"self":[{"href":"https:\/\/moyahousehold.com\/es\/wp-json\/wp\/v2\/product\/5990","targetHints":{"allow":["GET"]}}],"collection":[{"href":"https:\/\/moyahousehold.com\/es\/wp-json\/wp\/v2\/product"}],"about":[{"href":"https:\/\/moyahousehold.com\/es\/wp-json\/wp\/v2\/types\/product"}],"replies":[{"embeddable":true,"href":"https:\/\/moyahousehold.com\/es\/wp-json\/wp\/v2\/comments?post=5990"}],"version-history":[{"count":0,"href":"https:\/\/moyahousehold.com\/es\/wp-json\/wp\/v2\/product\/5990\/revisions"}],"wp:featuredmedia":[{"embeddable":true,"href":"https:\/\/moyahousehold.com\/es\/wp-json\/wp\/v2\/media\/9008"}],"wp:attachment":[{"href":"https:\/\/moyahousehold.com\/es\/wp-json\/wp\/v2\/media?parent=5990"}],"wp:term":[{"taxonomy":"product_cat","embeddable":true,"href":"https:\/\/moyahousehold.com\/es\/wp-json\/wp\/v2\/product_cat?post=5990"},{"taxonomy":"product_tag","embeddable":true,"href":"https:\/\/moyahousehold.com\/es\/wp-json\/wp\/v2\/product_tag?post=5990"}],"curies":[{"name":"wp","href":"https:\/\/api.w.org\/{rel}","templated":true}]}}