{"id":6023,"date":"2024-06-25T10:10:58","date_gmt":"2024-06-25T10:10:58","guid":{"rendered":"https:\/\/moyahousehold.com\/?post_type=product&#038;p=6023"},"modified":"2025-03-05T10:11:04","modified_gmt":"2025-03-05T10:11:04","slug":"custom-steel-food-storage-containers","status":"publish","type":"product","link":"https:\/\/moyahousehold.com\/es\/producto\/custom-steel-food-storage-containers\/","title":{"rendered":"Recipientes de acero personalizados para alimentos con capacidades de 420 ml a 4.600 ml"},"content":{"rendered":"<div class=\"wp-block-columns is-layout-flex wp-container-core-columns-is-layout-9d6595d7 wp-block-columns-is-layout-flex\">\n<div class=\"wp-block-column is-layout-flow wp-block-column-is-layout-flow\">\n<h3 class=\"wp-block-heading\">Par\u00e1metros de los recipientes a medida para alimentos<\/h3>\n<\/div>\n<\/div>\n\n\n\n<figure class=\"wp-block-table\"><table><tbody><tr><td><\/td><td>Capacidad<\/td><td>Tama\u00f1o del producto<\/td><td>Tama\u00f1o de la caja exterior<\/td><td>Cantidad por caja<\/td><td>N.W<\/td><td>G.W\/Caso<\/td><\/tr><tr><td>MYJD117<\/td><td>420 ml<\/td><td>13.3*9.6*5.6<\/td><td>\/<\/td><td>80<\/td><td>0.15<\/td><td>11.6<\/td><\/tr><tr><td>MYJD118<\/td><td>660 ml<\/td><td>13.3*9.6*8.2<\/td><td>\/<\/td><td>80<\/td><td>0.16<\/td><td>13.8<\/td><\/tr><tr><td>MYJD119<\/td><td>900 ml<\/td><td>13.3*9.6*10.7<\/td><td>\/<\/td><td>60<\/td><td>0.2<\/td><td>16<\/td><\/tr><tr><td>MYJD120<\/td><td>1000 ml<\/td><td>20.3*13.5*5.7<\/td><td>\/<\/td><td>60<\/td><td>0.25<\/td><td>16.3<\/td><\/tr><tr><td>MYJD121<\/td><td>1600 ml<\/td><td>20.3*13.5*8.2<\/td><td>\/<\/td><td>60<\/td><td>0.28<\/td><td>20.5<\/td><\/tr><tr><td>MYJD122<\/td><td>2100 ml<\/td><td>20.3*13.5*10.7<\/td><td>\/<\/td><td>48<\/td><td>0.34<\/td><td>24.8<\/td><\/tr><tr><td>MYJD123<\/td><td>2400 ml<\/td><td>27.5*20.2*6<\/td><td>\/<\/td><td>48<\/td><td>0.49<\/td><td>28.5<\/td><\/tr><tr><td>MYJD124<\/td><td>3500 ml<\/td><td>27.5*20.2*8.2<\/td><td>\/<\/td><td>36<\/td><td>0.57<\/td><td>32.8<\/td><\/tr><tr><td>MYJD125<\/td><td>4600 ml<\/td><td>27.5*20.2*10.7<\/td><td>\/<\/td><td>24<\/td><td>0.63<\/td><td>37.5<\/td><\/tr><\/tbody><\/table><\/figure>\n\n\n\n<h3 class=\"wp-block-heading\">Opciones de envases personalizados para alimentos<\/h3>\n\n\n\n<p><strong>Logotipo<\/strong>Personalice el logotipo de su marca en el producto y el envase.<br><strong>Tapa<\/strong>: Tapa de vidrio, tapa de PP<br><strong>Opciones de logotipo<\/strong>Logotipo impreso, logotipo grabado con l\u00e1ser, etc.<br><strong>Patr\u00f3n<\/strong>Impresi\u00f3n de motivos en recipientes para alimentos.<br><strong>Tecnolog\u00eda de impresi\u00f3n<\/strong>Impresi\u00f3n por transferencia de agua, serigraf\u00eda, impresi\u00f3n por transferencia de calor, etc.<br><strong>Paquete<\/strong>:caja de color<br><a href=\"https:\/\/moyahousehold.com\/es\/solucion-personalizada\/\" data-type=\"page\" data-id=\"2817\"><strong>M\u00e1s personalizaci\u00f3n<\/strong><\/a><\/p>\n\n\n\n<div class=\"wp-block-columns is-layout-flex wp-container-core-columns-is-layout-9d6595d7 wp-block-columns-is-layout-flex\">\n<div class=\"wp-block-column is-layout-flow wp-block-column-is-layout-flow\">\n<figure class=\"wp-block-image size-full\"><img fetchpriority=\"high\" decoding=\"async\" width=\"1600\" height=\"1600\" src=\"https:\/\/moyahousehold.com\/wp-content\/uploads\/2024\/06\/custom-food-stoage-containers-detail-1.png\" alt=\"envases personalizados para alimentos detalle (1)\" class=\"wp-image-7648\" srcset=\"https:\/\/moyahousehold.com\/wp-content\/uploads\/2024\/06\/custom-food-stoage-containers-detail-1.png 1600w, https:\/\/moyahousehold.com\/wp-content\/uploads\/2024\/06\/custom-food-stoage-containers-detail-1-300x300.png 300w, https:\/\/moyahousehold.com\/wp-content\/uploads\/2024\/06\/custom-food-stoage-containers-detail-1-150x150.png 150w, https:\/\/moyahousehold.com\/wp-content\/uploads\/2024\/06\/custom-food-stoage-containers-detail-1-768x768.png 768w, https:\/\/moyahousehold.com\/wp-content\/uploads\/2024\/06\/custom-food-stoage-containers-detail-1-12x12.png 12w, https:\/\/moyahousehold.com\/wp-content\/uploads\/2024\/06\/custom-food-stoage-containers-detail-1-285x285.png 285w, https:\/\/moyahousehold.com\/wp-content\/uploads\/2024\/06\/custom-food-stoage-containers-detail-1-270x270.png 270w, https:\/\/moyahousehold.com\/wp-content\/uploads\/2024\/06\/custom-food-stoage-containers-detail-1-540x540.png 540w, https:\/\/moyahousehold.com\/wp-content\/uploads\/2024\/06\/custom-food-stoage-containers-detail-1-660x660.png 660w\" sizes=\"(max-width: 1600px) 100vw, 1600px\" \/><\/figure>\n<\/div>\n\n\n\n<div class=\"wp-block-column is-layout-flow wp-block-column-is-layout-flow\">\n<figure class=\"wp-block-image size-full\"><img decoding=\"async\" width=\"1600\" height=\"1600\" src=\"https:\/\/moyahousehold.com\/wp-content\/uploads\/2024\/06\/custom-food-stoage-containers-detail-2.png\" alt=\"contenedores personalizados para alimentos detalle (2)\" class=\"wp-image-7649\" srcset=\"https:\/\/moyahousehold.com\/wp-content\/uploads\/2024\/06\/custom-food-stoage-containers-detail-2.png 1600w, https:\/\/moyahousehold.com\/wp-content\/uploads\/2024\/06\/custom-food-stoage-containers-detail-2-300x300.png 300w, https:\/\/moyahousehold.com\/wp-content\/uploads\/2024\/06\/custom-food-stoage-containers-detail-2-150x150.png 150w, https:\/\/moyahousehold.com\/wp-content\/uploads\/2024\/06\/custom-food-stoage-containers-detail-2-768x768.png 768w, https:\/\/moyahousehold.com\/wp-content\/uploads\/2024\/06\/custom-food-stoage-containers-detail-2-12x12.png 12w, https:\/\/moyahousehold.com\/wp-content\/uploads\/2024\/06\/custom-food-stoage-containers-detail-2-285x285.png 285w, https:\/\/moyahousehold.com\/wp-content\/uploads\/2024\/06\/custom-food-stoage-containers-detail-2-270x270.png 270w, https:\/\/moyahousehold.com\/wp-content\/uploads\/2024\/06\/custom-food-stoage-containers-detail-2-540x540.png 540w, https:\/\/moyahousehold.com\/wp-content\/uploads\/2024\/06\/custom-food-stoage-containers-detail-2-660x660.png 660w\" sizes=\"(max-width: 1600px) 100vw, 1600px\" \/><\/figure>\n<\/div>\n<\/div>\n\n\n\n<div class=\"wp-block-columns is-layout-flex wp-container-core-columns-is-layout-9d6595d7 wp-block-columns-is-layout-flex\">\n<div class=\"wp-block-column is-layout-flow wp-block-column-is-layout-flow\"><\/div>\n\n\n\n<div class=\"wp-block-column is-layout-flow wp-block-column-is-layout-flow\"><\/div>\n<\/div>","protected":false},"excerpt":{"rendered":"<p>Proporcionamos soluciones personalizadas de recipientes de acero inoxidable para el almacenamiento de alimentos para satisfacer las diversas necesidades de los distintos clientes. Con un dise\u00f1o flexible de las especificaciones, logotipos, colores y capacidades de los productos, podemos ofrecer opciones ideales para diversas necesidades. Nuestros recipientes de almacenamiento de alimentos se utilizan ampliamente en el sector de la restauraci\u00f3n y las cocinas comerciales, y son la mejor opci\u00f3n para el almacenamiento de alimentos. Tanto si necesita recipientes de almacenamiento de alimentos a granel como si busca servicios de personalizaci\u00f3n OEM y ODM, podemos ofrecerle la mejor soluci\u00f3n. P\u00f3ngase en contacto con nosotros para hablar de sus necesidades espec\u00edficas.<\/p>\n<h3>Caracter\u00edsticas y ventajas de los recipientes personalizables para alimentos<\/h3>\n<p><strong>Dise\u00f1o apilable<\/strong>: Este recipiente de acero inoxidable personalizable para almacenar alimentos tiene un dise\u00f1o razonable, que puede ahorrar significativamente espacio de almacenamiento al combinar recipientes con diferentes capacidades.<br \/><strong>Material de acero inoxidable de alta calidad<\/strong>: Cada recipiente de almacenamiento de alimentos est\u00e1 hecho de acero inoxidable de alta calidad y procesado con artesan\u00eda fina para garantizar una excelente durabilidad.<br \/><strong>F\u00e1cil de manejar<\/strong>: Este recipiente de almacenamiento de alimentos est\u00e1 dise\u00f1ado para ser f\u00e1cil de usar, f\u00e1cil de manejar y f\u00e1cil de usar a diario. Son adecuados para almacenar comidas fr\u00edas, comidas calientes y alimentos a distintas temperaturas, ayudando a mantener los alimentos en \u00f3ptimas condiciones.<br \/><strong>Material espesado<\/strong>: El dise\u00f1o engrosado aumenta la resistencia estructural del contenedor y evita eficazmente la deformaci\u00f3n o los da\u00f1os durante la colisi\u00f3n.<br \/><strong>Varias especificaciones<\/strong>: Ofrecemos nueve especificaciones de contenedores para satisfacer sus diferentes necesidades de almacenamiento.<br \/><strong>Amplias opciones de personalizaci\u00f3n<\/strong>: El\u00edjanos como su proveedor de contenedores de almacenamiento de alimentos de acero inoxidable, podemos personalizar el tama\u00f1o del contenedor de alimentos, logotipo, embalaje, etc de acuerdo a sus necesidades, recepci\u00f3n para entrarnos en contacto con para las soluciones modificadas para requisitos particulares.<\/p>\n<p><strong><a href=\"https:\/\/moyahousehold.com\/es\/solucion-personalizada\/\">Conozca nuestra soluci\u00f3n de contenedores personalizados para alimentos<\/a><\/strong><\/p>","protected":false},"featured_media":7655,"comment_status":"closed","ping_status":"closed","template":"","meta":[],"product_cat":[57],"product_tag":[95,106,99],"class_list":{"0":"post-6023","1":"product","2":"type-product","3":"status-publish","4":"has-post-thumbnail","6":"product_cat-food-storage-container-wholesale","7":"product_tag-wholesale-food-storage-containers-with-date-dial","8":"product_tag-microwavable-food-storage-containers","9":"product_tag-wholesale-rectangle-food-storage-containers","11":"first","12":"instock","13":"shipping-taxable","14":"product-type-simple"},"_links":{"self":[{"href":"https:\/\/moyahousehold.com\/es\/wp-json\/wp\/v2\/product\/6023","targetHints":{"allow":["GET"]}}],"collection":[{"href":"https:\/\/moyahousehold.com\/es\/wp-json\/wp\/v2\/product"}],"about":[{"href":"https:\/\/moyahousehold.com\/es\/wp-json\/wp\/v2\/types\/product"}],"replies":[{"embeddable":true,"href":"https:\/\/moyahousehold.com\/es\/wp-json\/wp\/v2\/comments?post=6023"}],"version-history":[{"count":0,"href":"https:\/\/moyahousehold.com\/es\/wp-json\/wp\/v2\/product\/6023\/revisions"}],"wp:featuredmedia":[{"embeddable":true,"href":"https:\/\/moyahousehold.com\/es\/wp-json\/wp\/v2\/media\/7655"}],"wp:attachment":[{"href":"https:\/\/moyahousehold.com\/es\/wp-json\/wp\/v2\/media?parent=6023"}],"wp:term":[{"taxonomy":"product_cat","embeddable":true,"href":"https:\/\/moyahousehold.com\/es\/wp-json\/wp\/v2\/product_cat?post=6023"},{"taxonomy":"product_tag","embeddable":true,"href":"https:\/\/moyahousehold.com\/es\/wp-json\/wp\/v2\/product_tag?post=6023"}],"curies":[{"name":"wp","href":"https:\/\/api.w.org\/{rel}","templated":true}]}}