{"id":6029,"date":"2024-06-26T03:07:40","date_gmt":"2024-06-26T03:07:40","guid":{"rendered":"https:\/\/moyahousehold.com\/?post_type=product&#038;p=6029"},"modified":"2025-02-05T10:06:41","modified_gmt":"2025-02-05T10:06:41","slug":"stainless-steel-food-storage-container-wholesale-large-capacity-with-handle","status":"publish","type":"product","link":"https:\/\/moyahousehold.com\/es\/producto\/stainless-steel-food-storage-container-wholesale-large-capacity-with-handle\/","title":{"rendered":"Gran contenedor de acero inoxidable con asa a precio de f\u00e1brica"},"content":{"rendered":"<div class=\"wp-block-columns is-layout-flex wp-container-core-columns-is-layout-9d6595d7 wp-block-columns-is-layout-flex\">\n<div class=\"wp-block-column is-layout-flow wp-block-column-is-layout-flow\">\n<h3 class=\"wp-block-heading\">Par\u00e1metros del contenedor grande de acero inoxidable<\/h3>\n\n\n\n<figure class=\"wp-block-table\"><table><tbody><tr><td>Art\u00edculo NO<\/td><td>Capacidad<\/td><td>Talla\/PCS<\/td><td>PCS\/Caja<\/td><td>N.W.\/PCS<\/td><td>G.W.\/Caso<\/td><\/tr><tr><td>MYJD191<\/td><td>1700 ml<\/td><td>24.4*16*8<\/td><td>48<\/td><td>21.2<\/td><td>0.4<\/td><\/tr><tr><td>MYJD192<\/td><td>2200 ml<\/td><td>24.4*16*10<\/td><td>36<\/td><td>17.12<\/td><td>0.42<\/td><\/tr><tr><td>MYJD193<\/td><td>2700 ml<\/td><td>24.4*16*12<\/td><td>24<\/td><td>16.88<\/td><td>0.62<\/td><\/tr><tr><td>MYJD194<\/td><td>2400 ml<\/td><td>35*20*6<\/td><td>36<\/td><td>17.48<\/td><td>0.43<\/td><\/tr><tr><td>MYJD195<\/td><td>3800 ml<\/td><td>35*20*9.5<\/td><td>24<\/td><td>19.04<\/td><td>0.71<\/td><\/tr><tr><td>MYJD196<\/td><td>6200 ml<\/td><td>35*20*14<\/td><td>16<\/td><td>15.6<\/td><td>0.85<\/td><\/tr><tr><td>MYJD171<\/td><td>1700 ml<\/td><td>20*20*7.6<\/td><td>48<\/td><td>20.24<\/td><td>0.38<\/td><\/tr><tr><td>MYJD172<\/td><td>2200 ml<\/td><td>20*20*10<\/td><td>36<\/td><td>17.12<\/td><td>0.42<\/td><\/tr><tr><td>MYJD173<\/td><td>2700 ml<\/td><td>20*20*12<\/td><td>36<\/td><td>18.2<\/td><td>0.45<\/td><\/tr><tr><td>MYJD174<\/td><td>3200 ml<\/td><td>20*20*14<\/td><td>48<\/td><td>26<\/td><td>0.5<\/td><\/tr><\/tbody><\/table><\/figure>\n<\/div>\n<\/div>\n\n\n\n<h3 class=\"wp-block-heading\">Opciones de recipientes grandes de acero inoxidable a medida<\/h3>\n\n\n\n<p><strong>Logotipo<\/strong>Personalice el logotipo de su marca en el producto y el envase.<br><strong>Tapa<\/strong>: Tapa de vidrio, tapa de PP<br><strong>Opciones de logotipo<\/strong>Logotipo impreso, logotipo grabado con l\u00e1ser, etc.<br><strong>Patr\u00f3n<\/strong>Impresi\u00f3n de motivos en recipientes para alimentos.<br><strong>Tecnolog\u00eda de impresi\u00f3n<\/strong>Impresi\u00f3n por transferencia de agua, serigraf\u00eda, impresi\u00f3n por transferencia de calor, etc.<br><strong>Paquete<\/strong>:caja de color<br><a href=\"https:\/\/moyahousehold.com\/es\/solucion-personalizada\/\" data-type=\"page\" data-id=\"2817\"><strong>M\u00e1s personalizaci\u00f3n<\/strong><\/a><\/p>\n\n\n\n<div class=\"wp-block-columns is-layout-flex wp-container-core-columns-is-layout-9d6595d7 wp-block-columns-is-layout-flex\">\n<div class=\"wp-block-column is-layout-flow wp-block-column-is-layout-flow\">\n<figure class=\"wp-block-image size-full\"><img fetchpriority=\"high\" decoding=\"async\" width=\"4160\" height=\"4160\" src=\"https:\/\/moyahousehold.com\/wp-content\/uploads\/2024\/06\/Large-capacity-Steel-Food-Storage-Container-Wholesale-23.webp\" alt=\"Recipiente de acero de gran capacidad para alimentos al por mayor \" class=\"wp-image-6170\" srcset=\"https:\/\/moyahousehold.com\/wp-content\/uploads\/2024\/06\/Large-capacity-Steel-Food-Storage-Container-Wholesale-23.webp 4160w, https:\/\/moyahousehold.com\/wp-content\/uploads\/2024\/06\/Large-capacity-Steel-Food-Storage-Container-Wholesale-23-300x300.webp 300w, https:\/\/moyahousehold.com\/wp-content\/uploads\/2024\/06\/Large-capacity-Steel-Food-Storage-Container-Wholesale-23-150x150.webp 150w, https:\/\/moyahousehold.com\/wp-content\/uploads\/2024\/06\/Large-capacity-Steel-Food-Storage-Container-Wholesale-23-768x768.webp 768w, https:\/\/moyahousehold.com\/wp-content\/uploads\/2024\/06\/Large-capacity-Steel-Food-Storage-Container-Wholesale-23-285x285.webp 285w, https:\/\/moyahousehold.com\/wp-content\/uploads\/2024\/06\/Large-capacity-Steel-Food-Storage-Container-Wholesale-23-1600x1600.webp 1600w, https:\/\/moyahousehold.com\/wp-content\/uploads\/2024\/06\/Large-capacity-Steel-Food-Storage-Container-Wholesale-23-270x270.webp 270w, https:\/\/moyahousehold.com\/wp-content\/uploads\/2024\/06\/Large-capacity-Steel-Food-Storage-Container-Wholesale-23-540x540.webp 540w, https:\/\/moyahousehold.com\/wp-content\/uploads\/2024\/06\/Large-capacity-Steel-Food-Storage-Container-Wholesale-23-660x660.webp 660w\" sizes=\"(max-width: 4160px) 100vw, 4160px\" \/><\/figure>\n<\/div>\n\n\n\n<div class=\"wp-block-column is-layout-flow wp-block-column-is-layout-flow\">\n<figure class=\"wp-block-image size-full\"><img decoding=\"async\" width=\"4160\" height=\"4160\" src=\"https:\/\/moyahousehold.com\/wp-content\/uploads\/2024\/06\/Large-capacity-Steel-Food-Storage-Container-Wholesale-21.webp\" alt=\"Recipiente de acero de gran capacidad para alimentos al por mayor\" class=\"wp-image-6169\" srcset=\"https:\/\/moyahousehold.com\/wp-content\/uploads\/2024\/06\/Large-capacity-Steel-Food-Storage-Container-Wholesale-21.webp 4160w, https:\/\/moyahousehold.com\/wp-content\/uploads\/2024\/06\/Large-capacity-Steel-Food-Storage-Container-Wholesale-21-300x300.webp 300w, https:\/\/moyahousehold.com\/wp-content\/uploads\/2024\/06\/Large-capacity-Steel-Food-Storage-Container-Wholesale-21-150x150.webp 150w, https:\/\/moyahousehold.com\/wp-content\/uploads\/2024\/06\/Large-capacity-Steel-Food-Storage-Container-Wholesale-21-768x768.webp 768w, https:\/\/moyahousehold.com\/wp-content\/uploads\/2024\/06\/Large-capacity-Steel-Food-Storage-Container-Wholesale-21-285x285.webp 285w, https:\/\/moyahousehold.com\/wp-content\/uploads\/2024\/06\/Large-capacity-Steel-Food-Storage-Container-Wholesale-21-1600x1600.webp 1600w, https:\/\/moyahousehold.com\/wp-content\/uploads\/2024\/06\/Large-capacity-Steel-Food-Storage-Container-Wholesale-21-270x270.webp 270w, https:\/\/moyahousehold.com\/wp-content\/uploads\/2024\/06\/Large-capacity-Steel-Food-Storage-Container-Wholesale-21-540x540.webp 540w, https:\/\/moyahousehold.com\/wp-content\/uploads\/2024\/06\/Large-capacity-Steel-Food-Storage-Container-Wholesale-21-660x660.webp 660w\" sizes=\"(max-width: 4160px) 100vw, 4160px\" \/><\/figure>\n<\/div>\n<\/div>\n\n\n\n<div class=\"wp-block-columns is-layout-flex wp-container-core-columns-is-layout-9d6595d7 wp-block-columns-is-layout-flex\">\n<div class=\"wp-block-column is-layout-flow wp-block-column-is-layout-flow\">\n<figure class=\"wp-block-image size-full\"><img decoding=\"async\" width=\"4160\" height=\"4160\" src=\"https:\/\/moyahousehold.com\/wp-content\/uploads\/2024\/06\/Large-capacity-Steel-Food-Storage-Container-Wholesale-17.webp\" alt=\"Recipiente de acero de gran capacidad para alimentos al por mayor\" class=\"wp-image-6167\" srcset=\"https:\/\/moyahousehold.com\/wp-content\/uploads\/2024\/06\/Large-capacity-Steel-Food-Storage-Container-Wholesale-17.webp 4160w, https:\/\/moyahousehold.com\/wp-content\/uploads\/2024\/06\/Large-capacity-Steel-Food-Storage-Container-Wholesale-17-300x300.webp 300w, https:\/\/moyahousehold.com\/wp-content\/uploads\/2024\/06\/Large-capacity-Steel-Food-Storage-Container-Wholesale-17-150x150.webp 150w, https:\/\/moyahousehold.com\/wp-content\/uploads\/2024\/06\/Large-capacity-Steel-Food-Storage-Container-Wholesale-17-768x768.webp 768w, https:\/\/moyahousehold.com\/wp-content\/uploads\/2024\/06\/Large-capacity-Steel-Food-Storage-Container-Wholesale-17-285x285.webp 285w, https:\/\/moyahousehold.com\/wp-content\/uploads\/2024\/06\/Large-capacity-Steel-Food-Storage-Container-Wholesale-17-1600x1600.webp 1600w, https:\/\/moyahousehold.com\/wp-content\/uploads\/2024\/06\/Large-capacity-Steel-Food-Storage-Container-Wholesale-17-270x270.webp 270w, https:\/\/moyahousehold.com\/wp-content\/uploads\/2024\/06\/Large-capacity-Steel-Food-Storage-Container-Wholesale-17-540x540.webp 540w, https:\/\/moyahousehold.com\/wp-content\/uploads\/2024\/06\/Large-capacity-Steel-Food-Storage-Container-Wholesale-17-660x660.webp 660w\" sizes=\"(max-width: 4160px) 100vw, 4160px\" \/><\/figure>\n<\/div>\n\n\n\n<div class=\"wp-block-column is-layout-flow wp-block-column-is-layout-flow\">\n<figure class=\"wp-block-image size-full\"><img loading=\"lazy\" decoding=\"async\" width=\"4160\" height=\"4160\" src=\"https:\/\/moyahousehold.com\/wp-content\/uploads\/2024\/06\/Large-capacity-Steel-Food-Storage-Container-Wholesale-19.webp\" alt=\"Recipiente de acero de gran capacidad para alimentos al por mayor\" class=\"wp-image-6168\" srcset=\"https:\/\/moyahousehold.com\/wp-content\/uploads\/2024\/06\/Large-capacity-Steel-Food-Storage-Container-Wholesale-19.webp 4160w, https:\/\/moyahousehold.com\/wp-content\/uploads\/2024\/06\/Large-capacity-Steel-Food-Storage-Container-Wholesale-19-300x300.webp 300w, https:\/\/moyahousehold.com\/wp-content\/uploads\/2024\/06\/Large-capacity-Steel-Food-Storage-Container-Wholesale-19-150x150.webp 150w, https:\/\/moyahousehold.com\/wp-content\/uploads\/2024\/06\/Large-capacity-Steel-Food-Storage-Container-Wholesale-19-768x768.webp 768w, https:\/\/moyahousehold.com\/wp-content\/uploads\/2024\/06\/Large-capacity-Steel-Food-Storage-Container-Wholesale-19-285x285.webp 285w, https:\/\/moyahousehold.com\/wp-content\/uploads\/2024\/06\/Large-capacity-Steel-Food-Storage-Container-Wholesale-19-1600x1600.webp 1600w, https:\/\/moyahousehold.com\/wp-content\/uploads\/2024\/06\/Large-capacity-Steel-Food-Storage-Container-Wholesale-19-270x270.webp 270w, https:\/\/moyahousehold.com\/wp-content\/uploads\/2024\/06\/Large-capacity-Steel-Food-Storage-Container-Wholesale-19-540x540.webp 540w, https:\/\/moyahousehold.com\/wp-content\/uploads\/2024\/06\/Large-capacity-Steel-Food-Storage-Container-Wholesale-19-660x660.webp 660w\" sizes=\"(max-width: 4160px) 100vw, 4160px\" \/><\/figure>\n<\/div>\n<\/div>","protected":false},"excerpt":{"rendered":"<p>Ofrecemos grandes contenedores de acero inoxidable para alimentos a precios de f\u00e1brica, con una gran variedad de capacidades y dise\u00f1os entre los que elegir. La gran capacidad es perfecta para almacenar diversos tipos de alimentos, y los recipientes grandes de acero inoxidable de diversas formas pueden combinarse razonablemente para separar distintos alimentos, incluidos los rectangulares y cuadrados. Es una soluci\u00f3n de almacenamiento perfecta para cocinas dom\u00e9sticas y restaurantes comerciales. Este contenedor grande de acero para alimentos tiene un bonito dise\u00f1o y estilo, y puede integrarse perfectamente en varios estilos de cocina. Tambi\u00e9n ofrecemos servicios de contenedores de alimentos personalizados OEM y ODM. Si necesita un contenedor de acero inoxidable m\u00e1s grande, puede ponerse en contacto con nosotros para personalizarlo.<\/p>\n<h3>Caracter\u00edsticas y ventajas del recipiente grande de acero inoxidable para alimentos<\/h3>\n<p>1.Los grandes recipientes de acero para alimentos tienen una buena resistencia a los \u00e1cidos y los \u00e1lcalis y son adecuados para almacenar diversos alimentos \u00e1cidos y alcalinos.<\/p>\n<p>2.Los grandes contenedores de acero inoxidable est\u00e1n fabricados con material de acero inoxidable 304;<\/p>\n<p>3.El dise\u00f1o engrosado del contenedor de alimentos aumenta la resistencia al impacto del contenedor, por lo que es menos probable que se deforme y m\u00e1s seguro de usar.<\/p>\n<p>4.Mejorado y engrosado, resistente a las altas temperaturas y a la corrosi\u00f3n; F\u00e1cil de limpiar y m\u00e1s duradero;<\/p>\n<p>5.Incluso despu\u00e9s de un uso prolongado, estos grandes recipientes de acero inoxidable para alimentos pueden permanecer tan brillantes y limpios como nuevos.<\/p>\n<p>6.El proceso electrol\u00edtico dentro de la caja es suave y redondo, f\u00e1cil de limpiar, y no hay olor residual al almacenar alimentos;<\/p>\n<p>7.Anillo de silicona de sellado ensanchado, herm\u00e9ticamente ajustado, a prueba de fugas en todas las direcciones, a prueba de humedad y de humedad, a prueba de fugas;<\/p>\n<p>8.La tapa de la caja engrosada del contenedor de acero inoxidable no se deforma f\u00e1cilmente;<\/p>\n<p>9.Los grandes contenedores de acero inoxidable tienen forma cuadrada y rectangular para elegir.<br \/><strong><br \/><a href=\"https:\/\/moyahousehold.com\/es\/solucion-personalizada\/\">10. Como fabricante profesional de envases para alimentos, ofrecemos soluciones personalizadas de envases de acero inoxidable para alimentos OEM&amp;ODM.<\/a><\/strong><\/p>","protected":false},"featured_media":6162,"comment_status":"open","ping_status":"closed","template":"","meta":[],"product_cat":[57],"product_tag":[95,99,100],"class_list":{"0":"post-6029","1":"product","2":"type-product","3":"status-publish","4":"has-post-thumbnail","6":"product_cat-food-storage-container-wholesale","7":"product_tag-wholesale-food-storage-containers-with-date-dial","8":"product_tag-wholesale-rectangle-food-storage-containers","9":"product_tag-wholesale-square-food-storage-containers","11":"first","12":"instock","13":"shipping-taxable","14":"product-type-simple"},"_links":{"self":[{"href":"https:\/\/moyahousehold.com\/es\/wp-json\/wp\/v2\/product\/6029","targetHints":{"allow":["GET"]}}],"collection":[{"href":"https:\/\/moyahousehold.com\/es\/wp-json\/wp\/v2\/product"}],"about":[{"href":"https:\/\/moyahousehold.com\/es\/wp-json\/wp\/v2\/types\/product"}],"replies":[{"embeddable":true,"href":"https:\/\/moyahousehold.com\/es\/wp-json\/wp\/v2\/comments?post=6029"}],"version-history":[{"count":0,"href":"https:\/\/moyahousehold.com\/es\/wp-json\/wp\/v2\/product\/6029\/revisions"}],"wp:featuredmedia":[{"embeddable":true,"href":"https:\/\/moyahousehold.com\/es\/wp-json\/wp\/v2\/media\/6162"}],"wp:attachment":[{"href":"https:\/\/moyahousehold.com\/es\/wp-json\/wp\/v2\/media?parent=6029"}],"wp:term":[{"taxonomy":"product_cat","embeddable":true,"href":"https:\/\/moyahousehold.com\/es\/wp-json\/wp\/v2\/product_cat?post=6029"},{"taxonomy":"product_tag","embeddable":true,"href":"https:\/\/moyahousehold.com\/es\/wp-json\/wp\/v2\/product_tag?post=6029"}],"curies":[{"name":"wp","href":"https:\/\/api.w.org\/{rel}","templated":true}]}}