{"id":6088,"date":"2024-06-26T03:17:05","date_gmt":"2024-06-26T03:17:05","guid":{"rendered":"https:\/\/moyahousehold.com\/?post_type=product&#038;p=6088"},"modified":"2025-03-05T10:09:59","modified_gmt":"2025-03-05T10:09:59","slug":"bulk-commercial-stainless-steel-food-storage-containers","status":"publish","type":"product","link":"https:\/\/moyahousehold.com\/es\/producto\/bulk-commercial-stainless-steel-food-storage-containers\/","title":{"rendered":"Recipientes comerciales a granel de acero inoxidable para almacenar alimentos para hoteles y restaurantes"},"content":{"rendered":"<div class=\"wp-block-columns is-layout-flex wp-container-core-columns-is-layout-9d6595d7 wp-block-columns-is-layout-flex\">\n<div class=\"wp-block-column is-layout-flow wp-block-column-is-layout-flow\">\n<h3 class=\"wp-block-heading\">Par\u00e1metros de los recipientes comerciales para alimentos<\/h3>\n\n\n\n<figure class=\"wp-block-table\"><table><tbody><tr><td>Art\u00edculo NO<\/td><td>Capacidad<\/td><td>Talla\/PCS<\/td><td>PCS\/Caja<\/td><td>N.W.\/PCS<\/td><td>G.W.\/Caso<\/td><\/tr><tr><td>MYJD212<\/td><td>420ML<\/td><td>13.3*11.2*6.2<\/td><td>80<\/td><td>15.6<\/td><td>0.17<\/td><\/tr><tr><td>MYJD213<\/td><td>660ML<\/td><td>13.3*11.2*8.7<\/td><td>80<\/td><td>17.2<\/td><td>0.19<\/td><\/tr><tr><td>MYJD214<\/td><td>900ML<\/td><td>13.3*11.2*11.3<\/td><td>80<\/td><td>19.6<\/td><td>0.22<\/td><\/tr><tr><td>MYJD185<\/td><td>1700 ml<\/td><td>24.4*16*8<\/td><td>48<\/td><td>21.2<\/td><td>0.4<\/td><\/tr><tr><td>MYJD186<\/td><td>2200 ml<\/td><td>24.4*16*10<\/td><td>36<\/td><td>17.12<\/td><td>0.42<\/td><\/tr><tr><td>MYJD187<\/td><td>2700 ml<\/td><td>24.4*16*12<\/td><td>24<\/td><td>16.88<\/td><td>0.62<\/td><\/tr><tr><td>MYJD188<\/td><td>2400 ml<\/td><td>35*20*6<\/td><td>36<\/td><td>17.48<\/td><td>0.43<\/td><\/tr><tr><td>MYJD189<\/td><td>3800 ml<\/td><td>35*20*9.5<\/td><td>24<\/td><td>19.04<\/td><td>0.71<\/td><\/tr><tr><td>MYJD190<\/td><td>6200 ml<\/td><td>35*20*14<\/td><td>16<\/td><td>15.6<\/td><td>0.85<\/td><\/tr><tr><td>MYJD163<\/td><td>1700 ml<\/td><td>20*20*7.6<\/td><td>48<\/td><td>20.24<\/td><td>0.38<\/td><\/tr><tr><td>MYJD164<\/td><td>2200 ml<\/td><td>20*20*10<\/td><td>36<\/td><td>17.12<\/td><td>0.42<\/td><\/tr><tr><td>MYJD165<\/td><td>2700 ml<\/td><td>20*20*12<\/td><td>36<\/td><td>18.2<\/td><td>0.45<\/td><\/tr><tr><td>MYJD166<\/td><td>3200 ml<\/td><td>20*20*14<\/td><td>48<\/td><td>26<\/td><td>0.5<\/td><\/tr><\/tbody><\/table><\/figure>\n<\/div>\n<\/div>\n\n\n\n<h3 class=\"wp-block-heading\">Opciones de envases comerciales personalizados para alimentos<\/h3>\n\n\n\n<p><strong>Logotipo<\/strong>Personalice el logotipo de su marca en el producto y el embalaje.<br><strong>Tapa<\/strong>: Tapa de vidrio, tapa de PP<br><strong>Opciones de logotipo<\/strong>Logotipo impreso, logotipo grabado con l\u00e1ser, etc.<br><strong>Patr\u00f3n<\/strong>Impresi\u00f3n de motivos en recipientes para alimentos.<br><strong>Tecnolog\u00eda de impresi\u00f3n<\/strong>Impresi\u00f3n por transferencia de agua, serigraf\u00eda, impresi\u00f3n por transferencia de calor, etc.<br><strong>Paquete<\/strong>:caja de color<br><a href=\"https:\/\/moyahousehold.com\/es\/solucion-personalizada\/\" data-type=\"page\" data-id=\"2817\"><strong>Obtenga m\u00e1s informaci\u00f3n sobre soluciones personalizadas de contenedores de almacenamiento de alimentos.<\/strong><\/a><\/p>\n\n\n\n<div class=\"wp-block-columns is-layout-flex wp-container-core-columns-is-layout-9d6595d7 wp-block-columns-is-layout-flex\">\n<div class=\"wp-block-column is-layout-flow wp-block-column-is-layout-flow\">\n<figure class=\"wp-block-image size-full\"><img fetchpriority=\"high\" decoding=\"async\" width=\"1500\" height=\"1500\" src=\"https:\/\/moyahousehold.com\/wp-content\/uploads\/2024\/06\/Commercial-Food-Storage-Container-Display-2.jpg\" alt=\"Expositor comercial de recipientes para alimentos (2)\" class=\"wp-image-8997\" srcset=\"https:\/\/moyahousehold.com\/wp-content\/uploads\/2024\/06\/Commercial-Food-Storage-Container-Display-2.jpg 1500w, https:\/\/moyahousehold.com\/wp-content\/uploads\/2024\/06\/Commercial-Food-Storage-Container-Display-2-300x300.jpg 300w, https:\/\/moyahousehold.com\/wp-content\/uploads\/2024\/06\/Commercial-Food-Storage-Container-Display-2-150x150.jpg 150w, https:\/\/moyahousehold.com\/wp-content\/uploads\/2024\/06\/Commercial-Food-Storage-Container-Display-2-768x768.jpg 768w, https:\/\/moyahousehold.com\/wp-content\/uploads\/2024\/06\/Commercial-Food-Storage-Container-Display-2-12x12.jpg 12w, https:\/\/moyahousehold.com\/wp-content\/uploads\/2024\/06\/Commercial-Food-Storage-Container-Display-2-285x285.jpg 285w, https:\/\/moyahousehold.com\/wp-content\/uploads\/2024\/06\/Commercial-Food-Storage-Container-Display-2-270x270.jpg 270w, https:\/\/moyahousehold.com\/wp-content\/uploads\/2024\/06\/Commercial-Food-Storage-Container-Display-2-540x540.jpg 540w, https:\/\/moyahousehold.com\/wp-content\/uploads\/2024\/06\/Commercial-Food-Storage-Container-Display-2-660x660.jpg 660w\" sizes=\"(max-width: 1500px) 100vw, 1500px\" \/><\/figure>\n<\/div>\n\n\n\n<div class=\"wp-block-column is-layout-flow wp-block-column-is-layout-flow\">\n<figure class=\"wp-block-image size-full\"><img decoding=\"async\" width=\"1500\" height=\"1500\" src=\"https:\/\/moyahousehold.com\/wp-content\/uploads\/2024\/06\/Commercial-Food-Storage-Container-Display-1.jpg\" alt=\"Expositor comercial de recipientes para alimentos (1)\" class=\"wp-image-8996\" srcset=\"https:\/\/moyahousehold.com\/wp-content\/uploads\/2024\/06\/Commercial-Food-Storage-Container-Display-1.jpg 1500w, https:\/\/moyahousehold.com\/wp-content\/uploads\/2024\/06\/Commercial-Food-Storage-Container-Display-1-300x300.jpg 300w, https:\/\/moyahousehold.com\/wp-content\/uploads\/2024\/06\/Commercial-Food-Storage-Container-Display-1-150x150.jpg 150w, https:\/\/moyahousehold.com\/wp-content\/uploads\/2024\/06\/Commercial-Food-Storage-Container-Display-1-768x768.jpg 768w, https:\/\/moyahousehold.com\/wp-content\/uploads\/2024\/06\/Commercial-Food-Storage-Container-Display-1-12x12.jpg 12w, https:\/\/moyahousehold.com\/wp-content\/uploads\/2024\/06\/Commercial-Food-Storage-Container-Display-1-285x285.jpg 285w, https:\/\/moyahousehold.com\/wp-content\/uploads\/2024\/06\/Commercial-Food-Storage-Container-Display-1-270x270.jpg 270w, https:\/\/moyahousehold.com\/wp-content\/uploads\/2024\/06\/Commercial-Food-Storage-Container-Display-1-540x540.jpg 540w, https:\/\/moyahousehold.com\/wp-content\/uploads\/2024\/06\/Commercial-Food-Storage-Container-Display-1-660x660.jpg 660w\" sizes=\"(max-width: 1500px) 100vw, 1500px\" \/><\/figure>\n<\/div>\n<\/div>\n\n\n\n<div class=\"wp-block-columns is-layout-flex wp-container-core-columns-is-layout-9d6595d7 wp-block-columns-is-layout-flex\">\n<div class=\"wp-block-column is-layout-flow wp-block-column-is-layout-flow\"><\/div>\n\n\n\n<div class=\"wp-block-column is-layout-flow wp-block-column-is-layout-flow\"><\/div>\n<\/div>","protected":false},"excerpt":{"rendered":"<p>Venta al por mayor de recipientes comerciales de acero inoxidable para el almacenamiento de alimentos. Ofrecemos una gran variedad de recipientes de almacenamiento de alimentos a granel, de 420 ml a 3200 ml, para satisfacer las necesidades de diferentes situaciones. Estos recipientes pueden utilizarse en hogares, restaurantes y hoteles. Tanto si necesita contenedores de alimentos a granel como contenedores de alimentos personalizados OEM y ODM, podemos ofrecerle la mejor soluci\u00f3n. P\u00f3ngase en contacto con nosotros para solicitar un presupuesto.<\/p>\n<h3>Caracter\u00edsticas y ventajas del contenedor de alimentos<\/h3>\n<p><strong>M\u00faltiples tama\u00f1os:<\/strong> Este contenedor de alimentos de acero inoxidable est\u00e1 disponible en varios tama\u00f1os y puede utilizarse para almacenar distintos tipos y cantidades de alimentos, satisfaciendo diversas necesidades de almacenamiento dom\u00e9stico y comercial, adecuado para cocinas, restaurantes y servicios de catering.<\/p>\n<p><strong>Materiales de alta calidad:<\/strong> Fabricado con material de acero inoxidable duradero, tiene una fuerte resistencia a la corrosi\u00f3n y a la oxidaci\u00f3n, lo que garantiza que no se oxide tras un uso prolongado, manteniendo el recipiente bonito y seguro.<\/p>\n<p><strong>Dise\u00f1o apilable:<\/strong> Los recipientes de acero inoxidable para alimentos pueden apilarse de forma estable, ahorrando espacio, y almacenarse c\u00f3modamente en frigor\u00edficos, armarios y otros lugares, lo que ayuda a hacer un uso eficiente del espacio de la cocina.<\/p>\n<p><strong>Dise\u00f1o sellado:<\/strong> La tapa est\u00e1 equipada con un anillo de sellado y un cierre de hebilla para evitar la entrada de aire, mantener los alimentos frescos de forma eficaz, evitar fugas y es adecuada para almacenar alimentos s\u00f3lidos y l\u00edquidos.<\/p>\n<p><strong>Servicio personalizado:<\/strong> Como <strong><a href=\"https:\/\/moyahousehold.com\/es\/categoria-de-productos\/food-storage-container-wholesale\/\" target=\"_blank\" rel=\"noopener\">fabricante de envases alimentarios<\/a>,<\/strong> Moya ofrece a sus clientes servicios personalizados de envasado de alimentos, incluidos diferentes tama\u00f1os, formas, dise\u00f1os de tapas, logotipos de marcas, etc. para satisfacer las necesidades espec\u00edficas de los clientes.<\/p>","protected":false},"featured_media":8977,"comment_status":"open","ping_status":"closed","template":"","meta":[],"product_cat":[57],"product_tag":[95,106,99],"class_list":{"0":"post-6088","1":"product","2":"type-product","3":"status-publish","4":"has-post-thumbnail","6":"product_cat-food-storage-container-wholesale","7":"product_tag-wholesale-food-storage-containers-with-date-dial","8":"product_tag-microwavable-food-storage-containers","9":"product_tag-wholesale-rectangle-food-storage-containers","11":"first","12":"instock","13":"shipping-taxable","14":"product-type-simple"},"_links":{"self":[{"href":"https:\/\/moyahousehold.com\/es\/wp-json\/wp\/v2\/product\/6088","targetHints":{"allow":["GET"]}}],"collection":[{"href":"https:\/\/moyahousehold.com\/es\/wp-json\/wp\/v2\/product"}],"about":[{"href":"https:\/\/moyahousehold.com\/es\/wp-json\/wp\/v2\/types\/product"}],"replies":[{"embeddable":true,"href":"https:\/\/moyahousehold.com\/es\/wp-json\/wp\/v2\/comments?post=6088"}],"version-history":[{"count":0,"href":"https:\/\/moyahousehold.com\/es\/wp-json\/wp\/v2\/product\/6088\/revisions"}],"wp:featuredmedia":[{"embeddable":true,"href":"https:\/\/moyahousehold.com\/es\/wp-json\/wp\/v2\/media\/8977"}],"wp:attachment":[{"href":"https:\/\/moyahousehold.com\/es\/wp-json\/wp\/v2\/media?parent=6088"}],"wp:term":[{"taxonomy":"product_cat","embeddable":true,"href":"https:\/\/moyahousehold.com\/es\/wp-json\/wp\/v2\/product_cat?post=6088"},{"taxonomy":"product_tag","embeddable":true,"href":"https:\/\/moyahousehold.com\/es\/wp-json\/wp\/v2\/product_tag?post=6088"}],"curies":[{"name":"wp","href":"https:\/\/api.w.org\/{rel}","templated":true}]}}