{"id":6091,"date":"2024-06-26T03:20:40","date_gmt":"2024-06-26T03:20:40","guid":{"rendered":"https:\/\/moyahousehold.com\/?post_type=product&#038;p=6091"},"modified":"2025-03-05T10:09:31","modified_gmt":"2025-03-05T10:09:31","slug":"custom-stainless-steel-food-containers-wholesale","status":"publish","type":"product","link":"https:\/\/moyahousehold.com\/es\/producto\/custom-stainless-steel-food-containers-wholesale\/","title":{"rendered":"Contenedores de alimentos de acero inoxidable al por mayor Hermosa y m\u00faltiples especificaciones"},"content":{"rendered":"<div class=\"wp-block-columns is-layout-flex wp-container-core-columns-is-layout-9d6595d7 wp-block-columns-is-layout-flex\">\n<div class=\"wp-block-column is-layout-flow wp-block-column-is-layout-flow\">\n<h3 class=\"wp-block-heading\">Par\u00e1metros de los recipientes de acero inoxidable personalizables para alimentos<\/h3>\n<\/div>\n<\/div>\n\n\n\n<figure class=\"wp-block-table\"><table><tbody><tr><td>Art\u00edculo NO<\/td><td>Capacidad<\/td><td>Talla\/PCS<\/td><td>PCS\/Caja<\/td><td>N.W.\/PCS<\/td><td>G.W.\/Caso<\/td><\/tr><tr><td>MYJD191<\/td><td>1700 ml<\/td><td>24.4*16*8<\/td><td>48<\/td><td>21.2<\/td><td>0.4<\/td><\/tr><tr><td>MYJD192<\/td><td>2200 ml<\/td><td>24.4*16*10<\/td><td>36<\/td><td>17.12<\/td><td>0.42<\/td><\/tr><tr><td>MYJD193<\/td><td>2700 ml<\/td><td>24.4*16*12<\/td><td>24<\/td><td>16.88<\/td><td>0.62<\/td><\/tr><tr><td>MYJD194<\/td><td>2400 ml<\/td><td>35*20*6<\/td><td>36<\/td><td>17.48<\/td><td>0.43<\/td><\/tr><tr><td>MYJD195<\/td><td>3800 ml<\/td><td>35*20*9.5<\/td><td>24<\/td><td>19.04<\/td><td>0.71<\/td><\/tr><tr><td>MYJD196<\/td><td>6200 ml<\/td><td>35*20*14<\/td><td>16<\/td><td>15.6<\/td><td>0.85<\/td><\/tr><tr><td>MYJD171<\/td><td>1700 ml<\/td><td>20*20*7.6<\/td><td>48<\/td><td>20.24<\/td><td>0.38<\/td><\/tr><tr><td>MYJD172<\/td><td>2200 ml<\/td><td>20*20*10<\/td><td>36<\/td><td>17.12<\/td><td>0.42<\/td><\/tr><tr><td>MYJD173<\/td><td>2700 ml<\/td><td>20*20*12<\/td><td>36<\/td><td>18.2<\/td><td>0.45<\/td><\/tr><tr><td>MYJD174<\/td><td>3200 ml<\/td><td>20*20*14<\/td><td>48<\/td><td>26<\/td><td>0.5<\/td><\/tr><\/tbody><\/table><\/figure>\n\n\n\n<h3 class=\"wp-block-heading\">Opciones de recipientes personalizados para alimentos<\/h3>\n\n\n\n<p>Logotipo: personalice el logotipo de su marca en el producto y el envase.<br>Tapa: Tapa de vidrio, tapa de PP<br>Opciones de logotipo: logotipo impreso, logotipo grabado con l\u00e1ser, etc.<br>Patr\u00f3n: impresi\u00f3n de patrones en recipientes de almacenamiento de alimentos.<br>Tecnolog\u00eda de impresi\u00f3n: impresi\u00f3n por transferencia de agua, serigraf\u00eda, impresi\u00f3n por transferencia de calor, etc.<br>Embalaje:caja de color<br><a href=\"https:\/\/moyahousehold.com\/es\/solucion-personalizada\/\" data-type=\"page\" data-id=\"2817\"><strong>M\u00e1s personalizaci\u00f3n<\/strong><\/a><\/p>\n\n\n\n<div class=\"wp-block-columns is-layout-flex wp-container-core-columns-is-layout-9d6595d7 wp-block-columns-is-layout-flex\">\n<div class=\"wp-block-column is-layout-flow wp-block-column-is-layout-flow\">\n<figure class=\"wp-block-image size-full\"><img fetchpriority=\"high\" decoding=\"async\" width=\"4160\" height=\"4160\" src=\"https:\/\/moyahousehold.com\/wp-content\/uploads\/2024\/06\/Crisper-with-handle-1-1.webp\" alt=\"\" class=\"wp-image-6092\" srcset=\"https:\/\/moyahousehold.com\/wp-content\/uploads\/2024\/06\/Crisper-with-handle-1-1.webp 4160w, https:\/\/moyahousehold.com\/wp-content\/uploads\/2024\/06\/Crisper-with-handle-1-1-300x300.webp 300w, https:\/\/moyahousehold.com\/wp-content\/uploads\/2024\/06\/Crisper-with-handle-1-1-150x150.webp 150w, https:\/\/moyahousehold.com\/wp-content\/uploads\/2024\/06\/Crisper-with-handle-1-1-768x768.webp 768w, https:\/\/moyahousehold.com\/wp-content\/uploads\/2024\/06\/Crisper-with-handle-1-1-285x285.webp 285w, https:\/\/moyahousehold.com\/wp-content\/uploads\/2024\/06\/Crisper-with-handle-1-1-1600x1600.webp 1600w, https:\/\/moyahousehold.com\/wp-content\/uploads\/2024\/06\/Crisper-with-handle-1-1-270x270.webp 270w, https:\/\/moyahousehold.com\/wp-content\/uploads\/2024\/06\/Crisper-with-handle-1-1-540x540.webp 540w, https:\/\/moyahousehold.com\/wp-content\/uploads\/2024\/06\/Crisper-with-handle-1-1-660x660.webp 660w\" sizes=\"(max-width: 4160px) 100vw, 4160px\" \/><\/figure>\n<\/div>\n\n\n\n<div class=\"wp-block-column is-layout-flow wp-block-column-is-layout-flow\">\n<figure class=\"wp-block-image size-full\"><img decoding=\"async\" width=\"4160\" height=\"4160\" src=\"https:\/\/moyahousehold.com\/wp-content\/uploads\/2024\/06\/Crisper-with-handle-4-1.webp\" alt=\"\" class=\"wp-image-6094\" srcset=\"https:\/\/moyahousehold.com\/wp-content\/uploads\/2024\/06\/Crisper-with-handle-4-1.webp 4160w, https:\/\/moyahousehold.com\/wp-content\/uploads\/2024\/06\/Crisper-with-handle-4-1-300x300.webp 300w, https:\/\/moyahousehold.com\/wp-content\/uploads\/2024\/06\/Crisper-with-handle-4-1-150x150.webp 150w, https:\/\/moyahousehold.com\/wp-content\/uploads\/2024\/06\/Crisper-with-handle-4-1-768x768.webp 768w, https:\/\/moyahousehold.com\/wp-content\/uploads\/2024\/06\/Crisper-with-handle-4-1-285x285.webp 285w, https:\/\/moyahousehold.com\/wp-content\/uploads\/2024\/06\/Crisper-with-handle-4-1-1600x1600.webp 1600w, https:\/\/moyahousehold.com\/wp-content\/uploads\/2024\/06\/Crisper-with-handle-4-1-270x270.webp 270w, https:\/\/moyahousehold.com\/wp-content\/uploads\/2024\/06\/Crisper-with-handle-4-1-540x540.webp 540w, https:\/\/moyahousehold.com\/wp-content\/uploads\/2024\/06\/Crisper-with-handle-4-1-660x660.webp 660w\" sizes=\"(max-width: 4160px) 100vw, 4160px\" \/><\/figure>\n<\/div>\n<\/div>\n\n\n\n<div class=\"wp-block-columns is-layout-flex wp-container-core-columns-is-layout-9d6595d7 wp-block-columns-is-layout-flex\">\n<div class=\"wp-block-column is-layout-flow wp-block-column-is-layout-flow\"><\/div>\n\n\n\n<div class=\"wp-block-column is-layout-flow wp-block-column-is-layout-flow\"><\/div>\n<\/div>","protected":false},"excerpt":{"rendered":"<p>Moya es un fabricante de contenedores de alimentos personalizados, fabricados en acero inoxidable de alta calidad y con un buen rendimiento, ya sea para uso dom\u00e9stico, en restaurantes o comercial. Ofrecemos servicios de OEM y ODM, y desarrollamos soluciones profesionales personalizadas de contenedores de alimentos de acuerdo con sus necesidades especiales. P\u00f3ngase en contacto con nosotros.<\/p>\n<h3>Caracter\u00edsticas y ventajas del contenedor personalizable para alimentos<\/h3>\n<p>Material de acero inoxidable seguro para uso alimentario: sano e inofensivo, seguro de usar.<\/p>\n<p>Disponible en diversas formas, como cuadrada y rectangular, con combinaciones razonables para satisfacer sus distintas necesidades de almacenamiento.<\/p>\n<p>Los contenedores de alimentos a medida tienen una larga vida \u00fatil y no se deforman f\u00e1cilmente aunque se abran y cierren con frecuencia.<\/p>\n<p>El proceso electrol\u00edtico dentro de la caja es suave y redondo, f\u00e1cil de limpiar, y no hay olor residual al almacenar alimentos;<\/p>\n<p>Los recipientes a medida para alimentos disponen de un anillo de silicona de sellado ensanchado, de ajuste herm\u00e9tico, a prueba de fugas en todo el contorno, a prueba de humedad y frescura, a prueba de fugas;<\/p>\n<p>La tapa engrosada de la caja no se deforma f\u00e1cilmente;<\/p>\n<p>Hay cuadrados y rect\u00e1ngulos para elegir.<br \/><strong><br \/><a href=\"https:\/\/moyahousehold.com\/es\/solucion-personalizada\/\">Envases alimentarios personalizados OEM&amp;ODM<\/a>\u00a0<\/strong><\/p>","protected":false},"featured_media":6031,"comment_status":"open","ping_status":"closed","template":"","meta":[],"product_cat":[57],"product_tag":[95,106,99],"class_list":{"0":"post-6091","1":"product","2":"type-product","3":"status-publish","4":"has-post-thumbnail","6":"product_cat-food-storage-container-wholesale","7":"product_tag-wholesale-food-storage-containers-with-date-dial","8":"product_tag-microwavable-food-storage-containers","9":"product_tag-wholesale-rectangle-food-storage-containers","11":"first","12":"instock","13":"shipping-taxable","14":"product-type-simple"},"_links":{"self":[{"href":"https:\/\/moyahousehold.com\/es\/wp-json\/wp\/v2\/product\/6091","targetHints":{"allow":["GET"]}}],"collection":[{"href":"https:\/\/moyahousehold.com\/es\/wp-json\/wp\/v2\/product"}],"about":[{"href":"https:\/\/moyahousehold.com\/es\/wp-json\/wp\/v2\/types\/product"}],"replies":[{"embeddable":true,"href":"https:\/\/moyahousehold.com\/es\/wp-json\/wp\/v2\/comments?post=6091"}],"version-history":[{"count":0,"href":"https:\/\/moyahousehold.com\/es\/wp-json\/wp\/v2\/product\/6091\/revisions"}],"wp:featuredmedia":[{"embeddable":true,"href":"https:\/\/moyahousehold.com\/es\/wp-json\/wp\/v2\/media\/6031"}],"wp:attachment":[{"href":"https:\/\/moyahousehold.com\/es\/wp-json\/wp\/v2\/media?parent=6091"}],"wp:term":[{"taxonomy":"product_cat","embeddable":true,"href":"https:\/\/moyahousehold.com\/es\/wp-json\/wp\/v2\/product_cat?post=6091"},{"taxonomy":"product_tag","embeddable":true,"href":"https:\/\/moyahousehold.com\/es\/wp-json\/wp\/v2\/product_tag?post=6091"}],"curies":[{"name":"wp","href":"https:\/\/api.w.org\/{rel}","templated":true}]}}