{"id":6101,"date":"2024-06-26T03:26:43","date_gmt":"2024-06-26T03:26:43","guid":{"rendered":"https:\/\/moyahousehold.com\/?post_type=product&#038;p=6101"},"modified":"2025-03-05T10:22:12","modified_gmt":"2025-03-05T10:22:12","slug":"bulk-colorful-food-container-stainless-steel-and-large-capacity","status":"publish","type":"product","link":"https:\/\/moyahousehold.com\/es\/producto\/bulk-colorful-food-container-stainless-steel-and-large-capacity\/","title":{"rendered":"Contenedor de comida a granel de colores con tapa transparente de acero inoxidable y m\u00faltiples especificaciones"},"content":{"rendered":"<div class=\"wp-block-columns is-layout-flex wp-container-core-columns-is-layout-9d6595d7 wp-block-columns-is-layout-flex\">\n<div class=\"wp-block-column is-layout-flow wp-block-column-is-layout-flow\">\n<h3 class=\"wp-block-heading\">Especificaciones del contenedor de acero para alimentos a granel<\/h3>\n\n\n\n<figure class=\"wp-block-table\"><table><tbody><tr><td>Art\u00edculo NO<\/td><td>Capacidad<\/td><td>Talla\/PCS<\/td><td>PCS\/Caja<\/td><td>N.W.\/PCS<\/td><td>G.W.\/Caso<\/td><\/tr><tr><td>MYJD212<\/td><td>420ML<\/td><td>13.3*11.2*6.2<\/td><td>80<\/td><td>15.6<\/td><td>0.17<\/td><\/tr><tr><td>MYJD213<\/td><td>660ML<\/td><td>13.3*11.2*8.7<\/td><td>80<\/td><td>17.2<\/td><td>0.19<\/td><\/tr><tr><td>MYJD214<\/td><td>900ML<\/td><td>13.3*11.2*11.3<\/td><td>80<\/td><td>19.6<\/td><td>0.22<\/td><\/tr><tr><td>MYJD185<\/td><td>1700 ml<\/td><td>24.4*16*8<\/td><td>48<\/td><td>21.2<\/td><td>0.4<\/td><\/tr><tr><td>MYJD186<\/td><td>2200 ml<\/td><td>24.4*16*10<\/td><td>36<\/td><td>17.12<\/td><td>0.42<\/td><\/tr><tr><td>MYJD187<\/td><td>2700 ml<\/td><td>24.4*16*12<\/td><td>24<\/td><td>16.88<\/td><td>0.62<\/td><\/tr><tr><td>MYJD188<\/td><td>2400 ml<\/td><td>35*20*6<\/td><td>36<\/td><td>17.48<\/td><td>0.43<\/td><\/tr><tr><td>MYJD189<\/td><td>3800 ml<\/td><td>35*20*9.5<\/td><td>24<\/td><td>19.04<\/td><td>0.71<\/td><\/tr><tr><td>MYJD190<\/td><td>6200 ml<\/td><td>35*20*14<\/td><td>16<\/td><td>15.6<\/td><td>0.85<\/td><\/tr><tr><td>MYJD163<\/td><td>1700 ml<\/td><td>20*20*7.6<\/td><td>48<\/td><td>20.24<\/td><td>0.38<\/td><\/tr><tr><td>MYJD164<\/td><td>2200 ml<\/td><td>20*20*10<\/td><td>36<\/td><td>17.12<\/td><td>0.42<\/td><\/tr><tr><td>MYJD165<\/td><td>2700 ml<\/td><td>20*20*12<\/td><td>36<\/td><td>18.2<\/td><td>0.45<\/td><\/tr><tr><td>MYJD166<\/td><td>3200 ml<\/td><td>20*20*14<\/td><td>48<\/td><td>26<\/td><td>0.5<\/td><\/tr><\/tbody><\/table><\/figure>\n<\/div>\n<\/div>\n\n\n\n<h3 class=\"wp-block-heading\">Opciones de envases inoxidables a granel personalizados<\/h3>\n\n\n\n<p>Logotipo: personalice el logotipo de su marca en el producto y el envase.<br>Tapa: Tapa de vidrio, tapa de PP<br>Opciones de logotipo: logotipo impreso, logotipo grabado con l\u00e1ser, etc.<br>Patr\u00f3n: impresi\u00f3n de patrones en recipientes de almacenamiento de alimentos.<br>Tecnolog\u00eda de impresi\u00f3n: impresi\u00f3n por transferencia de agua, serigraf\u00eda, impresi\u00f3n por transferencia de calor, etc.<br>Embalaje:caja de color<br><a href=\"https:\/\/moyahousehold.com\/es\/solucion-personalizada\/\" data-type=\"page\" data-id=\"2817\"><strong>M\u00e1s personalizaci\u00f3n<\/strong><\/a><\/p>\n\n\n\n<div class=\"wp-block-columns is-layout-flex wp-container-core-columns-is-layout-9d6595d7 wp-block-columns-is-layout-flex\">\n<div class=\"wp-block-column is-layout-flow wp-block-column-is-layout-flow\">\n<figure class=\"wp-block-image size-full\"><img fetchpriority=\"high\" decoding=\"async\" width=\"4160\" height=\"4160\" src=\"https:\/\/moyahousehold.com\/wp-content\/uploads\/2024\/06\/bulk-food-container-16.webp\" alt=\"contenedor de alimentos a granel\" class=\"wp-image-6209\" srcset=\"https:\/\/moyahousehold.com\/wp-content\/uploads\/2024\/06\/bulk-food-container-16.webp 4160w, https:\/\/moyahousehold.com\/wp-content\/uploads\/2024\/06\/bulk-food-container-16-300x300.webp 300w, https:\/\/moyahousehold.com\/wp-content\/uploads\/2024\/06\/bulk-food-container-16-150x150.webp 150w, https:\/\/moyahousehold.com\/wp-content\/uploads\/2024\/06\/bulk-food-container-16-768x768.webp 768w, https:\/\/moyahousehold.com\/wp-content\/uploads\/2024\/06\/bulk-food-container-16-285x285.webp 285w, https:\/\/moyahousehold.com\/wp-content\/uploads\/2024\/06\/bulk-food-container-16-1600x1600.webp 1600w, https:\/\/moyahousehold.com\/wp-content\/uploads\/2024\/06\/bulk-food-container-16-270x270.webp 270w, https:\/\/moyahousehold.com\/wp-content\/uploads\/2024\/06\/bulk-food-container-16-540x540.webp 540w, https:\/\/moyahousehold.com\/wp-content\/uploads\/2024\/06\/bulk-food-container-16-660x660.webp 660w\" sizes=\"(max-width: 4160px) 100vw, 4160px\" \/><\/figure>\n<\/div>\n\n\n\n<div class=\"wp-block-column is-layout-flow wp-block-column-is-layout-flow\">\n<figure class=\"wp-block-image size-full\"><img decoding=\"async\" width=\"4160\" height=\"4160\" src=\"https:\/\/moyahousehold.com\/wp-content\/uploads\/2024\/06\/bulk-food-container-18.webp\" alt=\"contenedor de alimentos a granel\" class=\"wp-image-6210\" srcset=\"https:\/\/moyahousehold.com\/wp-content\/uploads\/2024\/06\/bulk-food-container-18.webp 4160w, https:\/\/moyahousehold.com\/wp-content\/uploads\/2024\/06\/bulk-food-container-18-300x300.webp 300w, https:\/\/moyahousehold.com\/wp-content\/uploads\/2024\/06\/bulk-food-container-18-150x150.webp 150w, https:\/\/moyahousehold.com\/wp-content\/uploads\/2024\/06\/bulk-food-container-18-768x768.webp 768w, https:\/\/moyahousehold.com\/wp-content\/uploads\/2024\/06\/bulk-food-container-18-285x285.webp 285w, https:\/\/moyahousehold.com\/wp-content\/uploads\/2024\/06\/bulk-food-container-18-1600x1600.webp 1600w, https:\/\/moyahousehold.com\/wp-content\/uploads\/2024\/06\/bulk-food-container-18-270x270.webp 270w, https:\/\/moyahousehold.com\/wp-content\/uploads\/2024\/06\/bulk-food-container-18-540x540.webp 540w, https:\/\/moyahousehold.com\/wp-content\/uploads\/2024\/06\/bulk-food-container-18-660x660.webp 660w\" sizes=\"(max-width: 4160px) 100vw, 4160px\" \/><\/figure>\n<\/div>\n<\/div>\n\n\n\n<div class=\"wp-block-columns is-layout-flex wp-container-core-columns-is-layout-9d6595d7 wp-block-columns-is-layout-flex\">\n<div class=\"wp-block-column is-layout-flow wp-block-column-is-layout-flow\">\n<figure class=\"wp-block-image size-full\"><img decoding=\"async\" width=\"4160\" height=\"4160\" src=\"https:\/\/moyahousehold.com\/wp-content\/uploads\/2024\/06\/bulk-food-container-15.webp\" alt=\"contenedor de alimentos a granel\" class=\"wp-image-6208\" srcset=\"https:\/\/moyahousehold.com\/wp-content\/uploads\/2024\/06\/bulk-food-container-15.webp 4160w, https:\/\/moyahousehold.com\/wp-content\/uploads\/2024\/06\/bulk-food-container-15-300x300.webp 300w, https:\/\/moyahousehold.com\/wp-content\/uploads\/2024\/06\/bulk-food-container-15-150x150.webp 150w, https:\/\/moyahousehold.com\/wp-content\/uploads\/2024\/06\/bulk-food-container-15-768x768.webp 768w, https:\/\/moyahousehold.com\/wp-content\/uploads\/2024\/06\/bulk-food-container-15-285x285.webp 285w, https:\/\/moyahousehold.com\/wp-content\/uploads\/2024\/06\/bulk-food-container-15-1600x1600.webp 1600w, https:\/\/moyahousehold.com\/wp-content\/uploads\/2024\/06\/bulk-food-container-15-270x270.webp 270w, https:\/\/moyahousehold.com\/wp-content\/uploads\/2024\/06\/bulk-food-container-15-540x540.webp 540w, https:\/\/moyahousehold.com\/wp-content\/uploads\/2024\/06\/bulk-food-container-15-660x660.webp 660w\" sizes=\"(max-width: 4160px) 100vw, 4160px\" \/><\/figure>\n<\/div>\n\n\n\n<div class=\"wp-block-column is-layout-flow wp-block-column-is-layout-flow\">\n<figure class=\"wp-block-image size-full\"><img loading=\"lazy\" decoding=\"async\" width=\"4160\" height=\"4160\" src=\"https:\/\/moyahousehold.com\/wp-content\/uploads\/2024\/06\/bulk-food-container-19.webp\" alt=\"\" class=\"wp-image-6211\" srcset=\"https:\/\/moyahousehold.com\/wp-content\/uploads\/2024\/06\/bulk-food-container-19.webp 4160w, https:\/\/moyahousehold.com\/wp-content\/uploads\/2024\/06\/bulk-food-container-19-300x300.webp 300w, https:\/\/moyahousehold.com\/wp-content\/uploads\/2024\/06\/bulk-food-container-19-150x150.webp 150w, https:\/\/moyahousehold.com\/wp-content\/uploads\/2024\/06\/bulk-food-container-19-768x768.webp 768w, https:\/\/moyahousehold.com\/wp-content\/uploads\/2024\/06\/bulk-food-container-19-285x285.webp 285w, https:\/\/moyahousehold.com\/wp-content\/uploads\/2024\/06\/bulk-food-container-19-1600x1600.webp 1600w, https:\/\/moyahousehold.com\/wp-content\/uploads\/2024\/06\/bulk-food-container-19-270x270.webp 270w, https:\/\/moyahousehold.com\/wp-content\/uploads\/2024\/06\/bulk-food-container-19-540x540.webp 540w, https:\/\/moyahousehold.com\/wp-content\/uploads\/2024\/06\/bulk-food-container-19-660x660.webp 660w\" sizes=\"(max-width: 4160px) 100vw, 4160px\" \/><\/figure>\n<\/div>\n<\/div>","protected":false},"excerpt":{"rendered":"<p>Moya es un proveedor profesional de contenedores de alimentos al por mayor. Nuestros productos incluyen contenedores de almacenamiento de alimentos de varios tipos y especificaciones. Nuestros productos incluyen contenedores de almacenamiento de alimentos de varios tipos y especificaciones. Ya sea para el hogar, restaurante o uso comercial, podemos ofrecerle la soluci\u00f3n de almacenamiento adecuado.<\/p>\n<h3>Caracter\u00edsticas y ventajas de los contenedores de alimentos a granel<\/h3>\n<p>Los contenedores de alimentos a granel de diferentes formas permiten aprovechar mejor el espacio de almacenamiento y son f\u00e1ciles de apilar y organizar.<\/p>\n<p>Los contenedores de alimentos a granel est\u00e1n fabricados con material de acero inoxidable 304;<\/p>\n<p>Los recipientes para alimentos se han mejorado y espesado, son resistentes a las altas temperaturas y a la corrosi\u00f3n; f\u00e1ciles de limpiar y m\u00e1s duraderos;<\/p>\n<p>El proceso electrol\u00edtico dentro de la caja es suave y redondo, f\u00e1cil de limpiar, y no hay olor residual al almacenar alimentos;<\/p>\n<p>Los contenedores de alimentos a granel tienen un dise\u00f1o ensanchado para proporcionar un mejor sellado y evitar eficazmente las fugas de l\u00edquidos.<\/p>\n<p>La tapa engrosada de la caja no se deforma f\u00e1cilmente;<\/p>\n<p>Hay cuadrados y rect\u00e1ngulos para elegir.<br \/><strong><br \/><a href=\"https:\/\/moyahousehold.com\/es\/solucion-personalizada\/\">Se aceptan soluciones de envases alimentarios personalizados OEM&amp;ODM.<\/a><\/strong><\/p>","protected":false},"featured_media":6189,"comment_status":"open","ping_status":"closed","template":"","meta":[],"product_cat":[57],"product_tag":[107,99,100],"class_list":{"0":"post-6101","1":"product","2":"type-product","3":"status-publish","4":"has-post-thumbnail","6":"product_cat-food-storage-container-wholesale","7":"product_tag-large-stainless-steel-food-storage-containers","8":"product_tag-wholesale-rectangle-food-storage-containers","9":"product_tag-wholesale-square-food-storage-containers","11":"first","12":"instock","13":"shipping-taxable","14":"product-type-simple"},"_links":{"self":[{"href":"https:\/\/moyahousehold.com\/es\/wp-json\/wp\/v2\/product\/6101","targetHints":{"allow":["GET"]}}],"collection":[{"href":"https:\/\/moyahousehold.com\/es\/wp-json\/wp\/v2\/product"}],"about":[{"href":"https:\/\/moyahousehold.com\/es\/wp-json\/wp\/v2\/types\/product"}],"replies":[{"embeddable":true,"href":"https:\/\/moyahousehold.com\/es\/wp-json\/wp\/v2\/comments?post=6101"}],"version-history":[{"count":0,"href":"https:\/\/moyahousehold.com\/es\/wp-json\/wp\/v2\/product\/6101\/revisions"}],"wp:featuredmedia":[{"embeddable":true,"href":"https:\/\/moyahousehold.com\/es\/wp-json\/wp\/v2\/media\/6189"}],"wp:attachment":[{"href":"https:\/\/moyahousehold.com\/es\/wp-json\/wp\/v2\/media?parent=6101"}],"wp:term":[{"taxonomy":"product_cat","embeddable":true,"href":"https:\/\/moyahousehold.com\/es\/wp-json\/wp\/v2\/product_cat?post=6101"},{"taxonomy":"product_tag","embeddable":true,"href":"https:\/\/moyahousehold.com\/es\/wp-json\/wp\/v2\/product_tag?post=6101"}],"curies":[{"name":"wp","href":"https:\/\/api.w.org\/{rel}","templated":true}]}}