{"id":6103,"date":"2024-06-26T06:30:06","date_gmt":"2024-06-26T06:30:06","guid":{"rendered":"https:\/\/moyahousehold.com\/?post_type=product&#038;p=6103"},"modified":"2025-02-05T10:02:23","modified_gmt":"2025-02-05T10:02:23","slug":"wholesale-large-capacity-steel-food-storage-container","status":"publish","type":"product","link":"https:\/\/moyahousehold.com\/es\/producto\/wholesale-large-capacity-steel-food-storage-container\/","title":{"rendered":"Mayorista Recipientes de Acero para Conservar Alimentos con Hebillas de Gran Capacidad y Colorido"},"content":{"rendered":"<div class=\"wp-block-columns is-layout-flex wp-container-core-columns-is-layout-9d6595d7 wp-block-columns-is-layout-flex\">\n<div class=\"wp-block-column is-layout-flow wp-block-column-is-layout-flow\">\n<h3 class=\"wp-block-heading\">Par\u00e1metros del contenedor de acero inoxidable para alimentos<\/h3>\n<\/div>\n<\/div>\n\n\n\n<figure class=\"wp-block-table\"><table><tbody><tr><td colspan=\"6\">Crisper de acero sin asa<\/td><\/tr><tr><td>Art\u00edculo NO<\/td><td>Capacidad<\/td><td>Talla\/PCS<\/td><td>PCS\/Caja<\/td><td>N.W.\/PCS<\/td><td>G.W.\/Caso<\/td><\/tr><tr><td>MYJD203<\/td><td>420ML<\/td><td>13.3*11.2*6.2<\/td><td>80<\/td><td>15.6<\/td><td>0.17<\/td><\/tr><tr><td>MYJD204<\/td><td>660ML<\/td><td>13.3*11.2*8.7<\/td><td>80<\/td><td>17.2<\/td><td>0.19<\/td><\/tr><tr><td>MYJD205<\/td><td>900ML<\/td><td>13.3*11.2*11.3<\/td><td>80<\/td><td>19.6<\/td><td>0.22<\/td><\/tr><tr><td>MYJD179<\/td><td>1700 ml<\/td><td>24.4*16*8<\/td><td>48<\/td><td>21.2<\/td><td>0.4<\/td><\/tr><tr><td>MYJD180<\/td><td>2200 ml<\/td><td>24.4*16*10<\/td><td>36<\/td><td>17.12<\/td><td>0.42<\/td><\/tr><tr><td>MYJD181<\/td><td>2700 ml<\/td><td>24.4*16*12<\/td><td>24<\/td><td>16.88<\/td><td>0.62<\/td><\/tr><tr><td>MYJD182<\/td><td>2400 ml<\/td><td>35*20*6<\/td><td>36<\/td><td>17.48<\/td><td>0.43<\/td><\/tr><tr><td>MYJD183<\/td><td>3800 ml<\/td><td>35*20*9.5<\/td><td>24<\/td><td>19.04<\/td><td>0.71<\/td><\/tr><tr><td>MYJD184<\/td><td>6200 ml<\/td><td>35*20*14<\/td><td>16<\/td><td>15.6<\/td><td>0.85<\/td><\/tr><tr><td>MYJD167<\/td><td>1700 ml<\/td><td>20*20*7.6<\/td><td>48<\/td><td>20.24<\/td><td>0.38<\/td><\/tr><tr><td>MYJD168<\/td><td>2200 ml<\/td><td>20*20*10<\/td><td>36<\/td><td>17.12<\/td><td>0.42<\/td><\/tr><tr><td>MYJD169<\/td><td>2700 ml<\/td><td>20*20*12<\/td><td>36<\/td><td>18.2<\/td><td>0.45<\/td><\/tr><tr><td>MYJD170<\/td><td>3200 ml<\/td><td>20*20*14<\/td><td>48<\/td><td>26<\/td><td>0.5<\/td><\/tr><\/tbody><\/table><\/figure>\n\n\n\n<h3 class=\"wp-block-heading\">Recipiente de acero inoxidable para alimentos<\/h3>\n\n\n\n<p>Logotipo: personalice el logotipo de su marca en el producto y el envase.<br>Tapa: Tapa de vidrio, tapa de PP<br>Opciones de logotipo: logotipo impreso, logotipo grabado con l\u00e1ser, etc.<br>Patr\u00f3n: impresi\u00f3n de patrones en recipientes de almacenamiento de alimentos.<br>Tecnolog\u00eda de impresi\u00f3n: impresi\u00f3n por transferencia de agua, serigraf\u00eda, impresi\u00f3n por transferencia de calor, etc.<br>Embalaje:caja de color<br><a href=\"https:\/\/moyahousehold.com\/es\/solucion-personalizada\/\" data-type=\"page\" data-id=\"2817\"><strong>M\u00e1s personalizaci\u00f3n<\/strong><\/a><\/p>\n\n\n\n<div class=\"wp-block-columns is-layout-flex wp-container-core-columns-is-layout-9d6595d7 wp-block-columns-is-layout-flex\">\n<div class=\"wp-block-column is-layout-flow wp-block-column-is-layout-flow\">\n<figure class=\"wp-block-image size-full\"><img fetchpriority=\"high\" decoding=\"async\" width=\"4160\" height=\"4160\" src=\"https:\/\/moyahousehold.com\/wp-content\/uploads\/2024\/06\/wholesale-large-capacity-food-storage-container-5.webp\" alt=\"mayorista recipiente de gran capacidad para alimentos\" class=\"wp-image-6138\" srcset=\"https:\/\/moyahousehold.com\/wp-content\/uploads\/2024\/06\/wholesale-large-capacity-food-storage-container-5.webp 4160w, https:\/\/moyahousehold.com\/wp-content\/uploads\/2024\/06\/wholesale-large-capacity-food-storage-container-5-300x300.webp 300w, https:\/\/moyahousehold.com\/wp-content\/uploads\/2024\/06\/wholesale-large-capacity-food-storage-container-5-150x150.webp 150w, https:\/\/moyahousehold.com\/wp-content\/uploads\/2024\/06\/wholesale-large-capacity-food-storage-container-5-768x768.webp 768w, https:\/\/moyahousehold.com\/wp-content\/uploads\/2024\/06\/wholesale-large-capacity-food-storage-container-5-285x285.webp 285w, https:\/\/moyahousehold.com\/wp-content\/uploads\/2024\/06\/wholesale-large-capacity-food-storage-container-5-1600x1600.webp 1600w, https:\/\/moyahousehold.com\/wp-content\/uploads\/2024\/06\/wholesale-large-capacity-food-storage-container-5-270x270.webp 270w, https:\/\/moyahousehold.com\/wp-content\/uploads\/2024\/06\/wholesale-large-capacity-food-storage-container-5-540x540.webp 540w, https:\/\/moyahousehold.com\/wp-content\/uploads\/2024\/06\/wholesale-large-capacity-food-storage-container-5-660x660.webp 660w\" sizes=\"(max-width: 4160px) 100vw, 4160px\" \/><\/figure>\n<\/div>\n\n\n\n<div class=\"wp-block-column is-layout-flow wp-block-column-is-layout-flow\">\n<figure class=\"wp-block-image size-full\"><img decoding=\"async\" width=\"4160\" height=\"4160\" src=\"https:\/\/moyahousehold.com\/wp-content\/uploads\/2024\/06\/wholesale-large-capacity-food-storage-container-4.webp\" alt=\"mayorista recipiente de gran capacidad para alimentos\" class=\"wp-image-6137\" srcset=\"https:\/\/moyahousehold.com\/wp-content\/uploads\/2024\/06\/wholesale-large-capacity-food-storage-container-4.webp 4160w, https:\/\/moyahousehold.com\/wp-content\/uploads\/2024\/06\/wholesale-large-capacity-food-storage-container-4-300x300.webp 300w, https:\/\/moyahousehold.com\/wp-content\/uploads\/2024\/06\/wholesale-large-capacity-food-storage-container-4-150x150.webp 150w, https:\/\/moyahousehold.com\/wp-content\/uploads\/2024\/06\/wholesale-large-capacity-food-storage-container-4-768x768.webp 768w, https:\/\/moyahousehold.com\/wp-content\/uploads\/2024\/06\/wholesale-large-capacity-food-storage-container-4-285x285.webp 285w, https:\/\/moyahousehold.com\/wp-content\/uploads\/2024\/06\/wholesale-large-capacity-food-storage-container-4-1600x1600.webp 1600w, https:\/\/moyahousehold.com\/wp-content\/uploads\/2024\/06\/wholesale-large-capacity-food-storage-container-4-270x270.webp 270w, https:\/\/moyahousehold.com\/wp-content\/uploads\/2024\/06\/wholesale-large-capacity-food-storage-container-4-540x540.webp 540w, https:\/\/moyahousehold.com\/wp-content\/uploads\/2024\/06\/wholesale-large-capacity-food-storage-container-4-660x660.webp 660w\" sizes=\"(max-width: 4160px) 100vw, 4160px\" \/><\/figure>\n<\/div>\n<\/div>\n\n\n\n<div class=\"wp-block-columns is-layout-flex wp-container-core-columns-is-layout-9d6595d7 wp-block-columns-is-layout-flex\">\n<div class=\"wp-block-column is-layout-flow wp-block-column-is-layout-flow\">\n<figure class=\"wp-block-image size-full\"><img decoding=\"async\" width=\"4160\" height=\"4160\" src=\"https:\/\/moyahousehold.com\/wp-content\/uploads\/2024\/06\/wholesale-large-capacity-food-storage-container-3.webp\" alt=\"mayorista recipiente de gran capacidad para alimentos\" class=\"wp-image-6136\" srcset=\"https:\/\/moyahousehold.com\/wp-content\/uploads\/2024\/06\/wholesale-large-capacity-food-storage-container-3.webp 4160w, https:\/\/moyahousehold.com\/wp-content\/uploads\/2024\/06\/wholesale-large-capacity-food-storage-container-3-300x300.webp 300w, https:\/\/moyahousehold.com\/wp-content\/uploads\/2024\/06\/wholesale-large-capacity-food-storage-container-3-150x150.webp 150w, https:\/\/moyahousehold.com\/wp-content\/uploads\/2024\/06\/wholesale-large-capacity-food-storage-container-3-768x768.webp 768w, https:\/\/moyahousehold.com\/wp-content\/uploads\/2024\/06\/wholesale-large-capacity-food-storage-container-3-285x285.webp 285w, https:\/\/moyahousehold.com\/wp-content\/uploads\/2024\/06\/wholesale-large-capacity-food-storage-container-3-1600x1600.webp 1600w, https:\/\/moyahousehold.com\/wp-content\/uploads\/2024\/06\/wholesale-large-capacity-food-storage-container-3-270x270.webp 270w, https:\/\/moyahousehold.com\/wp-content\/uploads\/2024\/06\/wholesale-large-capacity-food-storage-container-3-540x540.webp 540w, https:\/\/moyahousehold.com\/wp-content\/uploads\/2024\/06\/wholesale-large-capacity-food-storage-container-3-660x660.webp 660w\" sizes=\"(max-width: 4160px) 100vw, 4160px\" \/><\/figure>\n<\/div>\n\n\n\n<div class=\"wp-block-column is-layout-flow wp-block-column-is-layout-flow\">\n<figure class=\"wp-block-image size-full\"><img loading=\"lazy\" decoding=\"async\" width=\"4160\" height=\"4160\" src=\"https:\/\/moyahousehold.com\/wp-content\/uploads\/2024\/06\/wholesale-large-capacity-food-storage-container-6.webp\" alt=\"mayorista recipiente de gran capacidad para alimentos\" class=\"wp-image-6139\" srcset=\"https:\/\/moyahousehold.com\/wp-content\/uploads\/2024\/06\/wholesale-large-capacity-food-storage-container-6.webp 4160w, https:\/\/moyahousehold.com\/wp-content\/uploads\/2024\/06\/wholesale-large-capacity-food-storage-container-6-300x300.webp 300w, https:\/\/moyahousehold.com\/wp-content\/uploads\/2024\/06\/wholesale-large-capacity-food-storage-container-6-150x150.webp 150w, https:\/\/moyahousehold.com\/wp-content\/uploads\/2024\/06\/wholesale-large-capacity-food-storage-container-6-768x768.webp 768w, https:\/\/moyahousehold.com\/wp-content\/uploads\/2024\/06\/wholesale-large-capacity-food-storage-container-6-285x285.webp 285w, https:\/\/moyahousehold.com\/wp-content\/uploads\/2024\/06\/wholesale-large-capacity-food-storage-container-6-1600x1600.webp 1600w, https:\/\/moyahousehold.com\/wp-content\/uploads\/2024\/06\/wholesale-large-capacity-food-storage-container-6-270x270.webp 270w, https:\/\/moyahousehold.com\/wp-content\/uploads\/2024\/06\/wholesale-large-capacity-food-storage-container-6-540x540.webp 540w, https:\/\/moyahousehold.com\/wp-content\/uploads\/2024\/06\/wholesale-large-capacity-food-storage-container-6-660x660.webp 660w\" sizes=\"(max-width: 4160px) 100vw, 4160px\" \/><\/figure>\n<\/div>\n<\/div>\n\n\n\n<p><\/p>","protected":false},"excerpt":{"rendered":"<p>Moya es un fabricante de recipientes de acero inoxidable para el almacenamiento de alimentos que ofrece al por mayor recipientes de acero de gran capacidad para el almacenamiento de alimentos, con una gran variedad de especificaciones, capacidades y dise\u00f1os entre los que elegir. Estos recipientes para alimentos est\u00e1n fabricados en acero inoxidable de alta calidad con m\u00f3dulos de registro de tiempo que le recuerdan la fecha de almacenamiento. P\u00f3ngase en contacto con nosotros para solicitar un presupuesto.<\/p>\n<h3>Caracter\u00edsticas y ventajas de los recipientes de almacenamiento de alimentos al por mayor<\/h3>\n<p>El contenedor de almacenamiento de alimentos puede ser una caja bento de estilo japon\u00e9s INS, exquisito con arroz para viajar, disfrutar del tiempo libre;<\/p>\n<p>Los recipientes de almacenamiento de alimentos son de acero inoxidable 304;<\/p>\n<p>Los recipientes de almacenamiento de alimentos al por mayor son mejorados y engrosados, resistentes a las altas temperaturas y a la corrosi\u00f3n; F\u00e1ciles de limpiar y m\u00e1s duraderos;<\/p>\n<p>La superficie interior del recipiente es lisa despu\u00e9s de la electr\u00f3lisis, f\u00e1cil de limpiar, y no hay olor residual al almacenar alimentos;<\/p>\n<p>Anillo de silicona de sellado ensanchado, herm\u00e9ticamente ajustado, a prueba de fugas en todos los sentidos, El recipiente de acero para almacenar alimentos es fresco y a prueba de humedad, a prueba de fugas;<\/p>\n<p>La tapa engrosada de la caja no se deforma f\u00e1cilmente;<\/p>\n<p>Los recipientes de acero inoxidable para almacenar alimentos al por mayor tienen cinco colores para elegir.<br \/><strong><br \/><a href=\"https:\/\/moyahousehold.com\/es\/solucion-personalizada\/\">OEM y ODM recipientes de almacenamiento de alimentos personalizados Bienvenido<\/a><\/strong><\/p>","protected":false},"featured_media":6134,"comment_status":"open","ping_status":"closed","template":"","meta":[],"product_cat":[57],"product_tag":[95,99],"class_list":{"0":"post-6103","1":"product","2":"type-product","3":"status-publish","4":"has-post-thumbnail","6":"product_cat-food-storage-container-wholesale","7":"product_tag-wholesale-food-storage-containers-with-date-dial","8":"product_tag-wholesale-rectangle-food-storage-containers","10":"first","11":"instock","12":"shipping-taxable","13":"product-type-simple"},"_links":{"self":[{"href":"https:\/\/moyahousehold.com\/es\/wp-json\/wp\/v2\/product\/6103","targetHints":{"allow":["GET"]}}],"collection":[{"href":"https:\/\/moyahousehold.com\/es\/wp-json\/wp\/v2\/product"}],"about":[{"href":"https:\/\/moyahousehold.com\/es\/wp-json\/wp\/v2\/types\/product"}],"replies":[{"embeddable":true,"href":"https:\/\/moyahousehold.com\/es\/wp-json\/wp\/v2\/comments?post=6103"}],"version-history":[{"count":0,"href":"https:\/\/moyahousehold.com\/es\/wp-json\/wp\/v2\/product\/6103\/revisions"}],"wp:featuredmedia":[{"embeddable":true,"href":"https:\/\/moyahousehold.com\/es\/wp-json\/wp\/v2\/media\/6134"}],"wp:attachment":[{"href":"https:\/\/moyahousehold.com\/es\/wp-json\/wp\/v2\/media?parent=6103"}],"wp:term":[{"taxonomy":"product_cat","embeddable":true,"href":"https:\/\/moyahousehold.com\/es\/wp-json\/wp\/v2\/product_cat?post=6103"},{"taxonomy":"product_tag","embeddable":true,"href":"https:\/\/moyahousehold.com\/es\/wp-json\/wp\/v2\/product_tag?post=6103"}],"curies":[{"name":"wp","href":"https:\/\/api.w.org\/{rel}","templated":true}]}}