{"id":6236,"date":"2024-07-01T15:44:54","date_gmt":"2024-07-01T15:44:54","guid":{"rendered":"https:\/\/moyahousehold.com\/?post_type=product&#038;p=6236"},"modified":"2025-04-22T08:49:58","modified_gmt":"2025-04-22T08:49:58","slug":"bulk-insulated-stainless-steel-bento-boxes-for-wholesale","status":"publish","type":"product","link":"https:\/\/moyahousehold.com\/es\/producto\/bulk-insulated-stainless-steel-bento-boxes-for-wholesale\/","title":{"rendered":"Cajas Bento de Acero Inoxidable con Aislamiento Multicapa al por Mayor"},"content":{"rendered":"<h2 class=\"wp-block-heading\">Par\u00e1metros de la caja Bento de acero inoxidable aislante<\/h2>\n\n\n\n<p><strong>Material:<\/strong>304 + PP <strong> <\/strong><\/p>\n\n\n\n<figure class=\"wp-block-table\"><table><tbody><tr><td>Art\u00edculo NO<\/td><td>Capacidad<\/td><td>Talla\/PCS<\/td><td>PCS\/Caja<\/td><td>N.W.\/PCS<\/td><td>G.W.\/Caso<\/td><td>Siza\/Case<\/td><\/tr><tr><td>MYLY013<\/td><td>Una capa<\/td><td>14.6*14.6*16.5<\/td><td>32<\/td><td>25.92<\/td><td>0.81<\/td><td>64*64*42<\/td><\/tr><tr><td>MYLY014<\/td><td>Capas dobles<\/td><td>14.6*14.6*25<\/td><td>18<\/td><td>25.92<\/td><td>1.44<\/td><td>48*48*59<\/td><\/tr><tr><td>MYLY015<\/td><td>Capas triples<\/td><td>14.6*14.6*33<\/td><td>16<\/td><td>26.08<\/td><td>1.63<\/td><td>64*64*38<\/td><\/tr><\/tbody><\/table><\/figure>\n\n\n\n<h3 class=\"wp-block-heading\">Opciones de cajas Bento personalizadas<\/h3>\n\n\n\n<p><strong>Logotipo: <\/strong>personalice el logotipo de su marca en cajas y envases bento.<br><strong>Opciones de logotipo:<\/strong> logotipo impreso, logotipo grabado con l\u00e1ser, etc.<br><strong>Patr\u00f3n: <\/strong>patrones de impresi\u00f3n <br><strong>Tecnolog\u00eda de impresi\u00f3n: <\/strong>impresi\u00f3n por transferencia de agua, serigraf\u00eda, impresi\u00f3n por transferencia de calor, transferencia por sublimaci\u00f3n, etc.<br><strong>Embalaje:<\/strong> caja de color<br><a href=\"https:\/\/moyahousehold.com\/es\/solucion-personalizada\/\"><strong>M\u00e1s informaci\u00f3n sobre las cajas bento personalizadas<\/strong><\/a><\/p>\n\n\n\n<div class=\"wp-block-columns is-layout-flex wp-container-core-columns-is-layout-9d6595d7 wp-block-columns-is-layout-flex\">\n<div class=\"wp-block-column is-layout-flow wp-block-column-is-layout-flow\">\n<figure class=\"wp-block-image size-full\"><img fetchpriority=\"high\" decoding=\"async\" width=\"558\" height=\"558\" src=\"https:\/\/moyahousehold.com\/wp-content\/uploads\/2024\/07\/stainless-steel-bento-box-display-1.png\" alt=\"expositor de cajas bento de acero inoxidable (1)\" class=\"wp-image-8893\" srcset=\"https:\/\/moyahousehold.com\/wp-content\/uploads\/2024\/07\/stainless-steel-bento-box-display-1.png 558w, https:\/\/moyahousehold.com\/wp-content\/uploads\/2024\/07\/stainless-steel-bento-box-display-1-300x300.png 300w, https:\/\/moyahousehold.com\/wp-content\/uploads\/2024\/07\/stainless-steel-bento-box-display-1-150x150.png 150w, https:\/\/moyahousehold.com\/wp-content\/uploads\/2024\/07\/stainless-steel-bento-box-display-1-12x12.png 12w, https:\/\/moyahousehold.com\/wp-content\/uploads\/2024\/07\/stainless-steel-bento-box-display-1-285x285.png 285w, https:\/\/moyahousehold.com\/wp-content\/uploads\/2024\/07\/stainless-steel-bento-box-display-1-270x270.png 270w, https:\/\/moyahousehold.com\/wp-content\/uploads\/2024\/07\/stainless-steel-bento-box-display-1-540x540.png 540w\" sizes=\"(max-width: 558px) 100vw, 558px\" \/><\/figure>\n<\/div>\n\n\n\n<div class=\"wp-block-column is-layout-flow wp-block-column-is-layout-flow\">\n<figure class=\"wp-block-image size-full\"><img decoding=\"async\" width=\"567\" height=\"567\" src=\"https:\/\/moyahousehold.com\/wp-content\/uploads\/2024\/07\/stainless-steel-bento-box-display-2.png\" alt=\"expositor de cajas bento de acero inoxidable (2)\" class=\"wp-image-8894\" srcset=\"https:\/\/moyahousehold.com\/wp-content\/uploads\/2024\/07\/stainless-steel-bento-box-display-2.png 567w, https:\/\/moyahousehold.com\/wp-content\/uploads\/2024\/07\/stainless-steel-bento-box-display-2-300x300.png 300w, https:\/\/moyahousehold.com\/wp-content\/uploads\/2024\/07\/stainless-steel-bento-box-display-2-150x150.png 150w, https:\/\/moyahousehold.com\/wp-content\/uploads\/2024\/07\/stainless-steel-bento-box-display-2-12x12.png 12w, https:\/\/moyahousehold.com\/wp-content\/uploads\/2024\/07\/stainless-steel-bento-box-display-2-285x285.png 285w, https:\/\/moyahousehold.com\/wp-content\/uploads\/2024\/07\/stainless-steel-bento-box-display-2-270x270.png 270w, https:\/\/moyahousehold.com\/wp-content\/uploads\/2024\/07\/stainless-steel-bento-box-display-2-540x540.png 540w\" sizes=\"(max-width: 567px) 100vw, 567px\" \/><\/figure>\n<\/div>\n<\/div>\n\n\n\n<div class=\"wp-block-columns is-layout-flex wp-container-core-columns-is-layout-9d6595d7 wp-block-columns-is-layout-flex\">\n<div class=\"wp-block-column is-layout-flow wp-block-column-is-layout-flow\">\n<figure class=\"wp-block-image size-full\"><img decoding=\"async\" width=\"554\" height=\"554\" src=\"https:\/\/moyahousehold.com\/wp-content\/uploads\/2024\/07\/stainless-steel-bento-box-display-3.png\" alt=\"expositor de cajas bento de acero inoxidable (3)\" class=\"wp-image-8895\" srcset=\"https:\/\/moyahousehold.com\/wp-content\/uploads\/2024\/07\/stainless-steel-bento-box-display-3.png 554w, https:\/\/moyahousehold.com\/wp-content\/uploads\/2024\/07\/stainless-steel-bento-box-display-3-300x300.png 300w, https:\/\/moyahousehold.com\/wp-content\/uploads\/2024\/07\/stainless-steel-bento-box-display-3-150x150.png 150w, https:\/\/moyahousehold.com\/wp-content\/uploads\/2024\/07\/stainless-steel-bento-box-display-3-12x12.png 12w, https:\/\/moyahousehold.com\/wp-content\/uploads\/2024\/07\/stainless-steel-bento-box-display-3-285x285.png 285w, https:\/\/moyahousehold.com\/wp-content\/uploads\/2024\/07\/stainless-steel-bento-box-display-3-270x270.png 270w, https:\/\/moyahousehold.com\/wp-content\/uploads\/2024\/07\/stainless-steel-bento-box-display-3-540x540.png 540w\" sizes=\"(max-width: 554px) 100vw, 554px\" \/><\/figure>\n<\/div>\n\n\n\n<div class=\"wp-block-column is-layout-flow wp-block-column-is-layout-flow\">\n<figure class=\"wp-block-image size-full\"><img loading=\"lazy\" decoding=\"async\" width=\"553\" height=\"553\" src=\"https:\/\/moyahousehold.com\/wp-content\/uploads\/2024\/07\/stainless-steel-bento-box-display-4.png\" alt=\"expositor de cajas bento de acero inoxidable (4)\" class=\"wp-image-8896\" srcset=\"https:\/\/moyahousehold.com\/wp-content\/uploads\/2024\/07\/stainless-steel-bento-box-display-4.png 553w, https:\/\/moyahousehold.com\/wp-content\/uploads\/2024\/07\/stainless-steel-bento-box-display-4-300x300.png 300w, https:\/\/moyahousehold.com\/wp-content\/uploads\/2024\/07\/stainless-steel-bento-box-display-4-150x150.png 150w, https:\/\/moyahousehold.com\/wp-content\/uploads\/2024\/07\/stainless-steel-bento-box-display-4-12x12.png 12w, https:\/\/moyahousehold.com\/wp-content\/uploads\/2024\/07\/stainless-steel-bento-box-display-4-285x285.png 285w, https:\/\/moyahousehold.com\/wp-content\/uploads\/2024\/07\/stainless-steel-bento-box-display-4-270x270.png 270w, https:\/\/moyahousehold.com\/wp-content\/uploads\/2024\/07\/stainless-steel-bento-box-display-4-540x540.png 540w\" sizes=\"(max-width: 553px) 100vw, 553px\" \/><\/figure>\n<\/div>\n<\/div>","protected":false},"excerpt":{"rendered":"<p>Proporciona cajas bento a granel con caracter\u00edsticas de aislamiento, esta caja bento est\u00e1 hecha de acero inoxidable de grado alimenticio de alta calidad para garantizar la seguridad y la salud de los alimentos. El dise\u00f1o de m\u00faltiples capas permite a los usuarios llevar m\u00e1s alimentos. Ofrecemos servicios de cajas bento personalizadas OEM y ODM, y podemos imprimir logotipos de marca y elegir dise\u00f1os exclusivos seg\u00fan sus necesidades. P\u00f3ngase en contacto con nosotros para obtener m\u00e1s informaci\u00f3n sobre cajas bento al por mayor o personalizadas.<\/p>\n<h3>Caracter\u00edsticas de la caja Bento de acero inoxidable<\/h3>\n<p><strong>Dise\u00f1o de aislamiento al vac\u00edo:<\/strong> Esta caja bento adopta un dise\u00f1o de capa de vac\u00edo para aislar eficazmente la p\u00e9rdida de calor, prolongar el tiempo de aislamiento y mantener la temperatura de los alimentos.<\/p>\n<p><strong>Dise\u00f1o en capas:<\/strong> Ofrecemos cajas bento de 1 a 3 capas, que pueden combinarse libremente seg\u00fan las necesidades para satisfacer las necesidades de almuerzo de una sola persona o de una familia.<\/p>\n<p><strong>Dise\u00f1o de mango humanizado:<\/strong> Se trata de una caja bento con asa. El dise\u00f1o del asa es espacioso y c\u00f3modo, lo que facilita su transporte.<\/p>\n<p><strong>Excelente sellado:<\/strong> Cada capa tiene un dise\u00f1o de sellado independiente para evitar fugas de l\u00edquido, adecuado para almacenar sopa y salsa.<\/p>\n<p><strong>Servicio OEM&amp;ODM:<\/strong> Ofrecemos soluciones de cajas bento personalizadas OEM&amp;ODM para satisfacer las necesidades de distintos escenarios.<\/p>","protected":false},"featured_media":8891,"comment_status":"closed","ping_status":"closed","template":"","meta":[],"product_cat":[58],"product_tag":[89,90,86,91],"class_list":{"0":"post-6236","1":"product","2":"type-product","3":"status-publish","4":"has-post-thumbnail","6":"product_cat-lunch-box-wholesale","7":"product_tag-wholesale-3-layer-lunch-box","8":"product_tag-wholesale-double-layer-lunch-box","9":"product_tag-wholesale-insulated-lunch-box","10":"product_tag-wholesale-round-lunch-box","12":"first","13":"instock","14":"shipping-taxable","15":"product-type-simple"},"_links":{"self":[{"href":"https:\/\/moyahousehold.com\/es\/wp-json\/wp\/v2\/product\/6236","targetHints":{"allow":["GET"]}}],"collection":[{"href":"https:\/\/moyahousehold.com\/es\/wp-json\/wp\/v2\/product"}],"about":[{"href":"https:\/\/moyahousehold.com\/es\/wp-json\/wp\/v2\/types\/product"}],"replies":[{"embeddable":true,"href":"https:\/\/moyahousehold.com\/es\/wp-json\/wp\/v2\/comments?post=6236"}],"version-history":[{"count":0,"href":"https:\/\/moyahousehold.com\/es\/wp-json\/wp\/v2\/product\/6236\/revisions"}],"wp:featuredmedia":[{"embeddable":true,"href":"https:\/\/moyahousehold.com\/es\/wp-json\/wp\/v2\/media\/8891"}],"wp:attachment":[{"href":"https:\/\/moyahousehold.com\/es\/wp-json\/wp\/v2\/media?parent=6236"}],"wp:term":[{"taxonomy":"product_cat","embeddable":true,"href":"https:\/\/moyahousehold.com\/es\/wp-json\/wp\/v2\/product_cat?post=6236"},{"taxonomy":"product_tag","embeddable":true,"href":"https:\/\/moyahousehold.com\/es\/wp-json\/wp\/v2\/product_tag?post=6236"}],"curies":[{"name":"wp","href":"https:\/\/api.w.org\/{rel}","templated":true}]}}