{"id":6277,"date":"2024-07-02T00:49:41","date_gmt":"2024-07-02T00:49:41","guid":{"rendered":"https:\/\/moyahousehold.com\/?post_type=product&#038;p=6277"},"modified":"2025-02-05T08:35:46","modified_gmt":"2025-02-05T08:35:46","slug":"bulk-bento-boxes-wholesale-multi-layer-for-all-your-meal-prep-needs","status":"publish","type":"product","link":"https:\/\/moyahousehold.com\/es\/producto\/bulk-bento-boxes-wholesale-multi-layer-for-all-your-meal-prep-needs\/","title":{"rendered":"Cajas Bento al por mayor, Cajas Bento multicapa a granel en venta"},"content":{"rendered":"<h2 class=\"wp-block-heading\">Par\u00e1metros de la caja Bento al por mayor<\/h2>\n\n\n\n<p><strong>material:<\/strong>304 + PP <strong> <\/strong><\/p>\n\n\n\n<figure class=\"wp-block-table\"><table><tbody><tr><td>Art\u00edculo NO<\/td><td>Capacidad<\/td><td>Talla\/PCS<\/td><td>PCS\/Caja<\/td><td>N.W.\/PCS<\/td><td>G.W.\/Caso<\/td><\/tr><tr><td>MYLY025<\/td><td>Una capa<\/td><td>14.6*14.6*13<\/td><td>32<\/td><td>22.72<\/td><td>0.71<\/td><\/tr><tr><td>MYLY026<\/td><td>Capas dobles<\/td><td>14.6*14.6*22<\/td><td>18<\/td><td>24.12<\/td><td>1.34<\/td><\/tr><tr><td>MYLY027<\/td><td>Capas triples<\/td><td>14.6*14.6*30<\/td><td>16<\/td><td>24.48<\/td><td>1.53<\/td><\/tr><\/tbody><\/table><\/figure>\n\n\n\n<h3 class=\"wp-block-heading\">Opciones de cajas Bento personalizadas<\/h3>\n\n\n\n<p><strong>Logotipo<\/strong>Personalice el logotipo de su marca en el producto y el envase.<br><strong>Opciones de logotipo<\/strong>Logotipo impreso, logotipo grabado con l\u00e1ser, etc.<br><strong>Patr\u00f3n:<\/strong> Patrones de impresi\u00f3n <br><strong>Tecnolog\u00eda de impresi\u00f3n<\/strong>Impresi\u00f3n por transferencia de agua, serigraf\u00eda, transferencia de calor, sublimaci\u00f3n, etc.<br><strong>Paquete<\/strong>:caja de color<br><a href=\"https:\/\/moyahousehold.com\/es\/solucion-personalizada\/\"><strong>M\u00e1s personalizaci\u00f3n<\/strong><\/a><\/p>\n\n\n\n<div class=\"wp-block-columns is-layout-flex wp-container-core-columns-is-layout-9d6595d7 wp-block-columns-is-layout-flex\">\n<div class=\"wp-block-column is-layout-flow wp-block-column-is-layout-flow\">\n<figure class=\"wp-block-image size-full\"><img fetchpriority=\"high\" decoding=\"async\" width=\"563\" height=\"563\" src=\"https:\/\/moyahousehold.com\/wp-content\/uploads\/2024\/07\/wholesal-bento-box-1.webp\" alt=\"caja bento al por mayor (1)\" class=\"wp-image-7973\" srcset=\"https:\/\/moyahousehold.com\/wp-content\/uploads\/2024\/07\/wholesal-bento-box-1.webp 563w, https:\/\/moyahousehold.com\/wp-content\/uploads\/2024\/07\/wholesal-bento-box-1-300x300.webp 300w, https:\/\/moyahousehold.com\/wp-content\/uploads\/2024\/07\/wholesal-bento-box-1-150x150.webp 150w, https:\/\/moyahousehold.com\/wp-content\/uploads\/2024\/07\/wholesal-bento-box-1-12x12.webp 12w, https:\/\/moyahousehold.com\/wp-content\/uploads\/2024\/07\/wholesal-bento-box-1-285x285.webp 285w, https:\/\/moyahousehold.com\/wp-content\/uploads\/2024\/07\/wholesal-bento-box-1-270x270.webp 270w, https:\/\/moyahousehold.com\/wp-content\/uploads\/2024\/07\/wholesal-bento-box-1-540x540.webp 540w\" sizes=\"(max-width: 563px) 100vw, 563px\" \/><\/figure>\n<\/div>\n\n\n\n<div class=\"wp-block-column is-layout-flow wp-block-column-is-layout-flow\">\n<figure class=\"wp-block-image size-full\"><img decoding=\"async\" width=\"547\" height=\"547\" src=\"https:\/\/moyahousehold.com\/wp-content\/uploads\/2024\/07\/wholesal-bento-box-2.webp\" alt=\"caja bento al por mayor (2)\" class=\"wp-image-7974\" srcset=\"https:\/\/moyahousehold.com\/wp-content\/uploads\/2024\/07\/wholesal-bento-box-2.webp 547w, https:\/\/moyahousehold.com\/wp-content\/uploads\/2024\/07\/wholesal-bento-box-2-300x300.webp 300w, https:\/\/moyahousehold.com\/wp-content\/uploads\/2024\/07\/wholesal-bento-box-2-150x150.webp 150w, https:\/\/moyahousehold.com\/wp-content\/uploads\/2024\/07\/wholesal-bento-box-2-12x12.webp 12w, https:\/\/moyahousehold.com\/wp-content\/uploads\/2024\/07\/wholesal-bento-box-2-285x285.webp 285w, https:\/\/moyahousehold.com\/wp-content\/uploads\/2024\/07\/wholesal-bento-box-2-270x270.webp 270w, https:\/\/moyahousehold.com\/wp-content\/uploads\/2024\/07\/wholesal-bento-box-2-540x540.webp 540w\" sizes=\"(max-width: 547px) 100vw, 547px\" \/><\/figure>\n<\/div>\n<\/div>","protected":false},"excerpt":{"rendered":"<p>Ofrecemos fiambreras al por mayor de alta calidad a precios de f\u00e1brica. Esta fiambrera al por mayor tiene un dise\u00f1o de m\u00faltiples capas, adecuado para las necesidades de preparaci\u00f3n de comidas en varias ocasiones. Est\u00e1 hecha de acero inoxidable 304 de alta calidad y tiene una excelente durabilidad. El buen dise\u00f1o hace que est\u00e9 muy bien sellada y no causar\u00e1 fugas de alimentos debido a la inclinaci\u00f3n o vibraci\u00f3n. Como fiambrera de funcionamiento sencillo, es muy pr\u00e1ctica para que los usuarios la utilicen en la vida diaria. Somos fabricantes de fiambreras de acero inoxidable en China, le invitamos a contactar con nosotros para obtener esta fiambrera multicapa a precios al por mayor.<\/p>\n<h3>Caracter\u00edsticas y ventajas de la caja Bento al por mayor<\/h3>\n<p>1. <strong>Materia de alta calidad<\/strong>l: El interior de la fiambrera est\u00e1 fabricado en acero inoxidable 304 apto para uso alimentario, que puede mantener su excelente calidad incluso despu\u00e9s de un uso prolongado, proporcionando a los usuarios una experiencia gastron\u00f3mica saludable.<\/p>\n<p>2. <strong>Tacto confortable<\/strong>: El dise\u00f1o general de la fiambrera no s\u00f3lo se centra en la apariencia, sino que tambi\u00e9n presta m\u00e1s atenci\u00f3n a la experiencia de sentir la mano del usuario. El exquisito tratamiento de la superficie y el dise\u00f1o de esquinas redondeadas hacen que la fiambrera resulte m\u00e1s c\u00f3moda de usar y aumentan el placer de comer.<\/p>\n<p>3. <strong>Dise\u00f1o multicapa<\/strong>: Esta fiambrera adopta un dise\u00f1o de combinaci\u00f3n multicapa, y cada capa puede alojar de forma independiente distintos tipos de alimentos. Esto no solo garantiza que el gusto y el sabor de los alimentos no se vean afectados entre s\u00ed, sino que tambi\u00e9n facilita a los usuarios la combinaci\u00f3n seg\u00fan sea necesario para satisfacer diversas necesidades gastron\u00f3micas.<\/p>\n<p>4. <strong>Compartimento oculto<\/strong>: La tapa superior est\u00e1 equipada con un peque\u00f1o compartimento oculto de dise\u00f1o ingenioso. Puede utilizarse para guardar condimentos, aperitivos u otros peque\u00f1os accesorios, lo que aumenta la practicidad de la fiambrera.<\/p>\n<p>5. <strong>Selecci\u00f3n multicapa<\/strong>: Los usuarios pueden elegir el n\u00famero de capas que deseen en funci\u00f3n de sus necesidades. Esta flexibilidad permite que la fiambrera desempe\u00f1e el mejor papel en diversas ocasiones.<\/p>\n<p>6. <strong>Servicio de fiambreras al por mayor<\/strong>: Ofrecemos servicios de venta al por mayor de fiambreras a granel, adecuados para las necesidades de aprovisionamiento a gran escala, como empresas de catering, escuelas y f\u00e1bricas.<\/p>\n<p>7. <strong>Muestra de apoyo<\/strong>: Para nuestro negocio de loncheras al por mayor, proporcionamos muestras gratuitas para que pueda tener una comprensi\u00f3n m\u00e1s profunda de nuestros productos antes de hacer una elecci\u00f3n.<\/p>\n<p>8. <strong>Servicio personalizado<\/strong>: Como fabricante y proveedor profesional de fiambreras de acero inoxidable, puedo ayudarle a personalizar una nueva fiambrera. Vamos a entender sus ideas y hacerlas realidad a trav\u00e9s de fuertes capacidades de OEM &amp; ODM.<\/p>\n<p><a href=\"https:\/\/moyahousehold.com\/es\/solucion-personalizada\/\" target=\"_blank\" rel=\"noopener\"><strong>M\u00e1s informaci\u00f3n sobre nuestra soluci\u00f3n de cajas bento personalizadas.<\/strong><\/a><\/p>","protected":false},"featured_media":7978,"comment_status":"closed","ping_status":"closed","template":"","meta":[],"product_cat":[58],"product_tag":[89,90,91],"class_list":{"0":"post-6277","1":"product","2":"type-product","3":"status-publish","4":"has-post-thumbnail","6":"product_cat-lunch-box-wholesale","7":"product_tag-wholesale-3-layer-lunch-box","8":"product_tag-wholesale-double-layer-lunch-box","9":"product_tag-wholesale-round-lunch-box","11":"first","12":"instock","13":"shipping-taxable","14":"product-type-simple"},"_links":{"self":[{"href":"https:\/\/moyahousehold.com\/es\/wp-json\/wp\/v2\/product\/6277","targetHints":{"allow":["GET"]}}],"collection":[{"href":"https:\/\/moyahousehold.com\/es\/wp-json\/wp\/v2\/product"}],"about":[{"href":"https:\/\/moyahousehold.com\/es\/wp-json\/wp\/v2\/types\/product"}],"replies":[{"embeddable":true,"href":"https:\/\/moyahousehold.com\/es\/wp-json\/wp\/v2\/comments?post=6277"}],"version-history":[{"count":0,"href":"https:\/\/moyahousehold.com\/es\/wp-json\/wp\/v2\/product\/6277\/revisions"}],"wp:featuredmedia":[{"embeddable":true,"href":"https:\/\/moyahousehold.com\/es\/wp-json\/wp\/v2\/media\/7978"}],"wp:attachment":[{"href":"https:\/\/moyahousehold.com\/es\/wp-json\/wp\/v2\/media?parent=6277"}],"wp:term":[{"taxonomy":"product_cat","embeddable":true,"href":"https:\/\/moyahousehold.com\/es\/wp-json\/wp\/v2\/product_cat?post=6277"},{"taxonomy":"product_tag","embeddable":true,"href":"https:\/\/moyahousehold.com\/es\/wp-json\/wp\/v2\/product_tag?post=6277"}],"curies":[{"name":"wp","href":"https:\/\/api.w.org\/{rel}","templated":true}]}}