{"id":6295,"date":"2024-07-02T01:21:44","date_gmt":"2024-07-02T01:21:44","guid":{"rendered":"https:\/\/moyahousehold.com\/?post_type=product&#038;p=6295"},"modified":"2025-02-05T08:50:23","modified_gmt":"2025-02-05T08:50:23","slug":"customized-multi-layer-bento-box-for-sale","status":"publish","type":"product","link":"https:\/\/moyahousehold.com\/es\/producto\/customized-multi-layer-bento-box-for-sale\/","title":{"rendered":"Mayorista Caja Bento Multicapa con Asa: Dise\u00f1o De Gran Capacidad Con C\u00f3modas Asas"},"content":{"rendered":"<h2 class=\"wp-block-heading\">Par\u00e1metros de la caja bento multicapa<\/h2>\n\n\n\n<p><strong>material:<\/strong>304 + PP <strong> <\/strong><\/p>\n\n\n\n<figure class=\"wp-block-table\"><table><tbody><tr><td>Art\u00edculo NO<\/td><td>Capacidad<\/td><td>Talla\/PCS<\/td><td>PCS\/Caja<\/td><td>N.W.\/PCS<\/td><td>G.W.\/Caso<\/td><\/tr><tr><td>MYJD236<\/td><td>700 ml<\/td><td>15*15*7<\/td><td>\/<\/td><td>\/<\/td><td>0.5<\/td><\/tr><tr><td>MYJD237<\/td><td>1400 ml<\/td><td>15*15*13.5<\/td><td>36<\/td><td>25.2<\/td><td>0.7<\/td><\/tr><tr><td>MYJD238<\/td><td>2100 ml<\/td><td>15*15*19.5<\/td><td>24<\/td><td>21.6<\/td><td>0.9<\/td><\/tr><tr><td>MYJD239<\/td><td>2800 ml<\/td><td>15*15*25.5<\/td><td>\/<\/td><td>\/<\/td><td>1.1<\/td><\/tr><\/tbody><\/table><\/figure>\n\n\n\n<h3 class=\"wp-block-heading\">Opciones de cajas Bento personalizadas<\/h3>\n\n\n\n<p><strong>Logotipo<\/strong>Personalice el logotipo de su marca en las cajas bento y el envase.<br><strong>Opciones de logotipo:<\/strong> logotipo impreso, logotipo grabado con l\u00e1ser, etc.<br><strong>Patr\u00f3n:<\/strong> patrones de impresi\u00f3n <br><strong>Tecnolog\u00eda de impresi\u00f3n:<\/strong> impresi\u00f3n por transferencia de agua, serigraf\u00eda, impresi\u00f3n por transferencia de calor, transferencia por sublimaci\u00f3n, etc.<br><strong>Paquete:<\/strong>caja de color<br><a href=\"https:\/\/moyahousehold.com\/es\/solucion-personalizada\/\"><strong>Descubra m\u00e1s soluciones de cajas bento personalizadas<\/strong><\/a><\/p>\n\n\n\n<div class=\"wp-block-columns is-layout-flex wp-container-core-columns-is-layout-9d6595d7 wp-block-columns-is-layout-flex\">\n<div class=\"wp-block-column is-layout-flow wp-block-column-is-layout-flow\">\n<figure class=\"wp-block-image size-full\"><img fetchpriority=\"high\" decoding=\"async\" width=\"2000\" height=\"2000\" src=\"https:\/\/moyahousehold.com\/wp-content\/uploads\/2024\/07\/customizable-bento-box-display-1.jpg\" alt=\"expositor personalizable de cajas bento (1)\" class=\"wp-image-8563\" srcset=\"https:\/\/moyahousehold.com\/wp-content\/uploads\/2024\/07\/customizable-bento-box-display-1.jpg 2000w, https:\/\/moyahousehold.com\/wp-content\/uploads\/2024\/07\/customizable-bento-box-display-1-300x300.jpg 300w, https:\/\/moyahousehold.com\/wp-content\/uploads\/2024\/07\/customizable-bento-box-display-1-150x150.jpg 150w, https:\/\/moyahousehold.com\/wp-content\/uploads\/2024\/07\/customizable-bento-box-display-1-768x768.jpg 768w, https:\/\/moyahousehold.com\/wp-content\/uploads\/2024\/07\/customizable-bento-box-display-1-12x12.jpg 12w, https:\/\/moyahousehold.com\/wp-content\/uploads\/2024\/07\/customizable-bento-box-display-1-285x285.jpg 285w, https:\/\/moyahousehold.com\/wp-content\/uploads\/2024\/07\/customizable-bento-box-display-1-1600x1600.jpg 1600w, https:\/\/moyahousehold.com\/wp-content\/uploads\/2024\/07\/customizable-bento-box-display-1-270x270.jpg 270w, https:\/\/moyahousehold.com\/wp-content\/uploads\/2024\/07\/customizable-bento-box-display-1-540x540.jpg 540w, https:\/\/moyahousehold.com\/wp-content\/uploads\/2024\/07\/customizable-bento-box-display-1-660x660.jpg 660w\" sizes=\"(max-width: 2000px) 100vw, 2000px\" \/><\/figure>\n<\/div>\n\n\n\n<div class=\"wp-block-column is-layout-flow wp-block-column-is-layout-flow\">\n<figure class=\"wp-block-image size-full\"><img decoding=\"async\" width=\"2000\" height=\"2000\" src=\"https:\/\/moyahousehold.com\/wp-content\/uploads\/2024\/07\/customizable-bento-box-display-2.jpg\" alt=\"expositor personalizable de cajas bento (2)\" class=\"wp-image-8564\" srcset=\"https:\/\/moyahousehold.com\/wp-content\/uploads\/2024\/07\/customizable-bento-box-display-2.jpg 2000w, https:\/\/moyahousehold.com\/wp-content\/uploads\/2024\/07\/customizable-bento-box-display-2-300x300.jpg 300w, https:\/\/moyahousehold.com\/wp-content\/uploads\/2024\/07\/customizable-bento-box-display-2-150x150.jpg 150w, https:\/\/moyahousehold.com\/wp-content\/uploads\/2024\/07\/customizable-bento-box-display-2-768x768.jpg 768w, https:\/\/moyahousehold.com\/wp-content\/uploads\/2024\/07\/customizable-bento-box-display-2-12x12.jpg 12w, https:\/\/moyahousehold.com\/wp-content\/uploads\/2024\/07\/customizable-bento-box-display-2-285x285.jpg 285w, https:\/\/moyahousehold.com\/wp-content\/uploads\/2024\/07\/customizable-bento-box-display-2-1600x1600.jpg 1600w, https:\/\/moyahousehold.com\/wp-content\/uploads\/2024\/07\/customizable-bento-box-display-2-270x270.jpg 270w, https:\/\/moyahousehold.com\/wp-content\/uploads\/2024\/07\/customizable-bento-box-display-2-540x540.jpg 540w, https:\/\/moyahousehold.com\/wp-content\/uploads\/2024\/07\/customizable-bento-box-display-2-660x660.jpg 660w\" sizes=\"(max-width: 2000px) 100vw, 2000px\" \/><\/figure>\n<\/div>\n<\/div>","protected":false},"excerpt":{"rendered":"<p>Caja bento personalizada al por mayor, esta caja bento se puede personalizar con 1 a 4 capas, cada capa puede almacenar varios alimentos de forma independiente, satisfaciendo con flexibilidad las necesidades de diferentes usuarios. Y est\u00e1 hecha de acero inoxidable 304 de calidad alimentaria para garantizar la seguridad y la salud. MOYA, como fabricante de cajas bento de acero inoxidable, ofrecemos servicios de cajas bento personalizadas OEM y ODM. Le invitamos a ponerse en contacto con nosotros para obtener m\u00e1s informaci\u00f3n sobre el producto.<\/p>\n<h3>Caracter\u00edsticas y ventajas de la caja bento personalizable<\/h3>\n<p><strong>Dise\u00f1o flexible en capas:<\/strong> Esta caja bento puede personalizarse con 1 a 4 capas seg\u00fan las necesidades, y cada capa puede almacenar distintos tipos de alimentos de forma independiente.<\/p>\n<p><strong>Material de acero inoxidable 304 de alta calidad:<\/strong> El revestimiento es de acero inoxidable 304 de alta calidad, que tiene una excelente resistencia a la corrosi\u00f3n y a la oxidaci\u00f3n. Adecuado para almacenar alimentos calientes o fr\u00edos, y garantizar la seguridad y la salud.<\/p>\n<p><strong>Dise\u00f1o de sellado a prueba de fugas:<\/strong> Cada capa est\u00e1 equipada con un anillo de goma incorporado para garantizar el sellado capa por capa, evitando eficazmente las fugas de l\u00edquidos, para que pueda llevarla sin preocupaciones.<\/p>\n<p><strong>Servicio de personalizaci\u00f3n a medida:<\/strong> Proporcionamos soluciones de cajas bento personalizadas OEM&amp;ODM, incluyendo una variedad de colores, formas y dise\u00f1os funcionales, para crear una caja bento de marca \u00fanica para usted.<\/p>","protected":false},"featured_media":8577,"comment_status":"closed","ping_status":"closed","template":"","meta":[],"product_cat":[58],"product_tag":[89,90],"class_list":{"0":"post-6295","1":"product","2":"type-product","3":"status-publish","4":"has-post-thumbnail","6":"product_cat-lunch-box-wholesale","7":"product_tag-wholesale-3-layer-lunch-box","8":"product_tag-wholesale-double-layer-lunch-box","10":"first","11":"instock","12":"shipping-taxable","13":"product-type-simple"},"_links":{"self":[{"href":"https:\/\/moyahousehold.com\/es\/wp-json\/wp\/v2\/product\/6295","targetHints":{"allow":["GET"]}}],"collection":[{"href":"https:\/\/moyahousehold.com\/es\/wp-json\/wp\/v2\/product"}],"about":[{"href":"https:\/\/moyahousehold.com\/es\/wp-json\/wp\/v2\/types\/product"}],"replies":[{"embeddable":true,"href":"https:\/\/moyahousehold.com\/es\/wp-json\/wp\/v2\/comments?post=6295"}],"version-history":[{"count":0,"href":"https:\/\/moyahousehold.com\/es\/wp-json\/wp\/v2\/product\/6295\/revisions"}],"wp:featuredmedia":[{"embeddable":true,"href":"https:\/\/moyahousehold.com\/es\/wp-json\/wp\/v2\/media\/8577"}],"wp:attachment":[{"href":"https:\/\/moyahousehold.com\/es\/wp-json\/wp\/v2\/media?parent=6295"}],"wp:term":[{"taxonomy":"product_cat","embeddable":true,"href":"https:\/\/moyahousehold.com\/es\/wp-json\/wp\/v2\/product_cat?post=6295"},{"taxonomy":"product_tag","embeddable":true,"href":"https:\/\/moyahousehold.com\/es\/wp-json\/wp\/v2\/product_tag?post=6295"}],"curies":[{"name":"wp","href":"https:\/\/api.w.org\/{rel}","templated":true}]}}