{"id":7228,"date":"2024-07-18T03:58:43","date_gmt":"2024-07-18T03:58:43","guid":{"rendered":"https:\/\/moyahousehold.com\/?post_type=product&#038;p=7228"},"modified":"2025-02-05T10:00:49","modified_gmt":"2025-02-05T10:00:49","slug":"bulk-food-storage-jars","status":"publish","type":"product","link":"https:\/\/moyahousehold.com\/es\/producto\/bulk-food-storage-jars\/","title":{"rendered":"Tarros de conservas,Tarros de conservas de acero inoxidable de alta calidad con tapa"},"content":{"rendered":"<div class=\"wp-block-columns is-layout-flex wp-container-core-columns-is-layout-9d6595d7 wp-block-columns-is-layout-flex\">\n<div class=\"wp-block-column is-layout-flow wp-block-column-is-layout-flow\">\n<h3 class=\"wp-block-heading\">Par\u00e1metros de los tarros de conservas con tapa<\/h3>\n\n\n\n<figure class=\"wp-block-table\"><table class=\"has-fixed-layout\"><tbody><tr><td>Art\u00edculo<\/td><td>Capacidad<\/td><td>Talla\/PCS<\/td><td>PCS\/Caja<\/td><td>N.W.\/PCS<\/td><td>G.W.\/Caso<\/td><\/tr><tr><td>MYJD239<\/td><td>450 ml<\/td><td>13*13*5.5<\/td><td>100<\/td><td>0.24<\/td><td>26<\/td><\/tr><tr><td>MYJD240<\/td><td>650 ml<\/td><td>13*13*7.5<\/td><td>80<\/td><td>0.25<\/td><td>22<\/td><\/tr><tr><td>MYJD241<\/td><td>900 ml<\/td><td>13*13*9.5<\/td><td>80<\/td><td>0.27<\/td><td>23.6<\/td><\/tr><\/tbody><\/table><\/figure>\n<\/div>\n<\/div>\n\n\n\n<h3 class=\"wp-block-heading\">Opciones de envases personalizados para alimentos<\/h3>\n\n\n\n<p><strong>Logotipo<\/strong>Personalice el logotipo de su marca en los productos y embalajes.<br><strong>Tapa<\/strong>: Tapa de vidrio, tapa de PP<br><strong>Opciones de logotipo<\/strong>Logotipo impreso, logotipo grabado con l\u00e1ser, etc.<br><strong>Patr\u00f3n<\/strong>Impresi\u00f3n de motivos en contenedores de alimentos.<br><strong>Tecnolog\u00eda de impresi\u00f3n<\/strong>Impresi\u00f3n por transferencia de agua, serigraf\u00eda, impresi\u00f3n por transferencia de calor, etc.<br><strong>Paquete:<\/strong> Caja de color.<br><a href=\"https:\/\/moyahousehold.com\/es\/solucion-personalizada\/\" data-type=\"page\" data-id=\"2817\" target=\"_blank\" rel=\"noreferrer noopener\"><strong>Descubra m\u00e1s soluciones de envases alimentarios personalizados.<\/strong><\/a><\/p>\n\n\n\n<div class=\"wp-block-columns is-layout-flex wp-container-core-columns-is-layout-9d6595d7 wp-block-columns-is-layout-flex\">\n<div class=\"wp-block-column is-layout-flow wp-block-column-is-layout-flow\">\n<figure class=\"wp-block-image size-full\"><img fetchpriority=\"high\" decoding=\"async\" width=\"1600\" height=\"1600\" src=\"https:\/\/moyahousehold.com\/wp-content\/uploads\/2024\/07\/bulk-food-storage-jars-1.webp\" alt=\"tarros para almacenar alimentos a granel (1)\" class=\"wp-image-9282\" srcset=\"https:\/\/moyahousehold.com\/wp-content\/uploads\/2024\/07\/bulk-food-storage-jars-1.webp 1600w, https:\/\/moyahousehold.com\/wp-content\/uploads\/2024\/07\/bulk-food-storage-jars-1-300x300.webp 300w, https:\/\/moyahousehold.com\/wp-content\/uploads\/2024\/07\/bulk-food-storage-jars-1-150x150.webp 150w, https:\/\/moyahousehold.com\/wp-content\/uploads\/2024\/07\/bulk-food-storage-jars-1-768x768.webp 768w, https:\/\/moyahousehold.com\/wp-content\/uploads\/2024\/07\/bulk-food-storage-jars-1-12x12.webp 12w, https:\/\/moyahousehold.com\/wp-content\/uploads\/2024\/07\/bulk-food-storage-jars-1-285x285.webp 285w, https:\/\/moyahousehold.com\/wp-content\/uploads\/2024\/07\/bulk-food-storage-jars-1-270x270.webp 270w, https:\/\/moyahousehold.com\/wp-content\/uploads\/2024\/07\/bulk-food-storage-jars-1-540x540.webp 540w, https:\/\/moyahousehold.com\/wp-content\/uploads\/2024\/07\/bulk-food-storage-jars-1-660x660.webp 660w\" sizes=\"(max-width: 1600px) 100vw, 1600px\" \/><\/figure>\n<\/div>\n\n\n\n<div class=\"wp-block-column is-layout-flow wp-block-column-is-layout-flow\">\n<figure class=\"wp-block-image size-full\"><img decoding=\"async\" width=\"1600\" height=\"1600\" src=\"https:\/\/moyahousehold.com\/wp-content\/uploads\/2024\/07\/bulk-food-storage-jars-2.webp\" alt=\"tarros para almacenar alimentos a granel (2)\" class=\"wp-image-9283\" srcset=\"https:\/\/moyahousehold.com\/wp-content\/uploads\/2024\/07\/bulk-food-storage-jars-2.webp 1600w, https:\/\/moyahousehold.com\/wp-content\/uploads\/2024\/07\/bulk-food-storage-jars-2-300x300.webp 300w, https:\/\/moyahousehold.com\/wp-content\/uploads\/2024\/07\/bulk-food-storage-jars-2-150x150.webp 150w, https:\/\/moyahousehold.com\/wp-content\/uploads\/2024\/07\/bulk-food-storage-jars-2-768x768.webp 768w, https:\/\/moyahousehold.com\/wp-content\/uploads\/2024\/07\/bulk-food-storage-jars-2-12x12.webp 12w, https:\/\/moyahousehold.com\/wp-content\/uploads\/2024\/07\/bulk-food-storage-jars-2-285x285.webp 285w, https:\/\/moyahousehold.com\/wp-content\/uploads\/2024\/07\/bulk-food-storage-jars-2-270x270.webp 270w, https:\/\/moyahousehold.com\/wp-content\/uploads\/2024\/07\/bulk-food-storage-jars-2-540x540.webp 540w, https:\/\/moyahousehold.com\/wp-content\/uploads\/2024\/07\/bulk-food-storage-jars-2-660x660.webp 660w\" sizes=\"(max-width: 1600px) 100vw, 1600px\" \/><\/figure>\n<\/div>\n<\/div>","protected":false},"excerpt":{"rendered":"<p>tarros de almacenamiento de alimentos al por mayor a granel con tapas, puede almacenar eficazmente los productos secos, especias, granos, nueces y otros alimentos, mantener los alimentos frescos y sabrosos, es una opci\u00f3n ideal para los minoristas, catering y cocinas comerciales. Este tarro de alimentos tiene un dise\u00f1o lindo y ofrecemos una variedad de opciones de capacidad, la bienvenida a los compradores B2B en contacto con nosotros.<\/p>\n<h3>Caracter\u00edsticas de los tarros de conservas con tapa<\/h3>\n<p><strong>Tapa de cristal transparente:<\/strong> El tarro de alimentos est\u00e1 equipado con una tapa transparente, para que pueda ver los alimentos del interior sin abrir la tapa. Es muy c\u00f3modo encontrar las cosas para clasificar los alimentos y ahorrar tiempo.<\/p>\n<p><strong>Salud y seguridad:<\/strong> El tarro de comida est\u00e1 hecho de acero inoxidable de calidad alimentaria y vidrio, sin BPA, muy seguro, adecuado para t\u00e9, granos de caf\u00e9 y otros alimentos. La dieta de la familia es saludable.<\/p>\n<p><strong>Buen rendimiento de sellado:<\/strong> Equipado con anillos de sellado avanzados, la tapa y el tarro son muy herm\u00e9ticos, el aire, la humedad y el polvo no pueden entrar, por lo que los alimentos pueden mantenerse frescos y durar m\u00e1s tiempo.<\/p>\n<p><strong>M\u00faltiples capacidades disponibles:<\/strong> Hay muchos tama\u00f1os diferentes de tarros entre los que elegir, los peque\u00f1os pueden utilizarse para aperitivos y los grandes para alimentos b\u00e1sicos. Ya sea para uso personal, para picnics o para grandes almacenamientos, puedes encontrar el adecuado.<\/p>\n<p><strong>Apoyo a la personalizaci\u00f3n:<\/strong> Podemos personalizar los productos seg\u00fan los requisitos del cliente, como cambiar los colores, imprimir el logotipo u optimizar las funciones. Especialmente indicado para clientes que compran en grandes cantidades, como minoristas o comerciantes de regalos.<\/p>","protected":false},"featured_media":9284,"comment_status":"closed","ping_status":"closed","template":"","meta":[],"product_cat":[57],"product_tag":[98],"class_list":{"0":"post-7228","1":"product","2":"type-product","3":"status-publish","4":"has-post-thumbnail","6":"product_cat-food-storage-container-wholesale","7":"product_tag-wholesale-round-food-storage-containers","9":"first","10":"instock","11":"shipping-taxable","12":"product-type-simple"},"_links":{"self":[{"href":"https:\/\/moyahousehold.com\/es\/wp-json\/wp\/v2\/product\/7228","targetHints":{"allow":["GET"]}}],"collection":[{"href":"https:\/\/moyahousehold.com\/es\/wp-json\/wp\/v2\/product"}],"about":[{"href":"https:\/\/moyahousehold.com\/es\/wp-json\/wp\/v2\/types\/product"}],"replies":[{"embeddable":true,"href":"https:\/\/moyahousehold.com\/es\/wp-json\/wp\/v2\/comments?post=7228"}],"version-history":[{"count":0,"href":"https:\/\/moyahousehold.com\/es\/wp-json\/wp\/v2\/product\/7228\/revisions"}],"wp:featuredmedia":[{"embeddable":true,"href":"https:\/\/moyahousehold.com\/es\/wp-json\/wp\/v2\/media\/9284"}],"wp:attachment":[{"href":"https:\/\/moyahousehold.com\/es\/wp-json\/wp\/v2\/media?parent=7228"}],"wp:term":[{"taxonomy":"product_cat","embeddable":true,"href":"https:\/\/moyahousehold.com\/es\/wp-json\/wp\/v2\/product_cat?post=7228"},{"taxonomy":"product_tag","embeddable":true,"href":"https:\/\/moyahousehold.com\/es\/wp-json\/wp\/v2\/product_tag?post=7228"}],"curies":[{"name":"wp","href":"https:\/\/api.w.org\/{rel}","templated":true}]}}