{"id":7300,"date":"2024-07-18T07:24:22","date_gmt":"2024-07-18T07:24:22","guid":{"rendered":"https:\/\/moyahousehold.com\/?post_type=product&#038;p=7300"},"modified":"2025-02-05T10:00:20","modified_gmt":"2025-02-05T10:00:20","slug":"wholesale-food-container-supplier-introducing-korean-style-food-container-series","status":"publish","type":"product","link":"https:\/\/moyahousehold.com\/es\/producto\/wholesale-food-container-supplier-introducing-korean-style-food-container-series\/","title":{"rendered":"Wholesale Food Container Supplier - Presentaci\u00f3n de la serie de recipientes para alimentos de estilo coreano"},"content":{"rendered":"<div data-elementor-type=\"product-post\" data-elementor-id=\"7300\" class=\"elementor elementor-7300\" data-elementor-post-type=\"product\">\n\t\t\t\t<div class=\"elementor-element elementor-element-08cbba8 e-grid e-con-boxed e-con e-parent\" data-id=\"08cbba8\" data-element_type=\"container\">\n\t\t\t\t\t<div class=\"e-con-inner\">\n\t\t\t\t\t<\/div>\n\t\t\t\t<\/div>\n\t\t\t\t<\/div>","protected":false},"excerpt":{"rendered":"<p>Somos un proveedor profesional de envases de alimentos al por mayor y servicio de envases de alimentos al por mayor provice.our nueva serie de productos de envases de alimentos de estilo coreano incluyen varios tipos y specifications.this al por mayor de envases de alimentos de acero inoxidable tiene buena hermeticidad para garantizar la presi\u00f3n negativa, bajo ox\u00edgeno y micro vac\u00edo, lo que reduce el contenido de ox\u00edgeno, evita la entrada de polvo y humedad y reduce el riesgo de oxidaci\u00f3n de los alimentos y el crecimiento bacteriano.we proporcionar servicio de envases de alimentos al por mayor y soluciones de envases de alimentos personalizados OEM y ODM.welcome contacto para una cotizaci\u00f3n.<\/p>\n<h3>Caracter\u00edsticas y ventajas de los contenedores para alimentos al por mayor<\/h3>\n<p><strong>Mant\u00e9ngase fresco<\/strong>: Fabricados en acero inoxidable de alta calidad, los recipientes para la venta al por mayor se enfr\u00edan r\u00e1pida y uniformemente, conservando la frescura y evitando la p\u00e9rdida de nutrientes.<\/p>\n<p><strong>Apto para microondas<\/strong>: Estos recipientes para alimentos al por mayor son aptos para microondas, cali\u00e9ntelos a potencia media durante 3-5 minutos, manteniendo la tapa ligeramente abierta para permitir que salga el vapor.<\/p>\n<p><strong>Cubierta engrosada<\/strong>: La cubierta engrosada es duradera y resistente a la deformaci\u00f3n.<\/p>\n<p><strong>M\u00faltiples especificaciones<\/strong>: La serie de contenedores de alimentos al por mayor tiene m\u00faltiples especificaciones para elegir, los alimentos de diferentes tama\u00f1os se pueden separar. Resuelven los problemas de conservaci\u00f3n de los alimentos y evitan la distorsi\u00f3n del sabor.<\/p>\n<p><strong>Mejor servicio<\/strong>Como proveedor l\u00edder de contenedores de alimentos al por mayor, ofrecemos el mejor servicio de contenedores de alimentos al por mayor para nuestros clientes.<\/p>\n<p><strong><a href=\"https:\/\/moyahousehold.com\/es\/solucion-personalizada\/\">Ofrecemos la soluci\u00f3n m\u00e1s profesional en recipientes de acero inoxidable para alimentos personalizados OEM&amp;ODM.<\/a><\/strong><\/p>","protected":false},"featured_media":7306,"comment_status":"open","ping_status":"closed","template":"","meta":[],"product_cat":[57],"product_tag":[99],"class_list":{"0":"post-7300","1":"product","2":"type-product","3":"status-publish","4":"has-post-thumbnail","6":"product_cat-food-storage-container-wholesale","7":"product_tag-wholesale-rectangle-food-storage-containers","9":"first","10":"instock","11":"shipping-taxable","12":"product-type-simple"},"_links":{"self":[{"href":"https:\/\/moyahousehold.com\/es\/wp-json\/wp\/v2\/product\/7300","targetHints":{"allow":["GET"]}}],"collection":[{"href":"https:\/\/moyahousehold.com\/es\/wp-json\/wp\/v2\/product"}],"about":[{"href":"https:\/\/moyahousehold.com\/es\/wp-json\/wp\/v2\/types\/product"}],"replies":[{"embeddable":true,"href":"https:\/\/moyahousehold.com\/es\/wp-json\/wp\/v2\/comments?post=7300"}],"version-history":[{"count":0,"href":"https:\/\/moyahousehold.com\/es\/wp-json\/wp\/v2\/product\/7300\/revisions"}],"wp:featuredmedia":[{"embeddable":true,"href":"https:\/\/moyahousehold.com\/es\/wp-json\/wp\/v2\/media\/7306"}],"wp:attachment":[{"href":"https:\/\/moyahousehold.com\/es\/wp-json\/wp\/v2\/media?parent=7300"}],"wp:term":[{"taxonomy":"product_cat","embeddable":true,"href":"https:\/\/moyahousehold.com\/es\/wp-json\/wp\/v2\/product_cat?post=7300"},{"taxonomy":"product_tag","embeddable":true,"href":"https:\/\/moyahousehold.com\/es\/wp-json\/wp\/v2\/product_tag?post=7300"}],"curies":[{"name":"wp","href":"https:\/\/api.w.org\/{rel}","templated":true}]}}