{"id":7316,"date":"2024-07-18T07:53:56","date_gmt":"2024-07-18T07:53:56","guid":{"rendered":"https:\/\/moyahousehold.com\/?post_type=product&#038;p=7316"},"modified":"2025-03-05T10:09:01","modified_gmt":"2025-03-05T10:09:01","slug":"high-quality-bulk-stainless-steel-food-containers-for-sale","status":"publish","type":"product","link":"https:\/\/moyahousehold.com\/es\/producto\/high-quality-bulk-stainless-steel-food-containers-for-sale\/","title":{"rendered":"Contenedores de acero inoxidable a granel de alta calidad para la venta - Directo de f\u00e1brica"},"content":{"rendered":"<div class=\"wp-block-columns is-layout-flex wp-container-core-columns-is-layout-9d6595d7 wp-block-columns-is-layout-flex\">\n<div class=\"wp-block-column is-layout-flow wp-block-column-is-layout-flow\">\n<h3 class=\"wp-block-heading\">Par\u00e1metros del contenedor de acero inoxidable para alimentos<\/h3>\n\n\n\n<figure class=\"wp-block-table\"><table class=\"has-fixed-layout\"><tbody><tr><td>Art\u00edculo<\/td><td>Capacidad<\/td><td>Talla\/PCS<\/td><td>PCS\/Caja<\/td><td>N.W.\/PCS<\/td><td>G.W.\/Caso<\/td><\/tr><tr><td>MYJD203<\/td><td>400 ml<\/td><td>13.3*11.3*6.3<\/td><td>80<\/td><td>0.18<\/td><td>16.4<\/td><\/tr><tr><td>MYJD204<\/td><td>650 ml<\/td><td>13.3*11.3*8.6<\/td><td>80<\/td><td>0.2<\/td><td>18<\/td><\/tr><tr><td>MYJD205<\/td><td>900 ml<\/td><td>13.3*11.3*11.1<\/td><td>60<\/td><td>0.24<\/td><td>16.4<\/td><\/tr><tr><td>MYJD206<\/td><td>1000 ml<\/td><td>22*15.1*6.5<\/td><td>60<\/td><td>0.35<\/td><td>23<\/td><\/tr><tr><td>MYJD207<\/td><td>1600 ml<\/td><td>22*15.1*8.9<\/td><td>60<\/td><td>0.38<\/td><td>24.8<\/td><\/tr><tr><td>MYJD208<\/td><td>2100 ml<\/td><td>22*15.1*11.3<\/td><td>48<\/td><td>0.43<\/td><td>22.64<\/td><\/tr><tr><td>MYJD209<\/td><td>2400 ml<\/td><td>29*22*6.3<\/td><td>48<\/td><td>0.62<\/td><td>31.76<\/td><\/tr><tr><td>MYJD210<\/td><td>3500 ml<\/td><td>29*22*8.8<\/td><td>36<\/td><td>0.7<\/td><td>27.2<\/td><\/tr><tr><td>MYJD211<\/td><td>4600 ml<\/td><td>29*22*11.2<\/td><td>24<\/td><td>0.76<\/td><td>20.24<\/td><\/tr><\/tbody><\/table><\/figure>\n<\/div>\n<\/div>\n\n\n\n<h3 class=\"wp-block-heading\">Opciones de recipientes de acero inoxidable a medida<\/h3>\n\n\n\n<p><strong>Logotipo<\/strong>Personalice el logotipo de su marca en el producto y el envase.<br><strong>Tapa<\/strong>: Tapa de vidrio, tapa de PP<br><strong>Opciones de logotipo<\/strong>Logotipo impreso, logotipo grabado con l\u00e1ser, etc.<br><strong>Patr\u00f3n<\/strong>Impresi\u00f3n de motivos en recipientes para alimentos.<br><strong>Tecnolog\u00eda de impresi\u00f3n<\/strong>Impresi\u00f3n por transferencia de agua, serigraf\u00eda, impresi\u00f3n por transferencia de calor, etc.<br><strong>Paquete<\/strong>:caja de color<br><a href=\"https:\/\/moyahousehold.com\/es\/solucion-personalizada\/\" data-type=\"page\" data-id=\"2817\"><strong>M\u00e1s personalizaci\u00f3n<\/strong><\/a><\/p>\n\n\n\n<div class=\"wp-block-columns is-layout-flex wp-container-core-columns-is-layout-9d6595d7 wp-block-columns-is-layout-flex\">\n<div class=\"wp-block-column is-layout-flow wp-block-column-is-layout-flow\">\n<figure class=\"wp-block-image size-full\"><img fetchpriority=\"high\" decoding=\"async\" width=\"837\" height=\"837\" src=\"https:\/\/moyahousehold.com\/wp-content\/uploads\/2024\/07\/bulk-food-container-5.webp\" alt=\"Recipiente de acero inoxidable para alimentos al por mayor \" class=\"wp-image-7238\" srcset=\"https:\/\/moyahousehold.com\/wp-content\/uploads\/2024\/07\/bulk-food-container-5.webp 837w, https:\/\/moyahousehold.com\/wp-content\/uploads\/2024\/07\/bulk-food-container-5-300x300.webp 300w, https:\/\/moyahousehold.com\/wp-content\/uploads\/2024\/07\/bulk-food-container-5-150x150.webp 150w, https:\/\/moyahousehold.com\/wp-content\/uploads\/2024\/07\/bulk-food-container-5-768x768.webp 768w, https:\/\/moyahousehold.com\/wp-content\/uploads\/2024\/07\/bulk-food-container-5-12x12.webp 12w, https:\/\/moyahousehold.com\/wp-content\/uploads\/2024\/07\/bulk-food-container-5-285x285.webp 285w, https:\/\/moyahousehold.com\/wp-content\/uploads\/2024\/07\/bulk-food-container-5-270x270.webp 270w, https:\/\/moyahousehold.com\/wp-content\/uploads\/2024\/07\/bulk-food-container-5-540x540.webp 540w, https:\/\/moyahousehold.com\/wp-content\/uploads\/2024\/07\/bulk-food-container-5-660x660.webp 660w\" sizes=\"(max-width: 837px) 100vw, 837px\" \/><\/figure>\n<\/div>\n\n\n\n<div class=\"wp-block-column is-layout-flow wp-block-column-is-layout-flow\">\n<figure class=\"wp-block-image size-full\"><img decoding=\"async\" width=\"837\" height=\"837\" src=\"https:\/\/moyahousehold.com\/wp-content\/uploads\/2024\/07\/bulk-food-container-5.jpg\" alt=\"contenedor de alimentos a granel (5)\" class=\"wp-image-7237\" srcset=\"https:\/\/moyahousehold.com\/wp-content\/uploads\/2024\/07\/bulk-food-container-5.jpg 837w, https:\/\/moyahousehold.com\/wp-content\/uploads\/2024\/07\/bulk-food-container-5-300x300.jpg 300w, https:\/\/moyahousehold.com\/wp-content\/uploads\/2024\/07\/bulk-food-container-5-150x150.jpg 150w, https:\/\/moyahousehold.com\/wp-content\/uploads\/2024\/07\/bulk-food-container-5-768x768.jpg 768w, https:\/\/moyahousehold.com\/wp-content\/uploads\/2024\/07\/bulk-food-container-5-12x12.jpg 12w, https:\/\/moyahousehold.com\/wp-content\/uploads\/2024\/07\/bulk-food-container-5-285x285.jpg 285w, https:\/\/moyahousehold.com\/wp-content\/uploads\/2024\/07\/bulk-food-container-5-270x270.jpg 270w, https:\/\/moyahousehold.com\/wp-content\/uploads\/2024\/07\/bulk-food-container-5-540x540.jpg 540w, https:\/\/moyahousehold.com\/wp-content\/uploads\/2024\/07\/bulk-food-container-5-660x660.jpg 660w\" sizes=\"(max-width: 837px) 100vw, 837px\" \/><\/figure>\n<\/div>\n<\/div>\n\n\n\n<div class=\"wp-block-columns is-layout-flex wp-container-core-columns-is-layout-9d6595d7 wp-block-columns-is-layout-flex\">\n<div class=\"wp-block-column is-layout-flow wp-block-column-is-layout-flow\"><\/div>\n\n\n\n<div class=\"wp-block-column is-layout-flow wp-block-column-is-layout-flow\"><\/div>\n<\/div>\n\n\n\n<p><\/p>","protected":false},"excerpt":{"rendered":"<p>Somos una empresa profesional<a href=\"https:\/\/moyahousehold.com\/es\/categoria-de-productos\/food-storage-container-wholesale\/\" target=\"_blank\" rel=\"noopener\"><strong> fabricante de recipientes de acero inoxidable para alimentos<\/strong><\/a>, que ofrece servicios de venta al por mayor de recipientes de acero inoxidable para alimentos a granel. Este contenedor de alimentos de acero inoxidable tiene una variedad de especificaciones para elegir, adecuado para almacenar varios tipos de alimentos, incluyendo verduras, mariscos, carne o alimentos cocinados, con un excelente sellado, por lo que ya no tiene que preocuparse por el derrame de alimentos. M\u00e1s respetuosos con el medio ambiente, los recipientes para alimentos con cero residuos le ofrecen una experiencia gastron\u00f3mica elegante y sostenible. Nuestros recipientes de acero inoxidable para alimentos a granel no s\u00f3lo pueden satisfacer sus grandes pedidos, sino que tambi\u00e9n mejoran su marca gracias a sus precios competitivos y su alta calidad.<\/p>\n<h3>Caracter\u00edsticas y ventajas de los contenedores de alimentos a granel<\/p>\n<\/h3>\n<p><strong>Congelaci\u00f3n r\u00e1pida<\/strong>: Este recipiente de acero inoxidable para alimentos tiene una funci\u00f3n de congelaci\u00f3n r\u00e1pida. El material met\u00e1lico conduce el fr\u00edo r\u00e1pidamente, lo que puede mantener mejor los ingredientes frescos. Es muy adecuado para almacenar carne fresca.<\/p>\n<p><strong>Apto para microondas<\/strong>: Este recipiente de acero inoxidable para alimentos se puede utilizar para calentar en el microondas (calentar a fuego medio durante unos 3-5 minutos. Aseg\u00farese de quitar la tapa cuando se calienta y mantener la ventilaci\u00f3n).<\/p>\n<p><strong>F\u00e1cil de limpiar<\/strong>: La superficie de nuestros contenedores est\u00e1 finamente pulida, es lisa como nueva y muy f\u00e1cil de limpiar. El material de la superficie no s\u00f3lo resiste eficazmente la suciedad, sino que tambi\u00e9n elimina cualquier posible residuo de olor. Al mismo tiempo, tambi\u00e9n son compa\u00f1eros ideales para frigor\u00edficos y congeladores, y pueden almacenarse como desee.<\/p>\n<p><strong>M\u00faltiples opciones de tama\u00f1o<\/strong>: Este set est\u00e1 cuidadosamente dise\u00f1ado con 9 recipientes de diferentes capacidades, que van de 400 ml a 4600 ml, para satisfacer diferentes necesidades de almacenamiento. Ya se trate de comidas diarias, aperitivos o sobras, puede mantener los alimentos frescos y deliciosos durante mucho tiempo.<\/p>\n<p><strong>Versatilidad y protecci\u00f3n del medio ambiente<\/strong>: Nuestros recipientes de acero inoxidable para alimentos a granel tienen una amplia gama de aplicaciones y pueden utilizarse como fiambreras, recipientes para aperitivos y cajas bento. Elegir estos recipientes reutilizables es una forma de contribuir positivamente al medio ambiente, reduciendo el uso de pl\u00e1sticos desechables y, por tanto, la carga de residuos pl\u00e1sticos en el entorno natural.<\/p>\n<p><strong><a href=\"https:\/\/moyahousehold.com\/es\/solucion-personalizada\/\">Ofrecemos soluciones de envases alimentarios personalizados OEM&amp;ODM para satisfacer sus necesidades.<\/a><\/strong><\/p>","protected":false},"featured_media":7246,"comment_status":"open","ping_status":"closed","template":"","meta":[],"product_cat":[57],"product_tag":[95,106,99],"class_list":{"0":"post-7316","1":"product","2":"type-product","3":"status-publish","4":"has-post-thumbnail","6":"product_cat-food-storage-container-wholesale","7":"product_tag-wholesale-food-storage-containers-with-date-dial","8":"product_tag-microwavable-food-storage-containers","9":"product_tag-wholesale-rectangle-food-storage-containers","11":"first","12":"instock","13":"shipping-taxable","14":"product-type-simple"},"_links":{"self":[{"href":"https:\/\/moyahousehold.com\/es\/wp-json\/wp\/v2\/product\/7316","targetHints":{"allow":["GET"]}}],"collection":[{"href":"https:\/\/moyahousehold.com\/es\/wp-json\/wp\/v2\/product"}],"about":[{"href":"https:\/\/moyahousehold.com\/es\/wp-json\/wp\/v2\/types\/product"}],"replies":[{"embeddable":true,"href":"https:\/\/moyahousehold.com\/es\/wp-json\/wp\/v2\/comments?post=7316"}],"version-history":[{"count":0,"href":"https:\/\/moyahousehold.com\/es\/wp-json\/wp\/v2\/product\/7316\/revisions"}],"wp:featuredmedia":[{"embeddable":true,"href":"https:\/\/moyahousehold.com\/es\/wp-json\/wp\/v2\/media\/7246"}],"wp:attachment":[{"href":"https:\/\/moyahousehold.com\/es\/wp-json\/wp\/v2\/media?parent=7316"}],"wp:term":[{"taxonomy":"product_cat","embeddable":true,"href":"https:\/\/moyahousehold.com\/es\/wp-json\/wp\/v2\/product_cat?post=7316"},{"taxonomy":"product_tag","embeddable":true,"href":"https:\/\/moyahousehold.com\/es\/wp-json\/wp\/v2\/product_tag?post=7316"}],"curies":[{"name":"wp","href":"https:\/\/api.w.org\/{rel}","templated":true}]}}