{"id":7319,"date":"2024-07-18T08:07:54","date_gmt":"2024-07-18T08:07:54","guid":{"rendered":"https:\/\/moyahousehold.com\/?post_type=product&#038;p=7319"},"modified":"2025-02-05T09:57:38","modified_gmt":"2025-02-05T09:57:38","slug":"wholesale-stainless-steel-color-food-containers-with-lids","status":"publish","type":"product","link":"https:\/\/moyahousehold.com\/es\/producto\/wholesale-stainless-steel-color-food-containers-with-lids\/","title":{"rendered":"Mayorista Recipientes de Acero Inoxidable de Color para Alimentos con Tapa- Ideales para el Almacenamiento en Casa y en el Comercio"},"content":{"rendered":"<div class=\"wp-block-columns is-layout-flex wp-container-core-columns-is-layout-9d6595d7 wp-block-columns-is-layout-flex\">\n<div class=\"wp-block-column is-layout-flow wp-block-column-is-layout-flow\">\n<h3 class=\"wp-block-heading\">Par\u00e1metros de los recipientes de acero inoxidable de color para alimentos<\/h3>\n\n\n\n<figure class=\"wp-block-table\"><table class=\"has-fixed-layout\"><tbody><tr><td>Art\u00edculo<\/td><td>Capacidad<\/td><td>Talla\/PCS<\/td><td>PCS\/Caja<\/td><td>N.W.\/PCS<\/td><td>G.W.\/Caso<\/td><\/tr><tr><td>MYJD203<\/td><td>400 ml<\/td><td>13.3*11.3*6.3<\/td><td>80<\/td><td>0.18<\/td><td>16.4<\/td><\/tr><tr><td>MYJD204<\/td><td>650 ml<\/td><td>13.3*11.3*8.6<\/td><td>80<\/td><td>0.2<\/td><td>18<\/td><\/tr><tr><td>MYJD205<\/td><td>900 ml<\/td><td>13.3*11.3*11.1<\/td><td>60<\/td><td>0.24<\/td><td>16.4<\/td><\/tr><tr><td>MYJD206<\/td><td>1000 ml<\/td><td>22*15.1*6.5<\/td><td>60<\/td><td>0.35<\/td><td>23<\/td><\/tr><tr><td>MYJD207<\/td><td>1600 ml<\/td><td>22*15.1*8.9<\/td><td>60<\/td><td>0.38<\/td><td>24.8<\/td><\/tr><tr><td>MYJD208<\/td><td>2100 ml<\/td><td>22*15.1*11.3<\/td><td>48<\/td><td>0.43<\/td><td>22.64<\/td><\/tr><tr><td>MYJD209<\/td><td>2400 ml<\/td><td>29*22*6.3<\/td><td>48<\/td><td>0.62<\/td><td>31.76<\/td><\/tr><tr><td>MYJD210<\/td><td>3500 ml<\/td><td>29*22*8.8<\/td><td>36<\/td><td>0.7<\/td><td>27.2<\/td><\/tr><tr><td>MYJD211<\/td><td>4600 ml<\/td><td>29*22*11.2<\/td><td>24<\/td><td>0.76<\/td><td>20.24<\/td><\/tr><\/tbody><\/table><\/figure>\n<\/div>\n<\/div>\n\n\n\n<h3 class=\"wp-block-heading\">Opciones de recipientes de acero inoxidable a medida<\/h3>\n\n\n\n<p><strong>Logotipo<\/strong>Personalice el logotipo de su marca en el producto y el embalaje.<br><strong>Tapa<\/strong>: Tapa de vidrio, tapa de PP<br><strong>Opciones de logotipo<\/strong>Logotipo impreso, logotipo grabado con l\u00e1ser, etc.<br><strong>Patr\u00f3n<\/strong>Impresi\u00f3n de motivos en recipientes para alimentos.<br><strong>Tecnolog\u00eda de impresi\u00f3n<\/strong>Impresi\u00f3n por transferencia de agua, serigraf\u00eda, impresi\u00f3n por transferencia de calor, etc.<br><strong>Paquete<\/strong>:caja de color<br><a href=\"https:\/\/moyahousehold.com\/es\/solucion-personalizada\/\" data-type=\"page\" data-id=\"2817\"><strong>M\u00e1s informaci\u00f3n sobre la personalizaci\u00f3n de soluciones de envasado de alimentos a medida<\/strong><\/a><\/p>\n\n\n\n<div class=\"wp-block-columns is-layout-flex wp-container-core-columns-is-layout-9d6595d7 wp-block-columns-is-layout-flex\">\n<div class=\"wp-block-column is-layout-flow wp-block-column-is-layout-flow\">\n<figure class=\"wp-block-image size-full\"><img fetchpriority=\"high\" decoding=\"async\" width=\"1500\" height=\"1500\" src=\"https:\/\/moyahousehold.com\/wp-content\/uploads\/2024\/07\/blue-food-container-display.jpg\" alt=\"expositor azul para envases de alimentos\" class=\"wp-image-9042\" srcset=\"https:\/\/moyahousehold.com\/wp-content\/uploads\/2024\/07\/blue-food-container-display.jpg 1500w, https:\/\/moyahousehold.com\/wp-content\/uploads\/2024\/07\/blue-food-container-display-300x300.jpg 300w, https:\/\/moyahousehold.com\/wp-content\/uploads\/2024\/07\/blue-food-container-display-150x150.jpg 150w, https:\/\/moyahousehold.com\/wp-content\/uploads\/2024\/07\/blue-food-container-display-768x768.jpg 768w, https:\/\/moyahousehold.com\/wp-content\/uploads\/2024\/07\/blue-food-container-display-12x12.jpg 12w, https:\/\/moyahousehold.com\/wp-content\/uploads\/2024\/07\/blue-food-container-display-285x285.jpg 285w, https:\/\/moyahousehold.com\/wp-content\/uploads\/2024\/07\/blue-food-container-display-270x270.jpg 270w, https:\/\/moyahousehold.com\/wp-content\/uploads\/2024\/07\/blue-food-container-display-540x540.jpg 540w, https:\/\/moyahousehold.com\/wp-content\/uploads\/2024\/07\/blue-food-container-display-660x660.jpg 660w\" sizes=\"(max-width: 1500px) 100vw, 1500px\" \/><\/figure>\n<\/div>\n\n\n\n<div class=\"wp-block-column is-layout-flow wp-block-column-is-layout-flow\">\n<figure class=\"wp-block-image size-full\"><img decoding=\"async\" width=\"1500\" height=\"1500\" src=\"https:\/\/moyahousehold.com\/wp-content\/uploads\/2024\/07\/green-food-container-display.jpg\" alt=\"expositor de envases ecol\u00f3gicos para alimentos\" class=\"wp-image-9044\" srcset=\"https:\/\/moyahousehold.com\/wp-content\/uploads\/2024\/07\/green-food-container-display.jpg 1500w, https:\/\/moyahousehold.com\/wp-content\/uploads\/2024\/07\/green-food-container-display-300x300.jpg 300w, https:\/\/moyahousehold.com\/wp-content\/uploads\/2024\/07\/green-food-container-display-150x150.jpg 150w, https:\/\/moyahousehold.com\/wp-content\/uploads\/2024\/07\/green-food-container-display-768x768.jpg 768w, https:\/\/moyahousehold.com\/wp-content\/uploads\/2024\/07\/green-food-container-display-12x12.jpg 12w, https:\/\/moyahousehold.com\/wp-content\/uploads\/2024\/07\/green-food-container-display-285x285.jpg 285w, https:\/\/moyahousehold.com\/wp-content\/uploads\/2024\/07\/green-food-container-display-270x270.jpg 270w, https:\/\/moyahousehold.com\/wp-content\/uploads\/2024\/07\/green-food-container-display-540x540.jpg 540w, https:\/\/moyahousehold.com\/wp-content\/uploads\/2024\/07\/green-food-container-display-660x660.jpg 660w\" sizes=\"(max-width: 1500px) 100vw, 1500px\" \/><\/figure>\n<\/div>\n<\/div>","protected":false},"excerpt":{"rendered":"<p>Recipientes de acero inoxidable para alimentos al por mayor, nuestros recipientes para alimentos a granel son a la vez pr\u00e1cticos y elegantes, inyectamos ricos elementos de color en este recipiente de acero inoxidable para alimentos, y dise\u00f1amos una variedad de capacidades para que usted elija, muy adecuado para el almacenamiento en el hogar y el restaurante. El fabricante de contenedores de alimentos MOYA le ofrece los mejores servicios de venta al por mayor de contenedores de alimentos de acero inoxidable a granel y soluciones personalizadas. P\u00f3ngase en contacto con nosotros para obtener m\u00e1s informaci\u00f3n.<\/p>\n<h3>Caracter\u00edsticas del recipiente de acero inoxidable de color para alimentos<\/h3>\n<p><strong>Material alimentario de primera calidad:<\/strong> El juego de recipientes de acero inoxidable para alimentos de MOYA le ofrece una opci\u00f3n m\u00e1s saludable. Nuestro juego de recipientes para preparar alimentos est\u00e1 fabricado en acero inoxidable 304 de calidad alimentaria, lo que garantiza la seguridad y la salubridad del almacenamiento de alimentos.<\/p>\n<p><strong>Sin BPA:<\/strong> Este recipiente de acero inoxidable para alimentos est\u00e1 fabricado con material reciclable sin BPA, que puede mantener los alimentos puros y frescos incluso a altas temperaturas o con un uso prolongado.<\/p>\n<p>&nbsp;<\/p>\n<p><strong>Regalo ideal:<\/strong> El juego de 9 recipientes de acero inoxidable para alimentos de Moya es perfecto para diversas necesidades de almacenamiento, y su colorido aspecto a\u00f1ade m\u00e1s diversi\u00f3n a la vida. Es un regalo ideal para diversas ocasiones, como bodas y Navidad.<\/p>\n<p><strong>Multifuncional:<\/strong> El recipiente de acero inoxidable para almacenar alimentos de MOYA est\u00e1 equipado con una tapa de dise\u00f1o preciso con un m\u00f3dulo de registro de tiempo en la tapa para ayudar a los usuarios a gestionar mejor la frescura de los alimentos y evitar el desperdicio.<\/p>\n<p><strong>Venta al por mayor y servicio personalizado:<\/strong> Ofrecemos opciones flexibles de venta al por mayor y servicios personalizados profesionales, y podemos personalizar los colores, las especificaciones, los logotipos de marca y los dise\u00f1os de las esferas de fecha seg\u00fan las necesidades del cliente.<\/p>","protected":false},"featured_media":9045,"comment_status":"open","ping_status":"closed","template":"","meta":[],"product_cat":[57],"product_tag":[95,99],"class_list":{"0":"post-7319","1":"product","2":"type-product","3":"status-publish","4":"has-post-thumbnail","6":"product_cat-food-storage-container-wholesale","7":"product_tag-wholesale-food-storage-containers-with-date-dial","8":"product_tag-wholesale-rectangle-food-storage-containers","10":"first","11":"instock","12":"shipping-taxable","13":"product-type-simple"},"_links":{"self":[{"href":"https:\/\/moyahousehold.com\/es\/wp-json\/wp\/v2\/product\/7319","targetHints":{"allow":["GET"]}}],"collection":[{"href":"https:\/\/moyahousehold.com\/es\/wp-json\/wp\/v2\/product"}],"about":[{"href":"https:\/\/moyahousehold.com\/es\/wp-json\/wp\/v2\/types\/product"}],"replies":[{"embeddable":true,"href":"https:\/\/moyahousehold.com\/es\/wp-json\/wp\/v2\/comments?post=7319"}],"version-history":[{"count":0,"href":"https:\/\/moyahousehold.com\/es\/wp-json\/wp\/v2\/product\/7319\/revisions"}],"wp:featuredmedia":[{"embeddable":true,"href":"https:\/\/moyahousehold.com\/es\/wp-json\/wp\/v2\/media\/9045"}],"wp:attachment":[{"href":"https:\/\/moyahousehold.com\/es\/wp-json\/wp\/v2\/media?parent=7319"}],"wp:term":[{"taxonomy":"product_cat","embeddable":true,"href":"https:\/\/moyahousehold.com\/es\/wp-json\/wp\/v2\/product_cat?post=7319"},{"taxonomy":"product_tag","embeddable":true,"href":"https:\/\/moyahousehold.com\/es\/wp-json\/wp\/v2\/product_tag?post=7319"}],"curies":[{"name":"wp","href":"https:\/\/api.w.org\/{rel}","templated":true}]}}