{"id":7321,"date":"2024-07-18T08:13:11","date_gmt":"2024-07-18T08:13:11","guid":{"rendered":"https:\/\/moyahousehold.com\/?post_type=product&#038;p=7321"},"modified":"2024-12-04T06:55:21","modified_gmt":"2024-12-04T06:55:21","slug":"wholesale-stainless-steel-frying-pans-with-lids","status":"publish","type":"product","link":"https:\/\/moyahousehold.com\/es\/producto\/wholesale-stainless-steel-frying-pans-with-lids\/","title":{"rendered":"Mayorista Sartenes De Acero Inoxidable Con Tapas - MOYA Stylish Cookware Set\uff0cSupport OEM&amp;ODM"},"content":{"rendered":"<div class=\"wp-block-columns is-layout-flex wp-container-core-columns-is-layout-9d6595d7 wp-block-columns-is-layout-flex\">\n<div class=\"wp-block-column is-layout-flow wp-block-column-is-layout-flow\">\n<h3 class=\"wp-block-heading\">Par\u00e1metros de la sart\u00e9n de acero inoxidable<\/h3>\n\n\n\n<p><strong>N\u00famero de modelo<\/strong>: MYHL009-012<br><strong>Material<\/strong>: Acero 304 de tres capas<br><strong>Color<\/strong>: Beige\/Acero<br><strong>Capacidad<\/strong>: 30cm<\/p>\n\n\n\n<h3 class=\"wp-block-heading\">Opciones de bater\u00eda de cocina a medida<\/h3>\n\n\n\n<p><strong>Logotipo:&nbsp;<\/strong>personalice el logotipo de su marca en productos y envases de utensilios de cocina.<br><strong>Opciones de logotipo personalizadas:<\/strong>&nbsp;logotipo impreso, logotipo grabado con l\u00e1ser, etc.<br><strong>Superficie exterior:&nbsp;<\/strong>personalice el aspecto de sus utensilios de cocina.<br><strong>Embalaje:&nbsp;<\/strong>caja de color<br><strong>Tama\u00f1o y capacidad<\/strong>: personalice el tama\u00f1o y la capacidad de la bater\u00eda de cocina<br><strong><a href=\"https:\/\/moyahousehold.com\/es\/solucion-personalizada\/\" target=\"_blank\" rel=\"noreferrer noopener\">M\u00e1s informaci\u00f3n sobre soluciones de menaje a medida<\/a><\/strong><\/p>\n<\/div>\n<\/div>\n\n\n\n<div class=\"wp-block-columns is-layout-flex wp-container-core-columns-is-layout-9d6595d7 wp-block-columns-is-layout-flex\">\n<div class=\"wp-block-column is-layout-flow wp-block-column-is-layout-flow\">\n<figure class=\"wp-block-image size-full\"><img fetchpriority=\"high\" decoding=\"async\" width=\"1200\" height=\"1200\" src=\"https:\/\/moyahousehold.com\/wp-content\/uploads\/2024\/07\/Stylish-Stainless-Steel-Frying-Pans-With-Lids-1.webp\" alt=\"Elegantes sartenes de acero inoxidable con tapa (1)\" class=\"wp-image-9698\" srcset=\"https:\/\/moyahousehold.com\/wp-content\/uploads\/2024\/07\/Stylish-Stainless-Steel-Frying-Pans-With-Lids-1.webp 1200w, https:\/\/moyahousehold.com\/wp-content\/uploads\/2024\/07\/Stylish-Stainless-Steel-Frying-Pans-With-Lids-1-300x300.webp 300w, https:\/\/moyahousehold.com\/wp-content\/uploads\/2024\/07\/Stylish-Stainless-Steel-Frying-Pans-With-Lids-1-150x150.webp 150w, https:\/\/moyahousehold.com\/wp-content\/uploads\/2024\/07\/Stylish-Stainless-Steel-Frying-Pans-With-Lids-1-768x768.webp 768w, https:\/\/moyahousehold.com\/wp-content\/uploads\/2024\/07\/Stylish-Stainless-Steel-Frying-Pans-With-Lids-1-12x12.webp 12w, https:\/\/moyahousehold.com\/wp-content\/uploads\/2024\/07\/Stylish-Stainless-Steel-Frying-Pans-With-Lids-1-285x285.webp 285w, https:\/\/moyahousehold.com\/wp-content\/uploads\/2024\/07\/Stylish-Stainless-Steel-Frying-Pans-With-Lids-1-270x270.webp 270w, https:\/\/moyahousehold.com\/wp-content\/uploads\/2024\/07\/Stylish-Stainless-Steel-Frying-Pans-With-Lids-1-540x540.webp 540w, https:\/\/moyahousehold.com\/wp-content\/uploads\/2024\/07\/Stylish-Stainless-Steel-Frying-Pans-With-Lids-1-660x660.webp 660w\" sizes=\"(max-width: 1200px) 100vw, 1200px\" \/><\/figure>\n<\/div>\n\n\n\n<div class=\"wp-block-column is-layout-flow wp-block-column-is-layout-flow\">\n<figure class=\"wp-block-image size-full\"><img decoding=\"async\" width=\"1200\" height=\"1200\" src=\"https:\/\/moyahousehold.com\/wp-content\/uploads\/2024\/07\/Stylish-Stainless-Steel-Frying-Pans-With-Lids-2.webp\" alt=\"Elegantes sartenes de acero inoxidable con tapa (2)\" class=\"wp-image-9699\" srcset=\"https:\/\/moyahousehold.com\/wp-content\/uploads\/2024\/07\/Stylish-Stainless-Steel-Frying-Pans-With-Lids-2.webp 1200w, https:\/\/moyahousehold.com\/wp-content\/uploads\/2024\/07\/Stylish-Stainless-Steel-Frying-Pans-With-Lids-2-300x300.webp 300w, https:\/\/moyahousehold.com\/wp-content\/uploads\/2024\/07\/Stylish-Stainless-Steel-Frying-Pans-With-Lids-2-150x150.webp 150w, https:\/\/moyahousehold.com\/wp-content\/uploads\/2024\/07\/Stylish-Stainless-Steel-Frying-Pans-With-Lids-2-768x768.webp 768w, https:\/\/moyahousehold.com\/wp-content\/uploads\/2024\/07\/Stylish-Stainless-Steel-Frying-Pans-With-Lids-2-12x12.webp 12w, https:\/\/moyahousehold.com\/wp-content\/uploads\/2024\/07\/Stylish-Stainless-Steel-Frying-Pans-With-Lids-2-285x285.webp 285w, https:\/\/moyahousehold.com\/wp-content\/uploads\/2024\/07\/Stylish-Stainless-Steel-Frying-Pans-With-Lids-2-270x270.webp 270w, https:\/\/moyahousehold.com\/wp-content\/uploads\/2024\/07\/Stylish-Stainless-Steel-Frying-Pans-With-Lids-2-540x540.webp 540w, https:\/\/moyahousehold.com\/wp-content\/uploads\/2024\/07\/Stylish-Stainless-Steel-Frying-Pans-With-Lids-2-660x660.webp 660w\" sizes=\"(max-width: 1200px) 100vw, 1200px\" \/><\/figure>\n<\/div>\n<\/div>","protected":false},"excerpt":{"rendered":"<p>Serie de utensilios de cocina con estilo al por mayor - sart\u00e9n de acero inoxidable, esta sart\u00e9n de acero inoxidable tiene un dise\u00f1o sencillo, que a\u00f1ade un toque moderno y elegante a su cocina. El fondo de la sart\u00e9n est\u00e1 hecho de acero inoxidable triple, que tiene buena conductividad t\u00e9rmica y permite que los alimentos se calienten uniformemente, por lo que es un buen ayudante para los cocineros caseros y de restaurante. P\u00f3ngase en contacto con nosotros para solicitar un presupuesto.<\/p>\n<h3>Caracter\u00edsticas de la sart\u00e9n de acero inoxidable<\/h3>\n<p><strong>Cubierta de cristal visible:<\/strong> La sart\u00e9n de acero inoxidable al por mayor est\u00e1 equipada con una tapa de cristal visible, y el estado de cocci\u00f3n de los alimentos se puede ver de un vistazo.<\/p>\n<p><strong>Material de alta calidad sin revestimiento:<\/strong> Esta sart\u00e9n est\u00e1 fabricada en acero inoxidable 304 de alta calidad para uso alimentario sin revestimiento, lo que garantiza que no se liberen sustancias nocivas durante el proceso de cocci\u00f3n, garantizando la seguridad de los alimentos.<\/p>\n<p><strong>Buena conductividad t\u00e9rmica:<\/strong> Esta sart\u00e9n tiene un fondo triple de acero inoxidable, que proporciona una buena conductividad t\u00e9rmica y ayuda a los usuarios a calentar los alimentos m\u00e1s r\u00e1pida y uniformemente.<\/p>\n<p><strong>Durabilidad:<\/strong> El cuerpo de acero inoxidable de alta calidad proporciona a esta sart\u00e9n una excelente durabilidad, una vida \u00fatil m\u00e1s larga y puede mantener su brillo met\u00e1lico incluso despu\u00e9s de un uso prolongado.<\/p>\n<p><strong>Servicio OEM&amp;ODM:<\/strong> Le ofrecemos las mejores soluciones personalizadas de utensilios de cocina en funci\u00f3n de sus necesidades, personalizamos el logotipo y el embalaje de los utensilios de cocina que pida y le ayudamos a mejorar su imagen de marca.<\/p>","protected":false},"featured_media":9702,"comment_status":"closed","ping_status":"closed","template":"","meta":[],"product_cat":[56],"product_tag":[],"class_list":{"0":"post-7321","1":"product","2":"type-product","3":"status-publish","4":"has-post-thumbnail","6":"product_cat-stainless-steel-cookware-wholesale","8":"first","9":"instock","10":"shipping-taxable","11":"product-type-simple"},"_links":{"self":[{"href":"https:\/\/moyahousehold.com\/es\/wp-json\/wp\/v2\/product\/7321","targetHints":{"allow":["GET"]}}],"collection":[{"href":"https:\/\/moyahousehold.com\/es\/wp-json\/wp\/v2\/product"}],"about":[{"href":"https:\/\/moyahousehold.com\/es\/wp-json\/wp\/v2\/types\/product"}],"replies":[{"embeddable":true,"href":"https:\/\/moyahousehold.com\/es\/wp-json\/wp\/v2\/comments?post=7321"}],"version-history":[{"count":0,"href":"https:\/\/moyahousehold.com\/es\/wp-json\/wp\/v2\/product\/7321\/revisions"}],"wp:featuredmedia":[{"embeddable":true,"href":"https:\/\/moyahousehold.com\/es\/wp-json\/wp\/v2\/media\/9702"}],"wp:attachment":[{"href":"https:\/\/moyahousehold.com\/es\/wp-json\/wp\/v2\/media?parent=7321"}],"wp:term":[{"taxonomy":"product_cat","embeddable":true,"href":"https:\/\/moyahousehold.com\/es\/wp-json\/wp\/v2\/product_cat?post=7321"},{"taxonomy":"product_tag","embeddable":true,"href":"https:\/\/moyahousehold.com\/es\/wp-json\/wp\/v2\/product_tag?post=7321"}],"curies":[{"name":"wp","href":"https:\/\/api.w.org\/{rel}","templated":true}]}}