{"id":8143,"date":"2024-08-22T06:22:27","date_gmt":"2024-08-21T01:28:37","guid":{"rendered":"https:\/\/moyahousehold.com\/?post_type=product&#038;p=8143"},"modified":"2025-04-12T09:48:13","modified_gmt":"2025-04-12T09:48:13","slug":"wholesale-stainless-steel-mugs-with-handle","status":"publish","type":"product","link":"https:\/\/moyahousehold.com\/es\/producto\/wholesale-stainless-steel-mugs-with-handle\/","title":{"rendered":"Mayorista Tazas de Acero Inoxidable con Asa, Material Acero Inoxidable 316, Capacidad 400ML"},"content":{"rendered":"<h2 class=\"wp-block-heading\">Par\u00e1metros de las tazas de acero inoxidable con asa<\/h2>\n\n\n\n<p><strong>material:<\/strong>304 + 316 + PP <strong> color:<\/strong>Blanco\/negro\/acero\/caqui<\/p>\n\n\n\n<figure class=\"wp-block-table\"><table><tbody><tr><td>N\u00famero de modelo<\/td><td>capacidad<\/td><td>Tama\u00f1o del producto<\/td><td>Tama\u00f1o de la caja exterior<\/td><td>Cantidad por caja<\/td><td>N.W<\/td><td>G.W\/Caso<\/td><\/tr><tr><td>MYJJL10<\/td><td>400 ml<\/td><td>8.8*8.8*10.8<\/td><td>62*40*37.5<\/td><td>60<\/td><td>0.3<\/td><td>30<\/td><\/tr><\/tbody><\/table><\/figure>\n\n\n\n<h3 class=\"wp-block-heading\">Opci\u00f3n de taza de caf\u00e9 de acero inoxidable personalizada<\/h3>\n\n\n\n<p><strong>Logotipo: <\/strong>Personalice el logotipo de su marca en tazas y envases de acero inoxidable.<br><strong>Opciones de logotipo: <\/strong>Ponemos a su disposici\u00f3n m\u00e9todos de grabado por l\u00e1ser o transferencia t\u00e9rmica para personalizar su logotipo en tazas de acero inoxidable<br><strong>Patr\u00f3n:<\/strong> Imprima motivos personalizados en tazas de acero inoxidable.<br><strong>Tecnolog\u00eda de impresi\u00f3n: <\/strong>Ofrecemos diversos m\u00e9todos de impresi\u00f3n, como <strong>transferencia de pantalla<\/strong>,<strong> transferencia de calor<\/strong>, <strong>y trasvase de agua<\/strong>. Puede elegir el m\u00e9todo adecuado para personalizar el patr\u00f3n de su producto<br><strong>Paquete<\/strong>: caja de color<br><a href=\"https:\/\/moyahousehold.com\/es\/solucion-personalizada\/\" target=\"_blank\" rel=\"noreferrer noopener\"><strong>Descubra m\u00e1s detalles sobre tazas de caf\u00e9 personalizadas.<\/strong><\/a><\/p>\n\n\n\n<div class=\"wp-block-columns is-layout-flex wp-container-core-columns-is-layout-9d6595d7 wp-block-columns-is-layout-flex\">\n<div class=\"wp-block-column is-layout-flow wp-block-column-is-layout-flow\">\n<figure class=\"wp-block-image size-full\"><img fetchpriority=\"high\" decoding=\"async\" width=\"1600\" height=\"1600\" src=\"https:\/\/moyahousehold.com\/wp-content\/uploads\/2024\/08\/Stainless-Steel-Mugs-with-Handle-Display-1.webp\" alt=\"Tazas de acero inoxidable con asa (1)\" class=\"wp-image-10847\" srcset=\"https:\/\/moyahousehold.com\/wp-content\/uploads\/2024\/08\/Stainless-Steel-Mugs-with-Handle-Display-1.webp 1600w, https:\/\/moyahousehold.com\/wp-content\/uploads\/2024\/08\/Stainless-Steel-Mugs-with-Handle-Display-1-300x300.webp 300w, https:\/\/moyahousehold.com\/wp-content\/uploads\/2024\/08\/Stainless-Steel-Mugs-with-Handle-Display-1-150x150.webp 150w, https:\/\/moyahousehold.com\/wp-content\/uploads\/2024\/08\/Stainless-Steel-Mugs-with-Handle-Display-1-768x768.webp 768w, https:\/\/moyahousehold.com\/wp-content\/uploads\/2024\/08\/Stainless-Steel-Mugs-with-Handle-Display-1-12x12.webp 12w, https:\/\/moyahousehold.com\/wp-content\/uploads\/2024\/08\/Stainless-Steel-Mugs-with-Handle-Display-1-285x285.webp 285w, https:\/\/moyahousehold.com\/wp-content\/uploads\/2024\/08\/Stainless-Steel-Mugs-with-Handle-Display-1-270x270.webp 270w, https:\/\/moyahousehold.com\/wp-content\/uploads\/2024\/08\/Stainless-Steel-Mugs-with-Handle-Display-1-540x540.webp 540w, https:\/\/moyahousehold.com\/wp-content\/uploads\/2024\/08\/Stainless-Steel-Mugs-with-Handle-Display-1-660x660.webp 660w\" sizes=\"(max-width: 1600px) 100vw, 1600px\" \/><\/figure>\n<\/div>\n\n\n\n<div class=\"wp-block-column is-layout-flow wp-block-column-is-layout-flow\">\n<figure class=\"wp-block-image size-full\"><img decoding=\"async\" width=\"1600\" height=\"1600\" src=\"https:\/\/moyahousehold.com\/wp-content\/uploads\/2024\/08\/Stainless-Steel-Mugs-with-Handle-Display-2.webp\" alt=\"Tazas de acero inoxidable con asa (2)\" class=\"wp-image-10848\" srcset=\"https:\/\/moyahousehold.com\/wp-content\/uploads\/2024\/08\/Stainless-Steel-Mugs-with-Handle-Display-2.webp 1600w, https:\/\/moyahousehold.com\/wp-content\/uploads\/2024\/08\/Stainless-Steel-Mugs-with-Handle-Display-2-300x300.webp 300w, https:\/\/moyahousehold.com\/wp-content\/uploads\/2024\/08\/Stainless-Steel-Mugs-with-Handle-Display-2-150x150.webp 150w, https:\/\/moyahousehold.com\/wp-content\/uploads\/2024\/08\/Stainless-Steel-Mugs-with-Handle-Display-2-768x768.webp 768w, https:\/\/moyahousehold.com\/wp-content\/uploads\/2024\/08\/Stainless-Steel-Mugs-with-Handle-Display-2-12x12.webp 12w, https:\/\/moyahousehold.com\/wp-content\/uploads\/2024\/08\/Stainless-Steel-Mugs-with-Handle-Display-2-285x285.webp 285w, https:\/\/moyahousehold.com\/wp-content\/uploads\/2024\/08\/Stainless-Steel-Mugs-with-Handle-Display-2-270x270.webp 270w, https:\/\/moyahousehold.com\/wp-content\/uploads\/2024\/08\/Stainless-Steel-Mugs-with-Handle-Display-2-540x540.webp 540w, https:\/\/moyahousehold.com\/wp-content\/uploads\/2024\/08\/Stainless-Steel-Mugs-with-Handle-Display-2-660x660.webp 660w\" sizes=\"(max-width: 1600px) 100vw, 1600px\" \/><\/figure>\n<\/div>\n<\/div>\n\n\n\n<div class=\"wp-block-columns is-layout-flex wp-container-core-columns-is-layout-9d6595d7 wp-block-columns-is-layout-flex\">\n<div class=\"wp-block-column is-layout-flow wp-block-column-is-layout-flow\">\n<figure class=\"wp-block-image size-full\"><img decoding=\"async\" width=\"1600\" height=\"1600\" src=\"https:\/\/moyahousehold.com\/wp-content\/uploads\/2024\/08\/Stainless-Steel-Mugs-with-Handle-Display-3.webp\" alt=\"Tazas de acero inoxidable con asa (3)\" class=\"wp-image-10849\" srcset=\"https:\/\/moyahousehold.com\/wp-content\/uploads\/2024\/08\/Stainless-Steel-Mugs-with-Handle-Display-3.webp 1600w, https:\/\/moyahousehold.com\/wp-content\/uploads\/2024\/08\/Stainless-Steel-Mugs-with-Handle-Display-3-300x300.webp 300w, https:\/\/moyahousehold.com\/wp-content\/uploads\/2024\/08\/Stainless-Steel-Mugs-with-Handle-Display-3-150x150.webp 150w, https:\/\/moyahousehold.com\/wp-content\/uploads\/2024\/08\/Stainless-Steel-Mugs-with-Handle-Display-3-768x768.webp 768w, https:\/\/moyahousehold.com\/wp-content\/uploads\/2024\/08\/Stainless-Steel-Mugs-with-Handle-Display-3-12x12.webp 12w, https:\/\/moyahousehold.com\/wp-content\/uploads\/2024\/08\/Stainless-Steel-Mugs-with-Handle-Display-3-285x285.webp 285w, https:\/\/moyahousehold.com\/wp-content\/uploads\/2024\/08\/Stainless-Steel-Mugs-with-Handle-Display-3-270x270.webp 270w, https:\/\/moyahousehold.com\/wp-content\/uploads\/2024\/08\/Stainless-Steel-Mugs-with-Handle-Display-3-540x540.webp 540w, https:\/\/moyahousehold.com\/wp-content\/uploads\/2024\/08\/Stainless-Steel-Mugs-with-Handle-Display-3-660x660.webp 660w\" sizes=\"(max-width: 1600px) 100vw, 1600px\" \/><\/figure>\n<\/div>\n\n\n\n<div class=\"wp-block-column is-layout-flow wp-block-column-is-layout-flow\">\n<figure class=\"wp-block-image size-full\"><img loading=\"lazy\" decoding=\"async\" width=\"3998\" height=\"3998\" src=\"https:\/\/moyahousehold.com\/wp-content\/uploads\/2024\/08\/Stainless-Steel-Mugs-with-Handle-Display-4.webp\" alt=\"Tazas de acero inoxidable con asa Display (4)\" class=\"wp-image-10850\" srcset=\"https:\/\/moyahousehold.com\/wp-content\/uploads\/2024\/08\/Stainless-Steel-Mugs-with-Handle-Display-4.webp 3998w, https:\/\/moyahousehold.com\/wp-content\/uploads\/2024\/08\/Stainless-Steel-Mugs-with-Handle-Display-4-300x300.webp 300w, https:\/\/moyahousehold.com\/wp-content\/uploads\/2024\/08\/Stainless-Steel-Mugs-with-Handle-Display-4-150x150.webp 150w, https:\/\/moyahousehold.com\/wp-content\/uploads\/2024\/08\/Stainless-Steel-Mugs-with-Handle-Display-4-768x768.webp 768w, https:\/\/moyahousehold.com\/wp-content\/uploads\/2024\/08\/Stainless-Steel-Mugs-with-Handle-Display-4-12x12.webp 12w, https:\/\/moyahousehold.com\/wp-content\/uploads\/2024\/08\/Stainless-Steel-Mugs-with-Handle-Display-4-285x285.webp 285w, https:\/\/moyahousehold.com\/wp-content\/uploads\/2024\/08\/Stainless-Steel-Mugs-with-Handle-Display-4-1600x1600.webp 1600w, https:\/\/moyahousehold.com\/wp-content\/uploads\/2024\/08\/Stainless-Steel-Mugs-with-Handle-Display-4-270x270.webp 270w, https:\/\/moyahousehold.com\/wp-content\/uploads\/2024\/08\/Stainless-Steel-Mugs-with-Handle-Display-4-540x540.webp 540w, https:\/\/moyahousehold.com\/wp-content\/uploads\/2024\/08\/Stainless-Steel-Mugs-with-Handle-Display-4-660x660.webp 660w\" sizes=\"(max-width: 3998px) 100vw, 3998px\" \/><\/figure>\n<\/div>\n<\/div>","protected":false},"excerpt":{"rendered":"<p>Tazas de acero inoxidable 316 al por mayor con asa, con dise\u00f1o engrosado de doble capa, excelente aislamiento t\u00e9rmico y protecci\u00f3n antiescaldamiento, ideal para la oficina, el hogar o los viajes. Apoyar pedidos a granel y completa personalizaci\u00f3n OEM\/ODM, p\u00f3ngase en contacto con nosotros para una cotizaci\u00f3n.<\/p>\n<h3>Caracter\u00edsticas y ventajas de la taza de caf\u00e9 de acero inoxidable<\/h3>\n<p><strong>Acero inoxidable 316 de alta calidad para uso alimentario:<\/strong> Las tazas de caf\u00e9 est\u00e1n fabricadas con revestimiento de acero inoxidable 316 apto para uso alimentario, que presenta una buena resistencia a la corrosi\u00f3n y durabilidad, adecuado para un uso prolongado, garantizando que cada sorbo sea saludable y sin preocupaciones.<\/p>\n<p><strong>Mango de PP respetuoso con el medio ambiente y c\u00f3modo:<\/strong> El asa de la taza de acero inoxidable es de pl\u00e1stico PP respetuoso con el medio ambiente, resistente y duradero y c\u00f3modo de sujetar.<\/p>\n<p><strong>Dise\u00f1o de boca ancha:<\/strong> La taza de acero inoxidable con asa adopta un dise\u00f1o de boca ancha, que hace m\u00e1s c\u00f3modo preparar y remover bebidas y evita la acumulaci\u00f3n de residuos o la proliferaci\u00f3n de bacterias.<\/p>\n<p><strong>Cubierta antipolvo deslizante:<\/strong> La taza de caf\u00e9 de acero inoxidable con asa est\u00e1 equipada con una pr\u00e1ctica tapa deslizante, que evita eficazmente que se derramen las bebidas, impide que entre polvo o suciedad y hace que beber sea m\u00e1s c\u00f3modo.<\/p>\n<p><strong>Servicio mayorista:<\/strong> Proporcionamos opciones de venta al por mayor al por mayor y ofrecemos precios competitivos directos de f\u00e1brica para garantizar que usted obtenga tazas de alta calidad a los mejores precios.<\/p>","protected":false},"featured_media":10905,"comment_status":"closed","ping_status":"closed","template":"","meta":[],"product_cat":[75],"product_tag":[],"class_list":{"0":"post-8143","1":"product","2":"type-product","3":"status-publish","4":"has-post-thumbnail","6":"product_cat-wholesale-stainless-steel-coffee-mug","8":"first","9":"instock","10":"shipping-taxable","11":"product-type-simple"},"_links":{"self":[{"href":"https:\/\/moyahousehold.com\/es\/wp-json\/wp\/v2\/product\/8143","targetHints":{"allow":["GET"]}}],"collection":[{"href":"https:\/\/moyahousehold.com\/es\/wp-json\/wp\/v2\/product"}],"about":[{"href":"https:\/\/moyahousehold.com\/es\/wp-json\/wp\/v2\/types\/product"}],"replies":[{"embeddable":true,"href":"https:\/\/moyahousehold.com\/es\/wp-json\/wp\/v2\/comments?post=8143"}],"version-history":[{"count":0,"href":"https:\/\/moyahousehold.com\/es\/wp-json\/wp\/v2\/product\/8143\/revisions"}],"wp:featuredmedia":[{"embeddable":true,"href":"https:\/\/moyahousehold.com\/es\/wp-json\/wp\/v2\/media\/10905"}],"wp:attachment":[{"href":"https:\/\/moyahousehold.com\/es\/wp-json\/wp\/v2\/media?parent=8143"}],"wp:term":[{"taxonomy":"product_cat","embeddable":true,"href":"https:\/\/moyahousehold.com\/es\/wp-json\/wp\/v2\/product_cat?post=8143"},{"taxonomy":"product_tag","embeddable":true,"href":"https:\/\/moyahousehold.com\/es\/wp-json\/wp\/v2\/product_tag?post=8143"}],"curies":[{"name":"wp","href":"https:\/\/api.w.org\/{rel}","templated":true}]}}