{"id":8161,"date":"2024-08-22T07:52:44","date_gmt":"2024-08-21T02:12:09","guid":{"rendered":"https:\/\/moyahousehold.com\/?post_type=product&#038;p=8161"},"modified":"2024-11-05T03:45:54","modified_gmt":"2024-11-05T03:45:54","slug":"wholesale-instant-noodle-bowls-with-lid","status":"publish","type":"product","link":"https:\/\/moyahousehold.com\/es\/producto\/wholesale-instant-noodle-bowls-with-lid\/","title":{"rendered":"Mayorista Tazones De Acero Inoxidable Para Fideos Instant\u00e1neos Con Tapa - Comidas C\u00f3modas Y R\u00e1pidas"},"content":{"rendered":"<h3 class=\"wp-block-heading\">Par\u00e1metros del cuenco de fideos instant\u00e1neos<\/h3>\n\n\n\n<div class=\"wp-block-columns is-layout-flex wp-container-core-columns-is-layout-9d6595d7 wp-block-columns-is-layout-flex\">\n<div class=\"wp-block-column is-layout-flow wp-block-column-is-layout-flow\">\n<figure class=\"wp-block-table\"><table class=\"has-fixed-layout\"><tbody><tr><td>Art\u00edculo<\/td><td>Capacidad<\/td><td>Talla\/PCS<\/td><td>PCS\/Caja<\/td><td>N.W.\/PCS<\/td><td>G.W.\/Caso<\/td><\/tr><tr><td>MYJD243<\/td><td>900ML<\/td><td>14.6*14.6*10.4<\/td><td>60<\/td><td>0.24<\/td><td>16.4<\/td><\/tr><\/tbody><\/table><\/figure>\n\n\n\n<h3 class=\"wp-block-heading\">Opciones de cuencos de fideos instant\u00e1neos personalizados<\/h3>\n\n\n\n<p><strong>Logotipo<\/strong>Personalice el logotipo de su marca en el producto y el envase.<br><strong>Opciones de logotipo<\/strong>Logotipo impreso, logotipo grabado con l\u00e1ser, etc.<br><strong>Patr\u00f3n<\/strong>: Patrones de impresi\u00f3n<br><strong>Tecnolog\u00eda de impresi\u00f3n<\/strong>Impresi\u00f3n por transferencia de agua, serigraf\u00eda, transferencia de calor, sublimaci\u00f3n, etc.<br><strong>Paquete<\/strong>:caja de color<br><a href=\"https:\/\/moyahousehold.com\/es\/solucion-personalizada\/\" target=\"_blank\" rel=\"noreferrer noopener\"><strong>Explore m\u00e1s soluciones de cuencos para fideos personalizados<\/strong><\/a><\/p>\n<\/div>\n<\/div>\n\n\n\n<div class=\"wp-block-columns is-layout-flex wp-container-core-columns-is-layout-9d6595d7 wp-block-columns-is-layout-flex\">\n<div class=\"wp-block-column is-layout-flow wp-block-column-is-layout-flow\">\n<figure class=\"wp-block-image size-full\"><img fetchpriority=\"high\" decoding=\"async\" width=\"800\" height=\"800\" src=\"https:\/\/moyahousehold.com\/wp-content\/uploads\/2024\/08\/instant-noodle-bowls-detail-2.png\" alt=\"detalle de los cuencos de fideos instant\u00e1neos (2)\" class=\"wp-image-8728\" srcset=\"https:\/\/moyahousehold.com\/wp-content\/uploads\/2024\/08\/instant-noodle-bowls-detail-2.png 800w, https:\/\/moyahousehold.com\/wp-content\/uploads\/2024\/08\/instant-noodle-bowls-detail-2-300x300.png 300w, https:\/\/moyahousehold.com\/wp-content\/uploads\/2024\/08\/instant-noodle-bowls-detail-2-150x150.png 150w, https:\/\/moyahousehold.com\/wp-content\/uploads\/2024\/08\/instant-noodle-bowls-detail-2-768x768.png 768w, https:\/\/moyahousehold.com\/wp-content\/uploads\/2024\/08\/instant-noodle-bowls-detail-2-12x12.png 12w, https:\/\/moyahousehold.com\/wp-content\/uploads\/2024\/08\/instant-noodle-bowls-detail-2-285x285.png 285w, https:\/\/moyahousehold.com\/wp-content\/uploads\/2024\/08\/instant-noodle-bowls-detail-2-270x270.png 270w, https:\/\/moyahousehold.com\/wp-content\/uploads\/2024\/08\/instant-noodle-bowls-detail-2-540x540.png 540w, https:\/\/moyahousehold.com\/wp-content\/uploads\/2024\/08\/instant-noodle-bowls-detail-2-660x660.png 660w\" sizes=\"(max-width: 800px) 100vw, 800px\" \/><\/figure>\n<\/div>\n\n\n\n<div class=\"wp-block-column is-layout-flow wp-block-column-is-layout-flow\">\n<figure class=\"wp-block-image size-full\"><img decoding=\"async\" width=\"800\" height=\"800\" src=\"https:\/\/moyahousehold.com\/wp-content\/uploads\/2024\/08\/instant-noodle-bowls-detail-1.png\" alt=\"detalle de los cuencos de fideos instant\u00e1neos (1)\" class=\"wp-image-8727\" srcset=\"https:\/\/moyahousehold.com\/wp-content\/uploads\/2024\/08\/instant-noodle-bowls-detail-1.png 800w, https:\/\/moyahousehold.com\/wp-content\/uploads\/2024\/08\/instant-noodle-bowls-detail-1-300x300.png 300w, https:\/\/moyahousehold.com\/wp-content\/uploads\/2024\/08\/instant-noodle-bowls-detail-1-150x150.png 150w, https:\/\/moyahousehold.com\/wp-content\/uploads\/2024\/08\/instant-noodle-bowls-detail-1-768x768.png 768w, https:\/\/moyahousehold.com\/wp-content\/uploads\/2024\/08\/instant-noodle-bowls-detail-1-12x12.png 12w, https:\/\/moyahousehold.com\/wp-content\/uploads\/2024\/08\/instant-noodle-bowls-detail-1-285x285.png 285w, https:\/\/moyahousehold.com\/wp-content\/uploads\/2024\/08\/instant-noodle-bowls-detail-1-270x270.png 270w, https:\/\/moyahousehold.com\/wp-content\/uploads\/2024\/08\/instant-noodle-bowls-detail-1-540x540.png 540w, https:\/\/moyahousehold.com\/wp-content\/uploads\/2024\/08\/instant-noodle-bowls-detail-1-660x660.png 660w\" sizes=\"(max-width: 800px) 100vw, 800px\" \/><\/figure>\n<\/div>\n<\/div>","protected":false},"excerpt":{"rendered":"<p>Este bol de acero inoxidable para fideos instant\u00e1neos est\u00e1 dise\u00f1ado para comer fideos instant\u00e1neos y llevar el almuerzo. Es adecuado para su uso en una variedad de escenarios tales como oficina, camping al aire libre, etc. Ofrecemos 3 estilos para elegir. Los compradores B2B pueden ponerse en contacto con nosotros para solicitar presupuestos.<\/p>\n<h3>Caracter\u00edsticas y ventajas de Instant Noodle Bowl<\/h3>\n<p><strong>Material saludable:<\/strong> Nuestro bol para fideos instant\u00e1neos est\u00e1 hecho de acero inoxidable 304, que tiene un buen rendimiento anticorrosi\u00f3n y no contiene BPA. Puede utilizarlo para conservar alimentos calientes con confianza.<\/p>\n<p><strong>Dise\u00f1o a prueba de fugas:<\/strong> Nuestro bol para fideos instant\u00e1neos est\u00e1 equipado con una tapa de excelente capacidad de sellado. Puede guardarlo con seguridad en el bolso o en el coche sin preocuparse por los problemas causados por fugas accidentales.<\/p>\n<p><strong>Estilos ricos:<\/strong> Este cuenco para fideos instant\u00e1neos tiene una gran variedad de colores para elegir, como verde, beige, marr\u00f3n, etc.<\/p>\n<p><strong>Versatilidad:<\/strong> Este cuenco para fideos instant\u00e1neos no s\u00f3lo es adecuado para fideos instant\u00e1neos, sino tambi\u00e9n para guardar sopa, bebidas, arroz y otros alimentos.<\/p>\n<p><strong>Amplia gama de escenarios aplicables:<\/strong> Este bol de fideos instant\u00e1neos est\u00e1 dise\u00f1ado para satisfacer las necesidades de diversos escenarios. Ya sea en una residencia de estudiantes, en la oficina, de viaje o en un viaje en coche, es una opci\u00f3n ideal.<\/p>\n<p><strong>Muestras gratuitas:<\/strong> Ofrecemos muestras gratuitas. Usted puede experimentar nuestros tazones de fideos instant\u00e1neos de acero inoxidable en persona y sentir sus materiales de alta calidad y dise\u00f1o.<\/p>\n<p><strong>Servicios mayoristas y personalizados:<\/strong> Proporcionamos al por mayor cuencos de fideos instant\u00e1neos de acero inoxidable a precios directos de f\u00e1brica, y apoyamos sus diferentes necesidades con servicios personalizados a medida.<\/p>","protected":false},"featured_media":8733,"comment_status":"closed","ping_status":"closed","template":"","meta":[],"product_cat":[58],"product_tag":[],"class_list":{"0":"post-8161","1":"product","2":"type-product","3":"status-publish","4":"has-post-thumbnail","6":"product_cat-lunch-box-wholesale","8":"first","9":"instock","10":"shipping-taxable","11":"product-type-simple"},"_links":{"self":[{"href":"https:\/\/moyahousehold.com\/es\/wp-json\/wp\/v2\/product\/8161","targetHints":{"allow":["GET"]}}],"collection":[{"href":"https:\/\/moyahousehold.com\/es\/wp-json\/wp\/v2\/product"}],"about":[{"href":"https:\/\/moyahousehold.com\/es\/wp-json\/wp\/v2\/types\/product"}],"replies":[{"embeddable":true,"href":"https:\/\/moyahousehold.com\/es\/wp-json\/wp\/v2\/comments?post=8161"}],"version-history":[{"count":0,"href":"https:\/\/moyahousehold.com\/es\/wp-json\/wp\/v2\/product\/8161\/revisions"}],"wp:featuredmedia":[{"embeddable":true,"href":"https:\/\/moyahousehold.com\/es\/wp-json\/wp\/v2\/media\/8733"}],"wp:attachment":[{"href":"https:\/\/moyahousehold.com\/es\/wp-json\/wp\/v2\/media?parent=8161"}],"wp:term":[{"taxonomy":"product_cat","embeddable":true,"href":"https:\/\/moyahousehold.com\/es\/wp-json\/wp\/v2\/product_cat?post=8161"},{"taxonomy":"product_tag","embeddable":true,"href":"https:\/\/moyahousehold.com\/es\/wp-json\/wp\/v2\/product_tag?post=8161"}],"curies":[{"name":"wp","href":"https:\/\/api.w.org\/{rel}","templated":true}]}}