{"id":8243,"date":"2024-09-07T02:59:13","date_gmt":"2024-09-01T06:54:03","guid":{"rendered":"https:\/\/moyahousehold.com\/?post_type=product&#038;p=8243"},"modified":"2025-02-05T07:18:01","modified_gmt":"2025-02-05T07:18:01","slug":"wholesale-stainless-steel-lunch-boxes-supplier","status":"publish","type":"product","link":"https:\/\/moyahousehold.com\/es\/producto\/wholesale-stainless-steel-lunch-boxes-supplier\/","title":{"rendered":"Mayorista Fiambrera De Acero Inoxidable Con Contenedores, Fiambrera A Granel Con Compartimentos Para La Venta"},"content":{"rendered":"<h3 class=\"wp-block-heading\">Par\u00e1metros de la fiambrera de acero inoxidable con recipiente<\/h3>\n\n\n\n<p><strong>material:<\/strong>304 + PP <strong> <\/strong><br><strong>color:<\/strong>Beige, caqui <br><strong>tama\u00f1o:<\/strong>Grande, mediano y peque\u00f1o <br><strong>rejilla:<\/strong>3\u30014\u30015<\/p>\n\n\n\n<h3 class=\"wp-block-heading\">Caja bento personalizada<\/h3>\n\n\n\n<p><strong>Logotipo: <\/strong>personalice el logotipo de su marca en la fiambrera y el envase.<br><strong>Opciones de logotipo:<\/strong> logotipo impreso, logotipo grabado con l\u00e1ser, etc.<br><strong>Patr\u00f3n:<\/strong> Patrones de impresi\u00f3n <br><strong>Tecnolog\u00eda de impresi\u00f3n:<\/strong> impresi\u00f3n por transferencia de agua, serigraf\u00eda, impresi\u00f3n por transferencia de calor, transferencia por sublimaci\u00f3n, etc.<br><strong>Embalaje:<\/strong> caja de color<br><a href=\"https:\/\/moyahousehold.com\/es\/solucion-personalizada\/\"><strong>M\u00e1s informaci\u00f3n sobre soluciones de fiambreras personalizadas.<\/strong><\/a><\/p>\n\n\n\n<div class=\"wp-block-columns is-layout-flex wp-container-core-columns-is-layout-9d6595d7 wp-block-columns-is-layout-flex\">\n<div class=\"wp-block-column is-layout-flow wp-block-column-is-layout-flow\">\n<figure class=\"wp-block-image size-full\"><img fetchpriority=\"high\" decoding=\"async\" width=\"1600\" height=\"1600\" src=\"https:\/\/moyahousehold.com\/wp-content\/uploads\/2024\/09\/Lunch-box-details-1.webp\" alt=\"Detalles de la fiambrera (1)\" class=\"wp-image-8303\" srcset=\"https:\/\/moyahousehold.com\/wp-content\/uploads\/2024\/09\/Lunch-box-details-1.webp 1600w, https:\/\/moyahousehold.com\/wp-content\/uploads\/2024\/09\/Lunch-box-details-1-300x300.webp 300w, https:\/\/moyahousehold.com\/wp-content\/uploads\/2024\/09\/Lunch-box-details-1-150x150.webp 150w, https:\/\/moyahousehold.com\/wp-content\/uploads\/2024\/09\/Lunch-box-details-1-768x768.webp 768w, https:\/\/moyahousehold.com\/wp-content\/uploads\/2024\/09\/Lunch-box-details-1-12x12.webp 12w, https:\/\/moyahousehold.com\/wp-content\/uploads\/2024\/09\/Lunch-box-details-1-285x285.webp 285w, https:\/\/moyahousehold.com\/wp-content\/uploads\/2024\/09\/Lunch-box-details-1-270x270.webp 270w, https:\/\/moyahousehold.com\/wp-content\/uploads\/2024\/09\/Lunch-box-details-1-540x540.webp 540w, https:\/\/moyahousehold.com\/wp-content\/uploads\/2024\/09\/Lunch-box-details-1-660x660.webp 660w\" sizes=\"(max-width: 1600px) 100vw, 1600px\" \/><\/figure>\n<\/div>\n\n\n\n<div class=\"wp-block-column is-layout-flow wp-block-column-is-layout-flow\">\n<figure class=\"wp-block-image size-full\"><img decoding=\"async\" width=\"1600\" height=\"1600\" src=\"https:\/\/moyahousehold.com\/wp-content\/uploads\/2024\/09\/Lunch-box-details-2.webp\" alt=\"Detalles de la fiambrera (2)\" class=\"wp-image-8304\" srcset=\"https:\/\/moyahousehold.com\/wp-content\/uploads\/2024\/09\/Lunch-box-details-2.webp 1600w, https:\/\/moyahousehold.com\/wp-content\/uploads\/2024\/09\/Lunch-box-details-2-300x300.webp 300w, https:\/\/moyahousehold.com\/wp-content\/uploads\/2024\/09\/Lunch-box-details-2-150x150.webp 150w, https:\/\/moyahousehold.com\/wp-content\/uploads\/2024\/09\/Lunch-box-details-2-768x768.webp 768w, https:\/\/moyahousehold.com\/wp-content\/uploads\/2024\/09\/Lunch-box-details-2-12x12.webp 12w, https:\/\/moyahousehold.com\/wp-content\/uploads\/2024\/09\/Lunch-box-details-2-285x285.webp 285w, https:\/\/moyahousehold.com\/wp-content\/uploads\/2024\/09\/Lunch-box-details-2-270x270.webp 270w, https:\/\/moyahousehold.com\/wp-content\/uploads\/2024\/09\/Lunch-box-details-2-540x540.webp 540w, https:\/\/moyahousehold.com\/wp-content\/uploads\/2024\/09\/Lunch-box-details-2-660x660.webp 660w\" sizes=\"(max-width: 1600px) 100vw, 1600px\" \/><\/figure>\n<\/div>\n<\/div>\n\n\n\n<div class=\"wp-block-columns is-layout-flex wp-container-core-columns-is-layout-9d6595d7 wp-block-columns-is-layout-flex\">\n<div class=\"wp-block-column is-layout-flow wp-block-column-is-layout-flow\">\n<figure class=\"wp-block-image size-full\"><img decoding=\"async\" width=\"1600\" height=\"1600\" src=\"https:\/\/moyahousehold.com\/wp-content\/uploads\/2024\/09\/Lunch-box-details-3.webp\" alt=\"Detalles de la fiambrera (3)\" class=\"wp-image-8305\" srcset=\"https:\/\/moyahousehold.com\/wp-content\/uploads\/2024\/09\/Lunch-box-details-3.webp 1600w, https:\/\/moyahousehold.com\/wp-content\/uploads\/2024\/09\/Lunch-box-details-3-300x300.webp 300w, https:\/\/moyahousehold.com\/wp-content\/uploads\/2024\/09\/Lunch-box-details-3-150x150.webp 150w, https:\/\/moyahousehold.com\/wp-content\/uploads\/2024\/09\/Lunch-box-details-3-768x768.webp 768w, https:\/\/moyahousehold.com\/wp-content\/uploads\/2024\/09\/Lunch-box-details-3-12x12.webp 12w, https:\/\/moyahousehold.com\/wp-content\/uploads\/2024\/09\/Lunch-box-details-3-285x285.webp 285w, https:\/\/moyahousehold.com\/wp-content\/uploads\/2024\/09\/Lunch-box-details-3-270x270.webp 270w, https:\/\/moyahousehold.com\/wp-content\/uploads\/2024\/09\/Lunch-box-details-3-540x540.webp 540w, https:\/\/moyahousehold.com\/wp-content\/uploads\/2024\/09\/Lunch-box-details-3-660x660.webp 660w\" sizes=\"(max-width: 1600px) 100vw, 1600px\" \/><\/figure>\n<\/div>\n\n\n\n<div class=\"wp-block-column is-layout-flow wp-block-column-is-layout-flow\">\n<figure class=\"wp-block-image size-full\"><img loading=\"lazy\" decoding=\"async\" width=\"4095\" height=\"4095\" src=\"https:\/\/moyahousehold.com\/wp-content\/uploads\/2024\/09\/Lunch-box-details-4.webp\" alt=\"Detalles de la fiambrera (4)\" class=\"wp-image-8306\" srcset=\"https:\/\/moyahousehold.com\/wp-content\/uploads\/2024\/09\/Lunch-box-details-4.webp 4095w, https:\/\/moyahousehold.com\/wp-content\/uploads\/2024\/09\/Lunch-box-details-4-300x300.webp 300w, https:\/\/moyahousehold.com\/wp-content\/uploads\/2024\/09\/Lunch-box-details-4-150x150.webp 150w, https:\/\/moyahousehold.com\/wp-content\/uploads\/2024\/09\/Lunch-box-details-4-768x768.webp 768w, https:\/\/moyahousehold.com\/wp-content\/uploads\/2024\/09\/Lunch-box-details-4-12x12.webp 12w, https:\/\/moyahousehold.com\/wp-content\/uploads\/2024\/09\/Lunch-box-details-4-285x285.webp 285w, https:\/\/moyahousehold.com\/wp-content\/uploads\/2024\/09\/Lunch-box-details-4-1600x1600.webp 1600w, https:\/\/moyahousehold.com\/wp-content\/uploads\/2024\/09\/Lunch-box-details-4-270x270.webp 270w, https:\/\/moyahousehold.com\/wp-content\/uploads\/2024\/09\/Lunch-box-details-4-540x540.webp 540w, https:\/\/moyahousehold.com\/wp-content\/uploads\/2024\/09\/Lunch-box-details-4-660x660.webp 660w\" sizes=\"(max-width: 4095px) 100vw, 4095px\" \/><\/figure>\n<\/div>\n<\/div>","protected":false},"excerpt":{"rendered":"<p>Ofrecemos una gran variedad de fiambreras, incluidas fiambreras de 3 compartimentos, fiambreras de doble compartimento y fiambreras de 4 compartimentos. Fabricada en acero inoxidable de calidad alimentaria, esta fiambrera es adecuada para almacenar una gran variedad de alimentos fr\u00edos y calientes. Como proveedor profesional de fiambreras, ofrecemos fiambreras al por mayor de alta calidad y servicios de soporte OEM y ODM.<\/p>\n<h2>Caracter\u00edsticas de la fiambrera de acero inoxidable<\/p>\n<\/h2>\n<p><strong>Acero inoxidable 304 Liner:<\/strong> La fiambrera est\u00e1 hecha de acero inoxidable 304 de calidad alimentaria, que es duradero, resistente a la corrosi\u00f3n y m\u00e1s seguro para el almacenamiento de alimentos. Adem\u00e1s, este material es f\u00e1cil de limpiar, inodoro y se puede meter en el lavavajillas para limpiarlo, lo que ahorra tiempo\/.<\/p>\n<p><strong>Fiambrera con compartimentos:<\/strong> Se trata de una fiambrera de 4 compartimentos, cada compartimento se utiliza para guardar diferentes art\u00edculos por separado, y est\u00e1 equipada con recipientes para alimentos, lo que hace que le resulte m\u00e1s c\u00f3modo almacenar alimentos l\u00edquidos.<\/p>\n<p><strong>Port\u00e1til:<\/strong> Esta fiambrera es ligera, f\u00e1cil de transportar y no ocupa mucho espacio, adecuada para actividades al aire libre como el trabajo, la escuela o los viajes.<\/p>\n<p><strong>Respetuoso con el medio ambiente y reutilizable:<\/strong> La fiambrera est\u00e1 hecha de acero inoxidable duradero y otros materiales, lo que puede reducir el uso de fiambreras desechables, lo que resulta rentable tanto para los usuarios como para el medio ambiente.<\/p>\n<p><strong>Servicios mayoristas y personalizados:<\/strong> Ofrecemos servicios de venta al por mayor de fiambreras y apoyamos la personalizaci\u00f3n personalizada. Los clientes pueden elegir capacidad, color, material, logotipo de la marca, etc. seg\u00fan sus necesidades para satisfacer diferentes necesidades personalizadas.<\/p>\n<p>&nbsp;<\/p>","protected":false},"featured_media":8956,"comment_status":"closed","ping_status":"closed","template":"","meta":[],"product_cat":[58],"product_tag":[87],"class_list":{"0":"post-8243","1":"product","2":"type-product","3":"status-publish","4":"has-post-thumbnail","6":"product_cat-lunch-box-wholesale","7":"product_tag-wholesale-multi-compartment-lunch-box","9":"first","10":"instock","11":"shipping-taxable","12":"product-type-simple"},"_links":{"self":[{"href":"https:\/\/moyahousehold.com\/es\/wp-json\/wp\/v2\/product\/8243","targetHints":{"allow":["GET"]}}],"collection":[{"href":"https:\/\/moyahousehold.com\/es\/wp-json\/wp\/v2\/product"}],"about":[{"href":"https:\/\/moyahousehold.com\/es\/wp-json\/wp\/v2\/types\/product"}],"replies":[{"embeddable":true,"href":"https:\/\/moyahousehold.com\/es\/wp-json\/wp\/v2\/comments?post=8243"}],"version-history":[{"count":0,"href":"https:\/\/moyahousehold.com\/es\/wp-json\/wp\/v2\/product\/8243\/revisions"}],"wp:featuredmedia":[{"embeddable":true,"href":"https:\/\/moyahousehold.com\/es\/wp-json\/wp\/v2\/media\/8956"}],"wp:attachment":[{"href":"https:\/\/moyahousehold.com\/es\/wp-json\/wp\/v2\/media?parent=8243"}],"wp:term":[{"taxonomy":"product_cat","embeddable":true,"href":"https:\/\/moyahousehold.com\/es\/wp-json\/wp\/v2\/product_cat?post=8243"},{"taxonomy":"product_tag","embeddable":true,"href":"https:\/\/moyahousehold.com\/es\/wp-json\/wp\/v2\/product_tag?post=8243"}],"curies":[{"name":"wp","href":"https:\/\/api.w.org\/{rel}","templated":true}]}}