{"id":8435,"date":"2024-09-30T01:20:47","date_gmt":"2024-09-30T01:20:47","guid":{"rendered":"https:\/\/moyahousehold.com\/?post_type=product&#038;p=8435"},"modified":"2025-04-15T09:38:56","modified_gmt":"2025-04-15T09:38:56","slug":"wholesale-stainless-steel-thermal-coffee-carafe","status":"publish","type":"product","link":"https:\/\/moyahousehold.com\/es\/producto\/wholesale-stainless-steel-thermal-coffee-carafe\/","title":{"rendered":"Mayorista Jarra T\u00e9rmica de Caf\u00e9 de Acero Inoxidable de 1.2L, Venta de Cafeteras Aisladas a Granel"},"content":{"rendered":"<h3 class=\"wp-block-heading\">Par\u00e1metros de la jarra t\u00e9rmica de caf\u00e9 de acero inoxidable<\/h3>\n\n\n\n<figure class=\"wp-block-table\"><table class=\"has-fixed-layout\"><tbody><tr><td>Producto&nbsp;<\/td><td>Capacidad<\/td><td>Marca<\/td><td>Modelo<\/td><td>Color<\/td><td>Material<\/td><td>Dimensiones<\/td><td>Peso bruto<\/td><\/tr><tr><td>Jarra de caf\u00e9 t\u00e9rmica de estilo italiano<\/td><td>1.2L<\/td><td>MOYA<\/td><td>MY0022<\/td><td>negro,<br>beige,<br>blanco,<br>gris claro<\/td><td>PP, acero inoxidable 304, gel de s\u00edlice<\/td><td>138*130*283cm<\/td><td>1kg<\/td><\/tr><\/tbody><\/table><\/figure>\n\n\n\n<h3 class=\"wp-block-heading\">Opciones de jarra t\u00e9rmica de caf\u00e9 de acero inoxidable personalizada<\/h3>\n\n\n\n<p><strong>Logotipo:<\/strong> personalice el logotipo de su marca en la jarra de caf\u00e9 y el envase.<br><strong>Opciones de logotipo:<\/strong> logotipo impreso, logotipo grabado con l\u00e1ser, etc.<br><strong>Patr\u00f3n:<\/strong> impresi\u00f3n de motivos en la jarra de caf\u00e9.<br><strong>Tecnolog\u00eda de impresi\u00f3n: <\/strong>impresi\u00f3n por transferencia de agua, serigraf\u00eda, impresi\u00f3n por transferencia de calor, transferencia por sublimaci\u00f3n, etc. <br><strong>Embalaje:<\/strong> caja de color<br><a href=\"https:\/\/moyahousehold.com\/es\/solucion-personalizada\/\"><strong>Explore m\u00e1s opciones de jarras de caf\u00e9 personalizadas<\/strong><\/a><\/p>\n\n\n\n<div class=\"wp-block-columns is-layout-flex wp-container-core-columns-is-layout-9d6595d7 wp-block-columns-is-layout-flex\">\n<div class=\"wp-block-column is-layout-flow wp-block-column-is-layout-flow\">\n<figure class=\"wp-block-image size-full\"><img fetchpriority=\"high\" decoding=\"async\" width=\"1600\" height=\"1600\" src=\"https:\/\/moyahousehold.com\/wp-content\/uploads\/2024\/09\/Thermal-coffee-carafe-dimensions.jpg\" alt=\"Dimensiones de la jarra t\u00e9rmica\" class=\"wp-image-8446\" srcset=\"https:\/\/moyahousehold.com\/wp-content\/uploads\/2024\/09\/Thermal-coffee-carafe-dimensions.jpg 1600w, https:\/\/moyahousehold.com\/wp-content\/uploads\/2024\/09\/Thermal-coffee-carafe-dimensions-300x300.jpg 300w, https:\/\/moyahousehold.com\/wp-content\/uploads\/2024\/09\/Thermal-coffee-carafe-dimensions-150x150.jpg 150w, https:\/\/moyahousehold.com\/wp-content\/uploads\/2024\/09\/Thermal-coffee-carafe-dimensions-768x768.jpg 768w, https:\/\/moyahousehold.com\/wp-content\/uploads\/2024\/09\/Thermal-coffee-carafe-dimensions-12x12.jpg 12w, https:\/\/moyahousehold.com\/wp-content\/uploads\/2024\/09\/Thermal-coffee-carafe-dimensions-285x285.jpg 285w, https:\/\/moyahousehold.com\/wp-content\/uploads\/2024\/09\/Thermal-coffee-carafe-dimensions-270x270.jpg 270w, https:\/\/moyahousehold.com\/wp-content\/uploads\/2024\/09\/Thermal-coffee-carafe-dimensions-540x540.jpg 540w, https:\/\/moyahousehold.com\/wp-content\/uploads\/2024\/09\/Thermal-coffee-carafe-dimensions-660x660.jpg 660w\" sizes=\"(max-width: 1600px) 100vw, 1600px\" \/><\/figure>\n<\/div>\n\n\n\n<div class=\"wp-block-column is-layout-flow wp-block-column-is-layout-flow\">\n<figure class=\"wp-block-image size-full\"><img decoding=\"async\" width=\"4160\" height=\"4164\" src=\"https:\/\/moyahousehold.com\/wp-content\/uploads\/2024\/09\/Physical-display-of-thermal-coffee-carafe.jpg\" alt=\"Presentaci\u00f3n f\u00edsica de la jarra t\u00e9rmica de caf\u00e9\" class=\"wp-image-8445\" srcset=\"https:\/\/moyahousehold.com\/wp-content\/uploads\/2024\/09\/Physical-display-of-thermal-coffee-carafe.jpg 4160w, https:\/\/moyahousehold.com\/wp-content\/uploads\/2024\/09\/Physical-display-of-thermal-coffee-carafe-300x300.jpg 300w, https:\/\/moyahousehold.com\/wp-content\/uploads\/2024\/09\/Physical-display-of-thermal-coffee-carafe-150x150.jpg 150w, https:\/\/moyahousehold.com\/wp-content\/uploads\/2024\/09\/Physical-display-of-thermal-coffee-carafe-768x769.jpg 768w, https:\/\/moyahousehold.com\/wp-content\/uploads\/2024\/09\/Physical-display-of-thermal-coffee-carafe-12x12.jpg 12w, https:\/\/moyahousehold.com\/wp-content\/uploads\/2024\/09\/Physical-display-of-thermal-coffee-carafe-285x285.jpg 285w, https:\/\/moyahousehold.com\/wp-content\/uploads\/2024\/09\/Physical-display-of-thermal-coffee-carafe-1600x1602.jpg 1600w, https:\/\/moyahousehold.com\/wp-content\/uploads\/2024\/09\/Physical-display-of-thermal-coffee-carafe-270x270.jpg 270w, https:\/\/moyahousehold.com\/wp-content\/uploads\/2024\/09\/Physical-display-of-thermal-coffee-carafe-540x540.jpg 540w, https:\/\/moyahousehold.com\/wp-content\/uploads\/2024\/09\/Physical-display-of-thermal-coffee-carafe-660x660.jpg 660w\" sizes=\"(max-width: 4160px) 100vw, 4160px\" \/><\/figure>\n<\/div>\n<\/div>","protected":false},"excerpt":{"rendered":"<p>Jarra t\u00e9rmica de caf\u00e9 al por mayor de estilo italiano, su dise\u00f1o est\u00e9tico minimalista la convierte no s\u00f3lo en un recipiente aislante, sino tambi\u00e9n en una obra de arte adecuada para decorar la habitaci\u00f3n. La jarra t\u00e9rmica de caf\u00e9 est\u00e1 fabricada en acero inoxidable de alta calidad, con una textura met\u00e1lica \u00fanica y una vida \u00fatil muy larga. El interior adopta un dise\u00f1o de capa de vac\u00edo, que tiene un buen efecto aislante. Adecuada para restaurantes y familias, los compradores B2B son bienvenidos a ponerse en contacto con nosotros.<\/p>\n<h3>Caracter\u00edsticas y ventajas de la jarra t\u00e9rmica de acero inoxidable para caf\u00e9<\/h3>\n<p><strong>Efecto aislante<\/strong>: La jarra t\u00e9rmica de caf\u00e9 tiene un excelente rendimiento de aislamiento durante 12 horas. El exterior est\u00e1 envasado con material PP, el revestimiento es de acero inoxidable y se combina con un anillo impermeable de silicona para formar un dise\u00f1o de vac\u00edo de doble capa. Esta estructura mejora eficazmente el rendimiento de sellado y aislamiento del producto, garantizando que la bebida mantenga la temperatura durante mucho tiempo.<\/p>\n<p><strong>Gran capacidad<\/strong>: El dise\u00f1o de gran capacidad de 1,2 L es adecuado para el uso familiar diario, sin necesidad de a\u00f1adir agua con frecuencia, y puede satisfacer las necesidades de bebida diarias. Ya se trate de preparar t\u00e9, caf\u00e9 u otras bebidas, se puede satisfacer de una sola vez, especialmente adecuado para reuniones familiares o entretener a los amigos.<\/p>\n<p><strong>Apariencia de moda<\/strong>: Esta jarra de caf\u00e9 t\u00e9rmica combina los conceptos de dise\u00f1o de sencillez y moda, que es a la vez pr\u00e1ctico y decorativo. Sus colores sencillos y elegantes a\u00f1aden un ambiente de moda al escritorio.<\/p>\n<p><strong>Varios colores<\/strong>: La jarra de caf\u00e9 t\u00e9rmica tiene una variedad de colores para elegir para satisfacer las preferencias de los diferentes usuarios, y el aspecto minimalista trae a los usuarios una experiencia visual c\u00f3moda.<\/p>\n<p><strong>Servicio mayorista<\/strong>: Proporcionamos servicio de jarra de caf\u00e9 t\u00e9rmica al por mayor para compradores B2B. Le apoyamos desde la personalizaci\u00f3n, la producci\u00f3n hasta la entrega.<\/p>\n<p><strong>Servicio de personalizaci\u00f3n<\/strong>: Como fabricante profesional de jarra t\u00e9rmica para caf\u00e9, ofrecemos soluciones profesionales de personalizaci\u00f3n. El aspecto, la capacidad, el material y el embalaje de la jarra t\u00e9rmica para caf\u00e9 pueden personalizarse. P\u00f3ngase en contacto con nosotros.<\/p>\n<p><strong><a href=\"https:\/\/moyahousehold.com\/es\/wholesale-1-2l-italian-style-thermal-coffee-carafe\/\" target=\"_blank\" rel=\"noopener\">M\u00e1s informaci\u00f3n sobre la jarra t\u00e9rmica de caf\u00e9 de acero inoxidable de estilo italiano<\/a><\/p>\n<p><\/strong><\/p>","protected":false},"featured_media":8436,"comment_status":"open","ping_status":"closed","template":"","meta":[],"product_cat":[54],"product_tag":[73,85],"class_list":{"0":"post-8435","1":"product","2":"type-product","3":"status-publish","4":"has-post-thumbnail","6":"product_cat-thermal-carafe-wholesale","7":"product_tag-wholesale-1200ml-thermos-carafe","8":"product_tag-wholesale-stainless-steel-liner-thermos-carafe","10":"first","11":"instock","12":"shipping-taxable","13":"product-type-simple"},"_links":{"self":[{"href":"https:\/\/moyahousehold.com\/es\/wp-json\/wp\/v2\/product\/8435","targetHints":{"allow":["GET"]}}],"collection":[{"href":"https:\/\/moyahousehold.com\/es\/wp-json\/wp\/v2\/product"}],"about":[{"href":"https:\/\/moyahousehold.com\/es\/wp-json\/wp\/v2\/types\/product"}],"replies":[{"embeddable":true,"href":"https:\/\/moyahousehold.com\/es\/wp-json\/wp\/v2\/comments?post=8435"}],"version-history":[{"count":0,"href":"https:\/\/moyahousehold.com\/es\/wp-json\/wp\/v2\/product\/8435\/revisions"}],"wp:featuredmedia":[{"embeddable":true,"href":"https:\/\/moyahousehold.com\/es\/wp-json\/wp\/v2\/media\/8436"}],"wp:attachment":[{"href":"https:\/\/moyahousehold.com\/es\/wp-json\/wp\/v2\/media?parent=8435"}],"wp:term":[{"taxonomy":"product_cat","embeddable":true,"href":"https:\/\/moyahousehold.com\/es\/wp-json\/wp\/v2\/product_cat?post=8435"},{"taxonomy":"product_tag","embeddable":true,"href":"https:\/\/moyahousehold.com\/es\/wp-json\/wp\/v2\/product_tag?post=8435"}],"curies":[{"name":"wp","href":"https:\/\/api.w.org\/{rel}","templated":true}]}}