{"id":8450,"date":"2024-09-30T02:24:47","date_gmt":"2024-09-30T02:24:47","guid":{"rendered":"https:\/\/moyahousehold.com\/?post_type=product&#038;p=8450"},"modified":"2025-04-19T09:24:49","modified_gmt":"2025-04-19T09:24:49","slug":"wholesale-1l-arabic-style-thermos-kettle","status":"publish","type":"product","link":"https:\/\/moyahousehold.com\/es\/producto\/wholesale-1l-arabic-style-thermos-kettle\/","title":{"rendered":"Venta al por mayor 1.0L estilo \u00e1rabe termo hervidor, a granel termo jarra de vac\u00edo para la venta, apoyo OEM y ODM"},"content":{"rendered":"<h3 class=\"wp-block-heading\">Par\u00e1metros del termo hervidor estilo \u00e1rabe de 1.0L<\/h3>\n\n\n\n<figure class=\"wp-block-table\"><table class=\"has-fixed-layout\"><tbody><tr><td>Producto&nbsp;<\/td><td>Capacidad<\/td><td>Marca<\/td><td>Modelo<\/td><td>Color<\/td><td>Material<\/td><td>Dimensiones<\/td><td>Peso bruto<\/td><\/tr><tr><td>Cafetera aislada de estilo \u00e1rabe<\/td><td>1.0L<\/td><td>MOYA<\/td><td>Jarra termo \u00e1rabe<\/td><td>negro<br>beige<br>gris oscuro<\/td><td>PP, acero inoxidable 304, gel de s\u00edlice, haya<\/td><td>170*170*246<\/td><td>0.5<\/td><\/tr><\/tbody><\/table><\/figure>\n\n\n\n<h3 class=\"wp-block-heading\">Opciones de termos personalizados<\/h3>\n\n\n\n<p><strong>Logotipo: <\/strong>Personalice el logotipo de su marca en cafeteras isot\u00e9rmicas y envases.<br><strong>Opciones de logotipo: <\/strong>logotipo impreso, logotipo grabado con l\u00e1ser, etc.<br><strong>Patr\u00f3n: <\/strong>Impresi\u00f3n de motivos en cafeteras aisladas.<br><strong>Tecnolog\u00eda de impresi\u00f3n:<\/strong> impresi\u00f3n por transferencia de agua, serigraf\u00eda, impresi\u00f3n por transferencia de calor, transferencia por sublimaci\u00f3n, etc. <br><strong>Paquete:<\/strong> caja de color<br><a href=\"https:\/\/moyahousehold.com\/es\/solucion-personalizada\/\"><strong>Explore m\u00e1s opciones de hervidores t\u00e9rmicos personalizados<\/strong><\/a><\/p>\n\n\n\n<div class=\"wp-block-columns is-layout-flex wp-container-core-columns-is-layout-9d6595d7 wp-block-columns-is-layout-flex\">\n<div class=\"wp-block-column is-layout-flow wp-block-column-is-layout-flow\">\n<figure class=\"wp-block-image size-full\"><img fetchpriority=\"high\" decoding=\"async\" width=\"1500\" height=\"1500\" src=\"https:\/\/moyahousehold.com\/wp-content\/uploads\/2024\/09\/Arabic-style-thermos-kettle-detail1.jpg\" alt=\"Detalle termo hervidor estilo \u00e1rabe(1)\" class=\"wp-image-10006\" srcset=\"https:\/\/moyahousehold.com\/wp-content\/uploads\/2024\/09\/Arabic-style-thermos-kettle-detail1.jpg 1500w, https:\/\/moyahousehold.com\/wp-content\/uploads\/2024\/09\/Arabic-style-thermos-kettle-detail1-300x300.jpg 300w, https:\/\/moyahousehold.com\/wp-content\/uploads\/2024\/09\/Arabic-style-thermos-kettle-detail1-150x150.jpg 150w, https:\/\/moyahousehold.com\/wp-content\/uploads\/2024\/09\/Arabic-style-thermos-kettle-detail1-768x768.jpg 768w, https:\/\/moyahousehold.com\/wp-content\/uploads\/2024\/09\/Arabic-style-thermos-kettle-detail1-12x12.jpg 12w, https:\/\/moyahousehold.com\/wp-content\/uploads\/2024\/09\/Arabic-style-thermos-kettle-detail1-285x285.jpg 285w, https:\/\/moyahousehold.com\/wp-content\/uploads\/2024\/09\/Arabic-style-thermos-kettle-detail1-270x270.jpg 270w, https:\/\/moyahousehold.com\/wp-content\/uploads\/2024\/09\/Arabic-style-thermos-kettle-detail1-540x540.jpg 540w, https:\/\/moyahousehold.com\/wp-content\/uploads\/2024\/09\/Arabic-style-thermos-kettle-detail1-660x660.jpg 660w\" sizes=\"(max-width: 1500px) 100vw, 1500px\" \/><\/figure>\n<\/div>\n\n\n\n<div class=\"wp-block-column is-layout-flow wp-block-column-is-layout-flow\">\n<figure class=\"wp-block-image size-full\"><img decoding=\"async\" width=\"2240\" height=\"2240\" src=\"https:\/\/moyahousehold.com\/wp-content\/uploads\/2024\/09\/Arabic-style-thermos-kettle-detail2.jpg\" alt=\"Detalle termo hervidor estilo \u00e1rabe(2)\" class=\"wp-image-10007\" srcset=\"https:\/\/moyahousehold.com\/wp-content\/uploads\/2024\/09\/Arabic-style-thermos-kettle-detail2.jpg 2240w, https:\/\/moyahousehold.com\/wp-content\/uploads\/2024\/09\/Arabic-style-thermos-kettle-detail2-300x300.jpg 300w, https:\/\/moyahousehold.com\/wp-content\/uploads\/2024\/09\/Arabic-style-thermos-kettle-detail2-150x150.jpg 150w, https:\/\/moyahousehold.com\/wp-content\/uploads\/2024\/09\/Arabic-style-thermos-kettle-detail2-768x768.jpg 768w, https:\/\/moyahousehold.com\/wp-content\/uploads\/2024\/09\/Arabic-style-thermos-kettle-detail2-12x12.jpg 12w, https:\/\/moyahousehold.com\/wp-content\/uploads\/2024\/09\/Arabic-style-thermos-kettle-detail2-285x285.jpg 285w, https:\/\/moyahousehold.com\/wp-content\/uploads\/2024\/09\/Arabic-style-thermos-kettle-detail2-1600x1600.jpg 1600w, https:\/\/moyahousehold.com\/wp-content\/uploads\/2024\/09\/Arabic-style-thermos-kettle-detail2-270x270.jpg 270w, https:\/\/moyahousehold.com\/wp-content\/uploads\/2024\/09\/Arabic-style-thermos-kettle-detail2-540x540.jpg 540w, https:\/\/moyahousehold.com\/wp-content\/uploads\/2024\/09\/Arabic-style-thermos-kettle-detail2-660x660.jpg 660w\" sizes=\"(max-width: 2240px) 100vw, 2240px\" \/><\/figure>\n<\/div>\n<\/div>","protected":false},"excerpt":{"rendered":"<p>Mayorista de termos de estilo \u00e1rabe, este termo incorpora elementos culturales \u00e1rabes tradicionales, a\u00f1adiendo un encanto \u00fanico a la decoraci\u00f3n de su cocina o sal\u00f3n. El tanque interior est\u00e1 hecho de acero inoxidable de calidad alimentaria, que tiene buena conservaci\u00f3n del calor y resistencia a la corrosi\u00f3n. Ofrecemos servicios de OEM y ODM, p\u00f3ngase en contacto con nosotros.<\/p>\n<h3>Caracter\u00edsticas del termo hervidor estilo \u00e1rabe de 1,0L<\/h3>\n<p><strong>Dise\u00f1o de estilo \u00e1rabe:<\/strong> Este termo hervidor adopta la forma tradicional \u00e1rabe de las teteras, exuda un fuerte estilo \u00e1rabe y a\u00f1ade encanto a la decoraci\u00f3n de su hogar.<\/p>\n<p><strong>Revestimiento de acero inoxidable<\/strong>: Este termo de estilo \u00e1rabe adopta un revestimiento de acero inoxidable al vac\u00edo, que tiene un excelente rendimiento de conservaci\u00f3n del calor y conservaci\u00f3n del fr\u00edo.<\/p>\n<p><strong>Dise\u00f1o pr\u00e1ctico:<\/strong> Este hervidor termo de estilo \u00e1rabe adopta un dise\u00f1o de pulsaci\u00f3n de un bot\u00f3n, y el agua puede descargarse r\u00e1pidamente con s\u00f3lo una ligera pulsaci\u00f3n.<\/p>\n<p><strong>M\u00faltiples opciones de estilo:<\/strong> Ofrecemos diversas opciones de color, como negro, beige o gris oscuro, para satisfacer las preferencias de los distintos usuarios.<\/p>\n<p><strong>Servicio mayorista:<\/strong> Suministramos termos al por mayor a precios de f\u00e1brica, admitimos compras al por mayor y compras de lotes peque\u00f1os, adecuados para mayoristas, distribuidores y minoristas.<\/p>\n<p><strong>Servicio a medida:<\/strong> Como fabricante profesional de termos para caf\u00e9, ofrecemos soluciones profesionales personalizadas. El aspecto, la capacidad, el material y el embalaje de la cafetera termo pueden personalizarse. Cree una cafetera termo de marca exclusiva para usted.<\/p>\n<p><strong><a href=\"https:\/\/moyahousehold.com\/es\/wholesale-1l-arabic-style-thermos-kettle-introduction\/\" target=\"_blank\" rel=\"noopener\">M\u00e1s informaci\u00f3n sobre la tetera termo de estilo \u00e1rabe.<\/a><\/p>\n<p><\/strong><\/p>","protected":false},"featured_media":10008,"comment_status":"closed","ping_status":"closed","template":"","meta":[],"product_cat":[54],"product_tag":[66,85],"class_list":{"0":"post-8450","1":"product","2":"type-product","3":"status-publish","4":"has-post-thumbnail","6":"product_cat-thermal-carafe-wholesale","7":"product_tag-wholesale-1000ml-thermos-carafe","8":"product_tag-wholesale-stainless-steel-liner-thermos-carafe","10":"first","11":"instock","12":"shipping-taxable","13":"product-type-simple"},"_links":{"self":[{"href":"https:\/\/moyahousehold.com\/es\/wp-json\/wp\/v2\/product\/8450","targetHints":{"allow":["GET"]}}],"collection":[{"href":"https:\/\/moyahousehold.com\/es\/wp-json\/wp\/v2\/product"}],"about":[{"href":"https:\/\/moyahousehold.com\/es\/wp-json\/wp\/v2\/types\/product"}],"replies":[{"embeddable":true,"href":"https:\/\/moyahousehold.com\/es\/wp-json\/wp\/v2\/comments?post=8450"}],"version-history":[{"count":0,"href":"https:\/\/moyahousehold.com\/es\/wp-json\/wp\/v2\/product\/8450\/revisions"}],"wp:featuredmedia":[{"embeddable":true,"href":"https:\/\/moyahousehold.com\/es\/wp-json\/wp\/v2\/media\/10008"}],"wp:attachment":[{"href":"https:\/\/moyahousehold.com\/es\/wp-json\/wp\/v2\/media?parent=8450"}],"wp:term":[{"taxonomy":"product_cat","embeddable":true,"href":"https:\/\/moyahousehold.com\/es\/wp-json\/wp\/v2\/product_cat?post=8450"},{"taxonomy":"product_tag","embeddable":true,"href":"https:\/\/moyahousehold.com\/es\/wp-json\/wp\/v2\/product_tag?post=8450"}],"curies":[{"name":"wp","href":"https:\/\/api.w.org\/{rel}","templated":true}]}}