{"id":9198,"date":"2024-11-19T10:25:01","date_gmt":"2024-11-17T02:31:09","guid":{"rendered":"https:\/\/moyahousehold.com\/?post_type=product&#038;p=9198"},"modified":"2025-02-05T09:56:47","modified_gmt":"2025-02-05T09:56:47","slug":"wholesale-stainless-steel-kitchen-food-containers","status":"publish","type":"product","link":"https:\/\/moyahousehold.com\/es\/producto\/wholesale-stainless-steel-kitchen-food-containers\/","title":{"rendered":"Venta al por mayor de recipientes de acero inoxidable para comida de cocina , Recipientes a granel para comida de picnic"},"content":{"rendered":"<div class=\"wp-block-columns is-layout-flex wp-container-core-columns-is-layout-9d6595d7 wp-block-columns-is-layout-flex\">\n<div class=\"wp-block-column is-layout-flow wp-block-column-is-layout-flow\">\n<h3 class=\"wp-block-heading\">Par\u00e1metros de los recipientes de acero inoxidable para alimentos de cocina<\/h3>\n\n\n\n<figure class=\"wp-block-table\"><table><tbody><tr><td>Art\u00edculo NO<\/td><td>Capacidad<\/td><td>Talla\/PCS<\/td><td>PCS\/Caja<\/td><td>N.W.\/PCS<\/td><td>G.W.\/Caso<\/td><\/tr><tr><td>MYJD126<\/td><td>420 ml<\/td><td>13.3*9.6*5.6<\/td><td>80<\/td><td>14<\/td><td>0.15<\/td><\/tr><tr><td>MYJD127<\/td><td>660 ml<\/td><td>13.3*9.6*8.2<\/td><td>80<\/td><td>14.8<\/td><td>0.16<\/td><\/tr><tr><td>MYJD128<\/td><td>900 ml<\/td><td>13.3*9.6*10.7<\/td><td>60<\/td><td>14<\/td><td>0.2<\/td><\/tr><tr><td>MYJD129<\/td><td>1000 ml<\/td><td>20.3*13.5*5.7<\/td><td>60<\/td><td>17<\/td><td>0.25<\/td><\/tr><tr><td>MYJD130<\/td><td>1600 ml<\/td><td>20.3*13.5*8.2<\/td><td>60<\/td><td>18.8<\/td><td>0.28<\/td><\/tr><tr><td>MYJD131<\/td><td>2100 ml<\/td><td>20.3*13.5*10.7<\/td><td>48<\/td><td>18.32<\/td><td>0.34<\/td><\/tr><tr><td>MYJD132<\/td><td>2400 ml<\/td><td>27.5*20.2*6<\/td><td>48<\/td><td>25.52<\/td><td>0.49<\/td><\/tr><tr><td>MYJD133<\/td><td>3500 ml<\/td><td>27.5*20.2*8.2<\/td><td>36<\/td><td>22.52<\/td><td>0.57<\/td><\/tr><tr><td>MYJD134<\/td><td>4600 ml<\/td><td>27.5*20.2*10.7<\/td><td>24<\/td><td>17.12<\/td><td>0.63<\/td><\/tr><\/tbody><\/table><\/figure>\n<\/div>\n<\/div>\n\n\n\n<h3 class=\"wp-block-heading\">Opciones de envases personalizados para alimentos<\/h3>\n\n\n\n<p><strong>Logotipo:<\/strong> personalice el logotipo de su marca en envases y embalajes alimentarios.<br><strong>Tapa: <\/strong>Tapa de vidrio, tapa de PP<br><strong>Opciones de logotipo:<\/strong> logotipo impreso, logotipo grabado con l\u00e1ser, etc.<br><strong>Patr\u00f3n:<\/strong> impresi\u00f3n de motivos en recipientes para alimentos.<br><strong>Tecnolog\u00eda de impresi\u00f3n:<\/strong> impresi\u00f3n por transferencia de agua, serigraf\u00eda, impresi\u00f3n por transferencia de calor, etc.<br><strong>Embalaje:<\/strong>caja de color<br><a href=\"https:\/\/moyahousehold.com\/es\/solucion-personalizada\/\" data-type=\"page\" data-id=\"2817\"><strong>M\u00e1s informaci\u00f3n sobre contenedores personalizados para alimentos<\/strong><\/a>.<\/p>\n\n\n\n<div class=\"wp-block-columns is-layout-flex wp-container-core-columns-is-layout-9d6595d7 wp-block-columns-is-layout-flex\">\n<div class=\"wp-block-column is-layout-flow wp-block-column-is-layout-flow\">\n<figure class=\"wp-block-image size-full\"><img fetchpriority=\"high\" decoding=\"async\" width=\"1500\" height=\"1500\" src=\"https:\/\/moyahousehold.com\/wp-content\/uploads\/2024\/11\/stainless-steel-kitchen-food-containers-1.jpg\" alt=\"recipientes de acero inoxidable para alimentos de cocina (1)\" class=\"wp-image-9396\" srcset=\"https:\/\/moyahousehold.com\/wp-content\/uploads\/2024\/11\/stainless-steel-kitchen-food-containers-1.jpg 1500w, https:\/\/moyahousehold.com\/wp-content\/uploads\/2024\/11\/stainless-steel-kitchen-food-containers-1-300x300.jpg 300w, https:\/\/moyahousehold.com\/wp-content\/uploads\/2024\/11\/stainless-steel-kitchen-food-containers-1-150x150.jpg 150w, https:\/\/moyahousehold.com\/wp-content\/uploads\/2024\/11\/stainless-steel-kitchen-food-containers-1-768x768.jpg 768w, https:\/\/moyahousehold.com\/wp-content\/uploads\/2024\/11\/stainless-steel-kitchen-food-containers-1-12x12.jpg 12w, https:\/\/moyahousehold.com\/wp-content\/uploads\/2024\/11\/stainless-steel-kitchen-food-containers-1-285x285.jpg 285w, https:\/\/moyahousehold.com\/wp-content\/uploads\/2024\/11\/stainless-steel-kitchen-food-containers-1-270x270.jpg 270w, https:\/\/moyahousehold.com\/wp-content\/uploads\/2024\/11\/stainless-steel-kitchen-food-containers-1-540x540.jpg 540w, https:\/\/moyahousehold.com\/wp-content\/uploads\/2024\/11\/stainless-steel-kitchen-food-containers-1-660x660.jpg 660w\" sizes=\"(max-width: 1500px) 100vw, 1500px\" \/><\/figure>\n<\/div>\n\n\n\n<div class=\"wp-block-column is-layout-flow wp-block-column-is-layout-flow\">\n<figure class=\"wp-block-image size-full\"><img decoding=\"async\" width=\"1500\" height=\"1500\" src=\"https:\/\/moyahousehold.com\/wp-content\/uploads\/2024\/11\/stainless-steel-kitchen-food-containers-2.jpg\" alt=\"recipientes de acero inoxidable para alimentos de cocina (2)\" class=\"wp-image-9397\" srcset=\"https:\/\/moyahousehold.com\/wp-content\/uploads\/2024\/11\/stainless-steel-kitchen-food-containers-2.jpg 1500w, https:\/\/moyahousehold.com\/wp-content\/uploads\/2024\/11\/stainless-steel-kitchen-food-containers-2-300x300.jpg 300w, https:\/\/moyahousehold.com\/wp-content\/uploads\/2024\/11\/stainless-steel-kitchen-food-containers-2-150x150.jpg 150w, https:\/\/moyahousehold.com\/wp-content\/uploads\/2024\/11\/stainless-steel-kitchen-food-containers-2-768x768.jpg 768w, https:\/\/moyahousehold.com\/wp-content\/uploads\/2024\/11\/stainless-steel-kitchen-food-containers-2-12x12.jpg 12w, https:\/\/moyahousehold.com\/wp-content\/uploads\/2024\/11\/stainless-steel-kitchen-food-containers-2-285x285.jpg 285w, https:\/\/moyahousehold.com\/wp-content\/uploads\/2024\/11\/stainless-steel-kitchen-food-containers-2-270x270.jpg 270w, https:\/\/moyahousehold.com\/wp-content\/uploads\/2024\/11\/stainless-steel-kitchen-food-containers-2-540x540.jpg 540w, https:\/\/moyahousehold.com\/wp-content\/uploads\/2024\/11\/stainless-steel-kitchen-food-containers-2-660x660.jpg 660w\" sizes=\"(max-width: 1500px) 100vw, 1500px\" \/><\/figure>\n<\/div>\n<\/div>","protected":false},"excerpt":{"rendered":"<p>Mayorista de recipientes de acero inoxidable de alta calidad para alimentos de cocina, este recipiente multifuncional para alimentos es a la vez pr\u00e1ctico y elegante, \u00a1dise\u00f1ado para almacenamiento y picnics al aire libre! Hecho de acero inoxidable de alta calidad, dise\u00f1o a prueba de fugas, mantiene eficazmente los alimentos frescos. Hay nueve tama\u00f1os disponibles, adecuados para cocinas dom\u00e9sticas, cenas fuera o necesidades de negocios de catering. Tanto si se utiliza para preparar comidas, almacenar sobras o llevarlo consigo, este recipiente para alimentos es muy adecuado.<\/p>\n<h3>Caracter\u00edsticas de los recipientes de colores para alimentos<\/h3>\n<p><strong>Disponible en varias tallas: <\/strong>Este juego de recipientes de acero inoxidable para alimentos viene en varios tama\u00f1os, desde peque\u00f1os y port\u00e1tiles hasta de gran capacidad, adecuados para las diferentes necesidades de comida de toda la familia. El tama\u00f1o grande es adecuado para sobras o trozos grandes de comida, y el peque\u00f1o es pr\u00e1ctico para llevar comidas peque\u00f1as o aperitivos. Este variado dise\u00f1o es adecuado tanto para uso dom\u00e9stico como comercial.<\/p>\n<p><strong>M\u00faltiples usos:<\/strong> El contenedor de alimentos de acero inoxidable no s\u00f3lo puede contener el almuerzo o la cena, sino tambi\u00e9n refrigerar las sobras, calentarlas en el microondas en la oficina, y tambi\u00e9n se puede utilizar como contenedor de almacenamiento de alimentos para picnic. Hace la vida m\u00e1s c\u00f3moda.<\/p>\n<p><strong>Materiales de alta calidad:<\/strong> El revestimiento interior del contenedor de alimentos es de acero inoxidable, muy resistente a la corrosi\u00f3n y duradero. Puede almacenar con seguridad diversos alimentos y no reacciona con ellos. En comparaci\u00f3n con las fiambreras de pl\u00e1stico, el acero inoxidable es m\u00e1s sano y respetuoso con el medio ambiente, apto para un uso prolongado.<\/p>\n<p><strong>Dise\u00f1o elegante:<\/strong> Este recipiente de acero inoxidable para alimentos de cocina tiene un dise\u00f1o sencillo y elegante que se ajusta a la est\u00e9tica moderna. Ofrecemos dos colores exteriores, beige y amarillo. Especialmente indicado para usuarios que persiguen la calidad de vida.<\/p>","protected":false},"featured_media":9379,"comment_status":"closed","ping_status":"closed","template":"","meta":[],"product_cat":[57],"product_tag":[95,99],"class_list":{"0":"post-9198","1":"product","2":"type-product","3":"status-publish","4":"has-post-thumbnail","6":"product_cat-food-storage-container-wholesale","7":"product_tag-wholesale-food-storage-containers-with-date-dial","8":"product_tag-wholesale-rectangle-food-storage-containers","10":"first","11":"instock","12":"shipping-taxable","13":"product-type-simple"},"_links":{"self":[{"href":"https:\/\/moyahousehold.com\/es\/wp-json\/wp\/v2\/product\/9198","targetHints":{"allow":["GET"]}}],"collection":[{"href":"https:\/\/moyahousehold.com\/es\/wp-json\/wp\/v2\/product"}],"about":[{"href":"https:\/\/moyahousehold.com\/es\/wp-json\/wp\/v2\/types\/product"}],"replies":[{"embeddable":true,"href":"https:\/\/moyahousehold.com\/es\/wp-json\/wp\/v2\/comments?post=9198"}],"version-history":[{"count":0,"href":"https:\/\/moyahousehold.com\/es\/wp-json\/wp\/v2\/product\/9198\/revisions"}],"wp:featuredmedia":[{"embeddable":true,"href":"https:\/\/moyahousehold.com\/es\/wp-json\/wp\/v2\/media\/9379"}],"wp:attachment":[{"href":"https:\/\/moyahousehold.com\/es\/wp-json\/wp\/v2\/media?parent=9198"}],"wp:term":[{"taxonomy":"product_cat","embeddable":true,"href":"https:\/\/moyahousehold.com\/es\/wp-json\/wp\/v2\/product_cat?post=9198"},{"taxonomy":"product_tag","embeddable":true,"href":"https:\/\/moyahousehold.com\/es\/wp-json\/wp\/v2\/product_tag?post=9198"}],"curies":[{"name":"wp","href":"https:\/\/api.w.org\/{rel}","templated":true}]}}