{"id":9226,"date":"2024-11-20T10:07:21","date_gmt":"2024-11-17T03:24:38","guid":{"rendered":"https:\/\/moyahousehold.com\/?post_type=product&#038;p=9226"},"modified":"2025-03-05T10:08:35","modified_gmt":"2025-03-05T10:08:35","slug":"wholesale-stainless-steel-food-containers-for-restaurants","status":"publish","type":"product","link":"https:\/\/moyahousehold.com\/es\/producto\/wholesale-stainless-steel-food-containers-for-restaurants\/","title":{"rendered":"Mayorista de Contenedores de Acero Inoxidable para Restaurantes, Contenedores de Acero Inoxidable Microondable para Restaurantes en Venta"},"content":{"rendered":"<div class=\"wp-block-columns is-layout-flex wp-container-core-columns-is-layout-9d6595d7 wp-block-columns-is-layout-flex\">\n<div class=\"wp-block-column is-layout-flow wp-block-column-is-layout-flow\">\n<h3 class=\"wp-block-heading\">Par\u00e1metros de los contenedores de comida para restaurantes<\/h3>\n\n\n\n<figure class=\"wp-block-table\"><table><tbody><tr><td>Art\u00edculo NO<\/td><td>Capacidad<\/td><td>Talla\/PCS<\/td><td>PCS\/Caja<\/td><td>N.W.\/PCS<\/td><td>G.W.\/Caso<\/td><\/tr><tr><td>MYJD126<\/td><td>420 ml<\/td><td>13.3*9.6*5.6<\/td><td>80<\/td><td>14<\/td><td>0.15<\/td><\/tr><tr><td>MYJD127<\/td><td>660 ml<\/td><td>13.3*9.6*8.2<\/td><td>80<\/td><td>14.8<\/td><td>0.16<\/td><\/tr><tr><td>MYJD128<\/td><td>900 ml<\/td><td>13.3*9.6*10.7<\/td><td>60<\/td><td>14<\/td><td>0.2<\/td><\/tr><tr><td>MYJD129<\/td><td>1000 ml<\/td><td>20.3*13.5*5.7<\/td><td>60<\/td><td>17<\/td><td>0.25<\/td><\/tr><tr><td>MYJD130<\/td><td>1600 ml<\/td><td>20.3*13.5*8.2<\/td><td>60<\/td><td>18.8<\/td><td>0.28<\/td><\/tr><tr><td>MYJD131<\/td><td>2100 ml<\/td><td>20.3*13.5*10.7<\/td><td>48<\/td><td>18.32<\/td><td>0.34<\/td><\/tr><tr><td>MYJD132<\/td><td>2400 ml<\/td><td>27.5*20.2*6<\/td><td>48<\/td><td>25.52<\/td><td>0.49<\/td><\/tr><tr><td>MYJD133<\/td><td>3500 ml<\/td><td>27.5*20.2*8.2<\/td><td>36<\/td><td>22.52<\/td><td>0.57<\/td><\/tr><tr><td>MYJD134<\/td><td>4600 ml<\/td><td>27.5*20.2*10.7<\/td><td>24<\/td><td>17.12<\/td><td>0.63<\/td><\/tr><\/tbody><\/table><\/figure>\n<\/div>\n<\/div>\n\n\n\n<h3 class=\"wp-block-heading\">Opciones de envases personalizados para alimentos<\/h3>\n\n\n\n<p><strong>Logotipo:<\/strong> personalice el logotipo de su marca en envases y embalajes para almacenamiento de alimentos.<br><strong>Tapa: <\/strong>Tapa de vidrio, tapa de PP<br><strong>Opciones de logotipo:<\/strong> logotipo impreso, logotipo grabado con l\u00e1ser, etc.<br><strong>Patr\u00f3n:<\/strong> impresi\u00f3n de motivos en recipientes para alimentos.<br><strong>Tecnolog\u00eda de impresi\u00f3n:<\/strong> impresi\u00f3n por transferencia de agua, serigraf\u00eda, impresi\u00f3n por transferencia de calor, etc.<br><strong>Embalaje:<\/strong>caja de color<br><a href=\"https:\/\/moyahousehold.com\/es\/solucion-personalizada\/\" data-type=\"page\" data-id=\"2817\"><strong>M\u00e1s informaci\u00f3n sobre contenedores personalizados para alimentos<\/strong><\/a>.<\/p>\n\n\n\n<div class=\"wp-block-columns is-layout-flex wp-container-core-columns-is-layout-9d6595d7 wp-block-columns-is-layout-flex\">\n<div class=\"wp-block-column is-layout-flow wp-block-column-is-layout-flow\">\n<figure class=\"wp-block-image size-full\"><img fetchpriority=\"high\" decoding=\"async\" width=\"1500\" height=\"1500\" src=\"https:\/\/moyahousehold.com\/wp-content\/uploads\/2024\/11\/stainless-steel-food-containers-for-restaurants-1.jpg\" alt=\"contenedores de acero inoxidable para restaurantes (1)\" class=\"wp-image-9414\" srcset=\"https:\/\/moyahousehold.com\/wp-content\/uploads\/2024\/11\/stainless-steel-food-containers-for-restaurants-1.jpg 1500w, https:\/\/moyahousehold.com\/wp-content\/uploads\/2024\/11\/stainless-steel-food-containers-for-restaurants-1-300x300.jpg 300w, https:\/\/moyahousehold.com\/wp-content\/uploads\/2024\/11\/stainless-steel-food-containers-for-restaurants-1-150x150.jpg 150w, https:\/\/moyahousehold.com\/wp-content\/uploads\/2024\/11\/stainless-steel-food-containers-for-restaurants-1-768x768.jpg 768w, https:\/\/moyahousehold.com\/wp-content\/uploads\/2024\/11\/stainless-steel-food-containers-for-restaurants-1-12x12.jpg 12w, https:\/\/moyahousehold.com\/wp-content\/uploads\/2024\/11\/stainless-steel-food-containers-for-restaurants-1-285x285.jpg 285w, https:\/\/moyahousehold.com\/wp-content\/uploads\/2024\/11\/stainless-steel-food-containers-for-restaurants-1-270x270.jpg 270w, https:\/\/moyahousehold.com\/wp-content\/uploads\/2024\/11\/stainless-steel-food-containers-for-restaurants-1-540x540.jpg 540w, https:\/\/moyahousehold.com\/wp-content\/uploads\/2024\/11\/stainless-steel-food-containers-for-restaurants-1-660x660.jpg 660w\" sizes=\"(max-width: 1500px) 100vw, 1500px\" \/><\/figure>\n<\/div>\n\n\n\n<div class=\"wp-block-column is-layout-flow wp-block-column-is-layout-flow\">\n<figure class=\"wp-block-image size-full\"><img decoding=\"async\" width=\"1500\" height=\"1500\" src=\"https:\/\/moyahousehold.com\/wp-content\/uploads\/2024\/11\/stainless-steel-food-containers-for-restaurants-2.jpg\" alt=\"contenedores de acero inoxidable para restaurantes (2)\" class=\"wp-image-9426\" srcset=\"https:\/\/moyahousehold.com\/wp-content\/uploads\/2024\/11\/stainless-steel-food-containers-for-restaurants-2.jpg 1500w, https:\/\/moyahousehold.com\/wp-content\/uploads\/2024\/11\/stainless-steel-food-containers-for-restaurants-2-300x300.jpg 300w, https:\/\/moyahousehold.com\/wp-content\/uploads\/2024\/11\/stainless-steel-food-containers-for-restaurants-2-150x150.jpg 150w, https:\/\/moyahousehold.com\/wp-content\/uploads\/2024\/11\/stainless-steel-food-containers-for-restaurants-2-768x768.jpg 768w, https:\/\/moyahousehold.com\/wp-content\/uploads\/2024\/11\/stainless-steel-food-containers-for-restaurants-2-12x12.jpg 12w, https:\/\/moyahousehold.com\/wp-content\/uploads\/2024\/11\/stainless-steel-food-containers-for-restaurants-2-285x285.jpg 285w, https:\/\/moyahousehold.com\/wp-content\/uploads\/2024\/11\/stainless-steel-food-containers-for-restaurants-2-270x270.jpg 270w, https:\/\/moyahousehold.com\/wp-content\/uploads\/2024\/11\/stainless-steel-food-containers-for-restaurants-2-540x540.jpg 540w, https:\/\/moyahousehold.com\/wp-content\/uploads\/2024\/11\/stainless-steel-food-containers-for-restaurants-2-660x660.jpg 660w\" sizes=\"(max-width: 1500px) 100vw, 1500px\" \/><\/figure>\n<\/div>\n<\/div>","protected":false},"excerpt":{"rendered":"<p>Mayorista Recipiente de Acero Inoxidable Microondable para Comida de Restaurante. Este contenedor de alimentos de acero inoxidable es duradero, pr\u00e1ctico y bonito, adecuado para el hogar, el restaurante y el uso al aire libre. Comercialmente, puede reducir el coste de sustituci\u00f3n de la vajilla y mejorar la imagen de marca. Al mismo tiempo, como <a href=\"https:\/\/moyahousehold.com\/es\/categoria-de-productos\/food-storage-container-wholesale\/\" target=\"_blank\" rel=\"noopener\"><strong>fabricante de envases alimentarios<\/strong><\/a>En la actualidad, ofrecemos servicios de producci\u00f3n en serie y personalizaci\u00f3n, y podemos ajustar el tama\u00f1o, la forma o la funci\u00f3n de la tapa en funci\u00f3n de las necesidades de los clientes comerciales para satisfacer las necesidades de personalizaci\u00f3n.<\/p>\n<h3>Caracter\u00edsticas de los contenedores de comida para restaurantes<\/h3>\n<p><strong>Acero inoxidable de alta calidad:<\/strong> Este recipiente para comida de restaurante est\u00e1 fabricado con materiales de primera calidad y soporta sin problemas los ara\u00f1azos, la corrosi\u00f3n y el desgaste diario, por lo que resulta adecuado tanto para uso dom\u00e9stico como comercial.<\/p>\n<p>&nbsp;<\/p>\n<p><strong>Dise\u00f1o apilable \u00fanico:<\/strong> Maximiza el aprovechamiento del espacio durante el almacenamiento y el uso, especialmente adecuado para cocinas y frigor\u00edficos con espacio limitado, ahorrando espacio y manteniendo el orden.<\/p>\n<p>&nbsp;<\/p>\n<p><strong>M\u00faltiples especificaciones:<\/strong> Este contenedor de alimentos de acero inoxidable tiene una variedad de dise\u00f1os de productos, cubriendo una variedad de especificaciones, desde peque\u00f1os aperitivos hasta grandes platos principales, satisfaciendo diversas necesidades de almacenamiento, ya sea una mesa de comedor familiar, un picnic al aire libre o la cocina de un restaurante, puede encontrar una opci\u00f3n adecuada.<\/p>\n<p>&nbsp;<\/p>\n<p><strong>F\u00e1cil de limpiar:<\/strong> La superficie de acero inoxidable es lisa y resistente a las manchas, y las manchas de aceite pueden eliminarse f\u00e1cilmente. Tambi\u00e9n es compatible con lavavajillas, por lo que la limpieza ahorra tiempo y evita preocupaciones.<\/p>\n<p>&nbsp;<\/p>\n<p><strong>Dise\u00f1o de tapa transparente:<\/strong> Puede ver los alimentos en el recipiente de un vistazo, evitar la oxidaci\u00f3n de los alimentos causada por la apertura frecuente de la tapa y mantener los alimentos frescos.<\/p>","protected":false},"featured_media":9236,"comment_status":"closed","ping_status":"closed","template":"","meta":[],"product_cat":[57],"product_tag":[95,106,99],"class_list":{"0":"post-9226","1":"product","2":"type-product","3":"status-publish","4":"has-post-thumbnail","6":"product_cat-food-storage-container-wholesale","7":"product_tag-wholesale-food-storage-containers-with-date-dial","8":"product_tag-microwavable-food-storage-containers","9":"product_tag-wholesale-rectangle-food-storage-containers","11":"first","12":"instock","13":"shipping-taxable","14":"product-type-simple"},"_links":{"self":[{"href":"https:\/\/moyahousehold.com\/es\/wp-json\/wp\/v2\/product\/9226","targetHints":{"allow":["GET"]}}],"collection":[{"href":"https:\/\/moyahousehold.com\/es\/wp-json\/wp\/v2\/product"}],"about":[{"href":"https:\/\/moyahousehold.com\/es\/wp-json\/wp\/v2\/types\/product"}],"replies":[{"embeddable":true,"href":"https:\/\/moyahousehold.com\/es\/wp-json\/wp\/v2\/comments?post=9226"}],"version-history":[{"count":0,"href":"https:\/\/moyahousehold.com\/es\/wp-json\/wp\/v2\/product\/9226\/revisions"}],"wp:featuredmedia":[{"embeddable":true,"href":"https:\/\/moyahousehold.com\/es\/wp-json\/wp\/v2\/media\/9236"}],"wp:attachment":[{"href":"https:\/\/moyahousehold.com\/es\/wp-json\/wp\/v2\/media?parent=9226"}],"wp:term":[{"taxonomy":"product_cat","embeddable":true,"href":"https:\/\/moyahousehold.com\/es\/wp-json\/wp\/v2\/product_cat?post=9226"},{"taxonomy":"product_tag","embeddable":true,"href":"https:\/\/moyahousehold.com\/es\/wp-json\/wp\/v2\/product_tag?post=9226"}],"curies":[{"name":"wp","href":"https:\/\/api.w.org\/{rel}","templated":true}]}}