{"id":9312,"date":"2024-11-22T01:18:53","date_gmt":"2024-11-18T07:46:17","guid":{"rendered":"https:\/\/moyahousehold.com\/?post_type=product&#038;p=9312"},"modified":"2025-02-05T09:55:17","modified_gmt":"2025-02-05T09:55:17","slug":"wholesale-korean-style-colorful-lunch-box-food-containers","status":"publish","type":"product","link":"https:\/\/moyahousehold.com\/es\/producto\/wholesale-korean-style-colorful-lunch-box-food-containers\/","title":{"rendered":"Venta al por mayor estilo coreano colorido Lunch Box Contenedores de alimentos, 2 compartimentos contenedores de alimentos para la venta"},"content":{"rendered":"<div class=\"wp-block-columns is-layout-flex wp-container-core-columns-is-layout-9d6595d7 wp-block-columns-is-layout-flex\">\n<div class=\"wp-block-column is-layout-flow wp-block-column-is-layout-flow\">\n<h3 class=\"wp-block-heading\">Par\u00e1metros del contenedor de acero inoxidable para alimentos<\/h3>\n\n\n\n<figure class=\"wp-block-table\"><table class=\"has-fixed-layout\"><tbody><tr><td>Art\u00edculo<\/td><td>Capacidad<\/td><td>Talla\/PCS<\/td><td>PCS\/Caja<\/td><td>N.W.\/PCS<\/td><td>G.W.\/Caso<\/td><\/tr><tr><td>MYJD230<\/td><td>600 ml<\/td><td>14.5*11*7<\/td><td>80<\/td><td>0.2<\/td><td>18<\/td><\/tr><tr><td>MYJD231<\/td><td>900 ml<\/td><td>17*12.5*8<\/td><td>60<\/td><td>0.26<\/td><td>17.6<\/td><\/tr><tr><td>MYJD232<\/td><td>1500 ml<\/td><td>19.5*9.5*14<\/td><td>60<\/td><td>0.36<\/td><td>23.6<\/td><\/tr><\/tbody><\/table><\/figure>\n<\/div>\n<\/div>\n\n\n\n<h3 class=\"wp-block-heading\">Opciones de recipientes de acero inoxidable a medida<\/h3>\n\n\n\n<p><strong>Logotipo<\/strong>: personalice el logotipo de su marca en envases y embalajes para alimentos.<br><strong>Tapa<\/strong>: Tapa de vidrio, tapa de PP<br><strong>Opciones de logotipo<\/strong>Logotipo impreso, logotipo grabado con l\u00e1ser, etc.<br><strong>Patr\u00f3n<\/strong>Impresi\u00f3n de motivos en recipientes para alimentos.<br><strong>Tecnolog\u00eda de impresi\u00f3n<\/strong>Impresi\u00f3n por transferencia de agua, serigraf\u00eda, impresi\u00f3n por transferencia de calor, etc.<br><strong>Paquete<\/strong>:caja de color<br><a href=\"https:\/\/moyahousehold.com\/es\/solucion-personalizada\/\" data-type=\"page\" data-id=\"2817\"><strong>M\u00e1s informaci\u00f3n sobre soluciones de envasado de alimentos a medida.<\/strong><\/a><\/p>\n\n\n\n<div class=\"wp-block-columns is-layout-flex wp-container-core-columns-is-layout-9d6595d7 wp-block-columns-is-layout-flex\">\n<div class=\"wp-block-column is-layout-flow wp-block-column-is-layout-flow\">\n<figure class=\"wp-block-image size-full\"><img fetchpriority=\"high\" decoding=\"async\" width=\"1500\" height=\"1500\" src=\"https:\/\/moyahousehold.com\/wp-content\/uploads\/2024\/11\/Wholesale-Colorful-Lunch-Box-Food-Containers-1.jpg\" alt=\"Mayorista Fiambreras de Colores (1)\" class=\"wp-image-9460\" srcset=\"https:\/\/moyahousehold.com\/wp-content\/uploads\/2024\/11\/Wholesale-Colorful-Lunch-Box-Food-Containers-1.jpg 1500w, https:\/\/moyahousehold.com\/wp-content\/uploads\/2024\/11\/Wholesale-Colorful-Lunch-Box-Food-Containers-1-300x300.jpg 300w, https:\/\/moyahousehold.com\/wp-content\/uploads\/2024\/11\/Wholesale-Colorful-Lunch-Box-Food-Containers-1-150x150.jpg 150w, https:\/\/moyahousehold.com\/wp-content\/uploads\/2024\/11\/Wholesale-Colorful-Lunch-Box-Food-Containers-1-768x768.jpg 768w, https:\/\/moyahousehold.com\/wp-content\/uploads\/2024\/11\/Wholesale-Colorful-Lunch-Box-Food-Containers-1-12x12.jpg 12w, https:\/\/moyahousehold.com\/wp-content\/uploads\/2024\/11\/Wholesale-Colorful-Lunch-Box-Food-Containers-1-285x285.jpg 285w, https:\/\/moyahousehold.com\/wp-content\/uploads\/2024\/11\/Wholesale-Colorful-Lunch-Box-Food-Containers-1-270x270.jpg 270w, https:\/\/moyahousehold.com\/wp-content\/uploads\/2024\/11\/Wholesale-Colorful-Lunch-Box-Food-Containers-1-540x540.jpg 540w, https:\/\/moyahousehold.com\/wp-content\/uploads\/2024\/11\/Wholesale-Colorful-Lunch-Box-Food-Containers-1-660x660.jpg 660w\" sizes=\"(max-width: 1500px) 100vw, 1500px\" \/><\/figure>\n<\/div>\n\n\n\n<div class=\"wp-block-column is-layout-flow wp-block-column-is-layout-flow\">\n<figure class=\"wp-block-image size-full\"><img decoding=\"async\" width=\"1500\" height=\"1500\" src=\"https:\/\/moyahousehold.com\/wp-content\/uploads\/2024\/11\/Wholesale-Colorful-Lunch-Box-Food-Containers-2.jpg\" alt=\"Mayorista Fiambreras de Colores (2)\" class=\"wp-image-9461\" srcset=\"https:\/\/moyahousehold.com\/wp-content\/uploads\/2024\/11\/Wholesale-Colorful-Lunch-Box-Food-Containers-2.jpg 1500w, https:\/\/moyahousehold.com\/wp-content\/uploads\/2024\/11\/Wholesale-Colorful-Lunch-Box-Food-Containers-2-300x300.jpg 300w, https:\/\/moyahousehold.com\/wp-content\/uploads\/2024\/11\/Wholesale-Colorful-Lunch-Box-Food-Containers-2-150x150.jpg 150w, https:\/\/moyahousehold.com\/wp-content\/uploads\/2024\/11\/Wholesale-Colorful-Lunch-Box-Food-Containers-2-768x768.jpg 768w, https:\/\/moyahousehold.com\/wp-content\/uploads\/2024\/11\/Wholesale-Colorful-Lunch-Box-Food-Containers-2-12x12.jpg 12w, https:\/\/moyahousehold.com\/wp-content\/uploads\/2024\/11\/Wholesale-Colorful-Lunch-Box-Food-Containers-2-285x285.jpg 285w, https:\/\/moyahousehold.com\/wp-content\/uploads\/2024\/11\/Wholesale-Colorful-Lunch-Box-Food-Containers-2-270x270.jpg 270w, https:\/\/moyahousehold.com\/wp-content\/uploads\/2024\/11\/Wholesale-Colorful-Lunch-Box-Food-Containers-2-540x540.jpg 540w, https:\/\/moyahousehold.com\/wp-content\/uploads\/2024\/11\/Wholesale-Colorful-Lunch-Box-Food-Containers-2-660x660.jpg 660w\" sizes=\"(max-width: 1500px) 100vw, 1500px\" \/><\/figure>\n<\/div>\n<\/div>\n\n\n\n<div class=\"wp-block-columns is-layout-flex wp-container-core-columns-is-layout-9d6595d7 wp-block-columns-is-layout-flex\">\n<div class=\"wp-block-column is-layout-flow wp-block-column-is-layout-flow\">\n<figure class=\"wp-block-image size-full\"><img decoding=\"async\" width=\"1500\" height=\"1500\" src=\"https:\/\/moyahousehold.com\/wp-content\/uploads\/2024\/11\/Wholesale-Colorful-Lunch-Box-Food-Containers-3.jpg\" alt=\"Mayorista Fiambreras de Colores (3)\" class=\"wp-image-9462\" srcset=\"https:\/\/moyahousehold.com\/wp-content\/uploads\/2024\/11\/Wholesale-Colorful-Lunch-Box-Food-Containers-3.jpg 1500w, https:\/\/moyahousehold.com\/wp-content\/uploads\/2024\/11\/Wholesale-Colorful-Lunch-Box-Food-Containers-3-300x300.jpg 300w, https:\/\/moyahousehold.com\/wp-content\/uploads\/2024\/11\/Wholesale-Colorful-Lunch-Box-Food-Containers-3-150x150.jpg 150w, https:\/\/moyahousehold.com\/wp-content\/uploads\/2024\/11\/Wholesale-Colorful-Lunch-Box-Food-Containers-3-768x768.jpg 768w, https:\/\/moyahousehold.com\/wp-content\/uploads\/2024\/11\/Wholesale-Colorful-Lunch-Box-Food-Containers-3-12x12.jpg 12w, https:\/\/moyahousehold.com\/wp-content\/uploads\/2024\/11\/Wholesale-Colorful-Lunch-Box-Food-Containers-3-285x285.jpg 285w, https:\/\/moyahousehold.com\/wp-content\/uploads\/2024\/11\/Wholesale-Colorful-Lunch-Box-Food-Containers-3-270x270.jpg 270w, https:\/\/moyahousehold.com\/wp-content\/uploads\/2024\/11\/Wholesale-Colorful-Lunch-Box-Food-Containers-3-540x540.jpg 540w, https:\/\/moyahousehold.com\/wp-content\/uploads\/2024\/11\/Wholesale-Colorful-Lunch-Box-Food-Containers-3-660x660.jpg 660w\" sizes=\"(max-width: 1500px) 100vw, 1500px\" \/><\/figure>\n<\/div>\n\n\n\n<div class=\"wp-block-column is-layout-flow wp-block-column-is-layout-flow\">\n<figure class=\"wp-block-image size-full\"><img loading=\"lazy\" decoding=\"async\" width=\"1500\" height=\"1500\" src=\"https:\/\/moyahousehold.com\/wp-content\/uploads\/2024\/11\/Wholesale-Colorful-Lunch-Box-Food-Containers-4.jpg\" alt=\"Mayorista Fiambreras de Colores (4)\" class=\"wp-image-9463\" srcset=\"https:\/\/moyahousehold.com\/wp-content\/uploads\/2024\/11\/Wholesale-Colorful-Lunch-Box-Food-Containers-4.jpg 1500w, https:\/\/moyahousehold.com\/wp-content\/uploads\/2024\/11\/Wholesale-Colorful-Lunch-Box-Food-Containers-4-300x300.jpg 300w, https:\/\/moyahousehold.com\/wp-content\/uploads\/2024\/11\/Wholesale-Colorful-Lunch-Box-Food-Containers-4-150x150.jpg 150w, https:\/\/moyahousehold.com\/wp-content\/uploads\/2024\/11\/Wholesale-Colorful-Lunch-Box-Food-Containers-4-768x768.jpg 768w, https:\/\/moyahousehold.com\/wp-content\/uploads\/2024\/11\/Wholesale-Colorful-Lunch-Box-Food-Containers-4-12x12.jpg 12w, https:\/\/moyahousehold.com\/wp-content\/uploads\/2024\/11\/Wholesale-Colorful-Lunch-Box-Food-Containers-4-285x285.jpg 285w, https:\/\/moyahousehold.com\/wp-content\/uploads\/2024\/11\/Wholesale-Colorful-Lunch-Box-Food-Containers-4-270x270.jpg 270w, https:\/\/moyahousehold.com\/wp-content\/uploads\/2024\/11\/Wholesale-Colorful-Lunch-Box-Food-Containers-4-540x540.jpg 540w, https:\/\/moyahousehold.com\/wp-content\/uploads\/2024\/11\/Wholesale-Colorful-Lunch-Box-Food-Containers-4-660x660.jpg 660w\" sizes=\"(max-width: 1500px) 100vw, 1500px\" \/><\/figure>\n<\/div>\n<\/div>","protected":false},"excerpt":{"rendered":"<p>Mayorista Colorful Lunch Box Contenedores de Alimentos, Este contenedor de alimentos de acero inoxidable est\u00e1 disponible en una variedad de especificaciones, y el contenedor de alimentos de doble compartimento le permite almacenar m\u00e1s tipos de alimentos, incluyendo verduras, mariscos, carne o alimentos cocinados. M\u00e1s respetuosos con el medio ambiente, los contenedores de alimentos de cero residuos le ofrecen una experiencia gastron\u00f3mica elegante y sostenible. Nuestros contenedores de acero inoxidable para alimentos a granel pueden satisfacer sus grandes pedidos.<\/p>\n<h3>Caracter\u00edsticas y ventajas de los contenedores de alimentos a granel<\/h3>\n<p><strong>Dise\u00f1o moderno y a la moda:<\/strong> El estilo sencillo se combina con un aspecto aerodin\u00e1mico, que es a la vez bonito y pr\u00e1ctico. Es un complemento ideal para m\u00faltiples escenarios, como el lugar de trabajo, el campus y el exterior.<\/p>\n<p><strong>Buena durabilidad:<\/strong> Esta fiambrera est\u00e1 fabricada en acero inoxidable 304 de calidad alimentaria, que es especialmente resistente, sin preocuparse por la corrosi\u00f3n y las ca\u00eddas, y tiene una larga vida \u00fatil.<\/p>\n<p><strong>Doble compartimento:<\/strong> Proporcionamos recipientes de comida con 2 compartimentos, que pueden separar el arroz y las verduras para que no se mezclen los sabores.<\/p>\n<p><strong>M\u00faltiples estilos para elegir:<\/strong> Este recipiente de almacenamiento de alimentos para fiambrera tiene una gran variedad de tama\u00f1os y estilos entre los que elegir, y tanto adultos como ni\u00f1os pueden encontrar aqu\u00ed el adecuado.<\/p>\n<p><strong>Polivalente:<\/strong> Este contenedor de alimentos de acero inoxidable no s\u00f3lo puede mantener los alimentos frescos, llevar el almuerzo, sino tambi\u00e9n almacenar aperitivos, lo que resulta pr\u00e1ctico y c\u00f3modo. El efecto aislante tambi\u00e9n es muy bueno. Se puede utilizar para refrigerar ensaladas en verano y mantener caliente el arroz caliente en invierno. Se puede utilizar durante todo el a\u00f1o.<\/p>","protected":false},"featured_media":9466,"comment_status":"closed","ping_status":"closed","template":"","meta":[],"product_cat":[58],"product_tag":[],"class_list":{"0":"post-9312","1":"product","2":"type-product","3":"status-publish","4":"has-post-thumbnail","6":"product_cat-lunch-box-wholesale","8":"first","9":"instock","10":"shipping-taxable","11":"product-type-simple"},"_links":{"self":[{"href":"https:\/\/moyahousehold.com\/es\/wp-json\/wp\/v2\/product\/9312","targetHints":{"allow":["GET"]}}],"collection":[{"href":"https:\/\/moyahousehold.com\/es\/wp-json\/wp\/v2\/product"}],"about":[{"href":"https:\/\/moyahousehold.com\/es\/wp-json\/wp\/v2\/types\/product"}],"replies":[{"embeddable":true,"href":"https:\/\/moyahousehold.com\/es\/wp-json\/wp\/v2\/comments?post=9312"}],"version-history":[{"count":0,"href":"https:\/\/moyahousehold.com\/es\/wp-json\/wp\/v2\/product\/9312\/revisions"}],"wp:featuredmedia":[{"embeddable":true,"href":"https:\/\/moyahousehold.com\/es\/wp-json\/wp\/v2\/media\/9466"}],"wp:attachment":[{"href":"https:\/\/moyahousehold.com\/es\/wp-json\/wp\/v2\/media?parent=9312"}],"wp:term":[{"taxonomy":"product_cat","embeddable":true,"href":"https:\/\/moyahousehold.com\/es\/wp-json\/wp\/v2\/product_cat?post=9312"},{"taxonomy":"product_tag","embeddable":true,"href":"https:\/\/moyahousehold.com\/es\/wp-json\/wp\/v2\/product_tag?post=9312"}],"curies":[{"name":"wp","href":"https:\/\/api.w.org\/{rel}","templated":true}]}}