{"id":9356,"date":"2024-11-22T02:44:32","date_gmt":"2024-11-19T08:37:00","guid":{"rendered":"https:\/\/moyahousehold.com\/?post_type=product&#038;p=9356"},"modified":"2025-04-22T09:29:12","modified_gmt":"2025-04-22T09:29:12","slug":"wholesale-colorful-stackable-stainless-steel-lunch-boxes","status":"publish","type":"product","link":"https:\/\/moyahousehold.com\/es\/producto\/wholesale-colorful-stackable-stainless-steel-lunch-boxes\/","title":{"rendered":"Mayorista Fiambreras de Acero Inoxidable Apilables de Colores con Pr\u00e1ctica Asa para Facilitar su Transporte y Almacenaje"},"content":{"rendered":"<div class=\"wp-block-columns is-layout-flex wp-container-core-columns-is-layout-9d6595d7 wp-block-columns-is-layout-flex\">\n<div class=\"wp-block-column is-layout-flow wp-block-column-is-layout-flow\">\n<h3 class=\"wp-block-heading\">Par\u00e1metros de la fiambrera apilable de acero inoxidable<\/h3>\n<\/div>\n<\/div>\n\n\n\n<p><strong>Material<\/strong>:304+PP <strong>Color<\/strong>:Verde\/Beige\/Marr\u00f3n\/Verde oscuro<\/p>\n\n\n\n<figure class=\"wp-block-table\"><table><tbody><tr><td>N\u00famero de modelo<\/td><td>Capacidad<\/td><td>Tama\u00f1o del producto<\/td><td>Tama\u00f1o de la caja exterior<\/td><td>Cantidad por caja<\/td><td>N.W<\/td><td>G.W\/Caso<\/td><\/tr><tr><td>MYJD102<\/td><td>550ML<\/td><td>11.5*7.9*7.5<\/td><td>60*50*53<\/td><td>120<\/td><td>0.15<\/td><td>39.36<\/td><\/tr><tr><td>MYJD103<\/td><td>850ML<\/td><td>13.5*9.5*8.5<\/td><td>61*58*60<\/td><td>96<\/td><td>0.21<\/td><td>28.8<\/td><\/tr><tr><td>MYJD104<\/td><td>1500ML<\/td><td>16*11*9.5<\/td><td>67*66*45<\/td><td>60<\/td><td>0.28<\/td><td>24.12<\/td><\/tr><tr><td>MYJD105<\/td><td>2800ML<br>con asa<\/td><td>19*13*12.5<\/td><td>68*67*69.5<\/td><td>36<\/td><td>0.47<\/td><td>16.3<\/td><\/tr><\/tbody><\/table><\/figure>\n\n\n\n<h3 class=\"wp-block-heading\">Opciones de fiambreras personalizadas<\/h3>\n\n\n\n<p><strong>Logotipo<\/strong>Personalice el logotipo de su marca en fiambreras y envases.<br><strong>Tapa<\/strong>: Tapa de vidrio, tapa de PP<br><strong>Opciones de logotipo<\/strong>Logotipo impreso, logotipo grabado con l\u00e1ser, etc.<br><strong>Patr\u00f3n<\/strong>Impresi\u00f3n de motivos en fiambreras apilables<br><strong>Tecnolog\u00eda de impresi\u00f3n<\/strong>Impresi\u00f3n por transferencia de agua, serigraf\u00eda, impresi\u00f3n por transferencia de calor, etc.<br><strong>Paquete<\/strong>:caja de color<br><a href=\"https:\/\/moyahousehold.com\/es\/solucion-personalizada\/\" data-type=\"page\" data-id=\"2817\"><strong>Descubra m\u00e1s soluciones de fiambreras personalizadas. <\/strong><\/a><\/p>\n\n\n\n<div class=\"wp-block-columns is-layout-flex wp-container-core-columns-is-layout-9d6595d7 wp-block-columns-is-layout-flex\">\n<div class=\"wp-block-column is-layout-flow wp-block-column-is-layout-flow\">\n<figure class=\"wp-block-image size-full\"><img fetchpriority=\"high\" decoding=\"async\" width=\"1500\" height=\"1500\" src=\"https:\/\/moyahousehold.com\/wp-content\/uploads\/2024\/11\/Wholesale-Stackable-Stainless-Steel-Lunch-Boxes-1.jpg\" alt=\"Mayorista Fiambreras apilables de acero inoxidable (1)\" class=\"wp-image-9488\" srcset=\"https:\/\/moyahousehold.com\/wp-content\/uploads\/2024\/11\/Wholesale-Stackable-Stainless-Steel-Lunch-Boxes-1.jpg 1500w, https:\/\/moyahousehold.com\/wp-content\/uploads\/2024\/11\/Wholesale-Stackable-Stainless-Steel-Lunch-Boxes-1-300x300.jpg 300w, https:\/\/moyahousehold.com\/wp-content\/uploads\/2024\/11\/Wholesale-Stackable-Stainless-Steel-Lunch-Boxes-1-150x150.jpg 150w, https:\/\/moyahousehold.com\/wp-content\/uploads\/2024\/11\/Wholesale-Stackable-Stainless-Steel-Lunch-Boxes-1-768x768.jpg 768w, https:\/\/moyahousehold.com\/wp-content\/uploads\/2024\/11\/Wholesale-Stackable-Stainless-Steel-Lunch-Boxes-1-12x12.jpg 12w, https:\/\/moyahousehold.com\/wp-content\/uploads\/2024\/11\/Wholesale-Stackable-Stainless-Steel-Lunch-Boxes-1-285x285.jpg 285w, https:\/\/moyahousehold.com\/wp-content\/uploads\/2024\/11\/Wholesale-Stackable-Stainless-Steel-Lunch-Boxes-1-270x270.jpg 270w, https:\/\/moyahousehold.com\/wp-content\/uploads\/2024\/11\/Wholesale-Stackable-Stainless-Steel-Lunch-Boxes-1-540x540.jpg 540w, https:\/\/moyahousehold.com\/wp-content\/uploads\/2024\/11\/Wholesale-Stackable-Stainless-Steel-Lunch-Boxes-1-660x660.jpg 660w\" sizes=\"(max-width: 1500px) 100vw, 1500px\" \/><\/figure>\n<\/div>\n\n\n\n<div class=\"wp-block-column is-layout-flow wp-block-column-is-layout-flow\">\n<figure class=\"wp-block-image size-full\"><img decoding=\"async\" width=\"1500\" height=\"1500\" src=\"https:\/\/moyahousehold.com\/wp-content\/uploads\/2024\/11\/Wholesale-Stackable-Stainless-Steel-Lunch-Boxes-2.jpg\" alt=\"Mayorista Fiambreras apilables de acero inoxidable (2)\" class=\"wp-image-9489\" srcset=\"https:\/\/moyahousehold.com\/wp-content\/uploads\/2024\/11\/Wholesale-Stackable-Stainless-Steel-Lunch-Boxes-2.jpg 1500w, https:\/\/moyahousehold.com\/wp-content\/uploads\/2024\/11\/Wholesale-Stackable-Stainless-Steel-Lunch-Boxes-2-300x300.jpg 300w, https:\/\/moyahousehold.com\/wp-content\/uploads\/2024\/11\/Wholesale-Stackable-Stainless-Steel-Lunch-Boxes-2-150x150.jpg 150w, https:\/\/moyahousehold.com\/wp-content\/uploads\/2024\/11\/Wholesale-Stackable-Stainless-Steel-Lunch-Boxes-2-768x768.jpg 768w, https:\/\/moyahousehold.com\/wp-content\/uploads\/2024\/11\/Wholesale-Stackable-Stainless-Steel-Lunch-Boxes-2-12x12.jpg 12w, https:\/\/moyahousehold.com\/wp-content\/uploads\/2024\/11\/Wholesale-Stackable-Stainless-Steel-Lunch-Boxes-2-285x285.jpg 285w, https:\/\/moyahousehold.com\/wp-content\/uploads\/2024\/11\/Wholesale-Stackable-Stainless-Steel-Lunch-Boxes-2-270x270.jpg 270w, https:\/\/moyahousehold.com\/wp-content\/uploads\/2024\/11\/Wholesale-Stackable-Stainless-Steel-Lunch-Boxes-2-540x540.jpg 540w, https:\/\/moyahousehold.com\/wp-content\/uploads\/2024\/11\/Wholesale-Stackable-Stainless-Steel-Lunch-Boxes-2-660x660.jpg 660w\" sizes=\"(max-width: 1500px) 100vw, 1500px\" \/><\/figure>\n<\/div>\n<\/div>\n\n\n\n<div class=\"wp-block-columns is-layout-flex wp-container-core-columns-is-layout-9d6595d7 wp-block-columns-is-layout-flex\">\n<div class=\"wp-block-column is-layout-flow wp-block-column-is-layout-flow\">\n<figure class=\"wp-block-image size-full\"><img decoding=\"async\" width=\"1500\" height=\"1500\" src=\"https:\/\/moyahousehold.com\/wp-content\/uploads\/2024\/11\/Wholesale-Stackable-Stainless-Steel-Lunch-Boxes-3.jpg\" alt=\"Mayorista Fiambreras apilables de acero inoxidable (3)\" class=\"wp-image-9490\" srcset=\"https:\/\/moyahousehold.com\/wp-content\/uploads\/2024\/11\/Wholesale-Stackable-Stainless-Steel-Lunch-Boxes-3.jpg 1500w, https:\/\/moyahousehold.com\/wp-content\/uploads\/2024\/11\/Wholesale-Stackable-Stainless-Steel-Lunch-Boxes-3-300x300.jpg 300w, https:\/\/moyahousehold.com\/wp-content\/uploads\/2024\/11\/Wholesale-Stackable-Stainless-Steel-Lunch-Boxes-3-150x150.jpg 150w, https:\/\/moyahousehold.com\/wp-content\/uploads\/2024\/11\/Wholesale-Stackable-Stainless-Steel-Lunch-Boxes-3-768x768.jpg 768w, https:\/\/moyahousehold.com\/wp-content\/uploads\/2024\/11\/Wholesale-Stackable-Stainless-Steel-Lunch-Boxes-3-12x12.jpg 12w, https:\/\/moyahousehold.com\/wp-content\/uploads\/2024\/11\/Wholesale-Stackable-Stainless-Steel-Lunch-Boxes-3-285x285.jpg 285w, https:\/\/moyahousehold.com\/wp-content\/uploads\/2024\/11\/Wholesale-Stackable-Stainless-Steel-Lunch-Boxes-3-270x270.jpg 270w, https:\/\/moyahousehold.com\/wp-content\/uploads\/2024\/11\/Wholesale-Stackable-Stainless-Steel-Lunch-Boxes-3-540x540.jpg 540w, https:\/\/moyahousehold.com\/wp-content\/uploads\/2024\/11\/Wholesale-Stackable-Stainless-Steel-Lunch-Boxes-3-660x660.jpg 660w\" sizes=\"(max-width: 1500px) 100vw, 1500px\" \/><\/figure>\n<\/div>\n\n\n\n<div class=\"wp-block-column is-layout-flow wp-block-column-is-layout-flow\">\n<figure class=\"wp-block-image size-full\"><img loading=\"lazy\" decoding=\"async\" width=\"1500\" height=\"1500\" src=\"https:\/\/moyahousehold.com\/wp-content\/uploads\/2024\/11\/Wholesale-Stackable-Stainless-Steel-Lunch-Boxes-4.jpg\" alt=\"Mayorista Fiambreras apilables de acero inoxidable (4)\" class=\"wp-image-9491\" srcset=\"https:\/\/moyahousehold.com\/wp-content\/uploads\/2024\/11\/Wholesale-Stackable-Stainless-Steel-Lunch-Boxes-4.jpg 1500w, https:\/\/moyahousehold.com\/wp-content\/uploads\/2024\/11\/Wholesale-Stackable-Stainless-Steel-Lunch-Boxes-4-300x300.jpg 300w, https:\/\/moyahousehold.com\/wp-content\/uploads\/2024\/11\/Wholesale-Stackable-Stainless-Steel-Lunch-Boxes-4-150x150.jpg 150w, https:\/\/moyahousehold.com\/wp-content\/uploads\/2024\/11\/Wholesale-Stackable-Stainless-Steel-Lunch-Boxes-4-768x768.jpg 768w, https:\/\/moyahousehold.com\/wp-content\/uploads\/2024\/11\/Wholesale-Stackable-Stainless-Steel-Lunch-Boxes-4-12x12.jpg 12w, https:\/\/moyahousehold.com\/wp-content\/uploads\/2024\/11\/Wholesale-Stackable-Stainless-Steel-Lunch-Boxes-4-285x285.jpg 285w, https:\/\/moyahousehold.com\/wp-content\/uploads\/2024\/11\/Wholesale-Stackable-Stainless-Steel-Lunch-Boxes-4-270x270.jpg 270w, https:\/\/moyahousehold.com\/wp-content\/uploads\/2024\/11\/Wholesale-Stackable-Stainless-Steel-Lunch-Boxes-4-540x540.jpg 540w, https:\/\/moyahousehold.com\/wp-content\/uploads\/2024\/11\/Wholesale-Stackable-Stainless-Steel-Lunch-Boxes-4-660x660.jpg 660w\" sizes=\"(max-width: 1500px) 100vw, 1500px\" \/><\/figure>\n<\/div>\n<\/div>","protected":false},"excerpt":{"rendered":"<p>Fiambrera de acero inoxidable apilable al por mayor, esta fiambrera tiene un dise\u00f1o \u00fanico y coloridas opciones de color, que es a la vez pr\u00e1ctico y de moda. Adecuado para uso en el hogar, la oficina de transporte y actividades al aire libre, que se sumar\u00e1 a su diversi\u00f3n comedor. Apoyamos la personalizaci\u00f3n de la marca, la combinaci\u00f3n de colores y el ajuste de especificaciones, y damos la bienvenida a mayoristas, minoristas y empresas para comprar.<\/p>\n<h3><strong>Caracter\u00edsticas de la fiambrera apilable de acero inoxidable<\/strong><\/h3>\n<p><strong>Bonito dise\u00f1o:<\/strong> Esta fiambrera apilable tiene un dise\u00f1o \u00fanico y creativo que atrae la atenci\u00f3n de ni\u00f1os y adultos, y nuestra variedad de opciones de colores brillantes a\u00f1aden color a la vida del usuario.<\/p>\n<p><strong>Dise\u00f1o apilable:<\/strong> Las fiambreras pueden guardarse de forma compacta en armarios de cocina y frigor\u00edficos, y tambi\u00e9n mejoran la comodidad de transporte, especialmente indicadas para viajes, salidas o trabajo.<\/p>\n<p><strong>Material de alta calidad:<\/strong> La fiambrera est\u00e1 hecha de acero inoxidable de calidad alimentaria, que es duradero y respetuoso con el medio ambiente, reutilizable, tiene una larga vida \u00fatil y reduce el uso de productos de pl\u00e1stico desechables.<\/p>\n<p><strong>Escenarios polivalentes:<\/strong> Adecuado para llevar los almuerzos diarios, guardar alimentos para actividades al aire libre y almacenar comidas diarias, incluidas frutas, aperitivos, ensaladas y otros ingredientes.<\/p>\n<p><strong>Precio de f\u00e1brica al por mayor:<\/strong> Proporcionar precios de f\u00e1brica al por mayor, la bienvenida a los mayoristas y minoristas en contacto para compras al por mayor, ofrecemos servicios profesionales y pol\u00edticas preferenciales, y satisfacer las necesidades personalizadas.<\/p>","protected":false},"featured_media":9494,"comment_status":"closed","ping_status":"closed","template":"","meta":[],"product_cat":[57,58],"product_tag":[99,92],"class_list":{"0":"post-9356","1":"product","2":"type-product","3":"status-publish","4":"has-post-thumbnail","6":"product_cat-food-storage-container-wholesale","7":"product_cat-lunch-box-wholesale","8":"product_tag-wholesale-rectangle-food-storage-containers","9":"product_tag-wholesale-rectangle-lunch-box","11":"first","12":"instock","13":"shipping-taxable","14":"product-type-simple"},"_links":{"self":[{"href":"https:\/\/moyahousehold.com\/es\/wp-json\/wp\/v2\/product\/9356","targetHints":{"allow":["GET"]}}],"collection":[{"href":"https:\/\/moyahousehold.com\/es\/wp-json\/wp\/v2\/product"}],"about":[{"href":"https:\/\/moyahousehold.com\/es\/wp-json\/wp\/v2\/types\/product"}],"replies":[{"embeddable":true,"href":"https:\/\/moyahousehold.com\/es\/wp-json\/wp\/v2\/comments?post=9356"}],"version-history":[{"count":0,"href":"https:\/\/moyahousehold.com\/es\/wp-json\/wp\/v2\/product\/9356\/revisions"}],"wp:featuredmedia":[{"embeddable":true,"href":"https:\/\/moyahousehold.com\/es\/wp-json\/wp\/v2\/media\/9494"}],"wp:attachment":[{"href":"https:\/\/moyahousehold.com\/es\/wp-json\/wp\/v2\/media?parent=9356"}],"wp:term":[{"taxonomy":"product_cat","embeddable":true,"href":"https:\/\/moyahousehold.com\/es\/wp-json\/wp\/v2\/product_cat?post=9356"},{"taxonomy":"product_tag","embeddable":true,"href":"https:\/\/moyahousehold.com\/es\/wp-json\/wp\/v2\/product_tag?post=9356"}],"curies":[{"name":"wp","href":"https:\/\/api.w.org\/{rel}","templated":true}]}}