{"id":9520,"date":"2024-11-23T07:38:09","date_gmt":"2024-11-23T07:38:09","guid":{"rendered":"https:\/\/moyahousehold.com\/?post_type=product&#038;p=9520"},"modified":"2025-02-05T09:53:55","modified_gmt":"2025-02-05T09:53:55","slug":"wholesale-stainless-steel-outdoor-camping-food-storage-containers","status":"publish","type":"product","link":"https:\/\/moyahousehold.com\/es\/producto\/wholesale-stainless-steel-outdoor-camping-food-storage-containers\/","title":{"rendered":"Venta al por mayor de acero inoxidable al aire libre camping recipientes de almacenamiento de alimentos, a granel exquisita lonchera al aire libre para la venta"},"content":{"rendered":"<div class=\"wp-block-columns is-layout-flex wp-container-core-columns-is-layout-9d6595d7 wp-block-columns-is-layout-flex\">\n<div class=\"wp-block-column is-layout-flow wp-block-column-is-layout-flow\">\n<h3 class=\"wp-block-heading\">Par\u00e1metros del recipiente de almacenamiento de alimentos para acampada al aire libre<\/h3>\n\n\n\n<figure class=\"wp-block-table\"><table class=\"has-fixed-layout\"><tbody><tr><td>Art\u00edculo<\/td><td>Capacidad<\/td><td>Talla\/PCS<\/td><\/tr><tr><td>MYJD274<\/td><td>1100 ml<\/td><td>19.5*19.5*6<\/td><\/tr><tr><td>MYJD275<\/td><td>1700 ml<\/td><td>19.5*19.5*8.5<\/td><\/tr><tr><td>MYJD276<\/td><td>2200 ml<\/td><td>19.5*19.5*11<\/td><\/tr><\/tbody><\/table><\/figure>\n<\/div>\n<\/div>\n\n\n\n<p><strong>Material<\/strong>:304+PP\/AB <strong>Color<\/strong>Amarillo\/beige\/marr\u00f3n\/acero<\/p>\n\n\n\n<h3 class=\"wp-block-heading\">Opciones de recipientes personalizados para alimentos<\/h3>\n\n\n\n<p><strong>Logotipo<\/strong>Personalice el logotipo de su marca en fiambreras y envases.<br><strong>Tapa<\/strong>: Tapa de vidrio, tapa de PP<br><strong>Opciones de logotipo<\/strong>Logotipo impreso, logotipo grabado con l\u00e1ser, etc.<br><strong>Patr\u00f3n<\/strong>Impresi\u00f3n de motivos en fiambreras apilables<br><strong>Tecnolog\u00eda de impresi\u00f3n<\/strong>Impresi\u00f3n por transferencia de agua, serigraf\u00eda, impresi\u00f3n por transferencia de calor, etc.<br><strong>Paquete<\/strong>: caja de color<br><a href=\"https:\/\/moyahousehold.com\/es\/solucion-personalizada\/\" data-type=\"page\" data-id=\"2817\"><strong>Descubra m\u00e1s soluciones de recipientes personalizados para alimentos. <\/strong><\/a><\/p>\n\n\n\n<div class=\"wp-block-columns is-layout-flex wp-container-core-columns-is-layout-9d6595d7 wp-block-columns-is-layout-flex\">\n<div class=\"wp-block-column is-layout-flow wp-block-column-is-layout-flow\">\n<figure class=\"wp-block-image size-full\"><img fetchpriority=\"high\" decoding=\"async\" width=\"1500\" height=\"1500\" src=\"https:\/\/moyahousehold.com\/wp-content\/uploads\/2024\/11\/Wholesale-Outdoor-Camping-Food-Storage-Container-Lunch-Box-1.jpg\" alt=\"Mayorista Camping al Aire Libre Recipiente de Almacenamiento de Alimentos Fiambrera (1)\" class=\"wp-image-9554\" srcset=\"https:\/\/moyahousehold.com\/wp-content\/uploads\/2024\/11\/Wholesale-Outdoor-Camping-Food-Storage-Container-Lunch-Box-1.jpg 1500w, https:\/\/moyahousehold.com\/wp-content\/uploads\/2024\/11\/Wholesale-Outdoor-Camping-Food-Storage-Container-Lunch-Box-1-300x300.jpg 300w, https:\/\/moyahousehold.com\/wp-content\/uploads\/2024\/11\/Wholesale-Outdoor-Camping-Food-Storage-Container-Lunch-Box-1-150x150.jpg 150w, https:\/\/moyahousehold.com\/wp-content\/uploads\/2024\/11\/Wholesale-Outdoor-Camping-Food-Storage-Container-Lunch-Box-1-768x768.jpg 768w, https:\/\/moyahousehold.com\/wp-content\/uploads\/2024\/11\/Wholesale-Outdoor-Camping-Food-Storage-Container-Lunch-Box-1-12x12.jpg 12w, https:\/\/moyahousehold.com\/wp-content\/uploads\/2024\/11\/Wholesale-Outdoor-Camping-Food-Storage-Container-Lunch-Box-1-285x285.jpg 285w, https:\/\/moyahousehold.com\/wp-content\/uploads\/2024\/11\/Wholesale-Outdoor-Camping-Food-Storage-Container-Lunch-Box-1-270x270.jpg 270w, https:\/\/moyahousehold.com\/wp-content\/uploads\/2024\/11\/Wholesale-Outdoor-Camping-Food-Storage-Container-Lunch-Box-1-540x540.jpg 540w, https:\/\/moyahousehold.com\/wp-content\/uploads\/2024\/11\/Wholesale-Outdoor-Camping-Food-Storage-Container-Lunch-Box-1-660x660.jpg 660w\" sizes=\"(max-width: 1500px) 100vw, 1500px\" \/><\/figure>\n<\/div>\n\n\n\n<div class=\"wp-block-column is-layout-flow wp-block-column-is-layout-flow\">\n<figure class=\"wp-block-image size-full\"><img decoding=\"async\" width=\"1500\" height=\"1500\" src=\"https:\/\/moyahousehold.com\/wp-content\/uploads\/2024\/11\/Wholesale-Outdoor-Camping-Food-Storage-Container-Lunch-Box-2.jpg\" alt=\"Mayorista Camping al Aire Libre Recipiente de Almacenamiento de Alimentos Fiambrera (2)\" class=\"wp-image-9555\" srcset=\"https:\/\/moyahousehold.com\/wp-content\/uploads\/2024\/11\/Wholesale-Outdoor-Camping-Food-Storage-Container-Lunch-Box-2.jpg 1500w, https:\/\/moyahousehold.com\/wp-content\/uploads\/2024\/11\/Wholesale-Outdoor-Camping-Food-Storage-Container-Lunch-Box-2-300x300.jpg 300w, https:\/\/moyahousehold.com\/wp-content\/uploads\/2024\/11\/Wholesale-Outdoor-Camping-Food-Storage-Container-Lunch-Box-2-150x150.jpg 150w, https:\/\/moyahousehold.com\/wp-content\/uploads\/2024\/11\/Wholesale-Outdoor-Camping-Food-Storage-Container-Lunch-Box-2-768x768.jpg 768w, https:\/\/moyahousehold.com\/wp-content\/uploads\/2024\/11\/Wholesale-Outdoor-Camping-Food-Storage-Container-Lunch-Box-2-12x12.jpg 12w, https:\/\/moyahousehold.com\/wp-content\/uploads\/2024\/11\/Wholesale-Outdoor-Camping-Food-Storage-Container-Lunch-Box-2-285x285.jpg 285w, https:\/\/moyahousehold.com\/wp-content\/uploads\/2024\/11\/Wholesale-Outdoor-Camping-Food-Storage-Container-Lunch-Box-2-270x270.jpg 270w, https:\/\/moyahousehold.com\/wp-content\/uploads\/2024\/11\/Wholesale-Outdoor-Camping-Food-Storage-Container-Lunch-Box-2-540x540.jpg 540w, https:\/\/moyahousehold.com\/wp-content\/uploads\/2024\/11\/Wholesale-Outdoor-Camping-Food-Storage-Container-Lunch-Box-2-660x660.jpg 660w\" sizes=\"(max-width: 1500px) 100vw, 1500px\" \/><\/figure>\n<\/div>\n<\/div>\n\n\n\n<div class=\"wp-block-columns is-layout-flex wp-container-core-columns-is-layout-9d6595d7 wp-block-columns-is-layout-flex\">\n<div class=\"wp-block-column is-layout-flow wp-block-column-is-layout-flow\">\n<figure class=\"wp-block-image size-full\"><img decoding=\"async\" width=\"1500\" height=\"1500\" src=\"https:\/\/moyahousehold.com\/wp-content\/uploads\/2024\/11\/Wholesale-Outdoor-Camping-Food-Storage-Container-Lunch-Box-3.jpg\" alt=\"Mayorista Camping al Aire Libre Recipiente de Almacenamiento de Alimentos Fiambrera (3)\" class=\"wp-image-9556\" srcset=\"https:\/\/moyahousehold.com\/wp-content\/uploads\/2024\/11\/Wholesale-Outdoor-Camping-Food-Storage-Container-Lunch-Box-3.jpg 1500w, https:\/\/moyahousehold.com\/wp-content\/uploads\/2024\/11\/Wholesale-Outdoor-Camping-Food-Storage-Container-Lunch-Box-3-300x300.jpg 300w, https:\/\/moyahousehold.com\/wp-content\/uploads\/2024\/11\/Wholesale-Outdoor-Camping-Food-Storage-Container-Lunch-Box-3-150x150.jpg 150w, https:\/\/moyahousehold.com\/wp-content\/uploads\/2024\/11\/Wholesale-Outdoor-Camping-Food-Storage-Container-Lunch-Box-3-768x768.jpg 768w, https:\/\/moyahousehold.com\/wp-content\/uploads\/2024\/11\/Wholesale-Outdoor-Camping-Food-Storage-Container-Lunch-Box-3-12x12.jpg 12w, https:\/\/moyahousehold.com\/wp-content\/uploads\/2024\/11\/Wholesale-Outdoor-Camping-Food-Storage-Container-Lunch-Box-3-285x285.jpg 285w, https:\/\/moyahousehold.com\/wp-content\/uploads\/2024\/11\/Wholesale-Outdoor-Camping-Food-Storage-Container-Lunch-Box-3-270x270.jpg 270w, https:\/\/moyahousehold.com\/wp-content\/uploads\/2024\/11\/Wholesale-Outdoor-Camping-Food-Storage-Container-Lunch-Box-3-540x540.jpg 540w, https:\/\/moyahousehold.com\/wp-content\/uploads\/2024\/11\/Wholesale-Outdoor-Camping-Food-Storage-Container-Lunch-Box-3-660x660.jpg 660w\" sizes=\"(max-width: 1500px) 100vw, 1500px\" \/><\/figure>\n<\/div>\n\n\n\n<div class=\"wp-block-column is-layout-flow wp-block-column-is-layout-flow\">\n<figure class=\"wp-block-image size-full\"><img loading=\"lazy\" decoding=\"async\" width=\"1500\" height=\"1500\" src=\"https:\/\/moyahousehold.com\/wp-content\/uploads\/2024\/11\/Wholesale-Outdoor-Camping-Food-Storage-Container-Lunch-Box-4.jpg\" alt=\"Mayorista Camping al Aire Libre Recipiente de Almacenamiento de Alimentos Fiambrera (4)\" class=\"wp-image-9557\" srcset=\"https:\/\/moyahousehold.com\/wp-content\/uploads\/2024\/11\/Wholesale-Outdoor-Camping-Food-Storage-Container-Lunch-Box-4.jpg 1500w, https:\/\/moyahousehold.com\/wp-content\/uploads\/2024\/11\/Wholesale-Outdoor-Camping-Food-Storage-Container-Lunch-Box-4-300x300.jpg 300w, https:\/\/moyahousehold.com\/wp-content\/uploads\/2024\/11\/Wholesale-Outdoor-Camping-Food-Storage-Container-Lunch-Box-4-150x150.jpg 150w, https:\/\/moyahousehold.com\/wp-content\/uploads\/2024\/11\/Wholesale-Outdoor-Camping-Food-Storage-Container-Lunch-Box-4-768x768.jpg 768w, https:\/\/moyahousehold.com\/wp-content\/uploads\/2024\/11\/Wholesale-Outdoor-Camping-Food-Storage-Container-Lunch-Box-4-12x12.jpg 12w, https:\/\/moyahousehold.com\/wp-content\/uploads\/2024\/11\/Wholesale-Outdoor-Camping-Food-Storage-Container-Lunch-Box-4-285x285.jpg 285w, https:\/\/moyahousehold.com\/wp-content\/uploads\/2024\/11\/Wholesale-Outdoor-Camping-Food-Storage-Container-Lunch-Box-4-270x270.jpg 270w, https:\/\/moyahousehold.com\/wp-content\/uploads\/2024\/11\/Wholesale-Outdoor-Camping-Food-Storage-Container-Lunch-Box-4-540x540.jpg 540w, https:\/\/moyahousehold.com\/wp-content\/uploads\/2024\/11\/Wholesale-Outdoor-Camping-Food-Storage-Container-Lunch-Box-4-660x660.jpg 660w\" sizes=\"(max-width: 1500px) 100vw, 1500px\" \/><\/figure>\n<\/div>\n<\/div>","protected":false},"excerpt":{"rendered":"<p>Venta al por mayor al aire libre camping contenedores de almacenamiento de alimentos, dise\u00f1ado para satisfacer sus diversas necesidades. Este contenedor de almacenamiento de alimentos de acero inoxidable, proporcionamos 1100ml, 1700ml, 2200ml, adecuado para los entusiastas de camping, viajeros, adecuado para almacenar el almuerzo, aperitivos, frutas y m\u00e1s, tambi\u00e9n se puede utilizar como un contenedor de almacenamiento diario para las familias, cajas de almuerzo de los estudiantes. Es un utensilio de cocina multiusos. Como fabricante de fiambreras y recipientes para alimentos, ofrecemos servicios al por mayor y personalizados, le invitamos a ponerse en contacto con nosotros.<\/p>\n<h3>Caracter\u00edsticas del recipiente de acero inoxidable para comida de camping<\/h3>\n<p><strong>Aspecto moderno:<\/strong> Este elegante recipiente de almacenamiento de alimentos para exteriores adopta un dise\u00f1o sencillo y moderno, con una bonita forma y colores ricos y variados, que resulta atractivo para ni\u00f1os y adultos y puede proporcionarle una mejor experiencia gastron\u00f3mica al aire libre.<\/p>\n<p><strong>Materiales de alta calidad:<\/strong> Este recipiente de almacenamiento de alimentos para acampada al aire libre est\u00e1 hecho de acero inoxidable de calidad alimentaria engrosado, que es resistente y duradero. Ha sido tratado con un proceso electrol\u00edtico, y la superficie es lisa y f\u00e1cil de limpiar.<\/p>\n<p><strong>Dise\u00f1o herm\u00e9tico:<\/strong> El contenedor de almacenamiento de alimentos adopta una tapa con un fuerte rendimiento de sellado para evitar fugas de alimentos, e incluso se pueden transportar alimentos l\u00edquidos o sopa.<\/p>\n<p><strong>Respetuoso con el medio ambiente e inocuo:<\/strong> Nuestros recipientes de acero inoxidable para el almacenamiento de alimentos han pasado la ISO9001, no contienen sustancias nocivas, cumplen las normas de seguridad alimentaria y son ideales para la protecci\u00f3n del medio ambiente y la reutilizaci\u00f3n.<\/p>\n<p><strong>Versatilidad:<\/strong> Los recipientes de acero inoxidable para almacenar alimentos son resistentes y duraderos, y no hay que preocuparse por que se caigan. Son una excelente opci\u00f3n para almacenar el almuerzo y la comida para acampar al aire libre, y tambi\u00e9n son un buen ayudante para el uso diario.<\/p>\n<p><strong>Ventajas de la venta al por mayor:<\/strong> Ofrecemos precios de f\u00e1brica al por mayor muy competitivos, e invitamos sinceramente a mayoristas, minoristas y empresas a comprar al por mayor.<\/p>\n<p><strong>Personalizable OEM&amp;ODM:<\/strong> Apoyamos la personalizaci\u00f3n de marcas, la igualaci\u00f3n de colores y el ajuste de especificaciones. Podemos crear productos exclusivos seg\u00fan sus requisitos y ofrecer servicios profesionales y pol\u00edticas preferentes.<\/p>","protected":false},"featured_media":9541,"comment_status":"closed","ping_status":"closed","template":"","meta":[],"product_cat":[57,58],"product_tag":[95],"class_list":{"0":"post-9520","1":"product","2":"type-product","3":"status-publish","4":"has-post-thumbnail","6":"product_cat-food-storage-container-wholesale","7":"product_cat-lunch-box-wholesale","8":"product_tag-wholesale-food-storage-containers-with-date-dial","10":"first","11":"instock","12":"shipping-taxable","13":"product-type-simple"},"_links":{"self":[{"href":"https:\/\/moyahousehold.com\/es\/wp-json\/wp\/v2\/product\/9520","targetHints":{"allow":["GET"]}}],"collection":[{"href":"https:\/\/moyahousehold.com\/es\/wp-json\/wp\/v2\/product"}],"about":[{"href":"https:\/\/moyahousehold.com\/es\/wp-json\/wp\/v2\/types\/product"}],"replies":[{"embeddable":true,"href":"https:\/\/moyahousehold.com\/es\/wp-json\/wp\/v2\/comments?post=9520"}],"version-history":[{"count":0,"href":"https:\/\/moyahousehold.com\/es\/wp-json\/wp\/v2\/product\/9520\/revisions"}],"wp:featuredmedia":[{"embeddable":true,"href":"https:\/\/moyahousehold.com\/es\/wp-json\/wp\/v2\/media\/9541"}],"wp:attachment":[{"href":"https:\/\/moyahousehold.com\/es\/wp-json\/wp\/v2\/media?parent=9520"}],"wp:term":[{"taxonomy":"product_cat","embeddable":true,"href":"https:\/\/moyahousehold.com\/es\/wp-json\/wp\/v2\/product_cat?post=9520"},{"taxonomy":"product_tag","embeddable":true,"href":"https:\/\/moyahousehold.com\/es\/wp-json\/wp\/v2\/product_tag?post=9520"}],"curies":[{"name":"wp","href":"https:\/\/api.w.org\/{rel}","templated":true}]}}