{"id":9579,"date":"2024-11-29T10:33:33","date_gmt":"2024-11-28T08:10:24","guid":{"rendered":"https:\/\/moyahousehold.com\/?post_type=product&#038;p=9579"},"modified":"2025-02-05T08:33:16","modified_gmt":"2025-02-05T08:33:16","slug":"wholesale-stainless-steel-4-compartment-lunch-boxes","status":"publish","type":"product","link":"https:\/\/moyahousehold.com\/es\/producto\/wholesale-stainless-steel-4-compartment-lunch-boxes\/","title":{"rendered":"Mayorista Fiambreras de Acero Inoxidable con 4 Compartimentos - Perfectas para Colegios, Oficinas"},"content":{"rendered":"<h2 class=\"wp-block-heading\">Par\u00e1metros de la fiambrera de 4 compartimentos<\/h2>\n\n\n\n<p><strong>material:<\/strong>304 + PP <strong> color:<\/strong>Beige\u3001Caqui\u3001Verde\u3001Amarillo\u3001Blanco\u3001Camel<\/p>\n\n\n\n<figure class=\"wp-block-table\"><table class=\"has-fixed-layout\"><tbody><tr><td>Art\u00edculo<\/td><td>Capacidad<\/td><td>Talla\/PCS<\/td><td>PCS\/Caja<\/td><td>N.W.\/PCS<\/td><td>G.W.\/Caso<\/td><\/tr><tr><td>MYJD250<\/td><td>4 compartimentos<\/td><td>29*22.5*7<\/td><td>\/<\/td><td>0.81<\/td><td>\/<\/td><\/tr><\/tbody><\/table><\/figure>\n\n\n\n<h3 class=\"wp-block-heading\">Opciones de fiambreras personalizadas<\/h3>\n\n\n\n<p><strong>Logotipo<\/strong>Personalice el logotipo de su marca en la caja bento de acero inoxidable y en el paquete.<br><strong>Opciones de logotipo<\/strong>Logotipo impreso, logotipo grabado con l\u00e1ser, etc.<br><strong>Patr\u00f3n<\/strong>: Impresi\u00f3n de motivos personalizados en productos y envases.<br><strong>Tecnolog\u00eda de impresi\u00f3n<\/strong>Impresi\u00f3n por transferencia de agua, serigraf\u00eda, transferencia de calor, sublimaci\u00f3n, etc.<br><strong>Paquete<\/strong>:caja de color.<br><a href=\"https:\/\/moyahousehold.com\/es\/solucion-personalizada\/\"><strong>M\u00e1s informaci\u00f3n sobre soluciones de fiambreras personalizadas.<\/strong><\/a><\/p>\n\n\n\n<div class=\"wp-block-columns is-layout-flex wp-container-core-columns-is-layout-9d6595d7 wp-block-columns-is-layout-flex\">\n<div class=\"wp-block-column is-layout-flow wp-block-column-is-layout-flow\">\n<figure class=\"wp-block-image size-full\"><img fetchpriority=\"high\" decoding=\"async\" width=\"3393\" height=\"3393\" src=\"https:\/\/moyahousehold.com\/wp-content\/uploads\/2024\/11\/4-Compartment-Lunch-Box-Detail-1.webp\" alt=\"Fiambrera de 4 compartimentos Detalle (1)\" class=\"wp-image-9595\" srcset=\"https:\/\/moyahousehold.com\/wp-content\/uploads\/2024\/11\/4-Compartment-Lunch-Box-Detail-1.webp 3393w, https:\/\/moyahousehold.com\/wp-content\/uploads\/2024\/11\/4-Compartment-Lunch-Box-Detail-1-300x300.webp 300w, https:\/\/moyahousehold.com\/wp-content\/uploads\/2024\/11\/4-Compartment-Lunch-Box-Detail-1-150x150.webp 150w, https:\/\/moyahousehold.com\/wp-content\/uploads\/2024\/11\/4-Compartment-Lunch-Box-Detail-1-768x768.webp 768w, https:\/\/moyahousehold.com\/wp-content\/uploads\/2024\/11\/4-Compartment-Lunch-Box-Detail-1-12x12.webp 12w, https:\/\/moyahousehold.com\/wp-content\/uploads\/2024\/11\/4-Compartment-Lunch-Box-Detail-1-285x285.webp 285w, https:\/\/moyahousehold.com\/wp-content\/uploads\/2024\/11\/4-Compartment-Lunch-Box-Detail-1-1600x1600.webp 1600w, https:\/\/moyahousehold.com\/wp-content\/uploads\/2024\/11\/4-Compartment-Lunch-Box-Detail-1-270x270.webp 270w, https:\/\/moyahousehold.com\/wp-content\/uploads\/2024\/11\/4-Compartment-Lunch-Box-Detail-1-540x540.webp 540w, https:\/\/moyahousehold.com\/wp-content\/uploads\/2024\/11\/4-Compartment-Lunch-Box-Detail-1-660x660.webp 660w\" sizes=\"(max-width: 3393px) 100vw, 3393px\" \/><\/figure>\n<\/div>\n\n\n\n<div class=\"wp-block-column is-layout-flow wp-block-column-is-layout-flow\">\n<figure class=\"wp-block-image size-full\"><img decoding=\"async\" width=\"3229\" height=\"3229\" src=\"https:\/\/moyahousehold.com\/wp-content\/uploads\/2024\/11\/4-Compartment-Lunch-Box-Detail-2.webp\" alt=\"Fiambrera de 4 compartimentos Detalle (2)\" class=\"wp-image-9596\" srcset=\"https:\/\/moyahousehold.com\/wp-content\/uploads\/2024\/11\/4-Compartment-Lunch-Box-Detail-2.webp 3229w, https:\/\/moyahousehold.com\/wp-content\/uploads\/2024\/11\/4-Compartment-Lunch-Box-Detail-2-300x300.webp 300w, https:\/\/moyahousehold.com\/wp-content\/uploads\/2024\/11\/4-Compartment-Lunch-Box-Detail-2-150x150.webp 150w, https:\/\/moyahousehold.com\/wp-content\/uploads\/2024\/11\/4-Compartment-Lunch-Box-Detail-2-768x768.webp 768w, https:\/\/moyahousehold.com\/wp-content\/uploads\/2024\/11\/4-Compartment-Lunch-Box-Detail-2-12x12.webp 12w, https:\/\/moyahousehold.com\/wp-content\/uploads\/2024\/11\/4-Compartment-Lunch-Box-Detail-2-285x285.webp 285w, https:\/\/moyahousehold.com\/wp-content\/uploads\/2024\/11\/4-Compartment-Lunch-Box-Detail-2-1600x1600.webp 1600w, https:\/\/moyahousehold.com\/wp-content\/uploads\/2024\/11\/4-Compartment-Lunch-Box-Detail-2-270x270.webp 270w, https:\/\/moyahousehold.com\/wp-content\/uploads\/2024\/11\/4-Compartment-Lunch-Box-Detail-2-540x540.webp 540w, https:\/\/moyahousehold.com\/wp-content\/uploads\/2024\/11\/4-Compartment-Lunch-Box-Detail-2-660x660.webp 660w\" sizes=\"(max-width: 3229px) 100vw, 3229px\" \/><\/figure>\n<\/div>\n<\/div>\n\n\n\n<div class=\"wp-block-columns is-layout-flex wp-container-core-columns-is-layout-9d6595d7 wp-block-columns-is-layout-flex\">\n<div class=\"wp-block-column is-layout-flow wp-block-column-is-layout-flow\">\n<figure class=\"wp-block-image size-full\"><img decoding=\"async\" width=\"3316\" height=\"3316\" src=\"https:\/\/moyahousehold.com\/wp-content\/uploads\/2024\/11\/4-Compartment-Lunch-Box-Detail-3.webp\" alt=\"Fiambrera de 4 compartimentos Detalle (3)\" class=\"wp-image-9597\" srcset=\"https:\/\/moyahousehold.com\/wp-content\/uploads\/2024\/11\/4-Compartment-Lunch-Box-Detail-3.webp 3316w, https:\/\/moyahousehold.com\/wp-content\/uploads\/2024\/11\/4-Compartment-Lunch-Box-Detail-3-300x300.webp 300w, https:\/\/moyahousehold.com\/wp-content\/uploads\/2024\/11\/4-Compartment-Lunch-Box-Detail-3-150x150.webp 150w, https:\/\/moyahousehold.com\/wp-content\/uploads\/2024\/11\/4-Compartment-Lunch-Box-Detail-3-768x768.webp 768w, https:\/\/moyahousehold.com\/wp-content\/uploads\/2024\/11\/4-Compartment-Lunch-Box-Detail-3-12x12.webp 12w, https:\/\/moyahousehold.com\/wp-content\/uploads\/2024\/11\/4-Compartment-Lunch-Box-Detail-3-285x285.webp 285w, https:\/\/moyahousehold.com\/wp-content\/uploads\/2024\/11\/4-Compartment-Lunch-Box-Detail-3-1600x1600.webp 1600w, https:\/\/moyahousehold.com\/wp-content\/uploads\/2024\/11\/4-Compartment-Lunch-Box-Detail-3-270x270.webp 270w, https:\/\/moyahousehold.com\/wp-content\/uploads\/2024\/11\/4-Compartment-Lunch-Box-Detail-3-540x540.webp 540w, https:\/\/moyahousehold.com\/wp-content\/uploads\/2024\/11\/4-Compartment-Lunch-Box-Detail-3-660x660.webp 660w\" sizes=\"(max-width: 3316px) 100vw, 3316px\" \/><\/figure>\n<\/div>\n\n\n\n<div class=\"wp-block-column is-layout-flow wp-block-column-is-layout-flow\">\n<figure class=\"wp-block-image size-full\"><img loading=\"lazy\" decoding=\"async\" width=\"3639\" height=\"3639\" src=\"https:\/\/moyahousehold.com\/wp-content\/uploads\/2024\/11\/4-Compartment-Lunch-Box-Detail-4.webp\" alt=\"Fiambrera de 4 compartimentos Detalle (4)\" class=\"wp-image-9598\" srcset=\"https:\/\/moyahousehold.com\/wp-content\/uploads\/2024\/11\/4-Compartment-Lunch-Box-Detail-4.webp 3639w, https:\/\/moyahousehold.com\/wp-content\/uploads\/2024\/11\/4-Compartment-Lunch-Box-Detail-4-300x300.webp 300w, https:\/\/moyahousehold.com\/wp-content\/uploads\/2024\/11\/4-Compartment-Lunch-Box-Detail-4-150x150.webp 150w, https:\/\/moyahousehold.com\/wp-content\/uploads\/2024\/11\/4-Compartment-Lunch-Box-Detail-4-768x768.webp 768w, https:\/\/moyahousehold.com\/wp-content\/uploads\/2024\/11\/4-Compartment-Lunch-Box-Detail-4-12x12.webp 12w, https:\/\/moyahousehold.com\/wp-content\/uploads\/2024\/11\/4-Compartment-Lunch-Box-Detail-4-285x285.webp 285w, https:\/\/moyahousehold.com\/wp-content\/uploads\/2024\/11\/4-Compartment-Lunch-Box-Detail-4-1600x1600.webp 1600w, https:\/\/moyahousehold.com\/wp-content\/uploads\/2024\/11\/4-Compartment-Lunch-Box-Detail-4-270x270.webp 270w, https:\/\/moyahousehold.com\/wp-content\/uploads\/2024\/11\/4-Compartment-Lunch-Box-Detail-4-540x540.webp 540w, https:\/\/moyahousehold.com\/wp-content\/uploads\/2024\/11\/4-Compartment-Lunch-Box-Detail-4-660x660.webp 660w\" sizes=\"(max-width: 3639px) 100vw, 3639px\" \/><\/figure>\n<\/div>\n<\/div>\n\n\n\n<p><\/p>","protected":false},"excerpt":{"rendered":"<p>Fiambrera de 4 compartimentos de acero inoxidable al por mayor, con un dise\u00f1o port\u00e1til, adecuada para llevar fuera. El dise\u00f1o de 4 compartimentos permite a los usuarios llevar f\u00e1cilmente una variedad de alimentos. Como fabricante profesional de fiambreras, ofrecemos servicios de fiambreras al por mayor y personalizadas. Mayoristas, minoristas y escuelas con necesidades relevantes son bienvenidos a contactarnos.<\/p>\n<h3>Par\u00e1metros de la fiambrera de acero inoxidable de 4 compartimentos<\/h3>\n<p><strong>Materiales de alta calidad:<\/strong> Esta fiambrera est\u00e1 fabricada en acero inoxidable 304 de alta calidad, que no contiene BPA y es muy adecuado para almacenar una gran variedad de alimentos fr\u00edos y calientes durante mucho tiempo.<\/p>\n<p>&nbsp;<\/p>\n<p><strong>F\u00e1cil de limpiar:<\/strong> La superficie interior de la fiambrera est\u00e1 pulida. Para la limpieza diaria, basta con aclarar o pasar un pa\u00f1o para eliminar f\u00e1cilmente las manchas. Adem\u00e1s, se puede meter en el lavavajillas para ayudarle a ahorrar tiempo.<\/p>\n<p>&nbsp;<\/p>\n<p><strong>Dise\u00f1o de 4 compartimentos:<\/strong> Esta fiambrera de acero inoxidable tiene 4 compartimentos para guardar alimentos h\u00famedos y secos por separado, manteniendo cada alimento fresco y original.<\/p>\n<p>&nbsp;<\/p>\n<p><strong>Aplicaci\u00f3n multiescenario:<\/strong> Esta fiambrera de acero inoxidable es f\u00e1cil de transportar y adecuada para su uso en casa y en la oficina, as\u00ed como para viajar y comer fuera.<\/p>\n<p>&nbsp;<\/p>\n<p><strong>Dise\u00f1o pr\u00e1ctico:<\/strong> Esta fiambrera de acero inoxidable lleva incorporado un anillo de sellado de silicona alimentaria de alta calidad y un dise\u00f1o de cierre firme para evitar eficazmente que la sopa y otros l\u00edquidos se filtren, lo que la hace muy adecuada para llevarla a todas partes.<\/p>\n<p>&nbsp;<\/p>\n<p><strong>Personalizaci\u00f3n OEM&amp;ODM:<\/strong> Como fabricante mayorista de fiambreras, ofrecemos soluciones integrales de fiambreras personalizadas. Incluyendo el color de apariencia personalizada, dise\u00f1o de la capacidad y el logotipo de la marca.<\/p>","protected":false},"featured_media":9602,"comment_status":"closed","ping_status":"closed","template":"","meta":[],"product_cat":[58],"product_tag":[87,92],"class_list":{"0":"post-9579","1":"product","2":"type-product","3":"status-publish","4":"has-post-thumbnail","6":"product_cat-lunch-box-wholesale","7":"product_tag-wholesale-multi-compartment-lunch-box","8":"product_tag-wholesale-rectangle-lunch-box","10":"first","11":"instock","12":"shipping-taxable","13":"product-type-simple"},"_links":{"self":[{"href":"https:\/\/moyahousehold.com\/es\/wp-json\/wp\/v2\/product\/9579","targetHints":{"allow":["GET"]}}],"collection":[{"href":"https:\/\/moyahousehold.com\/es\/wp-json\/wp\/v2\/product"}],"about":[{"href":"https:\/\/moyahousehold.com\/es\/wp-json\/wp\/v2\/types\/product"}],"replies":[{"embeddable":true,"href":"https:\/\/moyahousehold.com\/es\/wp-json\/wp\/v2\/comments?post=9579"}],"version-history":[{"count":0,"href":"https:\/\/moyahousehold.com\/es\/wp-json\/wp\/v2\/product\/9579\/revisions"}],"wp:featuredmedia":[{"embeddable":true,"href":"https:\/\/moyahousehold.com\/es\/wp-json\/wp\/v2\/media\/9602"}],"wp:attachment":[{"href":"https:\/\/moyahousehold.com\/es\/wp-json\/wp\/v2\/media?parent=9579"}],"wp:term":[{"taxonomy":"product_cat","embeddable":true,"href":"https:\/\/moyahousehold.com\/es\/wp-json\/wp\/v2\/product_cat?post=9579"},{"taxonomy":"product_tag","embeddable":true,"href":"https:\/\/moyahousehold.com\/es\/wp-json\/wp\/v2\/product_tag?post=9579"}],"curies":[{"name":"wp","href":"https:\/\/api.w.org\/{rel}","templated":true}]}}