{"id":9607,"date":"2024-11-30T07:35:18","date_gmt":"2024-11-30T02:13:57","guid":{"rendered":"https:\/\/moyahousehold.com\/?post_type=product&#038;p=9607"},"modified":"2025-02-05T08:32:34","modified_gmt":"2025-02-05T08:32:34","slug":"wholesale-cute-stainless-steel-lunch-box-for-kids","status":"publish","type":"product","link":"https:\/\/moyahousehold.com\/es\/producto\/wholesale-cute-stainless-steel-lunch-box-for-kids\/","title":{"rendered":"Mayorista Bonita Fiambrera de Acero Inoxidable para Ni\u00f1os con Interesantes Estampados - Perfecta para la Escuela y Picnics al Aire Libre"},"content":{"rendered":"<h2 class=\"wp-block-heading\">Par\u00e1metros de la fiambrera de acero inoxidable para ni\u00f1os<\/h2>\n\n\n\n<p><strong>material:<\/strong> 304 + PP <strong> color:<\/strong> Beige\u3001Caqui\u3001Verde\u3001Rosa\u3001Blanco<\/p>\n\n\n\n<figure class=\"wp-block-table\"><table class=\"has-fixed-layout\"><tbody><tr><td>Art\u00edculo<\/td><td>Capacidad<\/td><td>Talla\/PCS<\/td><td>PCS\/Caja<\/td><td>N.W.\/PCS<\/td><td>G.W.\/Caso<\/td><\/tr><tr><td>MYJD005<\/td><td>550 ml<\/td><td>17*13*6.5<\/td><td>60<\/td><td>0.74<\/td><td>12.7<\/td><\/tr><tr><td>MYJD006<\/td><td>850 ml<\/td><td>19*14*7<\/td><td>48<\/td><td>0.81<\/td><td>14.9<\/td><\/tr><tr><td>MYJD255<\/td><td>1200 ml<\/td><td>19*19*7<\/td><td>\/<\/td><td>1.31<\/td><td>\/<\/td><\/tr><\/tbody><\/table><\/figure>\n\n\n\n<h3 class=\"wp-block-heading\">Opciones de fiambreras personalizadas<\/h3>\n\n\n\n<p><strong>Logotipo<\/strong>Personalice el logotipo de su marca en la caja bento de acero inoxidable y en el paquete.<br><strong>Opciones de logotipo<\/strong>Logotipo impreso, logotipo grabado con l\u00e1ser, etc.<br><strong>Patr\u00f3n<\/strong>: Impresi\u00f3n de motivos personalizados en productos y envases.<br><strong>Tecnolog\u00eda de impresi\u00f3n<\/strong>Impresi\u00f3n por transferencia de agua, serigraf\u00eda, transferencia de calor, sublimaci\u00f3n, etc.<br><strong>Paquete<\/strong>:caja de color.<br><a href=\"https:\/\/moyahousehold.com\/es\/solucion-personalizada\/\"><strong>M\u00e1s informaci\u00f3n sobre soluciones de fiambreras personalizadas.<\/strong><\/a><\/p>\n\n\n\n<div class=\"wp-block-columns is-layout-flex wp-container-core-columns-is-layout-9d6595d7 wp-block-columns-is-layout-flex\">\n<div class=\"wp-block-column is-layout-flow wp-block-column-is-layout-flow\">\n<figure class=\"wp-block-image size-full\"><img fetchpriority=\"high\" decoding=\"async\" width=\"1500\" height=\"1500\" src=\"https:\/\/moyahousehold.com\/wp-content\/uploads\/2024\/11\/wholesale-Stainless-Steel-Lunch-Box-For-Kids-1.jpg\" alt=\"mayorista Fiambrera de acero inoxidable para ni\u00f1os (1)\" class=\"wp-image-9638\" srcset=\"https:\/\/moyahousehold.com\/wp-content\/uploads\/2024\/11\/wholesale-Stainless-Steel-Lunch-Box-For-Kids-1.jpg 1500w, https:\/\/moyahousehold.com\/wp-content\/uploads\/2024\/11\/wholesale-Stainless-Steel-Lunch-Box-For-Kids-1-300x300.jpg 300w, https:\/\/moyahousehold.com\/wp-content\/uploads\/2024\/11\/wholesale-Stainless-Steel-Lunch-Box-For-Kids-1-150x150.jpg 150w, https:\/\/moyahousehold.com\/wp-content\/uploads\/2024\/11\/wholesale-Stainless-Steel-Lunch-Box-For-Kids-1-768x768.jpg 768w, https:\/\/moyahousehold.com\/wp-content\/uploads\/2024\/11\/wholesale-Stainless-Steel-Lunch-Box-For-Kids-1-12x12.jpg 12w, https:\/\/moyahousehold.com\/wp-content\/uploads\/2024\/11\/wholesale-Stainless-Steel-Lunch-Box-For-Kids-1-285x285.jpg 285w, https:\/\/moyahousehold.com\/wp-content\/uploads\/2024\/11\/wholesale-Stainless-Steel-Lunch-Box-For-Kids-1-270x270.jpg 270w, https:\/\/moyahousehold.com\/wp-content\/uploads\/2024\/11\/wholesale-Stainless-Steel-Lunch-Box-For-Kids-1-540x540.jpg 540w, https:\/\/moyahousehold.com\/wp-content\/uploads\/2024\/11\/wholesale-Stainless-Steel-Lunch-Box-For-Kids-1-660x660.jpg 660w\" sizes=\"(max-width: 1500px) 100vw, 1500px\" \/><\/figure>\n<\/div>\n\n\n\n<div class=\"wp-block-column is-layout-flow wp-block-column-is-layout-flow\">\n<figure class=\"wp-block-image size-full\"><img decoding=\"async\" width=\"1500\" height=\"1500\" src=\"https:\/\/moyahousehold.com\/wp-content\/uploads\/2024\/11\/wholesale-Stainless-Steel-Lunch-Box-For-Kids-2.jpg\" alt=\"mayorista Fiambrera de acero inoxidable para ni\u00f1os (2)\" class=\"wp-image-9639\" srcset=\"https:\/\/moyahousehold.com\/wp-content\/uploads\/2024\/11\/wholesale-Stainless-Steel-Lunch-Box-For-Kids-2.jpg 1500w, https:\/\/moyahousehold.com\/wp-content\/uploads\/2024\/11\/wholesale-Stainless-Steel-Lunch-Box-For-Kids-2-300x300.jpg 300w, https:\/\/moyahousehold.com\/wp-content\/uploads\/2024\/11\/wholesale-Stainless-Steel-Lunch-Box-For-Kids-2-150x150.jpg 150w, https:\/\/moyahousehold.com\/wp-content\/uploads\/2024\/11\/wholesale-Stainless-Steel-Lunch-Box-For-Kids-2-768x768.jpg 768w, https:\/\/moyahousehold.com\/wp-content\/uploads\/2024\/11\/wholesale-Stainless-Steel-Lunch-Box-For-Kids-2-12x12.jpg 12w, https:\/\/moyahousehold.com\/wp-content\/uploads\/2024\/11\/wholesale-Stainless-Steel-Lunch-Box-For-Kids-2-285x285.jpg 285w, https:\/\/moyahousehold.com\/wp-content\/uploads\/2024\/11\/wholesale-Stainless-Steel-Lunch-Box-For-Kids-2-270x270.jpg 270w, https:\/\/moyahousehold.com\/wp-content\/uploads\/2024\/11\/wholesale-Stainless-Steel-Lunch-Box-For-Kids-2-540x540.jpg 540w, https:\/\/moyahousehold.com\/wp-content\/uploads\/2024\/11\/wholesale-Stainless-Steel-Lunch-Box-For-Kids-2-660x660.jpg 660w\" sizes=\"(max-width: 1500px) 100vw, 1500px\" \/><\/figure>\n<\/div>\n<\/div>\n\n\n\n<div class=\"wp-block-columns is-layout-flex wp-container-core-columns-is-layout-9d6595d7 wp-block-columns-is-layout-flex\">\n<div class=\"wp-block-column is-layout-flow wp-block-column-is-layout-flow\">\n<figure class=\"wp-block-image size-full\"><img decoding=\"async\" width=\"1500\" height=\"1500\" src=\"https:\/\/moyahousehold.com\/wp-content\/uploads\/2024\/11\/wholesale-Stainless-Steel-Lunch-Box-For-Kids-3.jpg\" alt=\"mayorista Fiambrera de acero inoxidable para ni\u00f1os (3)\" class=\"wp-image-9640\" srcset=\"https:\/\/moyahousehold.com\/wp-content\/uploads\/2024\/11\/wholesale-Stainless-Steel-Lunch-Box-For-Kids-3.jpg 1500w, https:\/\/moyahousehold.com\/wp-content\/uploads\/2024\/11\/wholesale-Stainless-Steel-Lunch-Box-For-Kids-3-300x300.jpg 300w, https:\/\/moyahousehold.com\/wp-content\/uploads\/2024\/11\/wholesale-Stainless-Steel-Lunch-Box-For-Kids-3-150x150.jpg 150w, https:\/\/moyahousehold.com\/wp-content\/uploads\/2024\/11\/wholesale-Stainless-Steel-Lunch-Box-For-Kids-3-768x768.jpg 768w, https:\/\/moyahousehold.com\/wp-content\/uploads\/2024\/11\/wholesale-Stainless-Steel-Lunch-Box-For-Kids-3-12x12.jpg 12w, https:\/\/moyahousehold.com\/wp-content\/uploads\/2024\/11\/wholesale-Stainless-Steel-Lunch-Box-For-Kids-3-285x285.jpg 285w, https:\/\/moyahousehold.com\/wp-content\/uploads\/2024\/11\/wholesale-Stainless-Steel-Lunch-Box-For-Kids-3-270x270.jpg 270w, https:\/\/moyahousehold.com\/wp-content\/uploads\/2024\/11\/wholesale-Stainless-Steel-Lunch-Box-For-Kids-3-540x540.jpg 540w, https:\/\/moyahousehold.com\/wp-content\/uploads\/2024\/11\/wholesale-Stainless-Steel-Lunch-Box-For-Kids-3-660x660.jpg 660w\" sizes=\"(max-width: 1500px) 100vw, 1500px\" \/><\/figure>\n<\/div>\n\n\n\n<div class=\"wp-block-column is-layout-flow wp-block-column-is-layout-flow\">\n<figure class=\"wp-block-image size-full\"><img loading=\"lazy\" decoding=\"async\" width=\"1500\" height=\"1500\" src=\"https:\/\/moyahousehold.com\/wp-content\/uploads\/2024\/11\/wholesale-Stainless-Steel-Lunch-Box-For-Kids-4.jpg\" alt=\"al por mayor fiambrera de acero inoxidable para ni\u00f1os (4)\" class=\"wp-image-9641\" srcset=\"https:\/\/moyahousehold.com\/wp-content\/uploads\/2024\/11\/wholesale-Stainless-Steel-Lunch-Box-For-Kids-4.jpg 1500w, https:\/\/moyahousehold.com\/wp-content\/uploads\/2024\/11\/wholesale-Stainless-Steel-Lunch-Box-For-Kids-4-300x300.jpg 300w, https:\/\/moyahousehold.com\/wp-content\/uploads\/2024\/11\/wholesale-Stainless-Steel-Lunch-Box-For-Kids-4-150x150.jpg 150w, https:\/\/moyahousehold.com\/wp-content\/uploads\/2024\/11\/wholesale-Stainless-Steel-Lunch-Box-For-Kids-4-768x768.jpg 768w, https:\/\/moyahousehold.com\/wp-content\/uploads\/2024\/11\/wholesale-Stainless-Steel-Lunch-Box-For-Kids-4-12x12.jpg 12w, https:\/\/moyahousehold.com\/wp-content\/uploads\/2024\/11\/wholesale-Stainless-Steel-Lunch-Box-For-Kids-4-285x285.jpg 285w, https:\/\/moyahousehold.com\/wp-content\/uploads\/2024\/11\/wholesale-Stainless-Steel-Lunch-Box-For-Kids-4-270x270.jpg 270w, https:\/\/moyahousehold.com\/wp-content\/uploads\/2024\/11\/wholesale-Stainless-Steel-Lunch-Box-For-Kids-4-540x540.jpg 540w, https:\/\/moyahousehold.com\/wp-content\/uploads\/2024\/11\/wholesale-Stainless-Steel-Lunch-Box-For-Kids-4-660x660.jpg 660w\" sizes=\"(max-width: 1500px) 100vw, 1500px\" \/><\/figure>\n<\/div>\n<\/div>","protected":false},"excerpt":{"rendered":"<p>Mayorista Bonita Fiambrera de Acero Inoxidable para Ni\u00f1os, con un dise\u00f1o de partici\u00f3n para ayudar a los ni\u00f1os a aprender a racionar la comida. La fiambrera est\u00e1 hecha de acero inoxidable de grado alimenticio de alta resistencia, y el dise\u00f1o de la tapa sellada hace que sea bien sellado, a prueba de ca\u00eddas y fugas, por lo que es m\u00e1s adecuado para los ni\u00f1os. <strong>El fabricante de fiambreras MOYA ofrece servicios OEM&amp;ODM, p\u00f3ngase en contacto con nosotros.<\/strong><\/p>\n<h3>Par\u00e1metros de la caja bento con compartimentos de acero inoxidable<\/h3>\n<p><strong>Bonito dise\u00f1o:<\/strong> La fiambrera est\u00e1 dise\u00f1ada con vivos colores e interesantes dibujos animados para aumentar el apetito y la expectaci\u00f3n de los ni\u00f1os a la hora de comer.<\/p>\n<p>&nbsp;<\/p>\n<p><strong>Fiambrera con compartimentos:<\/strong> Ofrecemos fiambreras de 2 compartimentos y de 3 compartimentos, que pueden distribuir razonablemente diferentes alimentos para evitar el sabor cruzado.<\/p>\n<p>&nbsp;<\/p>\n<p><strong>Materiales sanos y respetuosos con el medio ambiente:<\/strong> Esta fiambrera para ni\u00f1os est\u00e1 fabricada en acero inoxidable de calidad alimentaria, seguro e inocuo, con certificaci\u00f3n ISO y FDA, y cumple las normas sanitarias para uso infantil.<\/p>\n<p>&nbsp;<\/p>\n<p><strong>Diversas opciones:<\/strong> Hay una gran variedad de colores y estilos entre los que elegir, adecuados para ni\u00f1os con distintas preferencias, y utilizamos fiambreras de distintas capacidades para satisfacer las necesidades de ni\u00f1os de distintas edades.<\/p>\n<p>&nbsp;<\/p>\n<p><strong>Dise\u00f1o pr\u00e1ctico:<\/strong> El dise\u00f1o de la fiambrera tambi\u00e9n presta especial atenci\u00f3n a la funci\u00f3n de tapa f\u00e1cil de abrir, que permite a los ni\u00f1os abrirla y cerrarla f\u00e1cilmente, y esta fiambrera infantil es ligera y adecuada para las mochilas escolares de los ni\u00f1os.<\/p>","protected":false},"featured_media":9653,"comment_status":"closed","ping_status":"closed","template":"","meta":[],"product_cat":[58],"product_tag":[87,92,93],"class_list":{"0":"post-9607","1":"product","2":"type-product","3":"status-publish","4":"has-post-thumbnail","6":"product_cat-lunch-box-wholesale","7":"product_tag-wholesale-multi-compartment-lunch-box","8":"product_tag-wholesale-rectangle-lunch-box","9":"product_tag-wholesale-square-lunch-box","11":"first","12":"instock","13":"shipping-taxable","14":"product-type-simple"},"_links":{"self":[{"href":"https:\/\/moyahousehold.com\/es\/wp-json\/wp\/v2\/product\/9607","targetHints":{"allow":["GET"]}}],"collection":[{"href":"https:\/\/moyahousehold.com\/es\/wp-json\/wp\/v2\/product"}],"about":[{"href":"https:\/\/moyahousehold.com\/es\/wp-json\/wp\/v2\/types\/product"}],"replies":[{"embeddable":true,"href":"https:\/\/moyahousehold.com\/es\/wp-json\/wp\/v2\/comments?post=9607"}],"version-history":[{"count":0,"href":"https:\/\/moyahousehold.com\/es\/wp-json\/wp\/v2\/product\/9607\/revisions"}],"wp:featuredmedia":[{"embeddable":true,"href":"https:\/\/moyahousehold.com\/es\/wp-json\/wp\/v2\/media\/9653"}],"wp:attachment":[{"href":"https:\/\/moyahousehold.com\/es\/wp-json\/wp\/v2\/media?parent=9607"}],"wp:term":[{"taxonomy":"product_cat","embeddable":true,"href":"https:\/\/moyahousehold.com\/es\/wp-json\/wp\/v2\/product_cat?post=9607"},{"taxonomy":"product_tag","embeddable":true,"href":"https:\/\/moyahousehold.com\/es\/wp-json\/wp\/v2\/product_tag?post=9607"}],"curies":[{"name":"wp","href":"https:\/\/api.w.org\/{rel}","templated":true}]}}