{"id":10074,"date":"2025-02-03T09:31:41","date_gmt":"2025-02-03T09:31:41","guid":{"rendered":"https:\/\/moyahousehold.com\/?post_type=product&#038;p=10074"},"modified":"2026-04-02T07:40:12","modified_gmt":"2026-04-02T07:40:12","slug":"wholesale-1600ml-insulated-carafe","status":"publish","type":"product","link":"https:\/\/moyahousehold.com\/fr\/produit\/wholesale-1600ml-insulated-carafe\/","title":{"rendered":"Wholesale 1.2L &amp; 1.6L Japanese Insulated Carafe, Bulk Stylish Thermos Carafe for Sale, Support OEM and ODM"},"content":{"rendered":"<h3 class=\"wp-block-heading\">Param\u00e8tres de la carafe isotherme 1,6L<\/h3>\n\n\n\n<figure class=\"wp-block-table\"><table class=\"has-fixed-layout\"><tbody><tr><td>Produit&nbsp;<\/td><td>Capacit\u00e9<\/td><td>Mod\u00e8le<\/td><td>Couleur<\/td><td>Mat\u00e9riau<\/td><td>Dimensions<\/td><td>N.W.\/PCS<\/td><\/tr><tr><td>1.2L Japanese detachable<br>carafe isotherme<\/td><td>1.2L<\/td><td>MY0880<\/td><td>Beige\/Khaki\/<br>White\/Black\/<br>Nature\/Light Grey<\/td><td>304+PP+Silicone+Beech<\/td><td>20.4*13*21.2<\/td><td>0.9<\/td><\/tr><tr><td>1.6L japonais d\u00e9tachable<br>carafe isotherme<\/td><td>1.6L<\/td><td>MY0881<\/td><td>Beige\/Khaki\/<br>White\/Black\/<br>Nature\/Light Grey<\/td><td>304+PP+Silicone+Beech<\/td><td>20.4*14.6*20.2<\/td><td>1.0<\/td><\/tr><\/tbody><\/table><\/figure>\n\n\n\n<h3 class=\"wp-block-heading\">Option de carafe isotherme personnalis\u00e9e<\/h3>\n\n\n\n<p><strong>Logo : <\/strong>Personnalisez le logo de votre marque sur le produit et l'emballage.<br><strong>Options de logo :<\/strong> Printed logo, laser engraved logo, etc.<br><strong>Mod\u00e8le :<\/strong> Mod\u00e8les d'impression <br><strong>Technologie d'impression : <\/strong>Water transfer printing, silk screen printing, heat transfer printing, sublimation transfer, etc.<br><strong>Emballage :<\/strong> Color box<br><a href=\"https:\/\/moyahousehold.com\/fr\/solution-personnalisee\/\"><strong>En savoir plus sur les solutions de carafes isothermes personnalis\u00e9es. <\/strong><\/a><\/p>\n\n\n\n<div class=\"wp-block-columns is-layout-flex wp-container-core-columns-is-layout-9d6595d7 wp-block-columns-is-layout-flex\">\n<div class=\"wp-block-column is-layout-flow wp-block-column-is-layout-flow\">\n<figure class=\"wp-block-image size-full\"><img fetchpriority=\"high\" decoding=\"async\" width=\"800\" height=\"800\" src=\"https:\/\/moyahousehold.com\/wp-content\/uploads\/2025\/02\/1.6L-insulated-carafe-detail-1.webp\" alt=\"Carafe isotherme 1,6L d\u00e9tail (1)\" class=\"wp-image-10076\" srcset=\"https:\/\/moyahousehold.com\/wp-content\/uploads\/2025\/02\/1.6L-insulated-carafe-detail-1.webp 800w, https:\/\/moyahousehold.com\/wp-content\/uploads\/2025\/02\/1.6L-insulated-carafe-detail-1-300x300.webp 300w, https:\/\/moyahousehold.com\/wp-content\/uploads\/2025\/02\/1.6L-insulated-carafe-detail-1-150x150.webp 150w, https:\/\/moyahousehold.com\/wp-content\/uploads\/2025\/02\/1.6L-insulated-carafe-detail-1-768x768.webp 768w, https:\/\/moyahousehold.com\/wp-content\/uploads\/2025\/02\/1.6L-insulated-carafe-detail-1-12x12.webp 12w, https:\/\/moyahousehold.com\/wp-content\/uploads\/2025\/02\/1.6L-insulated-carafe-detail-1-285x285.webp 285w, https:\/\/moyahousehold.com\/wp-content\/uploads\/2025\/02\/1.6L-insulated-carafe-detail-1-270x270.webp 270w, https:\/\/moyahousehold.com\/wp-content\/uploads\/2025\/02\/1.6L-insulated-carafe-detail-1-540x540.webp 540w, https:\/\/moyahousehold.com\/wp-content\/uploads\/2025\/02\/1.6L-insulated-carafe-detail-1-660x660.webp 660w\" sizes=\"(max-width: 800px) 100vw, 800px\" \/><\/figure>\n<\/div>\n\n\n\n<div class=\"wp-block-column is-layout-flow wp-block-column-is-layout-flow\">\n<figure class=\"wp-block-image size-full\"><img decoding=\"async\" width=\"1600\" height=\"1600\" src=\"https:\/\/moyahousehold.com\/wp-content\/uploads\/2025\/02\/1.6L-insulated-carafe-detail-2.webp\" alt=\"D\u00e9tail de la carafe isotherme de 1,6L (2)\" class=\"wp-image-10077\" srcset=\"https:\/\/moyahousehold.com\/wp-content\/uploads\/2025\/02\/1.6L-insulated-carafe-detail-2.webp 1600w, https:\/\/moyahousehold.com\/wp-content\/uploads\/2025\/02\/1.6L-insulated-carafe-detail-2-300x300.webp 300w, https:\/\/moyahousehold.com\/wp-content\/uploads\/2025\/02\/1.6L-insulated-carafe-detail-2-150x150.webp 150w, https:\/\/moyahousehold.com\/wp-content\/uploads\/2025\/02\/1.6L-insulated-carafe-detail-2-768x768.webp 768w, https:\/\/moyahousehold.com\/wp-content\/uploads\/2025\/02\/1.6L-insulated-carafe-detail-2-12x12.webp 12w, https:\/\/moyahousehold.com\/wp-content\/uploads\/2025\/02\/1.6L-insulated-carafe-detail-2-285x285.webp 285w, https:\/\/moyahousehold.com\/wp-content\/uploads\/2025\/02\/1.6L-insulated-carafe-detail-2-270x270.webp 270w, https:\/\/moyahousehold.com\/wp-content\/uploads\/2025\/02\/1.6L-insulated-carafe-detail-2-540x540.webp 540w, https:\/\/moyahousehold.com\/wp-content\/uploads\/2025\/02\/1.6L-insulated-carafe-detail-2-660x660.webp 660w\" sizes=\"(max-width: 1600px) 100vw, 1600px\" \/><\/figure>\n<\/div>\n<\/div>\n\n\n\n<div class=\"wp-block-columns is-layout-flex wp-container-core-columns-is-layout-9d6595d7 wp-block-columns-is-layout-flex\">\n<div class=\"wp-block-column is-layout-flow wp-block-column-is-layout-flow\"><\/div>\n\n\n\n<div class=\"wp-block-column is-layout-flow wp-block-column-is-layout-flow\"><\/div>\n<\/div>\n\n\n\n<div class=\"wp-block-columns is-layout-flex wp-container-core-columns-is-layout-9d6595d7 wp-block-columns-is-layout-flex\">\n<div class=\"wp-block-column is-layout-flow wp-block-column-is-layout-flow\">\n<figure class=\"wp-block-image size-full\"><img decoding=\"async\" width=\"800\" height=\"800\" src=\"https:\/\/moyahousehold.com\/wp-content\/uploads\/2025\/02\/6.jpg\" alt=\"MOYA Japanese Style Stainless Steel Thermal Coffee Carafe with Wooden Handle, Vacuum Insulated Tea Pot\" class=\"wp-image-12545\" srcset=\"https:\/\/moyahousehold.com\/wp-content\/uploads\/2025\/02\/6.jpg 800w, https:\/\/moyahousehold.com\/wp-content\/uploads\/2025\/02\/6-300x300.jpg 300w, https:\/\/moyahousehold.com\/wp-content\/uploads\/2025\/02\/6-150x150.jpg 150w, https:\/\/moyahousehold.com\/wp-content\/uploads\/2025\/02\/6-768x768.jpg 768w, https:\/\/moyahousehold.com\/wp-content\/uploads\/2025\/02\/6-12x12.jpg 12w, https:\/\/moyahousehold.com\/wp-content\/uploads\/2025\/02\/6-285x285.jpg 285w, https:\/\/moyahousehold.com\/wp-content\/uploads\/2025\/02\/6-270x270.jpg 270w, https:\/\/moyahousehold.com\/wp-content\/uploads\/2025\/02\/6-540x540.jpg 540w, https:\/\/moyahousehold.com\/wp-content\/uploads\/2025\/02\/6-660x660.jpg 660w\" sizes=\"(max-width: 800px) 100vw, 800px\" \/><\/figure>\n<\/div>\n\n\n\n<div class=\"wp-block-column is-layout-flow wp-block-column-is-layout-flow\">\n<figure class=\"wp-block-image size-full\"><img loading=\"lazy\" decoding=\"async\" width=\"800\" height=\"800\" src=\"https:\/\/moyahousehold.com\/wp-content\/uploads\/2025\/02\/4.jpg\" alt=\"MOYA Japanese Style Stainless Steel Thermal Coffee Carafe with Wooden Handle, Vacuum Insulated Tea Pot\" class=\"wp-image-12546\" srcset=\"https:\/\/moyahousehold.com\/wp-content\/uploads\/2025\/02\/4.jpg 800w, https:\/\/moyahousehold.com\/wp-content\/uploads\/2025\/02\/4-300x300.jpg 300w, https:\/\/moyahousehold.com\/wp-content\/uploads\/2025\/02\/4-150x150.jpg 150w, https:\/\/moyahousehold.com\/wp-content\/uploads\/2025\/02\/4-768x768.jpg 768w, https:\/\/moyahousehold.com\/wp-content\/uploads\/2025\/02\/4-12x12.jpg 12w, https:\/\/moyahousehold.com\/wp-content\/uploads\/2025\/02\/4-285x285.jpg 285w, https:\/\/moyahousehold.com\/wp-content\/uploads\/2025\/02\/4-270x270.jpg 270w, https:\/\/moyahousehold.com\/wp-content\/uploads\/2025\/02\/4-540x540.jpg 540w, https:\/\/moyahousehold.com\/wp-content\/uploads\/2025\/02\/4-660x660.jpg 660w\" sizes=\"(max-width: 800px) 100vw, 800px\" \/><\/figure>\n<\/div>\n<\/div>","protected":false},"excerpt":{"rendered":"<p>Wholesale 1.2L &amp; 1.6L insulated carafe at factory price, large capacity can meet the needs of home and office use, with a short streamlined spout to prevent water from splashing out too fast, and achieve smooth pouring. As an insulated carafe manufacturer, we support OEM and ODM, welcome to contact us for a quote.<\/p>\n<h3>Features and Benefits of  Insulated Carafe<\/h3>\n<p><strong>Large capacity (1.2L and 1.6L) :<\/strong> The insulated carafe has a capacity of 1.2L and 1.6L, which can be used for hot and cold drinks. It is suitable for family or multi-person sharing, reducing the trouble of frequent water addition and meeting the need for long-term heat preservation. <\/p>\n<p><strong>Pr\u00e9servation de la chaleur de haute qualit\u00e9 :<\/strong> La carafe isotherme adopte une structure en acier inoxydable \u00e0 double couche sous vide, qui permet de conserver la chaleur et le froid pendant une longue p\u00e9riode, avec un effet de pr\u00e9servation de la chaleur pouvant aller jusqu'\u00e0 12 heures.<\/p>\n<p><strong>Design japonais simple :<\/strong> La carafe isotherme a une forme simple et lisse, avec une poign\u00e9e en bois, montrant une esth\u00e9tique japonaise \u00e9l\u00e9gante, convenant \u00e0 la maison et au bureau.<\/p>\n<p><strong>Conception amovible :<\/strong> Le r\u00e9servoir int\u00e9rieur peut \u00eatre retir\u00e9 par le bas pour faciliter le nettoyage et \u00e9viter la prolif\u00e9ration des bact\u00e9ries. Il convient mieux au stockage de boissons biologiques telles que le caf\u00e9 et le lait.<\/p>\n<p><strong>Service OEM et ODM :<\/strong> Nous fournissons un service complet de carafe isotherme personnalis\u00e9e et pouvons personnaliser la couleur, le logo, l'emballage et les fonctions sp\u00e9ciales en fonction des besoins du client. <\/p>\n<p><strong><a href=\"https:\/\/moyahousehold.com\/fr\/solution-personnalisee\/\">En savoir plus sur les solutions de carafes isothermes personnalis\u00e9es. <\/a><\/strong><\/p>","protected":false},"featured_media":10078,"comment_status":"closed","ping_status":"closed","template":"","meta":[],"product_cat":[54],"product_tag":[80,85],"class_list":{"0":"post-10074","1":"product","2":"type-product","3":"status-publish","4":"has-post-thumbnail","6":"product_cat-thermal-carafe-wholesale","7":"product_tag-wholesale-1600ml-thermos-carafe","8":"product_tag-wholesale-stainless-steel-liner-thermos-carafe","10":"first","11":"instock","12":"shipping-taxable","13":"product-type-simple"},"_links":{"self":[{"href":"https:\/\/moyahousehold.com\/fr\/wp-json\/wp\/v2\/product\/10074","targetHints":{"allow":["GET"]}}],"collection":[{"href":"https:\/\/moyahousehold.com\/fr\/wp-json\/wp\/v2\/product"}],"about":[{"href":"https:\/\/moyahousehold.com\/fr\/wp-json\/wp\/v2\/types\/product"}],"replies":[{"embeddable":true,"href":"https:\/\/moyahousehold.com\/fr\/wp-json\/wp\/v2\/comments?post=10074"}],"version-history":[{"count":3,"href":"https:\/\/moyahousehold.com\/fr\/wp-json\/wp\/v2\/product\/10074\/revisions"}],"predecessor-version":[{"id":12572,"href":"https:\/\/moyahousehold.com\/fr\/wp-json\/wp\/v2\/product\/10074\/revisions\/12572"}],"wp:featuredmedia":[{"embeddable":true,"href":"https:\/\/moyahousehold.com\/fr\/wp-json\/wp\/v2\/media\/10078"}],"wp:attachment":[{"href":"https:\/\/moyahousehold.com\/fr\/wp-json\/wp\/v2\/media?parent=10074"}],"wp:term":[{"taxonomy":"product_cat","embeddable":true,"href":"https:\/\/moyahousehold.com\/fr\/wp-json\/wp\/v2\/product_cat?post=10074"},{"taxonomy":"product_tag","embeddable":true,"href":"https:\/\/moyahousehold.com\/fr\/wp-json\/wp\/v2\/product_tag?post=10074"}],"curies":[{"name":"wp","href":"https:\/\/api.w.org\/{rel}","templated":true}]}}