{"id":10084,"date":"2025-02-04T04:28:20","date_gmt":"2025-02-04T04:28:20","guid":{"rendered":"https:\/\/moyahousehold.com\/?post_type=product&#038;p=10084"},"modified":"2026-04-02T05:52:25","modified_gmt":"2026-04-02T05:52:25","slug":"wholesale-2000ml-thermos-carafe-with-wooden-handle","status":"publish","type":"product","link":"https:\/\/moyahousehold.com\/fr\/produit\/wholesale-2000ml-thermos-carafe-with-wooden-handle\/","title":{"rendered":"Wholesale 1.5L &amp; 2.0L Thermos Carafe with Wooden Handle, Support OEM and ODM"},"content":{"rendered":"<figure class=\"wp-block-image size-full\"><img fetchpriority=\"high\" decoding=\"async\" width=\"7952\" height=\"5304\" src=\"https:\/\/moyahousehold.com\/wp-content\/uploads\/2025\/02\/JS-\u6cd5\u5f0f\u4fdd\u6e29\u58f6-20.jpg\" alt=\"MOYA French Style Stainless Steel Thermal Coffee Carafe with Wooden Handle, Vacuum Insulated Tea Pot\" class=\"wp-image-12535\" srcset=\"https:\/\/moyahousehold.com\/wp-content\/uploads\/2025\/02\/JS-\u6cd5\u5f0f\u4fdd\u6e29\u58f6-20.jpg 7952w, https:\/\/moyahousehold.com\/wp-content\/uploads\/2025\/02\/JS-\u6cd5\u5f0f\u4fdd\u6e29\u58f6-20-300x200.jpg 300w, https:\/\/moyahousehold.com\/wp-content\/uploads\/2025\/02\/JS-\u6cd5\u5f0f\u4fdd\u6e29\u58f6-20-768x512.jpg 768w, https:\/\/moyahousehold.com\/wp-content\/uploads\/2025\/02\/JS-\u6cd5\u5f0f\u4fdd\u6e29\u58f6-20-18x12.jpg 18w, https:\/\/moyahousehold.com\/wp-content\/uploads\/2025\/02\/JS-\u6cd5\u5f0f\u4fdd\u6e29\u58f6-20-285x190.jpg 285w, https:\/\/moyahousehold.com\/wp-content\/uploads\/2025\/02\/JS-\u6cd5\u5f0f\u4fdd\u6e29\u58f6-20-1600x1067.jpg 1600w, https:\/\/moyahousehold.com\/wp-content\/uploads\/2025\/02\/JS-\u6cd5\u5f0f\u4fdd\u6e29\u58f6-20-660x440.jpg 660w, https:\/\/moyahousehold.com\/wp-content\/uploads\/2025\/02\/JS-\u6cd5\u5f0f\u4fdd\u6e29\u58f6-20-150x100.jpg 150w\" sizes=\"(max-width: 7952px) 100vw, 7952px\" \/><\/figure>\n\n\n\n<h3 class=\"wp-block-heading\">Parameters of 1.5L &amp; 2.0L Thermos Carafe<\/h3>\n\n\n\n<figure class=\"wp-block-table\"><table class=\"has-fixed-layout\"><tbody><tr><td>Produit&nbsp;<\/td><td>Capacit\u00e9<\/td><td>Mod\u00e8le<\/td><td>Couleur<\/td><td>Mat\u00e9riau<\/td><td>Dimensions<\/td><td>N.W.\/PCS<\/td><\/tr><tr><td>1.5L French Style thermos carafe<\/td><td>1.5L<\/td><td>MY0882<\/td><td>beige\/khaki\/<br>black\/Nature<br>gris clair<\/td><td>304+PP+Silicone+Beech<\/td><td>20.6*14*21.8<\/td><td>1.0<\/td><\/tr><tr><td>Carafe thermos 2.0L \u00e0 la fran\u00e7aise<\/td><td>2.0L<\/td><td>MY0883<\/td><td>beige\/khaki\/<br>black\/Nature<br>gris clair<\/td><td>304+PP+Silicone+Beech<\/td><td>21.4*14*27.7<\/td><td>1.1<\/td><\/tr><\/tbody><\/table><\/figure>\n\n\n\n<h3 class=\"wp-block-heading\">Option de carafe thermos personnalis\u00e9e<\/h3>\n\n\n\n<p><strong>Logo : <\/strong>Personnalisez le logo de votre marque sur le produit et l'emballage.<br><strong>Options de logo :<\/strong> Printed logo, laser engraved logo, etc.<br><strong>Mod\u00e8le :<\/strong> Mod\u00e8les d'impression <br><strong>Technologie d'impression : <\/strong>Water transfer printing, silk screen printing, heat transfer printing, sublimation transfer, etc.<br><strong>Emballage :<\/strong> Color box<br><a href=\"https:\/\/moyahousehold.com\/fr\/solution-personnalisee\/\"><strong>En savoir plus sur les solutions de carafes thermos personnalis\u00e9es. <\/strong><\/a><\/p>\n\n\n\n<div class=\"wp-block-columns is-layout-flex wp-container-core-columns-is-layout-9d6595d7 wp-block-columns-is-layout-flex\">\n<div class=\"wp-block-column is-layout-flow wp-block-column-is-layout-flow\">\n<figure class=\"wp-block-image size-full\"><img decoding=\"async\" width=\"1600\" height=\"1600\" src=\"https:\/\/moyahousehold.com\/wp-content\/uploads\/2025\/02\/2.0L-thermos-carafe-detail-1.jpg\" alt=\"Thermos carafe 2.0L d\u00e9tail (1)\" class=\"wp-image-10086\" srcset=\"https:\/\/moyahousehold.com\/wp-content\/uploads\/2025\/02\/2.0L-thermos-carafe-detail-1.jpg 1600w, https:\/\/moyahousehold.com\/wp-content\/uploads\/2025\/02\/2.0L-thermos-carafe-detail-1-300x300.jpg 300w, https:\/\/moyahousehold.com\/wp-content\/uploads\/2025\/02\/2.0L-thermos-carafe-detail-1-150x150.jpg 150w, https:\/\/moyahousehold.com\/wp-content\/uploads\/2025\/02\/2.0L-thermos-carafe-detail-1-768x768.jpg 768w, https:\/\/moyahousehold.com\/wp-content\/uploads\/2025\/02\/2.0L-thermos-carafe-detail-1-12x12.jpg 12w, https:\/\/moyahousehold.com\/wp-content\/uploads\/2025\/02\/2.0L-thermos-carafe-detail-1-285x285.jpg 285w, https:\/\/moyahousehold.com\/wp-content\/uploads\/2025\/02\/2.0L-thermos-carafe-detail-1-270x270.jpg 270w, https:\/\/moyahousehold.com\/wp-content\/uploads\/2025\/02\/2.0L-thermos-carafe-detail-1-540x540.jpg 540w, https:\/\/moyahousehold.com\/wp-content\/uploads\/2025\/02\/2.0L-thermos-carafe-detail-1-660x660.jpg 660w\" sizes=\"(max-width: 1600px) 100vw, 1600px\" \/><\/figure>\n<\/div>\n\n\n\n<div class=\"wp-block-column is-layout-flow wp-block-column-is-layout-flow\">\n<figure class=\"wp-block-image size-full\"><img decoding=\"async\" width=\"1757\" height=\"1757\" src=\"https:\/\/moyahousehold.com\/wp-content\/uploads\/2025\/02\/2.0L-thermos-carafe-detail-2.jpg\" alt=\"Thermos carafe 2.0L d\u00e9tail (2)\" class=\"wp-image-10087\" srcset=\"https:\/\/moyahousehold.com\/wp-content\/uploads\/2025\/02\/2.0L-thermos-carafe-detail-2.jpg 1757w, https:\/\/moyahousehold.com\/wp-content\/uploads\/2025\/02\/2.0L-thermos-carafe-detail-2-300x300.jpg 300w, https:\/\/moyahousehold.com\/wp-content\/uploads\/2025\/02\/2.0L-thermos-carafe-detail-2-150x150.jpg 150w, https:\/\/moyahousehold.com\/wp-content\/uploads\/2025\/02\/2.0L-thermos-carafe-detail-2-768x768.jpg 768w, https:\/\/moyahousehold.com\/wp-content\/uploads\/2025\/02\/2.0L-thermos-carafe-detail-2-12x12.jpg 12w, https:\/\/moyahousehold.com\/wp-content\/uploads\/2025\/02\/2.0L-thermos-carafe-detail-2-285x285.jpg 285w, https:\/\/moyahousehold.com\/wp-content\/uploads\/2025\/02\/2.0L-thermos-carafe-detail-2-1600x1600.jpg 1600w, https:\/\/moyahousehold.com\/wp-content\/uploads\/2025\/02\/2.0L-thermos-carafe-detail-2-270x270.jpg 270w, https:\/\/moyahousehold.com\/wp-content\/uploads\/2025\/02\/2.0L-thermos-carafe-detail-2-540x540.jpg 540w, https:\/\/moyahousehold.com\/wp-content\/uploads\/2025\/02\/2.0L-thermos-carafe-detail-2-660x660.jpg 660w\" sizes=\"(max-width: 1757px) 100vw, 1757px\" \/><\/figure>\n<\/div>\n<\/div>\n\n\n\n<div class=\"wp-block-columns is-layout-flex wp-container-core-columns-is-layout-9d6595d7 wp-block-columns-is-layout-flex\">\n<div class=\"wp-block-column is-layout-flow wp-block-column-is-layout-flow\">\n<figure class=\"wp-block-image size-full\"><img loading=\"lazy\" decoding=\"async\" width=\"800\" height=\"800\" src=\"https:\/\/moyahousehold.com\/wp-content\/uploads\/2025\/02\/3.jpg\" alt=\"MOYA French Style Stainless Steel Thermal Coffee Carafe with Wooden Handle, Vacuum Insulated Tea Pot\" class=\"wp-image-12527\" srcset=\"https:\/\/moyahousehold.com\/wp-content\/uploads\/2025\/02\/3.jpg 800w, https:\/\/moyahousehold.com\/wp-content\/uploads\/2025\/02\/3-300x300.jpg 300w, https:\/\/moyahousehold.com\/wp-content\/uploads\/2025\/02\/3-150x150.jpg 150w, https:\/\/moyahousehold.com\/wp-content\/uploads\/2025\/02\/3-768x768.jpg 768w, https:\/\/moyahousehold.com\/wp-content\/uploads\/2025\/02\/3-12x12.jpg 12w, https:\/\/moyahousehold.com\/wp-content\/uploads\/2025\/02\/3-285x285.jpg 285w, https:\/\/moyahousehold.com\/wp-content\/uploads\/2025\/02\/3-270x270.jpg 270w, https:\/\/moyahousehold.com\/wp-content\/uploads\/2025\/02\/3-540x540.jpg 540w, https:\/\/moyahousehold.com\/wp-content\/uploads\/2025\/02\/3-660x660.jpg 660w\" sizes=\"(max-width: 800px) 100vw, 800px\" \/><\/figure>\n<\/div>\n\n\n\n<div class=\"wp-block-column is-layout-flow wp-block-column-is-layout-flow\">\n<figure class=\"wp-block-image size-full\"><img loading=\"lazy\" decoding=\"async\" width=\"800\" height=\"800\" src=\"https:\/\/moyahousehold.com\/wp-content\/uploads\/2025\/02\/5.jpg\" alt=\"MOYA French Style Stainless Steel Thermal Coffee Carafe with Wooden Handle, Vacuum Insulated Tea Pot\" class=\"wp-image-12528\" srcset=\"https:\/\/moyahousehold.com\/wp-content\/uploads\/2025\/02\/5.jpg 800w, https:\/\/moyahousehold.com\/wp-content\/uploads\/2025\/02\/5-300x300.jpg 300w, https:\/\/moyahousehold.com\/wp-content\/uploads\/2025\/02\/5-150x150.jpg 150w, https:\/\/moyahousehold.com\/wp-content\/uploads\/2025\/02\/5-768x768.jpg 768w, https:\/\/moyahousehold.com\/wp-content\/uploads\/2025\/02\/5-12x12.jpg 12w, https:\/\/moyahousehold.com\/wp-content\/uploads\/2025\/02\/5-285x285.jpg 285w, https:\/\/moyahousehold.com\/wp-content\/uploads\/2025\/02\/5-270x270.jpg 270w, https:\/\/moyahousehold.com\/wp-content\/uploads\/2025\/02\/5-540x540.jpg 540w, https:\/\/moyahousehold.com\/wp-content\/uploads\/2025\/02\/5-660x660.jpg 660w\" sizes=\"(max-width: 800px) 100vw, 800px\" \/><\/figure>\n<\/div>\n<\/div>","protected":false},"excerpt":{"rendered":"<p>Wholesale 1.5L &amp; 2.0L thermos carafe, suitable for tea shops, offices, hotels and other scenes, with up to 12 hours of heat preservation effect and exquisite and fashionable shape, which is both practical and beautiful. We support LOGO engraving + packaging customization, provide OEM and ODM services, welcome to contact us for a quote.<\/p>\n<h3>Features and Benefits of 1.5L &amp; 2.0L Thermos Carafe<\/h3>\n<p><strong>Concept esth\u00e9tique :<\/strong> Le corps conique profil\u00e9 est int\u00e9gr\u00e9 \u00e0 la poign\u00e9e en bois naturel. La carafe thermos est une d\u00e9coration parfaite, adapt\u00e9e aux maisons modernes, aux espaces professionnels, aux caf\u00e9s-boutiques et \u00e0 d'autres lieux.<\/p>\n<p><strong>Large capacity (1.5L &amp; 2.0L):<\/strong> The thermos carafe has 1500nl and 2000ml water storage space to meet the drinking needs of the group, improve the convenience of use, and is more suitable for use in offices, cafes, hotels and other places.<\/p>\n<p><strong>Bon effet d'isolation :<\/strong> The thermos carafe adopts a double-layer vacuum insulation design to achieve 18 hours of long-term constant temperature and can still maintain the best palatable temperature of the drink in harsh environments.<\/p>\n<p><strong>Haute qualit\u00e9 :<\/strong> Il adopte un rev\u00eatement en acier inoxydable 304 de qualit\u00e9 alimentaire et des composants en bois respectueux de l'environnement. Il est certifi\u00e9 par l'UE en mati\u00e8re de s\u00e9curit\u00e9 des conteneurs alimentaires et a une dur\u00e9e de vie de dix ans contre la corrosion.<\/p>\n<p><strong>Service OEM et ODM :<\/strong> En tant que fabricant professionnel de carafes thermos, nous prenons en charge la personnalisation et le d\u00e9veloppement, y compris les couleurs, les formes et les emballages personnalis\u00e9s.<\/p>\n<p><strong><a href=\"https:\/\/moyahousehold.com\/fr\/solution-personnalisee\/\">En savoir plus sur les solutions de carafes thermos personnalis\u00e9es.<\/a><\/strong><\/p>","protected":false},"featured_media":10096,"comment_status":"closed","ping_status":"closed","template":"","meta":[],"product_cat":[54],"product_tag":[70,84],"class_list":{"0":"post-10084","1":"product","2":"type-product","3":"status-publish","4":"has-post-thumbnail","6":"product_cat-thermal-carafe-wholesale","7":"product_tag-wholesale-2000ml-thermos-carafe","8":"product_tag-wholesale-glass-liner-thermos-carafe","10":"first","11":"instock","12":"shipping-taxable","13":"product-type-simple"},"_links":{"self":[{"href":"https:\/\/moyahousehold.com\/fr\/wp-json\/wp\/v2\/product\/10084","targetHints":{"allow":["GET"]}}],"collection":[{"href":"https:\/\/moyahousehold.com\/fr\/wp-json\/wp\/v2\/product"}],"about":[{"href":"https:\/\/moyahousehold.com\/fr\/wp-json\/wp\/v2\/types\/product"}],"replies":[{"embeddable":true,"href":"https:\/\/moyahousehold.com\/fr\/wp-json\/wp\/v2\/comments?post=10084"}],"version-history":[{"count":0,"href":"https:\/\/moyahousehold.com\/fr\/wp-json\/wp\/v2\/product\/10084\/revisions"}],"wp:featuredmedia":[{"embeddable":true,"href":"https:\/\/moyahousehold.com\/fr\/wp-json\/wp\/v2\/media\/10096"}],"wp:attachment":[{"href":"https:\/\/moyahousehold.com\/fr\/wp-json\/wp\/v2\/media?parent=10084"}],"wp:term":[{"taxonomy":"product_cat","embeddable":true,"href":"https:\/\/moyahousehold.com\/fr\/wp-json\/wp\/v2\/product_cat?post=10084"},{"taxonomy":"product_tag","embeddable":true,"href":"https:\/\/moyahousehold.com\/fr\/wp-json\/wp\/v2\/product_tag?post=10084"}],"curies":[{"name":"wp","href":"https:\/\/api.w.org\/{rel}","templated":true}]}}