{"id":10098,"date":"2025-02-04T07:12:20","date_gmt":"2025-02-04T07:12:20","guid":{"rendered":"https:\/\/moyahousehold.com\/?post_type=product&#038;p=10098"},"modified":"2026-04-02T09:44:40","modified_gmt":"2026-04-02T09:44:40","slug":"wholesale-2100ml-exquisite-thermal-carafe","status":"publish","type":"product","link":"https:\/\/moyahousehold.com\/fr\/produit\/wholesale-2100ml-exquisite-thermal-carafe\/","title":{"rendered":"Wholesale 2.1L Exquisite Japanese Style Thermal Carafe, Bulk Large Capacity Insulated Carafe for Sale, Support OEM &amp; ODM"},"content":{"rendered":"<h3 class=\"wp-block-heading\">Param\u00e8tres de la carafe thermique 2.1L<\/h3>\n\n\n\n<figure class=\"wp-block-table\"><table class=\"has-fixed-layout\"><tbody><tr><td>Produit&nbsp;<\/td><td>Capacit\u00e9<\/td><td>Mod\u00e8le<\/td><td>Couleur<\/td><td>Mat\u00e9riau<\/td><td>Dimensions<\/td><td>Poids brut<\/td><\/tr><tr><td>Carafe thermique 2.1L de style japonais<\/td><td>2.1L<\/td><td>MY0450<\/td><td>Chinese Red\/<br>Beige\/Black\/Nature<\/td><td>304+PP+Silica Gel\/Beech<\/td><td>20.7*14.6*22.6<\/td><td>1,2 kg<\/td><\/tr><\/tbody><\/table><\/figure>\n\n\n\n<h3 class=\"wp-block-heading\">Option de carafe thermique personnalis\u00e9e<\/h3>\n\n\n\n<p><strong>Logo : <\/strong>personnaliser le logo de votre marque sur le produit et l'emballage.<br><strong>Options de logo :<\/strong> logo imprim\u00e9, logo grav\u00e9 au laser, etc.<br><strong>Mod\u00e8le :<\/strong> motifs d'impression <br><strong>Technologie d'impression : <\/strong>impression par transfert d'eau, impression par s\u00e9rigraphie, impression par transfert thermique, transfert par sublimation, etc.<br><strong>Emballage :<\/strong> bo\u00eete \u00e0 couleurs<br><a href=\"https:\/\/moyahousehold.com\/fr\/solution-personnalisee\/\"><strong>En savoir plus sur les solutions de carafes thermiques personnalis\u00e9es. <\/strong><\/a><\/p>\n\n\n\n<div class=\"wp-block-columns is-layout-flex wp-container-core-columns-is-layout-9d6595d7 wp-block-columns-is-layout-flex\">\n<div class=\"wp-block-column is-layout-flow wp-block-column-is-layout-flow\">\n<div class=\"wp-block-columns is-layout-flex wp-container-core-columns-is-layout-9d6595d7 wp-block-columns-is-layout-flex\">\n<div class=\"wp-block-column is-layout-flow wp-block-column-is-layout-flow\" style=\"flex-basis:100%\">\n<div class=\"wp-block-columns is-layout-flex wp-container-core-columns-is-layout-9d6595d7 wp-block-columns-is-layout-flex\">\n<div class=\"wp-block-column is-layout-flow wp-block-column-is-layout-flow\">\n<figure class=\"wp-block-image size-full\"><img fetchpriority=\"high\" decoding=\"async\" width=\"2210\" height=\"2210\" src=\"https:\/\/moyahousehold.com\/wp-content\/uploads\/2025\/02\/2.png\" alt=\"MOYA Japanese Style Stainless Steel Thermal Coffee Carafe with Wooden Handle, Vacuum Insulated Tea Pot\" class=\"wp-image-12577\" srcset=\"https:\/\/moyahousehold.com\/wp-content\/uploads\/2025\/02\/2.png 2210w, https:\/\/moyahousehold.com\/wp-content\/uploads\/2025\/02\/2-300x300.png 300w, https:\/\/moyahousehold.com\/wp-content\/uploads\/2025\/02\/2-150x150.png 150w, https:\/\/moyahousehold.com\/wp-content\/uploads\/2025\/02\/2-768x768.png 768w, https:\/\/moyahousehold.com\/wp-content\/uploads\/2025\/02\/2-12x12.png 12w, https:\/\/moyahousehold.com\/wp-content\/uploads\/2025\/02\/2-285x285.png 285w, https:\/\/moyahousehold.com\/wp-content\/uploads\/2025\/02\/2-1600x1600.png 1600w, https:\/\/moyahousehold.com\/wp-content\/uploads\/2025\/02\/2-270x270.png 270w, https:\/\/moyahousehold.com\/wp-content\/uploads\/2025\/02\/2-540x540.png 540w, https:\/\/moyahousehold.com\/wp-content\/uploads\/2025\/02\/2-660x660.png 660w\" sizes=\"(max-width: 2210px) 100vw, 2210px\" \/><\/figure>\n<\/div>\n\n\n\n<div class=\"wp-block-column is-layout-flow wp-block-column-is-layout-flow\">\n<figure class=\"wp-block-image size-full\"><img decoding=\"async\" width=\"2103\" height=\"2103\" src=\"https:\/\/moyahousehold.com\/wp-content\/uploads\/2025\/02\/5.png\" alt=\"MOYA Japanese Style Stainless Steel Thermal Coffee Carafe with Wooden Handle, Vacuum Insulated Tea Pot\" class=\"wp-image-12575\" srcset=\"https:\/\/moyahousehold.com\/wp-content\/uploads\/2025\/02\/5.png 2103w, https:\/\/moyahousehold.com\/wp-content\/uploads\/2025\/02\/5-300x300.png 300w, https:\/\/moyahousehold.com\/wp-content\/uploads\/2025\/02\/5-150x150.png 150w, https:\/\/moyahousehold.com\/wp-content\/uploads\/2025\/02\/5-768x768.png 768w, https:\/\/moyahousehold.com\/wp-content\/uploads\/2025\/02\/5-12x12.png 12w, https:\/\/moyahousehold.com\/wp-content\/uploads\/2025\/02\/5-285x285.png 285w, https:\/\/moyahousehold.com\/wp-content\/uploads\/2025\/02\/5-1600x1600.png 1600w, https:\/\/moyahousehold.com\/wp-content\/uploads\/2025\/02\/5-270x270.png 270w, https:\/\/moyahousehold.com\/wp-content\/uploads\/2025\/02\/5-540x540.png 540w, https:\/\/moyahousehold.com\/wp-content\/uploads\/2025\/02\/5-660x660.png 660w\" sizes=\"(max-width: 2103px) 100vw, 2103px\" \/><\/figure>\n<\/div>\n<\/div>\n<\/div>\n<\/div>\n<\/div>\n<\/div>\n\n\n\n<div class=\"wp-block-columns is-layout-flex wp-container-core-columns-is-layout-9d6595d7 wp-block-columns-is-layout-flex\">\n<div class=\"wp-block-column is-layout-flow wp-block-column-is-layout-flow\">\n<figure class=\"wp-block-image size-full\"><img decoding=\"async\" width=\"2187\" height=\"2187\" src=\"https:\/\/moyahousehold.com\/wp-content\/uploads\/2025\/02\/6.png\" alt=\"MOYA Japanese Style Stainless Steel Thermal Coffee Carafe with Wooden Handle, Vacuum Insulated Tea Pot\" class=\"wp-image-12576\" srcset=\"https:\/\/moyahousehold.com\/wp-content\/uploads\/2025\/02\/6.png 2187w, https:\/\/moyahousehold.com\/wp-content\/uploads\/2025\/02\/6-300x300.png 300w, https:\/\/moyahousehold.com\/wp-content\/uploads\/2025\/02\/6-150x150.png 150w, https:\/\/moyahousehold.com\/wp-content\/uploads\/2025\/02\/6-768x768.png 768w, https:\/\/moyahousehold.com\/wp-content\/uploads\/2025\/02\/6-12x12.png 12w, https:\/\/moyahousehold.com\/wp-content\/uploads\/2025\/02\/6-285x285.png 285w, https:\/\/moyahousehold.com\/wp-content\/uploads\/2025\/02\/6-1600x1600.png 1600w, https:\/\/moyahousehold.com\/wp-content\/uploads\/2025\/02\/6-270x270.png 270w, https:\/\/moyahousehold.com\/wp-content\/uploads\/2025\/02\/6-540x540.png 540w, https:\/\/moyahousehold.com\/wp-content\/uploads\/2025\/02\/6-660x660.png 660w\" sizes=\"(max-width: 2187px) 100vw, 2187px\" \/><\/figure>\n<\/div>\n\n\n\n<div class=\"wp-block-column is-layout-flow wp-block-column-is-layout-flow\">\n<figure class=\"wp-block-image size-full\"><img loading=\"lazy\" decoding=\"async\" width=\"2232\" height=\"2232\" src=\"https:\/\/moyahousehold.com\/wp-content\/uploads\/2025\/02\/1.png\" alt=\"MOYA Japanese Style Stainless Steel Thermal Coffee Carafe with Wooden Handle, Vacuum Insulated Tea Pot\" class=\"wp-image-12574\" srcset=\"https:\/\/moyahousehold.com\/wp-content\/uploads\/2025\/02\/1.png 2232w, https:\/\/moyahousehold.com\/wp-content\/uploads\/2025\/02\/1-300x300.png 300w, https:\/\/moyahousehold.com\/wp-content\/uploads\/2025\/02\/1-150x150.png 150w, https:\/\/moyahousehold.com\/wp-content\/uploads\/2025\/02\/1-768x768.png 768w, https:\/\/moyahousehold.com\/wp-content\/uploads\/2025\/02\/1-12x12.png 12w, https:\/\/moyahousehold.com\/wp-content\/uploads\/2025\/02\/1-285x285.png 285w, https:\/\/moyahousehold.com\/wp-content\/uploads\/2025\/02\/1-1600x1600.png 1600w, https:\/\/moyahousehold.com\/wp-content\/uploads\/2025\/02\/1-270x270.png 270w, https:\/\/moyahousehold.com\/wp-content\/uploads\/2025\/02\/1-540x540.png 540w, https:\/\/moyahousehold.com\/wp-content\/uploads\/2025\/02\/1-660x660.png 660w\" sizes=\"(max-width: 2232px) 100vw, 2232px\" \/><\/figure>\n<\/div>\n<\/div>\n\n\n\n<div class=\"wp-block-columns is-layout-flex wp-container-core-columns-is-layout-9d6595d7 wp-block-columns-is-layout-flex\">\n<div class=\"wp-block-column is-layout-flow wp-block-column-is-layout-flow\">\n<figure class=\"wp-block-image size-full\"><img loading=\"lazy\" decoding=\"async\" width=\"800\" height=\"800\" src=\"https:\/\/moyahousehold.com\/wp-content\/uploads\/2025\/02\/6.jpg\" alt=\"MOYA Japanese Style Stainless Steel Thermal Coffee Carafe with Wooden Handle, Vacuum Insulated Tea Pot\" class=\"wp-image-12545\" srcset=\"https:\/\/moyahousehold.com\/wp-content\/uploads\/2025\/02\/6.jpg 800w, https:\/\/moyahousehold.com\/wp-content\/uploads\/2025\/02\/6-300x300.jpg 300w, https:\/\/moyahousehold.com\/wp-content\/uploads\/2025\/02\/6-150x150.jpg 150w, https:\/\/moyahousehold.com\/wp-content\/uploads\/2025\/02\/6-768x768.jpg 768w, https:\/\/moyahousehold.com\/wp-content\/uploads\/2025\/02\/6-12x12.jpg 12w, https:\/\/moyahousehold.com\/wp-content\/uploads\/2025\/02\/6-285x285.jpg 285w, https:\/\/moyahousehold.com\/wp-content\/uploads\/2025\/02\/6-270x270.jpg 270w, https:\/\/moyahousehold.com\/wp-content\/uploads\/2025\/02\/6-540x540.jpg 540w, https:\/\/moyahousehold.com\/wp-content\/uploads\/2025\/02\/6-660x660.jpg 660w\" sizes=\"(max-width: 800px) 100vw, 800px\" \/><\/figure>\n<\/div>\n\n\n\n<div class=\"wp-block-column is-layout-flow wp-block-column-is-layout-flow\">\n<figure class=\"wp-block-image size-full\"><img loading=\"lazy\" decoding=\"async\" width=\"800\" height=\"800\" src=\"https:\/\/moyahousehold.com\/wp-content\/uploads\/2025\/02\/4.jpg\" alt=\"MOYA Japanese Style Stainless Steel Thermal Coffee Carafe with Wooden Handle, Vacuum Insulated Tea Pot\" class=\"wp-image-12546\" srcset=\"https:\/\/moyahousehold.com\/wp-content\/uploads\/2025\/02\/4.jpg 800w, https:\/\/moyahousehold.com\/wp-content\/uploads\/2025\/02\/4-300x300.jpg 300w, https:\/\/moyahousehold.com\/wp-content\/uploads\/2025\/02\/4-150x150.jpg 150w, https:\/\/moyahousehold.com\/wp-content\/uploads\/2025\/02\/4-768x768.jpg 768w, https:\/\/moyahousehold.com\/wp-content\/uploads\/2025\/02\/4-12x12.jpg 12w, https:\/\/moyahousehold.com\/wp-content\/uploads\/2025\/02\/4-285x285.jpg 285w, https:\/\/moyahousehold.com\/wp-content\/uploads\/2025\/02\/4-270x270.jpg 270w, https:\/\/moyahousehold.com\/wp-content\/uploads\/2025\/02\/4-540x540.jpg 540w, https:\/\/moyahousehold.com\/wp-content\/uploads\/2025\/02\/4-660x660.jpg 660w\" sizes=\"(max-width: 800px) 100vw, 800px\" \/><\/figure>\n<\/div>\n<\/div>\n\n\n\n<p><\/p>","protected":false},"excerpt":{"rendered":"<p>Carafe thermique de 2,1 litres de style japonais, structure en acier inoxydable \u00e0 double couche sous vide, avec d'excellentes performances de conservation de la chaleur, conservation efficace de la chaleur pendant plus de 12 heures, disponible dans une vari\u00e9t\u00e9 de couleurs, facile \u00e0 assortir \u00e0 une vari\u00e9t\u00e9 d'environnements domestiques et professionnels. Nous acceptons les demandes OEM et ODM, et invitons les grossistes et les d\u00e9taillants \u00e0 nous contacter pour obtenir un devis.<\/p>\n<h3>Caract\u00e9ristiques et avantages de la carafe thermique de 2,1 litres<\/h3>\n<p><strong>Conception \u00e0 grande capacit\u00e9 :<\/strong> La carafe thermique a une capacit\u00e9 de 2100 ml, ce qui permet de r\u00e9pondre aux besoins en eau en continu de 4 \u00e0 6 personnes lors de r\u00e9unions ou de rassemblements familiaux.<\/p>\n<p><strong>Design multicolore \u00e0 la mode :<\/strong> La carafe thermique offre une vari\u00e9t\u00e9 de couleurs, y compris beige, rouge, noir, etc., convenant aux maisons de style nordique, aux espaces de bureau cr\u00e9atifs, aux caf\u00e9s-boutiques et \u00e0 d'autres sc\u00e8nes diverses.<\/p>\n<p><strong>Conception pr\u00e9cise du bec verseur :<\/strong> La carafe thermique adopte un bec biseaut\u00e9, le d\u00e9bit d'eau peut \u00eatre contr\u00f4l\u00e9 avec pr\u00e9cision pour \u00e9viter les \u00e9claboussures, et l'eau est vers\u00e9e en douceur.<\/p>\n<p><strong>Conception amovible :<\/strong> Le fond est amovible, le r\u00e9servoir int\u00e9rieur peut \u00eatre facilement retir\u00e9, il est facile \u00e0 nettoyer, emp\u00eache les odeurs et les bact\u00e9ries de se d\u00e9velopper et convient au stockage de boissons telles que le lait et le caf\u00e9.<\/p>\n<p><strong>Service OEM et ODM :<\/strong> En tant que fabricant de carafes thermiques, nous proposons des services de personnalisation l\u00e9g\u00e8re et approfondie pour r\u00e9pondre aux besoins de votre marque.<\/p>\n<p><strong><a href=\"https:\/\/moyahousehold.com\/fr\/solution-personnalisee\/\">En savoir plus sur les solutions de carafes thermiques personnalis\u00e9es.<\/a><\/strong><\/p>","protected":false},"featured_media":10104,"comment_status":"closed","ping_status":"closed","template":"","meta":[],"product_cat":[54],"product_tag":[79,85],"class_list":{"0":"post-10098","1":"product","2":"type-product","3":"status-publish","4":"has-post-thumbnail","6":"product_cat-thermal-carafe-wholesale","7":"product_tag-wholesale-2100ml-thermos-carafe","8":"product_tag-wholesale-stainless-steel-liner-thermos-carafe","10":"first","11":"instock","12":"shipping-taxable","13":"product-type-simple"},"_links":{"self":[{"href":"https:\/\/moyahousehold.com\/fr\/wp-json\/wp\/v2\/product\/10098","targetHints":{"allow":["GET"]}}],"collection":[{"href":"https:\/\/moyahousehold.com\/fr\/wp-json\/wp\/v2\/product"}],"about":[{"href":"https:\/\/moyahousehold.com\/fr\/wp-json\/wp\/v2\/types\/product"}],"replies":[{"embeddable":true,"href":"https:\/\/moyahousehold.com\/fr\/wp-json\/wp\/v2\/comments?post=10098"}],"version-history":[{"count":3,"href":"https:\/\/moyahousehold.com\/fr\/wp-json\/wp\/v2\/product\/10098\/revisions"}],"predecessor-version":[{"id":12586,"href":"https:\/\/moyahousehold.com\/fr\/wp-json\/wp\/v2\/product\/10098\/revisions\/12586"}],"wp:featuredmedia":[{"embeddable":true,"href":"https:\/\/moyahousehold.com\/fr\/wp-json\/wp\/v2\/media\/10104"}],"wp:attachment":[{"href":"https:\/\/moyahousehold.com\/fr\/wp-json\/wp\/v2\/media?parent=10098"}],"wp:term":[{"taxonomy":"product_cat","embeddable":true,"href":"https:\/\/moyahousehold.com\/fr\/wp-json\/wp\/v2\/product_cat?post=10098"},{"taxonomy":"product_tag","embeddable":true,"href":"https:\/\/moyahousehold.com\/fr\/wp-json\/wp\/v2\/product_tag?post=10098"}],"curies":[{"name":"wp","href":"https:\/\/api.w.org\/{rel}","templated":true}]}}