{"id":10112,"date":"2025-02-04T07:45:47","date_gmt":"2025-02-04T07:45:47","guid":{"rendered":"https:\/\/moyahousehold.com\/?post_type=product&#038;p=10112"},"modified":"2025-04-19T10:00:43","modified_gmt":"2025-04-19T10:00:43","slug":"wholesale-1500ml-practical-thermos-kettle","status":"publish","type":"product","link":"https:\/\/moyahousehold.com\/fr\/produit\/wholesale-1500ml-practical-thermos-kettle\/","title":{"rendered":"Vente en gros de bouilloires thermos pratiques de 1.5L - MOYA Thermos Kettle Manufacturer"},"content":{"rendered":"<h3 class=\"wp-block-heading\">Param\u00e8tres de la bouilloire thermos 1,5L<\/h3>\n\n\n\n<figure class=\"wp-block-table\"><table class=\"has-fixed-layout\"><tbody><tr><td>Produit&nbsp;<\/td><td>Capacit\u00e9<\/td><td>Mod\u00e8le<\/td><td>Couleur<\/td><td>Mat\u00e9riau<\/td><td>Dimensions<\/td><td>Poids brut<\/td><\/tr><tr><td>Bouilloire thermos pratique de 2,1 litres<\/td><td>2.1L<\/td><td>MY0820<\/td><td>Beige, blanc, noir, marron, rouge, vert<\/td><td>PP, acier inoxydable 304\uff0csilica gel<\/td><td>202x140x200cm<\/td><td>1,1 kg<\/td><\/tr><\/tbody><\/table><\/figure>\n\n\n\n<h3 class=\"wp-block-heading\">Option de bouilloire thermos personnalis\u00e9e<\/h3>\n\n\n\n<p><strong>Logo : <\/strong>personnaliser le logo de votre marque sur le produit et l'emballage.<br><strong>Options de logo :<\/strong> logo imprim\u00e9, logo grav\u00e9 au laser, etc.<br><strong>Mod\u00e8le :<\/strong> motifs d'impression <br><strong>Technologie d'impression : <\/strong>impression par transfert d'eau, impression par s\u00e9rigraphie, impression par transfert thermique, transfert par sublimation, etc.<br><strong>Emballage :<\/strong> bo\u00eete \u00e0 couleurs<br><a href=\"https:\/\/moyahousehold.com\/fr\/solution-personnalisee\/\"><strong>En savoir plus sur les solutions de carafes thermos personnalis\u00e9es. <\/strong><\/a><\/p>\n\n\n\n<div class=\"wp-block-columns is-layout-flex wp-container-core-columns-is-layout-9d6595d7 wp-block-columns-is-layout-flex\">\n<div class=\"wp-block-column is-layout-flow wp-block-column-is-layout-flow\">\n<figure class=\"wp-block-image size-full\"><img fetchpriority=\"high\" decoding=\"async\" width=\"1600\" height=\"1600\" src=\"https:\/\/moyahousehold.com\/wp-content\/uploads\/2025\/02\/1.5-thermos-kettle-details-3.jpg\" alt=\"1.5 d\u00e9tails de la bouilloire thermos (3)\" class=\"wp-image-10115\" srcset=\"https:\/\/moyahousehold.com\/wp-content\/uploads\/2025\/02\/1.5-thermos-kettle-details-3.jpg 1600w, https:\/\/moyahousehold.com\/wp-content\/uploads\/2025\/02\/1.5-thermos-kettle-details-3-300x300.jpg 300w, https:\/\/moyahousehold.com\/wp-content\/uploads\/2025\/02\/1.5-thermos-kettle-details-3-150x150.jpg 150w, https:\/\/moyahousehold.com\/wp-content\/uploads\/2025\/02\/1.5-thermos-kettle-details-3-768x768.jpg 768w, https:\/\/moyahousehold.com\/wp-content\/uploads\/2025\/02\/1.5-thermos-kettle-details-3-12x12.jpg 12w, https:\/\/moyahousehold.com\/wp-content\/uploads\/2025\/02\/1.5-thermos-kettle-details-3-285x285.jpg 285w, https:\/\/moyahousehold.com\/wp-content\/uploads\/2025\/02\/1.5-thermos-kettle-details-3-270x270.jpg 270w, https:\/\/moyahousehold.com\/wp-content\/uploads\/2025\/02\/1.5-thermos-kettle-details-3-540x540.jpg 540w, https:\/\/moyahousehold.com\/wp-content\/uploads\/2025\/02\/1.5-thermos-kettle-details-3-660x660.jpg 660w\" sizes=\"(max-width: 1600px) 100vw, 1600px\" \/><\/figure>\n<\/div>\n\n\n\n<div class=\"wp-block-column is-layout-flow wp-block-column-is-layout-flow\">\n<figure class=\"wp-block-image size-full\"><img decoding=\"async\" width=\"719\" height=\"719\" src=\"https:\/\/moyahousehold.com\/wp-content\/uploads\/2025\/02\/1.5-thermos-kettle-details-4.jpg\" alt=\"1.5 d\u00e9tails de la bouilloire thermos (4)\" class=\"wp-image-10116\" srcset=\"https:\/\/moyahousehold.com\/wp-content\/uploads\/2025\/02\/1.5-thermos-kettle-details-4.jpg 719w, https:\/\/moyahousehold.com\/wp-content\/uploads\/2025\/02\/1.5-thermos-kettle-details-4-300x300.jpg 300w, https:\/\/moyahousehold.com\/wp-content\/uploads\/2025\/02\/1.5-thermos-kettle-details-4-150x150.jpg 150w, https:\/\/moyahousehold.com\/wp-content\/uploads\/2025\/02\/1.5-thermos-kettle-details-4-12x12.jpg 12w, https:\/\/moyahousehold.com\/wp-content\/uploads\/2025\/02\/1.5-thermos-kettle-details-4-285x285.jpg 285w, https:\/\/moyahousehold.com\/wp-content\/uploads\/2025\/02\/1.5-thermos-kettle-details-4-270x270.jpg 270w, https:\/\/moyahousehold.com\/wp-content\/uploads\/2025\/02\/1.5-thermos-kettle-details-4-540x540.jpg 540w, https:\/\/moyahousehold.com\/wp-content\/uploads\/2025\/02\/1.5-thermos-kettle-details-4-660x660.jpg 660w\" sizes=\"(max-width: 719px) 100vw, 719px\" \/><\/figure>\n<\/div>\n<\/div>","protected":false},"excerpt":{"rendered":"<p>Bouilloire thermos pratique de 1,5 L, fonction innovante d'eau \u00e0 une touche, pas besoin de d\u00e9visser le couvercle, plus pratique \u00e0 utiliser. L'isolation sous vide \u00e0 double couche permet de conserver la temp\u00e9rature id\u00e9ale de la boisson pendant une longue p\u00e9riode. Nous acceptons les demandes OEM et ODM, n'h\u00e9sitez pas \u00e0 nous contacter pour obtenir un devis.<\/p>\n<h3>Caract\u00e9ristiques et avantages de la bouilloire thermos 1,5L<\/h3>\n<p><strong>Pr\u00e9servation de la chaleur \u00e0 haute performance :<\/strong> Le r\u00e9servoir int\u00e9rieur de la bouilloire thermos est en acier inoxydable de qualit\u00e9 alimentaire et le corps de la bouilloire est en PP de qualit\u00e9 alimentaire. La conception \u00e0 double couche sous vide offre d'excellentes performances d'isolation thermique et la dur\u00e9e de conservation de la chaleur peut atteindre 12 heures ou plus.<\/p>\n<p><strong>Conception pratique :<\/strong> La bouilloire thermos est dot\u00e9e d'un syst\u00e8me d'\u00e9vacuation de l'eau \u00e0 bouton unique, d'un syst\u00e8me d'\u00e9tanch\u00e9it\u00e9 et d'un syst\u00e8me de bec d'aigle pour faciliter le versement de l'eau.<\/p>\n<p><strong>Filtre amovible :<\/strong> La bouilloire thermos est \u00e9quip\u00e9e d'un filtre amovible en acier inoxydable, qui convient \u00e0 la pr\u00e9paration du th\u00e9 ou du caf\u00e9, emp\u00eachant les feuilles de th\u00e9 ou le marc de caf\u00e9 de p\u00e9n\u00e9trer dans la boisson et gardant celle-ci propre.<\/p>\n<p><strong>Design moderne et \u00e0 la mode :<\/strong> Cette bouilloire thermos a une forme simple et \u00e9l\u00e9gante, adapt\u00e9e \u00e0 divers environnements domestiques ou professionnels, et met en valeur le sens de la mode de l'espace.<\/p>\n<p><strong>Service OEM et ODM :<\/strong> Nous fournissons des services professionnels OEM et ODM pour cr\u00e9er des bouilloires thermos de marque de haute qualit\u00e9 pour vous.<\/p>\n<p><strong><a href=\"https:\/\/moyahousehold.com\/fr\/solution-personnalisee\/\">En savoir plus sur les solutions de bouilloires thermos personnalis\u00e9es.<\/a><\/strong><\/p>","protected":false},"featured_media":10117,"comment_status":"closed","ping_status":"closed","template":"","meta":[],"product_cat":[54],"product_tag":[78,85],"class_list":{"0":"post-10112","1":"product","2":"type-product","3":"status-publish","4":"has-post-thumbnail","6":"product_cat-thermal-carafe-wholesale","7":"product_tag-wholesale-1500ml-thermos-carafe","8":"product_tag-wholesale-stainless-steel-liner-thermos-carafe","10":"first","11":"instock","12":"shipping-taxable","13":"product-type-simple"},"_links":{"self":[{"href":"https:\/\/moyahousehold.com\/fr\/wp-json\/wp\/v2\/product\/10112","targetHints":{"allow":["GET"]}}],"collection":[{"href":"https:\/\/moyahousehold.com\/fr\/wp-json\/wp\/v2\/product"}],"about":[{"href":"https:\/\/moyahousehold.com\/fr\/wp-json\/wp\/v2\/types\/product"}],"replies":[{"embeddable":true,"href":"https:\/\/moyahousehold.com\/fr\/wp-json\/wp\/v2\/comments?post=10112"}],"version-history":[{"count":0,"href":"https:\/\/moyahousehold.com\/fr\/wp-json\/wp\/v2\/product\/10112\/revisions"}],"wp:featuredmedia":[{"embeddable":true,"href":"https:\/\/moyahousehold.com\/fr\/wp-json\/wp\/v2\/media\/10117"}],"wp:attachment":[{"href":"https:\/\/moyahousehold.com\/fr\/wp-json\/wp\/v2\/media?parent=10112"}],"wp:term":[{"taxonomy":"product_cat","embeddable":true,"href":"https:\/\/moyahousehold.com\/fr\/wp-json\/wp\/v2\/product_cat?post=10112"},{"taxonomy":"product_tag","embeddable":true,"href":"https:\/\/moyahousehold.com\/fr\/wp-json\/wp\/v2\/product_tag?post=10112"}],"curies":[{"name":"wp","href":"https:\/\/api.w.org\/{rel}","templated":true}]}}