{"id":10128,"date":"2025-02-04T08:12:25","date_gmt":"2025-02-04T08:12:25","guid":{"rendered":"https:\/\/moyahousehold.com\/?post_type=product&#038;p=10128"},"modified":"2025-04-24T09:33:31","modified_gmt":"2025-04-24T09:33:31","slug":"wholesale-insulated-carafe-with-a-smart-digital-display","status":"publish","type":"product","link":"https:\/\/moyahousehold.com\/fr\/produit\/wholesale-insulated-carafe-with-a-smart-digital-display\/","title":{"rendered":"Grossiste Carafe isotherme avec affichage num\u00e9rique intelligent (1.0L) - MOYA Carafe isotherme fabricant, OEM et ODM disponible"},"content":{"rendered":"<h3 class=\"wp-block-heading\">Param\u00e8tres de la carafe isotherme avec affichage num\u00e9rique intelligent<\/h3>\n\n\n\n<figure class=\"wp-block-table\"><table class=\"has-fixed-layout\"><tbody><tr><td>Produit&nbsp;<\/td><td>Capacit\u00e9<\/td><td>Mod\u00e8le<\/td><td>Couleur<\/td><td>Mat\u00e9riau<\/td><td>Dimensions<\/td><td>Poids brut<\/td><\/tr><tr><td>Bouilloire thermos pratique de 2,1 litres<\/td><td>1.0L<\/td><td>MY0896<\/td><td>noir,<br>blanc,<br>rouge chinois<\/td><td>PP, acier inoxydable 304\uff0csilica gel<\/td><td>188*125*254cm<\/td><td>1,4 kg<\/td><\/tr><\/tbody><\/table><\/figure>\n\n\n\n<h3 class=\"wp-block-heading\">Option de carafe isotherme personnalis\u00e9e<\/h3>\n\n\n\n<p><strong>Logo : <\/strong>personnaliser le logo de votre marque sur le produit et l'emballage.<br><strong>Options de logo :<\/strong> logo imprim\u00e9, logo grav\u00e9 au laser, etc.<br><strong>Mod\u00e8le :<\/strong> motifs d'impression <br><strong>Technologie d'impression : <\/strong>impression par transfert d'eau, impression par s\u00e9rigraphie, impression par transfert thermique, transfert par sublimation, etc.<br><strong>Emballage :<\/strong> bo\u00eete \u00e0 couleurs<br><a href=\"https:\/\/moyahousehold.com\/fr\/solution-personnalisee\/\"><strong>En savoir plus sur les solutions de carafes isothermes personnalis\u00e9es. <\/strong><\/a><\/p>\n\n\n\n<div class=\"wp-block-columns is-layout-flex wp-container-core-columns-is-layout-9d6595d7 wp-block-columns-is-layout-flex\">\n<div class=\"wp-block-column is-layout-flow wp-block-column-is-layout-flow\">\n<figure class=\"wp-block-image size-full\"><img fetchpriority=\"high\" decoding=\"async\" width=\"2181\" height=\"2181\" src=\"https:\/\/moyahousehold.com\/wp-content\/uploads\/2025\/02\/Smart-digital-display-insulated-carafe-details-1.webp\" alt=\"Carafe isotherme \u00e0 affichage num\u00e9rique intelligent d\u00e9tails (1)\" class=\"wp-image-10129\" srcset=\"https:\/\/moyahousehold.com\/wp-content\/uploads\/2025\/02\/Smart-digital-display-insulated-carafe-details-1.webp 2181w, https:\/\/moyahousehold.com\/wp-content\/uploads\/2025\/02\/Smart-digital-display-insulated-carafe-details-1-300x300.webp 300w, https:\/\/moyahousehold.com\/wp-content\/uploads\/2025\/02\/Smart-digital-display-insulated-carafe-details-1-150x150.webp 150w, https:\/\/moyahousehold.com\/wp-content\/uploads\/2025\/02\/Smart-digital-display-insulated-carafe-details-1-768x768.webp 768w, https:\/\/moyahousehold.com\/wp-content\/uploads\/2025\/02\/Smart-digital-display-insulated-carafe-details-1-12x12.webp 12w, https:\/\/moyahousehold.com\/wp-content\/uploads\/2025\/02\/Smart-digital-display-insulated-carafe-details-1-285x285.webp 285w, https:\/\/moyahousehold.com\/wp-content\/uploads\/2025\/02\/Smart-digital-display-insulated-carafe-details-1-1600x1600.webp 1600w, https:\/\/moyahousehold.com\/wp-content\/uploads\/2025\/02\/Smart-digital-display-insulated-carafe-details-1-270x270.webp 270w, https:\/\/moyahousehold.com\/wp-content\/uploads\/2025\/02\/Smart-digital-display-insulated-carafe-details-1-540x540.webp 540w, https:\/\/moyahousehold.com\/wp-content\/uploads\/2025\/02\/Smart-digital-display-insulated-carafe-details-1-660x660.webp 660w\" sizes=\"(max-width: 2181px) 100vw, 2181px\" \/><\/figure>\n<\/div>\n\n\n\n<div class=\"wp-block-column is-layout-flow wp-block-column-is-layout-flow\">\n<figure class=\"wp-block-image size-full\"><img decoding=\"async\" width=\"1600\" height=\"1600\" src=\"https:\/\/moyahousehold.com\/wp-content\/uploads\/2025\/02\/Smart-digital-display-insulated-carafe-details-2.webp\" alt=\"Carafe isotherme \u00e0 affichage num\u00e9rique intelligent d\u00e9tails (2)\" class=\"wp-image-10130\" srcset=\"https:\/\/moyahousehold.com\/wp-content\/uploads\/2025\/02\/Smart-digital-display-insulated-carafe-details-2.webp 1600w, https:\/\/moyahousehold.com\/wp-content\/uploads\/2025\/02\/Smart-digital-display-insulated-carafe-details-2-300x300.webp 300w, https:\/\/moyahousehold.com\/wp-content\/uploads\/2025\/02\/Smart-digital-display-insulated-carafe-details-2-150x150.webp 150w, https:\/\/moyahousehold.com\/wp-content\/uploads\/2025\/02\/Smart-digital-display-insulated-carafe-details-2-768x768.webp 768w, https:\/\/moyahousehold.com\/wp-content\/uploads\/2025\/02\/Smart-digital-display-insulated-carafe-details-2-12x12.webp 12w, https:\/\/moyahousehold.com\/wp-content\/uploads\/2025\/02\/Smart-digital-display-insulated-carafe-details-2-285x285.webp 285w, https:\/\/moyahousehold.com\/wp-content\/uploads\/2025\/02\/Smart-digital-display-insulated-carafe-details-2-270x270.webp 270w, https:\/\/moyahousehold.com\/wp-content\/uploads\/2025\/02\/Smart-digital-display-insulated-carafe-details-2-540x540.webp 540w, https:\/\/moyahousehold.com\/wp-content\/uploads\/2025\/02\/Smart-digital-display-insulated-carafe-details-2-660x660.webp 660w\" sizes=\"(max-width: 1600px) 100vw, 1600px\" \/><\/figure>\n<\/div>\n<\/div>\n\n\n\n<p><\/p>","protected":false},"excerpt":{"rendered":"<p>La carafe isotherme de gros est dot\u00e9e d'un \u00e9cran num\u00e9rique intelligent qui affiche la temp\u00e9rature du liquide en temps r\u00e9el. La dur\u00e9e de conservation de la chaleur est sup\u00e9rieure \u00e0 12 heures, et elle est fabriqu\u00e9e avec des mat\u00e9riaux s\u00fbrs et sains pour garantir la sant\u00e9 des utilisateurs. En tant que fabricant de carafe isotherme, nous fournissons des services de carafe isotherme en gros et personnalis\u00e9s \u00e0 des prix d'usine, n'h\u00e9sitez pas \u00e0 nous contacter pour un devis.<\/p>\n<h3>Caract\u00e9ristiques et avantages de la carafe isotherme avec affichage num\u00e9rique intelligent<\/h3>\n<p><strong>Affichage num\u00e9rique intelligent :<\/strong> La carafe isotherme est \u00e9quip\u00e9e d'un \u00e9cran num\u00e9rique qui affiche la temp\u00e9rature du liquide en temps r\u00e9el, ce qui vous permet de contr\u00f4ler la temp\u00e9rature de votre boisson \u00e0 tout moment et d'\u00e9viter de la surchauffer ou de la refroidir excessivement.<\/p>\n<p><strong>Isolation efficace :<\/strong> La carafe isotherme adopte une structure en acier inoxydable \u00e0 double couche sous vide, qui peut maintenir la temp\u00e9rature de la boisson pendant une longue p\u00e9riode, qu'il s'agisse de boissons chaudes ou froides, elle peut conserver le meilleur go\u00fbt.<\/p>\n<p><strong>S\u00e9lection multicolore :<\/strong> Nous proposons aux utilisateurs une vari\u00e9t\u00e9 de couleurs, dont le rouge, le blanc et le noir, et nous prenons en charge la personnalisation.<\/p>\n<p><strong>Mat\u00e9riau respectueux de l'environnement :<\/strong> Le r\u00e9servoir int\u00e9rieur est en acier inoxydable de qualit\u00e9 alimentaire et la coque ext\u00e9rieure est en PP de qualit\u00e9 alimentaire, s\u00fbr et non toxique pour garantir une utilisation saine.<\/p>\n<p><strong>Service OEM et ODM :<\/strong> Nous proposons des services flexibles de personnalisation des carafes isothermes. Qu'il s'agisse d'un achat en gros ou d'une personnalisation, nous pouvons fournir des solutions efficaces et professionnelles.<\/p>\n<p><strong><a href=\"https:\/\/moyahousehold.com\/fr\/wholesale-thermal-carafe-with-smart-digital-display\/\" target=\"_blank\" rel=\"noopener\">En savoir plus sur la carafe thermique avec affichage num\u00e9rique intelligent.<\/a><\/strong><\/p>","protected":false},"featured_media":10132,"comment_status":"closed","ping_status":"closed","template":"","meta":[],"product_cat":[54],"product_tag":[66,85],"class_list":{"0":"post-10128","1":"product","2":"type-product","3":"status-publish","4":"has-post-thumbnail","6":"product_cat-thermal-carafe-wholesale","7":"product_tag-wholesale-1000ml-thermos-carafe","8":"product_tag-wholesale-stainless-steel-liner-thermos-carafe","10":"first","11":"instock","12":"shipping-taxable","13":"product-type-simple"},"_links":{"self":[{"href":"https:\/\/moyahousehold.com\/fr\/wp-json\/wp\/v2\/product\/10128","targetHints":{"allow":["GET"]}}],"collection":[{"href":"https:\/\/moyahousehold.com\/fr\/wp-json\/wp\/v2\/product"}],"about":[{"href":"https:\/\/moyahousehold.com\/fr\/wp-json\/wp\/v2\/types\/product"}],"replies":[{"embeddable":true,"href":"https:\/\/moyahousehold.com\/fr\/wp-json\/wp\/v2\/comments?post=10128"}],"version-history":[{"count":0,"href":"https:\/\/moyahousehold.com\/fr\/wp-json\/wp\/v2\/product\/10128\/revisions"}],"wp:featuredmedia":[{"embeddable":true,"href":"https:\/\/moyahousehold.com\/fr\/wp-json\/wp\/v2\/media\/10132"}],"wp:attachment":[{"href":"https:\/\/moyahousehold.com\/fr\/wp-json\/wp\/v2\/media?parent=10128"}],"wp:term":[{"taxonomy":"product_cat","embeddable":true,"href":"https:\/\/moyahousehold.com\/fr\/wp-json\/wp\/v2\/product_cat?post=10128"},{"taxonomy":"product_tag","embeddable":true,"href":"https:\/\/moyahousehold.com\/fr\/wp-json\/wp\/v2\/product_tag?post=10128"}],"curies":[{"name":"wp","href":"https:\/\/api.w.org\/{rel}","templated":true}]}}