{"id":10345,"date":"2025-02-06T08:22:02","date_gmt":"2025-02-06T08:22:02","guid":{"rendered":"https:\/\/moyahousehold.com\/?post_type=product&#038;p=10345"},"modified":"2025-02-06T10:09:34","modified_gmt":"2025-02-06T10:09:34","slug":"wholesale-customized-insulated-water-bottles","status":"publish","type":"product","link":"https:\/\/moyahousehold.com\/fr\/produit\/wholesale-customized-insulated-water-bottles\/","title":{"rendered":"Bouteilles d'eau isothermes personnalis\u00e9es, vente directe \u00e0 l'usine, bouteille d'eau en acier inoxydable de 350 ml en vrac, OEM et ODM disponibles"},"content":{"rendered":"<h3 class=\"wp-block-heading\">Param\u00e8tres de la bouteille d'eau en acier inoxydable de 350 ml<\/h3>\n\n\n\n<figure class=\"wp-block-table\"><table class=\"has-fixed-layout\"><tbody><tr><td>Produit&nbsp;<\/td><td>Capacit\u00e9<\/td><td>Mod\u00e8le<\/td><td>Couleur<\/td><td>Mat\u00e9riau<\/td><td>Dimensions<\/td><td>Poids brut<\/td><\/tr><tr><td>Bouteille d'eau isotherme en acier inoxydable de 350 ml<\/td><td>350mL<\/td><td>MY0839-A<\/td><td>noir,<br>rose,<br>blanc,<br>acier<\/td><td>PP, acier inoxydable 304\uff0csilica gel<\/td><td>73x73x180mm<\/td><td>0,4 kg<\/td><\/tr><\/tbody><\/table><\/figure>\n\n\n\n<h3 class=\"wp-block-heading\">Options de bouteilles d'eau en acier inoxydable personnalis\u00e9es<\/h3>\n\n\n\n<p><strong>Logo :<\/strong> personnaliser le logo de votre marque sur le produit et l'emballage.<br><strong>Options de logo :<\/strong> logo imprim\u00e9, logo grav\u00e9 au laser, etc.<br><strong>Mod\u00e8le :<\/strong> motifs d'impression <br><strong>Technologie d'impression :<\/strong> impression par transfert d'eau, impression par s\u00e9rigraphie, impression par transfert thermique, transfert par sublimation, etc.<br><strong>Emballage :<\/strong> bo\u00eete \u00e0 couleurs<br><a href=\"https:\/\/moyahousehold.com\/fr\/solution-personnalisee\/\"><strong>En savoir plus sur les solutions de bouteilles d'eau en acier inoxydable personnalis\u00e9es.<\/strong><\/a><\/p>\n\n\n\n<div class=\"wp-block-columns is-layout-flex wp-container-core-columns-is-layout-9d6595d7 wp-block-columns-is-layout-flex\">\n<div class=\"wp-block-column is-layout-flow wp-block-column-is-layout-flow\">\n<figure class=\"wp-block-image size-full\"><img fetchpriority=\"high\" decoding=\"async\" width=\"1600\" height=\"1600\" src=\"https:\/\/moyahousehold.com\/wp-content\/uploads\/2025\/02\/stainless-steel-insulated-water-bottle-details-2.webp\" alt=\"bouteille d&#039;eau isol\u00e9e en acier inoxydable d\u00e9tails (2)\" class=\"wp-image-10347\" srcset=\"https:\/\/moyahousehold.com\/wp-content\/uploads\/2025\/02\/stainless-steel-insulated-water-bottle-details-2.webp 1600w, https:\/\/moyahousehold.com\/wp-content\/uploads\/2025\/02\/stainless-steel-insulated-water-bottle-details-2-300x300.webp 300w, https:\/\/moyahousehold.com\/wp-content\/uploads\/2025\/02\/stainless-steel-insulated-water-bottle-details-2-150x150.webp 150w, https:\/\/moyahousehold.com\/wp-content\/uploads\/2025\/02\/stainless-steel-insulated-water-bottle-details-2-768x768.webp 768w, https:\/\/moyahousehold.com\/wp-content\/uploads\/2025\/02\/stainless-steel-insulated-water-bottle-details-2-12x12.webp 12w, https:\/\/moyahousehold.com\/wp-content\/uploads\/2025\/02\/stainless-steel-insulated-water-bottle-details-2-285x285.webp 285w, https:\/\/moyahousehold.com\/wp-content\/uploads\/2025\/02\/stainless-steel-insulated-water-bottle-details-2-270x270.webp 270w, https:\/\/moyahousehold.com\/wp-content\/uploads\/2025\/02\/stainless-steel-insulated-water-bottle-details-2-540x540.webp 540w, https:\/\/moyahousehold.com\/wp-content\/uploads\/2025\/02\/stainless-steel-insulated-water-bottle-details-2-660x660.webp 660w\" sizes=\"(max-width: 1600px) 100vw, 1600px\" \/><\/figure>\n<\/div>\n\n\n\n<div class=\"wp-block-column is-layout-flow wp-block-column-is-layout-flow\">\n<figure class=\"wp-block-image size-full\"><img decoding=\"async\" width=\"1600\" height=\"1600\" src=\"https:\/\/moyahousehold.com\/wp-content\/uploads\/2025\/02\/stainless-steel-insulated-water-bottle-details-3.webp\" alt=\"bouteille d&#039;eau isol\u00e9e en acier inoxydable d\u00e9tails (3)\" class=\"wp-image-10348\" srcset=\"https:\/\/moyahousehold.com\/wp-content\/uploads\/2025\/02\/stainless-steel-insulated-water-bottle-details-3.webp 1600w, https:\/\/moyahousehold.com\/wp-content\/uploads\/2025\/02\/stainless-steel-insulated-water-bottle-details-3-300x300.webp 300w, https:\/\/moyahousehold.com\/wp-content\/uploads\/2025\/02\/stainless-steel-insulated-water-bottle-details-3-150x150.webp 150w, https:\/\/moyahousehold.com\/wp-content\/uploads\/2025\/02\/stainless-steel-insulated-water-bottle-details-3-768x768.webp 768w, https:\/\/moyahousehold.com\/wp-content\/uploads\/2025\/02\/stainless-steel-insulated-water-bottle-details-3-12x12.webp 12w, https:\/\/moyahousehold.com\/wp-content\/uploads\/2025\/02\/stainless-steel-insulated-water-bottle-details-3-285x285.webp 285w, https:\/\/moyahousehold.com\/wp-content\/uploads\/2025\/02\/stainless-steel-insulated-water-bottle-details-3-270x270.webp 270w, https:\/\/moyahousehold.com\/wp-content\/uploads\/2025\/02\/stainless-steel-insulated-water-bottle-details-3-540x540.webp 540w, https:\/\/moyahousehold.com\/wp-content\/uploads\/2025\/02\/stainless-steel-insulated-water-bottle-details-3-660x660.webp 660w\" sizes=\"(max-width: 1600px) 100vw, 1600px\" \/><\/figure>\n<\/div>\n<\/div>","protected":false},"excerpt":{"rendered":"<p>Bouteille d'eau isol\u00e9e en acier inoxydable de 350 ml, \u00e0 large ouverture, pratique pour verser et nettoyer, fabriqu\u00e9e en acier inoxydable 304 de qualit\u00e9 alimentaire, durable et r\u00e9sistante \u00e0 la corrosion, peut \u00eatre utilis\u00e9e pour contenir d'autres liquides, tels que du jus, du th\u00e9, etc. Le fabricant de bouteilles d'eau MOYA accepte les demandes OEM et ODM, n'h\u00e9sitez pas \u00e0 nous contacter pour obtenir un devis.<\/p>\n<h3>Caract\u00e9ristiques et avantages de la bouteille d'eau isotherme en acier inoxydable<\/h3>\n<p><strong>S\u00e9curit\u00e9 des mat\u00e9riaux :<\/strong> La bouteille d'eau isotherme en acier inoxydable de 350 ml est fabriqu\u00e9e en acier inoxydable de qualit\u00e9 alimentaire, qui ne contient pas de substances nocives, ce qui garantit la s\u00e9curit\u00e9 et la salubrit\u00e9 de l'eau potable.<\/p>\n<p><strong>Respectueux de l'environnement et r\u00e9utilisable :<\/strong> La bouteille d'eau isotherme en acier inoxydable permet de r\u00e9duire l'utilisation de bouteilles en plastique jetables, ce qui est plus respectueux de l'environnement et conforme au concept de d\u00e9veloppement durable.<\/p>\n<p><strong>Forte durabilit\u00e9 :<\/strong> Le corps de la bouteille en acier inoxydable est robuste et durable, r\u00e9sistant \u00e0 l'usure et \u00e0 la corrosion, il a une longue dur\u00e9e de vie et n'est pas facile \u00e0 endommager.<\/p>\n<p><strong>Bonne \u00e9tanch\u00e9it\u00e9 :<\/strong> La bouteille d'eau isotherme en acier inoxydable de 350 ml poss\u00e8de une bonne structure d'\u00e9tanch\u00e9it\u00e9 du bouchon, ce qui permet d'\u00e9viter les fuites de liquide et de la placer en toute s\u00e9curit\u00e9 dans un sac sans craindre de la mouiller.<\/p>\n<p><strong>Service OEM et ODM :<\/strong> Le fabricant de bouteilles d'eau en acier inoxydable MOYA fournit des services de personnalisation professionnels et peut graver le logo de votre marque sur la bouteille d'eau isotherme ou concevoir une nouvelle bouteille d'eau pour vous.<\/p>\n<p><strong><a href=\"https:\/\/moyahousehold.com\/fr\/solution-personnalisee\/\">En savoir plus sur les solutions OEM&amp;ODM de bouteilles d'eau en acier inoxydable personnalis\u00e9es.<\/a><\/strong><\/p>","protected":false},"featured_media":10354,"comment_status":"closed","ping_status":"closed","template":"","meta":[],"product_cat":[53],"product_tag":[104],"class_list":{"0":"post-10345","1":"product","2":"type-product","3":"status-publish","4":"has-post-thumbnail","6":"product_cat-vacuum-bottle-wholesale","7":"product_tag-wholesale-350ml-insulated-water-bottles","9":"first","10":"instock","11":"shipping-taxable","12":"product-type-simple"},"_links":{"self":[{"href":"https:\/\/moyahousehold.com\/fr\/wp-json\/wp\/v2\/product\/10345","targetHints":{"allow":["GET"]}}],"collection":[{"href":"https:\/\/moyahousehold.com\/fr\/wp-json\/wp\/v2\/product"}],"about":[{"href":"https:\/\/moyahousehold.com\/fr\/wp-json\/wp\/v2\/types\/product"}],"replies":[{"embeddable":true,"href":"https:\/\/moyahousehold.com\/fr\/wp-json\/wp\/v2\/comments?post=10345"}],"version-history":[{"count":0,"href":"https:\/\/moyahousehold.com\/fr\/wp-json\/wp\/v2\/product\/10345\/revisions"}],"wp:featuredmedia":[{"embeddable":true,"href":"https:\/\/moyahousehold.com\/fr\/wp-json\/wp\/v2\/media\/10354"}],"wp:attachment":[{"href":"https:\/\/moyahousehold.com\/fr\/wp-json\/wp\/v2\/media?parent=10345"}],"wp:term":[{"taxonomy":"product_cat","embeddable":true,"href":"https:\/\/moyahousehold.com\/fr\/wp-json\/wp\/v2\/product_cat?post=10345"},{"taxonomy":"product_tag","embeddable":true,"href":"https:\/\/moyahousehold.com\/fr\/wp-json\/wp\/v2\/product_tag?post=10345"}],"curies":[{"name":"wp","href":"https:\/\/api.w.org\/{rel}","templated":true}]}}