{"id":10361,"date":"2025-02-06T08:59:05","date_gmt":"2025-02-06T08:59:05","guid":{"rendered":"https:\/\/moyahousehold.com\/?post_type=product&#038;p=10361"},"modified":"2025-02-06T10:09:22","modified_gmt":"2025-02-06T10:09:22","slug":"bulk-350ml-304-stainless-steel-insulated-water-bottles","status":"publish","type":"product","link":"https:\/\/moyahousehold.com\/fr\/produit\/bulk-350ml-304-stainless-steel-insulated-water-bottles\/","title":{"rendered":"Bouteilles d'eau isol\u00e9es en acier inoxydable 304 de 350 ml en vrac, service de bouteilles d'eau isol\u00e9es sur mesure disponible"},"content":{"rendered":"<h3 class=\"wp-block-heading\">Param\u00e8tres des bouteilles d'eau isothermes en acier inoxydable 304<\/h3>\n\n\n\n<figure class=\"wp-block-table\"><table class=\"has-fixed-layout\"><tbody><tr><td>Produit&nbsp;<\/td><td>Capacit\u00e9<\/td><td>Mod\u00e8le<\/td><td>Couleur<\/td><td>Mat\u00e9riau<\/td><td>Dimensions<\/td><td>Poids brut<\/td><\/tr><tr><td>Bouteille d'eau isotherme en acier inoxydable de 350 ml<\/td><td>350mL<\/td><td>MY0839-B<\/td><td>noir,<br>rose,<br>blanc,<br>acier<\/td><td>PP, acier inoxydable 304\uff0csilica gel<\/td><td>82x82x175mm<\/td><td>0,4 kg<\/td><\/tr><\/tbody><\/table><\/figure>\n\n\n\n<h3 class=\"wp-block-heading\">Options de bouteilles d'eau en acier inoxydable personnalis\u00e9es<\/h3>\n\n\n\n<p><strong>Logo :<\/strong> personnaliser le logo de votre marque sur les produits et les emballages.<br><strong>Options de logo :<\/strong> logo imprim\u00e9, logo grav\u00e9 au laser, etc.<br><strong>Mod\u00e8le :<\/strong> motifs d'impression <br><strong>Technologie d'impression :<\/strong> impression par transfert d'eau, impression par s\u00e9rigraphie, impression par transfert thermique, transfert par sublimation, etc.<br><strong>Emballage :<\/strong> bo\u00eete \u00e0 couleurs<br><a href=\"https:\/\/moyahousehold.com\/fr\/solution-personnalisee\/\"><strong>En savoir plus sur les solutions de bouteilles d'eau en acier inoxydable personnalis\u00e9es.<\/strong><\/a><\/p>\n\n\n\n<div class=\"wp-block-columns is-layout-flex wp-container-core-columns-is-layout-9d6595d7 wp-block-columns-is-layout-flex\">\n<div class=\"wp-block-column is-layout-flow wp-block-column-is-layout-flow\">\n<figure class=\"wp-block-image size-full\"><img fetchpriority=\"high\" decoding=\"async\" width=\"1600\" height=\"1600\" src=\"https:\/\/moyahousehold.com\/wp-content\/uploads\/2025\/02\/304-stainless-steel-water-bottle-details-4.webp\" alt=\"D\u00e9tails de la bouteille d&#039;eau en acier inoxydable 304 (4)\" class=\"wp-image-10371\" srcset=\"https:\/\/moyahousehold.com\/wp-content\/uploads\/2025\/02\/304-stainless-steel-water-bottle-details-4.webp 1600w, https:\/\/moyahousehold.com\/wp-content\/uploads\/2025\/02\/304-stainless-steel-water-bottle-details-4-300x300.webp 300w, https:\/\/moyahousehold.com\/wp-content\/uploads\/2025\/02\/304-stainless-steel-water-bottle-details-4-150x150.webp 150w, https:\/\/moyahousehold.com\/wp-content\/uploads\/2025\/02\/304-stainless-steel-water-bottle-details-4-768x768.webp 768w, https:\/\/moyahousehold.com\/wp-content\/uploads\/2025\/02\/304-stainless-steel-water-bottle-details-4-12x12.webp 12w, https:\/\/moyahousehold.com\/wp-content\/uploads\/2025\/02\/304-stainless-steel-water-bottle-details-4-285x285.webp 285w, https:\/\/moyahousehold.com\/wp-content\/uploads\/2025\/02\/304-stainless-steel-water-bottle-details-4-270x270.webp 270w, https:\/\/moyahousehold.com\/wp-content\/uploads\/2025\/02\/304-stainless-steel-water-bottle-details-4-540x540.webp 540w, https:\/\/moyahousehold.com\/wp-content\/uploads\/2025\/02\/304-stainless-steel-water-bottle-details-4-660x660.webp 660w\" sizes=\"(max-width: 1600px) 100vw, 1600px\" \/><\/figure>\n<\/div>\n\n\n\n<div class=\"wp-block-column is-layout-flow wp-block-column-is-layout-flow\">\n<figure class=\"wp-block-image size-full\"><img decoding=\"async\" width=\"1600\" height=\"1600\" src=\"https:\/\/moyahousehold.com\/wp-content\/uploads\/2025\/02\/304-stainless-steel-water-bottle-details-5.webp\" alt=\"Bouteille d&#039;eau en acier inoxydable 304 d\u00e9tails (5)\" class=\"wp-image-10372\" srcset=\"https:\/\/moyahousehold.com\/wp-content\/uploads\/2025\/02\/304-stainless-steel-water-bottle-details-5.webp 1600w, https:\/\/moyahousehold.com\/wp-content\/uploads\/2025\/02\/304-stainless-steel-water-bottle-details-5-300x300.webp 300w, https:\/\/moyahousehold.com\/wp-content\/uploads\/2025\/02\/304-stainless-steel-water-bottle-details-5-150x150.webp 150w, https:\/\/moyahousehold.com\/wp-content\/uploads\/2025\/02\/304-stainless-steel-water-bottle-details-5-768x768.webp 768w, https:\/\/moyahousehold.com\/wp-content\/uploads\/2025\/02\/304-stainless-steel-water-bottle-details-5-12x12.webp 12w, https:\/\/moyahousehold.com\/wp-content\/uploads\/2025\/02\/304-stainless-steel-water-bottle-details-5-285x285.webp 285w, https:\/\/moyahousehold.com\/wp-content\/uploads\/2025\/02\/304-stainless-steel-water-bottle-details-5-270x270.webp 270w, https:\/\/moyahousehold.com\/wp-content\/uploads\/2025\/02\/304-stainless-steel-water-bottle-details-5-540x540.webp 540w, https:\/\/moyahousehold.com\/wp-content\/uploads\/2025\/02\/304-stainless-steel-water-bottle-details-5-660x660.webp 660w\" sizes=\"(max-width: 1600px) 100vw, 1600px\" \/><\/figure>\n<\/div>\n<\/div>","protected":false},"excerpt":{"rendered":"<p>Les bouteilles d'eau isol\u00e9es en acier inoxydable personnalisables en vrac pour la vente, peuvent atteindre plus de 12 heures d'effet de conservation de la chaleur ou du froid, adapt\u00e9 pour les voyages de longue distance ou les activit\u00e9s de plein air, con\u00e7u pour s'adapter au porte-gobelet de la voiture, pratique pour l'utilisation pendant la conduite. MOYA prend en charge l'OEM et l'ODM, contactez-nous pour obtenir un devis.<\/p>\n<h3>Caract\u00e9ristiques et avantages de la bouteille d'eau isotherme en acier inoxydable<\/h3>\n<p><strong>Excellente performance d'isolation :<\/strong> La conception en acier inoxydable \u00e0 double couche permet de maintenir efficacement la temp\u00e9rature des boissons chaudes et froides pendant plus de 12 heures.<\/p>\n<p><strong>Conception sans odeur :<\/strong> Fabriqu\u00e9e en acier inoxydable de qualit\u00e9 alimentaire, l'int\u00e9rieur de la bouteille thermos n'absorbe pas facilement les odeurs, ce qui permet de conserver la puret\u00e9 et la fra\u00eecheur des boissons.<\/p>\n<p><strong>Ergonomique :<\/strong> Le design de cette bouteille d'eau isotherme en acier inoxydable est ergonomique et agr\u00e9able \u00e0 tenir.<\/p>\n<p><strong>Convient \u00e0 divers porte-gobelets de voiture :<\/strong> Cette bouteille d'eau isotherme en acier inoxydable est adapt\u00e9e aux porte-gobelets des voitures. Elle est pratique \u00e0 utiliser pendant la conduite et ne prend pas trop de place.<\/p>\n<p><strong>Impression de logos personnalisables :<\/strong> L'impression personnalis\u00e9e peut \u00eatre r\u00e9alis\u00e9e en fonction des besoins des particuliers ou des entreprises, et peut \u00eatre utilis\u00e9e comme produit de marque ou comme cadeau.<\/p>\n<p><strong>Services OEM et ODM :<\/strong> Les fabricants de bouteilles d'eau en acier inoxydable MOYA fournissent des services de personnalisation professionnels, permettant aux clients de personnaliser les sp\u00e9cifications, les mat\u00e9riaux, les couleurs et l'apparence des bouteilles d'eau isothermes en fonction des besoins de leur propre marque.<\/p>\n<p><strong><a href=\"https:\/\/moyahousehold.com\/fr\/solution-personnalisee\/\">En savoir plus sur les solutions OEM&amp;ODM de bouteilles d'eau en acier inoxydable personnalis\u00e9es.<\/a><\/strong><\/p>","protected":false},"featured_media":10362,"comment_status":"closed","ping_status":"closed","template":"","meta":[],"product_cat":[53],"product_tag":[104],"class_list":{"0":"post-10361","1":"product","2":"type-product","3":"status-publish","4":"has-post-thumbnail","6":"product_cat-vacuum-bottle-wholesale","7":"product_tag-wholesale-350ml-insulated-water-bottles","9":"first","10":"instock","11":"shipping-taxable","12":"product-type-simple"},"_links":{"self":[{"href":"https:\/\/moyahousehold.com\/fr\/wp-json\/wp\/v2\/product\/10361","targetHints":{"allow":["GET"]}}],"collection":[{"href":"https:\/\/moyahousehold.com\/fr\/wp-json\/wp\/v2\/product"}],"about":[{"href":"https:\/\/moyahousehold.com\/fr\/wp-json\/wp\/v2\/types\/product"}],"replies":[{"embeddable":true,"href":"https:\/\/moyahousehold.com\/fr\/wp-json\/wp\/v2\/comments?post=10361"}],"version-history":[{"count":0,"href":"https:\/\/moyahousehold.com\/fr\/wp-json\/wp\/v2\/product\/10361\/revisions"}],"wp:featuredmedia":[{"embeddable":true,"href":"https:\/\/moyahousehold.com\/fr\/wp-json\/wp\/v2\/media\/10362"}],"wp:attachment":[{"href":"https:\/\/moyahousehold.com\/fr\/wp-json\/wp\/v2\/media?parent=10361"}],"wp:term":[{"taxonomy":"product_cat","embeddable":true,"href":"https:\/\/moyahousehold.com\/fr\/wp-json\/wp\/v2\/product_cat?post=10361"},{"taxonomy":"product_tag","embeddable":true,"href":"https:\/\/moyahousehold.com\/fr\/wp-json\/wp\/v2\/product_tag?post=10361"}],"curies":[{"name":"wp","href":"https:\/\/api.w.org\/{rel}","templated":true}]}}