{"id":10377,"date":"2025-02-06T09:28:41","date_gmt":"2025-02-06T09:28:41","guid":{"rendered":"https:\/\/moyahousehold.com\/?post_type=product&#038;p=10377"},"modified":"2025-02-06T10:09:10","modified_gmt":"2025-02-06T10:09:10","slug":"wholesale-custom-350ml-thermos-bottles","status":"publish","type":"product","link":"https:\/\/moyahousehold.com\/fr\/produit\/wholesale-custom-350ml-thermos-bottles\/","title":{"rendered":"Bouteille thermos personnalis\u00e9e disponible, Bouteilles thermos 350mL en gros - MOYA Fabricant de bouteilles d'eau"},"content":{"rendered":"<h3 class=\"wp-block-heading\">Param\u00e8tres de la bouteille thermos de 350 ml<\/h3>\n\n\n\n<figure class=\"wp-block-table\"><table class=\"has-fixed-layout\"><tbody><tr><td>Produit&nbsp;<\/td><td>Capacit\u00e9<\/td><td>Mod\u00e8le<\/td><td>Couleur<\/td><td>Mat\u00e9riau<\/td><td>Dimensions<\/td><td>Poids brut<\/td><\/tr><tr><td>Bouteille d'eau isotherme en acier inoxydable de 350 ml<\/td><td>350mL<\/td><td>MY0839-B<\/td><td>noir,<br>rose,<br>blanc,<br>acier<\/td><td>PP, acier inoxydable 304\uff0csilica gel<\/td><td>82x82x175mm<\/td><td>0,4 kg<\/td><\/tr><\/tbody><\/table><\/figure>\n\n\n\n<h3 class=\"wp-block-heading\">Options de bouteilles thermos personnalis\u00e9es<\/h3>\n\n\n\n<p><strong>Logo :<\/strong> personnaliser le logo de votre marque sur les produits et les emballages.<br><strong>Options de logo :<\/strong> logo imprim\u00e9, logo grav\u00e9 au laser, etc.<br><strong>Mod\u00e8le :<\/strong> motifs d'impression <br><strong>Technologie d'impression :<\/strong> impression par transfert d'eau, impression par s\u00e9rigraphie, impression par transfert thermique, transfert par sublimation, etc.<br><strong>Emballage :<\/strong> bo\u00eete \u00e0 couleurs<br><a href=\"https:\/\/moyahousehold.com\/fr\/solution-personnalisee\/\"><strong>En savoir plus sur les solutions de bouteilles thermos personnalis\u00e9es.<\/strong><\/a><\/p>\n\n\n\n<div class=\"wp-block-columns is-layout-flex wp-container-core-columns-is-layout-9d6595d7 wp-block-columns-is-layout-flex\">\n<div class=\"wp-block-column is-layout-flow wp-block-column-is-layout-flow\">\n<figure class=\"wp-block-image size-full\"><img fetchpriority=\"high\" decoding=\"async\" width=\"1600\" height=\"1600\" src=\"https:\/\/moyahousehold.com\/wp-content\/uploads\/2025\/02\/Bulk-Custom-Thermos-Bottle-Details-5.webp\" alt=\"D\u00e9tails des bouteilles thermos personnalis\u00e9es en vrac (5)\" class=\"wp-image-10384\" srcset=\"https:\/\/moyahousehold.com\/wp-content\/uploads\/2025\/02\/Bulk-Custom-Thermos-Bottle-Details-5.webp 1600w, https:\/\/moyahousehold.com\/wp-content\/uploads\/2025\/02\/Bulk-Custom-Thermos-Bottle-Details-5-300x300.webp 300w, https:\/\/moyahousehold.com\/wp-content\/uploads\/2025\/02\/Bulk-Custom-Thermos-Bottle-Details-5-150x150.webp 150w, https:\/\/moyahousehold.com\/wp-content\/uploads\/2025\/02\/Bulk-Custom-Thermos-Bottle-Details-5-768x768.webp 768w, https:\/\/moyahousehold.com\/wp-content\/uploads\/2025\/02\/Bulk-Custom-Thermos-Bottle-Details-5-12x12.webp 12w, https:\/\/moyahousehold.com\/wp-content\/uploads\/2025\/02\/Bulk-Custom-Thermos-Bottle-Details-5-285x285.webp 285w, https:\/\/moyahousehold.com\/wp-content\/uploads\/2025\/02\/Bulk-Custom-Thermos-Bottle-Details-5-270x270.webp 270w, https:\/\/moyahousehold.com\/wp-content\/uploads\/2025\/02\/Bulk-Custom-Thermos-Bottle-Details-5-540x540.webp 540w, https:\/\/moyahousehold.com\/wp-content\/uploads\/2025\/02\/Bulk-Custom-Thermos-Bottle-Details-5-660x660.webp 660w\" sizes=\"(max-width: 1600px) 100vw, 1600px\" \/><\/figure>\n<\/div>\n\n\n\n<div class=\"wp-block-column is-layout-flow wp-block-column-is-layout-flow\">\n<figure class=\"wp-block-image size-full\"><img decoding=\"async\" width=\"1600\" height=\"1600\" src=\"https:\/\/moyahousehold.com\/wp-content\/uploads\/2025\/02\/Bulk-Custom-Thermos-Bottle-Details-6.webp\" alt=\"D\u00e9tails des bouteilles thermos personnalis\u00e9es en vrac (6)\" class=\"wp-image-10385\" srcset=\"https:\/\/moyahousehold.com\/wp-content\/uploads\/2025\/02\/Bulk-Custom-Thermos-Bottle-Details-6.webp 1600w, https:\/\/moyahousehold.com\/wp-content\/uploads\/2025\/02\/Bulk-Custom-Thermos-Bottle-Details-6-300x300.webp 300w, https:\/\/moyahousehold.com\/wp-content\/uploads\/2025\/02\/Bulk-Custom-Thermos-Bottle-Details-6-150x150.webp 150w, https:\/\/moyahousehold.com\/wp-content\/uploads\/2025\/02\/Bulk-Custom-Thermos-Bottle-Details-6-768x768.webp 768w, https:\/\/moyahousehold.com\/wp-content\/uploads\/2025\/02\/Bulk-Custom-Thermos-Bottle-Details-6-12x12.webp 12w, https:\/\/moyahousehold.com\/wp-content\/uploads\/2025\/02\/Bulk-Custom-Thermos-Bottle-Details-6-285x285.webp 285w, https:\/\/moyahousehold.com\/wp-content\/uploads\/2025\/02\/Bulk-Custom-Thermos-Bottle-Details-6-270x270.webp 270w, https:\/\/moyahousehold.com\/wp-content\/uploads\/2025\/02\/Bulk-Custom-Thermos-Bottle-Details-6-540x540.webp 540w, https:\/\/moyahousehold.com\/wp-content\/uploads\/2025\/02\/Bulk-Custom-Thermos-Bottle-Details-6-660x660.webp 660w\" sizes=\"(max-width: 1600px) 100vw, 1600px\" \/><\/figure>\n<\/div>\n<\/div>","protected":false},"excerpt":{"rendered":"<p>Bouteilles thermos personnalisables en gros, convenant \u00e0 divers sc\u00e9narios tels que les bureaux, les salles de sport et le camping. Le joint sp\u00e9cialement con\u00e7u ne fuit pas, ce qui le rend plus adapt\u00e9 aux activit\u00e9s de plein air. La dur\u00e9e de conservation de la chaleur est sup\u00e9rieure \u00e0 18 heures. Nous prenons en charge les OEM et ODM, veuillez nous contacter pour obtenir un devis.<\/p>\n<h3>Caract\u00e9ristiques et avantages de la bouteille d'eau isotherme en acier inoxydable<\/h3>\n<p><strong>Excellente performance d'isolation :<\/strong> Cette bouteille thermos adopte une conception en acier inoxydable \u00e0 double couche, qui isole efficacement les changements de temp\u00e9rature externes, garantissant que les boissons chaudes restent chaudes et les boissons froides restent fra\u00eeches pendant des heures.<\/p>\n<p><strong>Facile \u00e0 utiliser :<\/strong> Le bouton du couvercle sup\u00e9rieur peut \u00eatre press\u00e9 pour verser l'eau, ce qui peut \u00eatre actionn\u00e9 d'une seule main et permet aux utilisateurs de boire tout en faisant de l'exercice ou en conduisant.<\/p>\n<p><strong>Bonne durabilit\u00e9 :<\/strong> La bouteille thermos est fabriqu\u00e9e selon des proc\u00e9d\u00e9s de haute qualit\u00e9 afin de garantir la durabilit\u00e9 du corps de la bouteille, et il n'est pas facile de l'endommager, m\u00eame apr\u00e8s une utilisation prolong\u00e9e.<\/p>\n<p><strong>Conception de l'espace de rangement :<\/strong> Sa conception compacte r\u00e9duit l'espace occup\u00e9 dans les valises et les sacs \u00e0 dos, ce qui le rend pratique pour le stockage en voyage.<\/p>\n<p><strong>Conception humanis\u00e9e :<\/strong> La forme ergonomique de la bouteille la rend plus confortable \u00e0 tenir et plus facile \u00e0 boire.<\/p>\n<p><strong>Services OEM et ODM :<\/strong> MOYA fournit une solution unique de bouteilles thermos personnalis\u00e9es, les clients peuvent imprimer le logo de leur propre marque sur le produit ou cr\u00e9er un nouveau produit de bouteille thermos.<\/p>\n<p><strong><a href=\"https:\/\/moyahousehold.com\/fr\/solution-personnalisee\/\">En savoir plus sur les solutions de bouteilles thermos personnalis\u00e9es.<\/a><\/strong><\/p>","protected":false},"featured_media":10378,"comment_status":"closed","ping_status":"closed","template":"","meta":[],"product_cat":[53],"product_tag":[104],"class_list":{"0":"post-10377","1":"product","2":"type-product","3":"status-publish","4":"has-post-thumbnail","6":"product_cat-vacuum-bottle-wholesale","7":"product_tag-wholesale-350ml-insulated-water-bottles","9":"first","10":"instock","11":"shipping-taxable","12":"product-type-simple"},"_links":{"self":[{"href":"https:\/\/moyahousehold.com\/fr\/wp-json\/wp\/v2\/product\/10377","targetHints":{"allow":["GET"]}}],"collection":[{"href":"https:\/\/moyahousehold.com\/fr\/wp-json\/wp\/v2\/product"}],"about":[{"href":"https:\/\/moyahousehold.com\/fr\/wp-json\/wp\/v2\/types\/product"}],"replies":[{"embeddable":true,"href":"https:\/\/moyahousehold.com\/fr\/wp-json\/wp\/v2\/comments?post=10377"}],"version-history":[{"count":0,"href":"https:\/\/moyahousehold.com\/fr\/wp-json\/wp\/v2\/product\/10377\/revisions"}],"wp:featuredmedia":[{"embeddable":true,"href":"https:\/\/moyahousehold.com\/fr\/wp-json\/wp\/v2\/media\/10378"}],"wp:attachment":[{"href":"https:\/\/moyahousehold.com\/fr\/wp-json\/wp\/v2\/media?parent=10377"}],"wp:term":[{"taxonomy":"product_cat","embeddable":true,"href":"https:\/\/moyahousehold.com\/fr\/wp-json\/wp\/v2\/product_cat?post=10377"},{"taxonomy":"product_tag","embeddable":true,"href":"https:\/\/moyahousehold.com\/fr\/wp-json\/wp\/v2\/product_tag?post=10377"}],"curies":[{"name":"wp","href":"https:\/\/api.w.org\/{rel}","templated":true}]}}