{"id":10389,"date":"2025-02-10T23:58:57","date_gmt":"2025-02-08T07:19:18","guid":{"rendered":"https:\/\/moyahousehold.com\/?post_type=product&#038;p=10389"},"modified":"2025-02-11T00:53:34","modified_gmt":"2025-02-11T00:53:34","slug":"wholesale-multi-compartment-lunch-boxes-for-kid","status":"publish","type":"product","link":"https:\/\/moyahousehold.com\/fr\/produit\/wholesale-multi-compartment-lunch-boxes-for-kid\/","title":{"rendered":"Bo\u00eetes \u00e0 lunch multi-compartiments en gros, Meilleures bo\u00eetes \u00e0 lunch pour enfants pour l'\u00e9cole, Support OEM et ODM"},"content":{"rendered":"<h2 class=\"wp-block-heading\">Param\u00e8tres de la bo\u00eete \u00e0 lunch multi-compartiments pour enfants \u00e0 l'\u00e9cole<\/h2>\n\n\n\n<p><strong>mat\u00e9riel :<\/strong> 304 + PP <strong> couleur :<\/strong> Noir\u3001Blanc<\/p>\n\n\n\n<figure class=\"wp-block-table\"><table class=\"has-fixed-layout\"><tbody><tr><td>Objet<\/td><td>Capacit\u00e9<\/td><td>Taille\/PCS<\/td><td>PCS\/Case<\/td><td>N.W.\/PCS<\/td><td>G.W.\/Cas<\/td><\/tr><tr><td>MYSK013<\/td><td>5 grilles<\/td><td>27*19.8*6<\/td><td>\/<\/td><td>0,37 kg<\/td><td>\/<\/td><\/tr><\/tbody><\/table><\/figure>\n\n\n\n<h3 class=\"wp-block-heading\">Options de bo\u00eetes \u00e0 lunch personnalis\u00e9es<\/h3>\n\n\n\n<p><strong>Logo<\/strong>: personnalisez le logo de votre marque sur la bo\u00eete \u00e0 bento en acier inoxydable et sur l'emballage.<br><strong>Options du logo<\/strong>logo imprim\u00e9, logo grav\u00e9 au laser, etc.<br><strong>Mod\u00e8le<\/strong>: motifs d'impression sur les produits et les emballages.<br><strong>Technologie d'impression<\/strong>Les techniques d'impression sont les suivantes : impression par transfert d'eau, impression par s\u00e9rigraphie, impression par transfert de chaleur, transfert par sublimation, etc.<br><strong>Emballage :<\/strong>bo\u00eete de couleur.<br><a href=\"https:\/\/moyahousehold.com\/fr\/solution-personnalisee\/\"><strong>En savoir plus sur les solutions de bo\u00eetes \u00e0 lunch personnalis\u00e9es.<\/strong><\/a><\/p>\n\n\n\n<div class=\"wp-block-columns is-layout-flex wp-container-core-columns-is-layout-9d6595d7 wp-block-columns-is-layout-flex\">\n<div class=\"wp-block-column is-layout-flow wp-block-column-is-layout-flow\">\n<figure class=\"wp-block-image size-full\"><img fetchpriority=\"high\" decoding=\"async\" width=\"1500\" height=\"1500\" src=\"https:\/\/moyahousehold.com\/wp-content\/uploads\/2025\/02\/wholesale-multi-compartment-lunch-box-for-kid-2.jpg\" alt=\"Bo\u00eete \u00e0 lunch multi-compartiments pour enfants (2)\" class=\"wp-image-10425\" srcset=\"https:\/\/moyahousehold.com\/wp-content\/uploads\/2025\/02\/wholesale-multi-compartment-lunch-box-for-kid-2.jpg 1500w, https:\/\/moyahousehold.com\/wp-content\/uploads\/2025\/02\/wholesale-multi-compartment-lunch-box-for-kid-2-300x300.jpg 300w, https:\/\/moyahousehold.com\/wp-content\/uploads\/2025\/02\/wholesale-multi-compartment-lunch-box-for-kid-2-150x150.jpg 150w, https:\/\/moyahousehold.com\/wp-content\/uploads\/2025\/02\/wholesale-multi-compartment-lunch-box-for-kid-2-768x768.jpg 768w, https:\/\/moyahousehold.com\/wp-content\/uploads\/2025\/02\/wholesale-multi-compartment-lunch-box-for-kid-2-12x12.jpg 12w, https:\/\/moyahousehold.com\/wp-content\/uploads\/2025\/02\/wholesale-multi-compartment-lunch-box-for-kid-2-285x285.jpg 285w, https:\/\/moyahousehold.com\/wp-content\/uploads\/2025\/02\/wholesale-multi-compartment-lunch-box-for-kid-2-270x270.jpg 270w, https:\/\/moyahousehold.com\/wp-content\/uploads\/2025\/02\/wholesale-multi-compartment-lunch-box-for-kid-2-540x540.jpg 540w, https:\/\/moyahousehold.com\/wp-content\/uploads\/2025\/02\/wholesale-multi-compartment-lunch-box-for-kid-2-660x660.jpg 660w\" sizes=\"(max-width: 1500px) 100vw, 1500px\" \/><\/figure>\n<\/div>\n\n\n\n<div class=\"wp-block-column is-layout-flow wp-block-column-is-layout-flow\">\n<figure class=\"wp-block-image size-full\"><img decoding=\"async\" width=\"1500\" height=\"1500\" src=\"https:\/\/moyahousehold.com\/wp-content\/uploads\/2025\/02\/wholesale-multi-compartment-lunch-box-for-kid-3.jpg\" alt=\"Bo\u00eete \u00e0 lunch multi-compartiments pour enfants (3)\" class=\"wp-image-10426\" srcset=\"https:\/\/moyahousehold.com\/wp-content\/uploads\/2025\/02\/wholesale-multi-compartment-lunch-box-for-kid-3.jpg 1500w, https:\/\/moyahousehold.com\/wp-content\/uploads\/2025\/02\/wholesale-multi-compartment-lunch-box-for-kid-3-300x300.jpg 300w, https:\/\/moyahousehold.com\/wp-content\/uploads\/2025\/02\/wholesale-multi-compartment-lunch-box-for-kid-3-150x150.jpg 150w, https:\/\/moyahousehold.com\/wp-content\/uploads\/2025\/02\/wholesale-multi-compartment-lunch-box-for-kid-3-768x768.jpg 768w, https:\/\/moyahousehold.com\/wp-content\/uploads\/2025\/02\/wholesale-multi-compartment-lunch-box-for-kid-3-12x12.jpg 12w, https:\/\/moyahousehold.com\/wp-content\/uploads\/2025\/02\/wholesale-multi-compartment-lunch-box-for-kid-3-285x285.jpg 285w, https:\/\/moyahousehold.com\/wp-content\/uploads\/2025\/02\/wholesale-multi-compartment-lunch-box-for-kid-3-270x270.jpg 270w, https:\/\/moyahousehold.com\/wp-content\/uploads\/2025\/02\/wholesale-multi-compartment-lunch-box-for-kid-3-540x540.jpg 540w, https:\/\/moyahousehold.com\/wp-content\/uploads\/2025\/02\/wholesale-multi-compartment-lunch-box-for-kid-3-660x660.jpg 660w\" sizes=\"(max-width: 1500px) 100vw, 1500px\" \/><\/figure>\n<\/div>\n<\/div>\n\n\n\n<div class=\"wp-block-columns is-layout-flex wp-container-core-columns-is-layout-9d6595d7 wp-block-columns-is-layout-flex\">\n<div class=\"wp-block-column is-layout-flow wp-block-column-is-layout-flow\">\n<figure class=\"wp-block-image size-full\"><img decoding=\"async\" width=\"1500\" height=\"1500\" src=\"https:\/\/moyahousehold.com\/wp-content\/uploads\/2025\/02\/wholesale-multi-compartment-lunch-box-for-kid-4.jpg\" alt=\"Bo\u00eete \u00e0 lunch multi-compartiments pour enfants (4)\" class=\"wp-image-10427\" srcset=\"https:\/\/moyahousehold.com\/wp-content\/uploads\/2025\/02\/wholesale-multi-compartment-lunch-box-for-kid-4.jpg 1500w, https:\/\/moyahousehold.com\/wp-content\/uploads\/2025\/02\/wholesale-multi-compartment-lunch-box-for-kid-4-300x300.jpg 300w, https:\/\/moyahousehold.com\/wp-content\/uploads\/2025\/02\/wholesale-multi-compartment-lunch-box-for-kid-4-150x150.jpg 150w, https:\/\/moyahousehold.com\/wp-content\/uploads\/2025\/02\/wholesale-multi-compartment-lunch-box-for-kid-4-768x768.jpg 768w, https:\/\/moyahousehold.com\/wp-content\/uploads\/2025\/02\/wholesale-multi-compartment-lunch-box-for-kid-4-12x12.jpg 12w, https:\/\/moyahousehold.com\/wp-content\/uploads\/2025\/02\/wholesale-multi-compartment-lunch-box-for-kid-4-285x285.jpg 285w, https:\/\/moyahousehold.com\/wp-content\/uploads\/2025\/02\/wholesale-multi-compartment-lunch-box-for-kid-4-270x270.jpg 270w, https:\/\/moyahousehold.com\/wp-content\/uploads\/2025\/02\/wholesale-multi-compartment-lunch-box-for-kid-4-540x540.jpg 540w, https:\/\/moyahousehold.com\/wp-content\/uploads\/2025\/02\/wholesale-multi-compartment-lunch-box-for-kid-4-660x660.jpg 660w\" sizes=\"(max-width: 1500px) 100vw, 1500px\" \/><\/figure>\n<\/div>\n\n\n\n<div class=\"wp-block-column is-layout-flow wp-block-column-is-layout-flow\">\n<figure class=\"wp-block-image size-full\"><img loading=\"lazy\" decoding=\"async\" width=\"1500\" height=\"1500\" src=\"https:\/\/moyahousehold.com\/wp-content\/uploads\/2025\/02\/wholesale-multi-compartment-lunch-box-for-kid-1.jpg\" alt=\"Bo\u00eete \u00e0 lunch multi-compartiments pour enfants (1)\" class=\"wp-image-10423\" srcset=\"https:\/\/moyahousehold.com\/wp-content\/uploads\/2025\/02\/wholesale-multi-compartment-lunch-box-for-kid-1.jpg 1500w, https:\/\/moyahousehold.com\/wp-content\/uploads\/2025\/02\/wholesale-multi-compartment-lunch-box-for-kid-1-300x300.jpg 300w, https:\/\/moyahousehold.com\/wp-content\/uploads\/2025\/02\/wholesale-multi-compartment-lunch-box-for-kid-1-150x150.jpg 150w, https:\/\/moyahousehold.com\/wp-content\/uploads\/2025\/02\/wholesale-multi-compartment-lunch-box-for-kid-1-768x768.jpg 768w, https:\/\/moyahousehold.com\/wp-content\/uploads\/2025\/02\/wholesale-multi-compartment-lunch-box-for-kid-1-12x12.jpg 12w, https:\/\/moyahousehold.com\/wp-content\/uploads\/2025\/02\/wholesale-multi-compartment-lunch-box-for-kid-1-285x285.jpg 285w, https:\/\/moyahousehold.com\/wp-content\/uploads\/2025\/02\/wholesale-multi-compartment-lunch-box-for-kid-1-270x270.jpg 270w, https:\/\/moyahousehold.com\/wp-content\/uploads\/2025\/02\/wholesale-multi-compartment-lunch-box-for-kid-1-540x540.jpg 540w, https:\/\/moyahousehold.com\/wp-content\/uploads\/2025\/02\/wholesale-multi-compartment-lunch-box-for-kid-1-660x660.jpg 660w\" sizes=\"(max-width: 1500px) 100vw, 1500px\" \/><\/figure>\n<\/div>\n<\/div>\n\n\n\n<p><\/p>","protected":false},"excerpt":{"rendered":"<p>Bo\u00eete \u00e0 lunch multi-compartiments en acier inoxydable pour enfants, parfaite pour le contr\u00f4le des portions et une alimentation saine Encouragez les enfants \u00e0 apprendre \u00e0 contr\u00f4ler les portions tout en savourant leurs repas. Cette bo\u00eete \u00e0 lunch est fabriqu\u00e9e en acier inoxydable durable de qualit\u00e9 alimentaire pour garantir la s\u00e9curit\u00e9 et la durabilit\u00e9. En tant que fabricant de bo\u00eetes \u00e0 lunch de confiance, MOYA fournit des services OEM et ODM personnalisables. Nous vous invitons \u00e0 nous contacter pour des opportunit\u00e9s de collaboration.<\/p>\n<h3>Caract\u00e9ristiques de la bo\u00eete \u00e0 lunch multi-compartiments pour enfants pour l'\u00e9cole<\/h3>\n<p><strong>Design attrayant :<\/strong> La bo\u00eete \u00e0 lunch multi-compartiments en acier inoxydable pr\u00e9sente des couleurs vives et de charmants dessins anim\u00e9s pour susciter l'int\u00e9r\u00eat des enfants \u00e0 l'heure des repas et rendre ces derniers plus agr\u00e9ables.<\/p>\n<p><strong>Compartiments multifonctionnels :<\/strong> Disponible en 2 et 3 compartiments, notre bo\u00eete \u00e0 lunch multi-compartiments emp\u00eache les saveurs de se m\u00e9langer et favorise une alimentation \u00e9quilibr\u00e9e.<\/p>\n<p><strong>Mat\u00e9riaux respectueux de l'environnement et s\u00fbrs :<\/strong> Nos bo\u00eetes \u00e0 lunch en gros sont fabriqu\u00e9es en acier inoxydable 100% de qualit\u00e9 alimentaire, certifi\u00e9 ISO et FDA, garantissant les normes de sant\u00e9 et de s\u00e9curit\u00e9 les plus \u00e9lev\u00e9es pour les enfants.<\/p>\n<p><strong>Choix multiples :<\/strong> Nos bo\u00eetes \u00e0 lunch en gros sont disponibles dans une vari\u00e9t\u00e9 de couleurs, de styles et de capacit\u00e9s pour r\u00e9pondre \u00e0 diff\u00e9rentes pr\u00e9f\u00e9rences et groupes d'\u00e2ge, parfaites pour chaque enfant.<\/p>\n<p><strong>Conception conviviale :<\/strong> Le couvercle \u00e0 ouverture facile est con\u00e7u pour les petites mains, ce qui permet aux enfants d'ouvrir et de fermer facilement la bo\u00eete \u00e0 lunch. L\u00e9g\u00e8re et compacte, elle se glisse facilement dans un sac d'\u00e9cole, ce qui en fait la meilleure bo\u00eete \u00e0 lunch pour l'\u00e9cole.<\/p>\n<p>Choisissez les bo\u00eetes \u00e0 lunch en acier inoxydable de MOYA pour combiner fonctionnalit\u00e9, s\u00e9curit\u00e9 et plaisir pour vos petits ! Contactez-nous d\u00e8s aujourd'hui pour explorer les options de personnalisation et passer votre commande.<\/p>","protected":false},"featured_media":10424,"comment_status":"closed","ping_status":"closed","template":"","meta":[],"product_cat":[58],"product_tag":[87,92],"class_list":{"0":"post-10389","1":"product","2":"type-product","3":"status-publish","4":"has-post-thumbnail","6":"product_cat-lunch-box-wholesale","7":"product_tag-wholesale-multi-compartment-lunch-box","8":"product_tag-wholesale-rectangle-lunch-box","10":"first","11":"instock","12":"shipping-taxable","13":"product-type-simple"},"_links":{"self":[{"href":"https:\/\/moyahousehold.com\/fr\/wp-json\/wp\/v2\/product\/10389","targetHints":{"allow":["GET"]}}],"collection":[{"href":"https:\/\/moyahousehold.com\/fr\/wp-json\/wp\/v2\/product"}],"about":[{"href":"https:\/\/moyahousehold.com\/fr\/wp-json\/wp\/v2\/types\/product"}],"replies":[{"embeddable":true,"href":"https:\/\/moyahousehold.com\/fr\/wp-json\/wp\/v2\/comments?post=10389"}],"version-history":[{"count":0,"href":"https:\/\/moyahousehold.com\/fr\/wp-json\/wp\/v2\/product\/10389\/revisions"}],"wp:featuredmedia":[{"embeddable":true,"href":"https:\/\/moyahousehold.com\/fr\/wp-json\/wp\/v2\/media\/10424"}],"wp:attachment":[{"href":"https:\/\/moyahousehold.com\/fr\/wp-json\/wp\/v2\/media?parent=10389"}],"wp:term":[{"taxonomy":"product_cat","embeddable":true,"href":"https:\/\/moyahousehold.com\/fr\/wp-json\/wp\/v2\/product_cat?post=10389"},{"taxonomy":"product_tag","embeddable":true,"href":"https:\/\/moyahousehold.com\/fr\/wp-json\/wp\/v2\/product_tag?post=10389"}],"curies":[{"name":"wp","href":"https:\/\/api.w.org\/{rel}","templated":true}]}}