{"id":10402,"date":"2025-02-11T01:49:42","date_gmt":"2025-02-08T07:52:29","guid":{"rendered":"https:\/\/moyahousehold.com\/?post_type=product&#038;p=10402"},"modified":"2026-04-04T10:09:27","modified_gmt":"2026-04-04T10:09:27","slug":"wholesale-childrens-metal-lunch-box","status":"publish","type":"product","link":"https:\/\/moyahousehold.com\/fr\/produit\/wholesale-childrens-metal-lunch-box\/","title":{"rendered":"Bo\u00eete \u00e0 lunch en m\u00e9tal pour enfants, Bo\u00eete \u00e0 lunch en acier inoxydable pour adolescents, Support OEM et ODM"},"content":{"rendered":"<h2 class=\"wp-block-heading\">Param\u00e8tres de la bo\u00eete \u00e0 lunch en acier inoxydable pour enfants<\/h2>\n\n\n\n<p><strong>Mat\u00e9riau :<\/strong> 304 + PP + Silicone <strong> Couleur :<\/strong> Beige\/Kaki<\/p>\n\n\n\n<figure class=\"wp-block-table\"><table class=\"has-fixed-layout\"><tbody><tr><td>Objet<\/td><td>Capacit\u00e9<\/td><td>Taille\/PCS<\/td><td>PCS\/Case<\/td><td>N.W.\/PCS<\/td><td>G.W.\/Cas<\/td><\/tr><tr><td>MYSK012<\/td><td>Single Grid<\/td><td>13.8*10.8*7.3<\/td><td>100<\/td><td>0,2 kg<\/td><td>25<\/td><\/tr><\/tbody><\/table><\/figure>\n\n\n\n<h3 class=\"wp-block-heading\">Options de bo\u00eetes \u00e0 lunch personnalis\u00e9es<\/h3>\n\n\n\n<p><strong>Logo<\/strong>: Customize your brand logo on the stainless steel lunch box and packaging.<br><strong>Options du logo<\/strong>: Printed logo, laser engraved logo, etc.<br><strong>Mod\u00e8le<\/strong>: Impression de motifs personnalis\u00e9s sur les produits et les emballages.<br><strong>Technologie d'impression<\/strong>: Water transfer printing, silk screen printing, heat transfer printing, sublimation transfer, etc.<br><strong>Emballage :<\/strong> Color box.<br><a href=\"https:\/\/moyahousehold.com\/fr\/solution-personnalisee\/\"><strong>En savoir plus sur les solutions de bo\u00eetes \u00e0 lunch personnalis\u00e9es.<\/strong><\/a><\/p>\n\n\n\n<div class=\"wp-block-columns is-layout-flex wp-container-core-columns-is-layout-9d6595d7 wp-block-columns-is-layout-flex\">\n<div class=\"wp-block-column is-layout-flow wp-block-column-is-layout-flow\">\n<figure class=\"wp-block-image size-full\"><img fetchpriority=\"high\" decoding=\"async\" width=\"1500\" height=\"1500\" src=\"https:\/\/moyahousehold.com\/wp-content\/uploads\/2025\/02\/Wholesale-Cute-Childrens-Metal-Lunch-Box-5.jpg\" alt=\"Bo\u00eete \u00e0 lunch en m\u00e9tal pour enfants (5)\" class=\"wp-image-10446\" srcset=\"https:\/\/moyahousehold.com\/wp-content\/uploads\/2025\/02\/Wholesale-Cute-Childrens-Metal-Lunch-Box-5.jpg 1500w, https:\/\/moyahousehold.com\/wp-content\/uploads\/2025\/02\/Wholesale-Cute-Childrens-Metal-Lunch-Box-5-300x300.jpg 300w, https:\/\/moyahousehold.com\/wp-content\/uploads\/2025\/02\/Wholesale-Cute-Childrens-Metal-Lunch-Box-5-150x150.jpg 150w, https:\/\/moyahousehold.com\/wp-content\/uploads\/2025\/02\/Wholesale-Cute-Childrens-Metal-Lunch-Box-5-768x768.jpg 768w, https:\/\/moyahousehold.com\/wp-content\/uploads\/2025\/02\/Wholesale-Cute-Childrens-Metal-Lunch-Box-5-12x12.jpg 12w, https:\/\/moyahousehold.com\/wp-content\/uploads\/2025\/02\/Wholesale-Cute-Childrens-Metal-Lunch-Box-5-285x285.jpg 285w, https:\/\/moyahousehold.com\/wp-content\/uploads\/2025\/02\/Wholesale-Cute-Childrens-Metal-Lunch-Box-5-270x270.jpg 270w, https:\/\/moyahousehold.com\/wp-content\/uploads\/2025\/02\/Wholesale-Cute-Childrens-Metal-Lunch-Box-5-540x540.jpg 540w, https:\/\/moyahousehold.com\/wp-content\/uploads\/2025\/02\/Wholesale-Cute-Childrens-Metal-Lunch-Box-5-660x660.jpg 660w\" sizes=\"(max-width: 1500px) 100vw, 1500px\" \/><\/figure>\n<\/div>\n\n\n\n<div class=\"wp-block-column is-layout-flow wp-block-column-is-layout-flow\">\n<figure class=\"wp-block-image size-full\"><img decoding=\"async\" width=\"1500\" height=\"1500\" src=\"https:\/\/moyahousehold.com\/wp-content\/uploads\/2025\/02\/Wholesale-Cute-Childrens-Metal-Lunch-Box-6.jpg\" alt=\"Bo\u00eete \u00e0 lunch en m\u00e9tal pour enfants (6)\" class=\"wp-image-10447\" srcset=\"https:\/\/moyahousehold.com\/wp-content\/uploads\/2025\/02\/Wholesale-Cute-Childrens-Metal-Lunch-Box-6.jpg 1500w, https:\/\/moyahousehold.com\/wp-content\/uploads\/2025\/02\/Wholesale-Cute-Childrens-Metal-Lunch-Box-6-300x300.jpg 300w, https:\/\/moyahousehold.com\/wp-content\/uploads\/2025\/02\/Wholesale-Cute-Childrens-Metal-Lunch-Box-6-150x150.jpg 150w, https:\/\/moyahousehold.com\/wp-content\/uploads\/2025\/02\/Wholesale-Cute-Childrens-Metal-Lunch-Box-6-768x768.jpg 768w, https:\/\/moyahousehold.com\/wp-content\/uploads\/2025\/02\/Wholesale-Cute-Childrens-Metal-Lunch-Box-6-12x12.jpg 12w, https:\/\/moyahousehold.com\/wp-content\/uploads\/2025\/02\/Wholesale-Cute-Childrens-Metal-Lunch-Box-6-285x285.jpg 285w, https:\/\/moyahousehold.com\/wp-content\/uploads\/2025\/02\/Wholesale-Cute-Childrens-Metal-Lunch-Box-6-270x270.jpg 270w, https:\/\/moyahousehold.com\/wp-content\/uploads\/2025\/02\/Wholesale-Cute-Childrens-Metal-Lunch-Box-6-540x540.jpg 540w, https:\/\/moyahousehold.com\/wp-content\/uploads\/2025\/02\/Wholesale-Cute-Childrens-Metal-Lunch-Box-6-660x660.jpg 660w\" sizes=\"(max-width: 1500px) 100vw, 1500px\" \/><\/figure>\n<\/div>\n<\/div>","protected":false},"excerpt":{"rendered":"<p>D\u00e9couvrez notre collection de bo\u00eetes \u00e0 lunch pour enfants, des mod\u00e8les adorables qui apportent joie et commodit\u00e9 \u00e0 l'heure des repas de votre enfant. La conception \u00e0 grilles multiples est un outil pour enseigner aux enfants le contr\u00f4le des portions et des habitudes alimentaires saines. Ces bo\u00eetes \u00e0 lunch sont id\u00e9ales pour les parents qui recherchent quelque chose d'\u00e0 la fois pratique et mignon. Nous acceptons les demandes OEM et ODM, contactez-nous pour obtenir un devis.<\/p>\n<h3>Caract\u00e9ristiques de la bo\u00eete \u00e0 lunch en m\u00e9tal pour enfants<\/h3>\n<p><strong>Design mignon et charmant :<\/strong> Notre bo\u00eete \u00e0 lunch en m\u00e9tal pour enfants a des couleurs vives et des motifs de dessins anim\u00e9s agr\u00e9ables, ce qui rend l'heure du repas passionnante. R\u00e9veillez l'app\u00e9tit de vos enfants et ils auront h\u00e2te d'ouvrir leur bo\u00eete \u00e0 lunch tous les jours !<\/p>\n<p><strong>Qualit\u00e9 de fabrication sup\u00e9rieure :<\/strong> Fabriqu\u00e9e en acier inoxydable de qualit\u00e9 alimentaire tr\u00e8s r\u00e9sistant, la bo\u00eete \u00e0 lunch en m\u00e9tal pour enfants est certifi\u00e9e ISO et FDA et est tr\u00e8s durable. Le couvercle herm\u00e9tique garantit l'\u00e9tanch\u00e9it\u00e9 et l'incassabilit\u00e9 des bo\u00eetes \u00e0 lunch 100%, et leur permet de r\u00e9sister \u00e0 l'\u00e9preuve d'une utilisation quotidienne.<\/p>\n<p><strong>Choix multiples :<\/strong> Avec une vari\u00e9t\u00e9 de couleurs et de styles, il y a toujours une bo\u00eete \u00e0 lunch qui convient aux pr\u00e9f\u00e9rences de chaque enfant. Nous proposons \u00e9galement des produits de diff\u00e9rentes capacit\u00e9s pour r\u00e9pondre parfaitement aux besoins des enfants \u00e0 diff\u00e9rents stades de croissance.<\/p>\n<p><strong>Conception conviviale :<\/strong> Nos bo\u00eetes \u00e0 lunch en gros sont con\u00e7ues pour les petites mains et les couvercles sont faciles \u00e0 ouvrir, ce qui permet aux enfants de prendre leur nourriture de fa\u00e7on autonome. L\u00e9g\u00e8res et compactes, elles se glissent ais\u00e9ment dans n'importe quel sac d'\u00e9cole, ce qui en fait le compagnon id\u00e9al pour le d\u00e9jeuner.<\/p>\n<p><strong>Services OEM et ODM de MOYA :<\/strong> Chez MOYA, nous comprenons que chaque enfant est unique et que chaque marque a sa propre vision. C'est pourquoi nous proposons des services OEM et ODM complets. Que vous souhaitiez personnaliser un design, ajouter un logo ou cr\u00e9er un concept enti\u00e8rement nouveau, notre \u00e9quipe d'experts transformera votre id\u00e9e en r\u00e9alit\u00e9.<\/p>\n<p>Ne manquez pas l'occasion d'offrir \u00e0 vos enfants une bo\u00eete \u00e0 lunch \u00e9l\u00e9gante, s\u00fbre et pratique. Contactez-nous d\u00e8s aujourd'hui pour discuter de vos besoins et passer votre commande !<\/p>","protected":false},"featured_media":10442,"comment_status":"closed","ping_status":"closed","template":"","meta":[],"product_cat":[58],"product_tag":[87,92],"class_list":{"0":"post-10402","1":"product","2":"type-product","3":"status-publish","4":"has-post-thumbnail","6":"product_cat-lunch-box-wholesale","7":"product_tag-wholesale-multi-compartment-lunch-box","8":"product_tag-wholesale-rectangle-lunch-box","10":"first","11":"instock","12":"shipping-taxable","13":"product-type-simple"},"_links":{"self":[{"href":"https:\/\/moyahousehold.com\/fr\/wp-json\/wp\/v2\/product\/10402","targetHints":{"allow":["GET"]}}],"collection":[{"href":"https:\/\/moyahousehold.com\/fr\/wp-json\/wp\/v2\/product"}],"about":[{"href":"https:\/\/moyahousehold.com\/fr\/wp-json\/wp\/v2\/types\/product"}],"replies":[{"embeddable":true,"href":"https:\/\/moyahousehold.com\/fr\/wp-json\/wp\/v2\/comments?post=10402"}],"version-history":[{"count":0,"href":"https:\/\/moyahousehold.com\/fr\/wp-json\/wp\/v2\/product\/10402\/revisions"}],"wp:featuredmedia":[{"embeddable":true,"href":"https:\/\/moyahousehold.com\/fr\/wp-json\/wp\/v2\/media\/10442"}],"wp:attachment":[{"href":"https:\/\/moyahousehold.com\/fr\/wp-json\/wp\/v2\/media?parent=10402"}],"wp:term":[{"taxonomy":"product_cat","embeddable":true,"href":"https:\/\/moyahousehold.com\/fr\/wp-json\/wp\/v2\/product_cat?post=10402"},{"taxonomy":"product_tag","embeddable":true,"href":"https:\/\/moyahousehold.com\/fr\/wp-json\/wp\/v2\/product_tag?post=10402"}],"curies":[{"name":"wp","href":"https:\/\/api.w.org\/{rel}","templated":true}]}}