{"id":10412,"date":"2025-02-11T00:54:01","date_gmt":"2025-02-10T09:04:08","guid":{"rendered":"https:\/\/moyahousehold.com\/?post_type=product&#038;p=10412"},"modified":"2025-02-11T02:45:56","modified_gmt":"2025-02-11T02:45:56","slug":"wholesale-colorful-3-compartment-lunch-box","status":"publish","type":"product","link":"https:\/\/moyahousehold.com\/fr\/produit\/wholesale-colorful-3-compartment-lunch-box\/","title":{"rendered":"Bo\u00eete \u00e0 lunch \u00e0 3 compartiments en gros, bo\u00eete \u00e0 lunch color\u00e9e en acier inoxydable, id\u00e9ale pour le bureau, l'\u00e9cole et les sorties en famille"},"content":{"rendered":"<h2 class=\"wp-block-heading\">Param\u00e8tres de la bo\u00eete \u00e0 lunch color\u00e9e \u00e0 3 compartiments<\/h2>\n\n\n\n<p><strong>mat\u00e9riel :<\/strong> 304 + PP <strong> couleur :<\/strong> Jaune\u3001Blanc<\/p>\n\n\n\n<figure class=\"wp-block-table\"><table class=\"has-fixed-layout\"><tbody><tr><td>Objet<\/td><td>Capacit\u00e9<\/td><td>Taille\/PCS<\/td><\/tr><tr><td>MYJD281<\/td><td>3 grilles<\/td><td>22*17*6<\/td><\/tr><\/tbody><\/table><\/figure>\n\n\n\n<h3 class=\"wp-block-heading\">Options de bo\u00eetes \u00e0 lunch personnalis\u00e9es<\/h3>\n\n\n\n<p><strong>Logo<\/strong>: personnalisez le logo de votre marque sur la bo\u00eete \u00e0 bento en acier inoxydable et sur l'emballage.<br><strong>Options du logo<\/strong>logo imprim\u00e9, logo grav\u00e9 au laser, etc.<br><strong>Mod\u00e8le<\/strong>: impression de motifs personnalis\u00e9s sur les produits et les emballages.<br><strong>Technologie d'impression<\/strong>Les techniques utilis\u00e9es sont les suivantes : impression par transfert d'eau, impression par s\u00e9rigraphie, impression par transfert de chaleur, transfert par sublimation, etc.<br><strong>Paquet<\/strong>: bo\u00eete de couleur.<br><a href=\"https:\/\/moyahousehold.com\/fr\/solution-personnalisee\/\"><strong>En savoir plus sur les solutions de bo\u00eetes \u00e0 lunch personnalis\u00e9es.<\/strong><\/a><\/p>\n\n\n\n<div class=\"wp-block-columns is-layout-flex wp-container-core-columns-is-layout-9d6595d7 wp-block-columns-is-layout-flex\">\n<div class=\"wp-block-column is-layout-flow wp-block-column-is-layout-flow\">\n<figure class=\"wp-block-image size-full\"><img fetchpriority=\"high\" decoding=\"async\" width=\"1500\" height=\"1500\" src=\"https:\/\/moyahousehold.com\/wp-content\/uploads\/2025\/02\/wholesale-coloful-3-compartment-lunch-box-3.jpg\" alt=\"bo\u00eete \u00e0 lunch \u00e0 3 compartiments (3)\" class=\"wp-image-10434\" srcset=\"https:\/\/moyahousehold.com\/wp-content\/uploads\/2025\/02\/wholesale-coloful-3-compartment-lunch-box-3.jpg 1500w, https:\/\/moyahousehold.com\/wp-content\/uploads\/2025\/02\/wholesale-coloful-3-compartment-lunch-box-3-300x300.jpg 300w, https:\/\/moyahousehold.com\/wp-content\/uploads\/2025\/02\/wholesale-coloful-3-compartment-lunch-box-3-150x150.jpg 150w, https:\/\/moyahousehold.com\/wp-content\/uploads\/2025\/02\/wholesale-coloful-3-compartment-lunch-box-3-768x768.jpg 768w, https:\/\/moyahousehold.com\/wp-content\/uploads\/2025\/02\/wholesale-coloful-3-compartment-lunch-box-3-12x12.jpg 12w, https:\/\/moyahousehold.com\/wp-content\/uploads\/2025\/02\/wholesale-coloful-3-compartment-lunch-box-3-285x285.jpg 285w, https:\/\/moyahousehold.com\/wp-content\/uploads\/2025\/02\/wholesale-coloful-3-compartment-lunch-box-3-270x270.jpg 270w, https:\/\/moyahousehold.com\/wp-content\/uploads\/2025\/02\/wholesale-coloful-3-compartment-lunch-box-3-540x540.jpg 540w, https:\/\/moyahousehold.com\/wp-content\/uploads\/2025\/02\/wholesale-coloful-3-compartment-lunch-box-3-660x660.jpg 660w\" sizes=\"(max-width: 1500px) 100vw, 1500px\" \/><\/figure>\n<\/div>\n\n\n\n<div class=\"wp-block-column is-layout-flow wp-block-column-is-layout-flow\">\n<figure class=\"wp-block-image size-full\"><img decoding=\"async\" width=\"1500\" height=\"1500\" src=\"https:\/\/moyahousehold.com\/wp-content\/uploads\/2025\/02\/wholesale-coloful-3-compartment-lunch-box-4.jpg\" alt=\"grossiste bo\u00eete \u00e0 lunch color\u00e9e \u00e0 3 compartiments (4)\" class=\"wp-image-10435\" srcset=\"https:\/\/moyahousehold.com\/wp-content\/uploads\/2025\/02\/wholesale-coloful-3-compartment-lunch-box-4.jpg 1500w, https:\/\/moyahousehold.com\/wp-content\/uploads\/2025\/02\/wholesale-coloful-3-compartment-lunch-box-4-300x300.jpg 300w, https:\/\/moyahousehold.com\/wp-content\/uploads\/2025\/02\/wholesale-coloful-3-compartment-lunch-box-4-150x150.jpg 150w, https:\/\/moyahousehold.com\/wp-content\/uploads\/2025\/02\/wholesale-coloful-3-compartment-lunch-box-4-768x768.jpg 768w, https:\/\/moyahousehold.com\/wp-content\/uploads\/2025\/02\/wholesale-coloful-3-compartment-lunch-box-4-12x12.jpg 12w, https:\/\/moyahousehold.com\/wp-content\/uploads\/2025\/02\/wholesale-coloful-3-compartment-lunch-box-4-285x285.jpg 285w, https:\/\/moyahousehold.com\/wp-content\/uploads\/2025\/02\/wholesale-coloful-3-compartment-lunch-box-4-270x270.jpg 270w, https:\/\/moyahousehold.com\/wp-content\/uploads\/2025\/02\/wholesale-coloful-3-compartment-lunch-box-4-540x540.jpg 540w, https:\/\/moyahousehold.com\/wp-content\/uploads\/2025\/02\/wholesale-coloful-3-compartment-lunch-box-4-660x660.jpg 660w\" sizes=\"(max-width: 1500px) 100vw, 1500px\" \/><\/figure>\n<\/div>\n<\/div>\n\n\n\n<div class=\"wp-block-columns is-layout-flex wp-container-core-columns-is-layout-9d6595d7 wp-block-columns-is-layout-flex\">\n<div class=\"wp-block-column is-layout-flow wp-block-column-is-layout-flow\">\n<figure class=\"wp-block-image size-full\"><img decoding=\"async\" width=\"1500\" height=\"1500\" src=\"https:\/\/moyahousehold.com\/wp-content\/uploads\/2025\/02\/wholesale-coloful-3-compartment-lunch-box-5.jpg\" alt=\"Bo\u00eete \u00e0 lunch color\u00e9e \u00e0 3 compartiments (5)\" class=\"wp-image-10436\" srcset=\"https:\/\/moyahousehold.com\/wp-content\/uploads\/2025\/02\/wholesale-coloful-3-compartment-lunch-box-5.jpg 1500w, https:\/\/moyahousehold.com\/wp-content\/uploads\/2025\/02\/wholesale-coloful-3-compartment-lunch-box-5-300x300.jpg 300w, https:\/\/moyahousehold.com\/wp-content\/uploads\/2025\/02\/wholesale-coloful-3-compartment-lunch-box-5-150x150.jpg 150w, https:\/\/moyahousehold.com\/wp-content\/uploads\/2025\/02\/wholesale-coloful-3-compartment-lunch-box-5-768x768.jpg 768w, https:\/\/moyahousehold.com\/wp-content\/uploads\/2025\/02\/wholesale-coloful-3-compartment-lunch-box-5-12x12.jpg 12w, https:\/\/moyahousehold.com\/wp-content\/uploads\/2025\/02\/wholesale-coloful-3-compartment-lunch-box-5-285x285.jpg 285w, https:\/\/moyahousehold.com\/wp-content\/uploads\/2025\/02\/wholesale-coloful-3-compartment-lunch-box-5-270x270.jpg 270w, https:\/\/moyahousehold.com\/wp-content\/uploads\/2025\/02\/wholesale-coloful-3-compartment-lunch-box-5-540x540.jpg 540w, https:\/\/moyahousehold.com\/wp-content\/uploads\/2025\/02\/wholesale-coloful-3-compartment-lunch-box-5-660x660.jpg 660w\" sizes=\"(max-width: 1500px) 100vw, 1500px\" \/><\/figure>\n<\/div>\n\n\n\n<div class=\"wp-block-column is-layout-flow wp-block-column-is-layout-flow\">\n<figure class=\"wp-block-image size-full\"><img loading=\"lazy\" decoding=\"async\" width=\"1500\" height=\"1500\" src=\"https:\/\/moyahousehold.com\/wp-content\/uploads\/2025\/02\/wholesale-coloful-3-compartment-lunch-box-6.jpg\" alt=\"Grossiste bo\u00eete \u00e0 lunch color\u00e9e \u00e0 3 compartiments (6)\" class=\"wp-image-10437\" srcset=\"https:\/\/moyahousehold.com\/wp-content\/uploads\/2025\/02\/wholesale-coloful-3-compartment-lunch-box-6.jpg 1500w, https:\/\/moyahousehold.com\/wp-content\/uploads\/2025\/02\/wholesale-coloful-3-compartment-lunch-box-6-300x300.jpg 300w, https:\/\/moyahousehold.com\/wp-content\/uploads\/2025\/02\/wholesale-coloful-3-compartment-lunch-box-6-150x150.jpg 150w, https:\/\/moyahousehold.com\/wp-content\/uploads\/2025\/02\/wholesale-coloful-3-compartment-lunch-box-6-768x768.jpg 768w, https:\/\/moyahousehold.com\/wp-content\/uploads\/2025\/02\/wholesale-coloful-3-compartment-lunch-box-6-12x12.jpg 12w, https:\/\/moyahousehold.com\/wp-content\/uploads\/2025\/02\/wholesale-coloful-3-compartment-lunch-box-6-285x285.jpg 285w, https:\/\/moyahousehold.com\/wp-content\/uploads\/2025\/02\/wholesale-coloful-3-compartment-lunch-box-6-270x270.jpg 270w, https:\/\/moyahousehold.com\/wp-content\/uploads\/2025\/02\/wholesale-coloful-3-compartment-lunch-box-6-540x540.jpg 540w, https:\/\/moyahousehold.com\/wp-content\/uploads\/2025\/02\/wholesale-coloful-3-compartment-lunch-box-6-660x660.jpg 660w\" sizes=\"(max-width: 1500px) 100vw, 1500px\" \/><\/figure>\n<\/div>\n<\/div>","protected":false},"excerpt":{"rendered":"<p>La bo\u00eete \u00e0 lunch color\u00e9e \u00e0 3 compartiments, le syst\u00e8me de compartiment bien con\u00e7u permet aux utilisateurs de portionner les repas avec pr\u00e9cision, et le couvercle de verrouillage avanc\u00e9 fournit non seulement un joint \u00e9tanche pour emp\u00eacher les fuites, mais r\u00e9siste \u00e9galement aux chocs mineurs, ce qui le rend digne de confiance dans l'utilisation quotidienne. Support OEM et ODM, le fabricant de bo\u00eetes \u00e0 lunch MOYA vous fournit des services en gros et personnalis\u00e9s, contactez-nous pour obtenir un devis.<\/p>\n<h3><strong>Caract\u00e9ristiques de la bo\u00eete \u00e0 lunch color\u00e9e en gros<\/strong><\/h3>\n<p><strong>Esth\u00e9tique professionnelle :<\/strong> Nos bo\u00eetes \u00e0 lunch en gros pr\u00e9sentent un design minimaliste et moderne qui s'adapte \u00e0 tout environnement adulte, qu'il s'agisse d'un bureau d'entreprise ou d'une aventure en plein air. Ses couleurs discr\u00e8tes et sa finition lisse exsudent la sophistication.<\/p>\n<p><strong>Plusieurs compartiments :<\/strong> Il existe des bo\u00eetes \u00e0 lunch \u00e0 2 compartiments, \u00e0 3 compartiments et m\u00eame \u00e0 4 compartiments, qui vous permettent de s\u00e9parer efficacement les diff\u00e9rents aliments.<\/p>\n<p><strong>Hygi\u00e9nique et durable :<\/strong> Fabriqu\u00e9e enti\u00e8rement en acier inoxydable 100% de qualit\u00e9 alimentaire, notre bo\u00eete \u00e0 lunch en gros est facile \u00e0 nettoyer et constitue une alternative \u00e9cologique aux bo\u00eetes \u00e0 lunch jetables. Elle est \u00e9galement conforme \u00e0 toutes les certifications de s\u00e9curit\u00e9 internationales pertinentes, telles que CE et LFGB.<\/p>\n<p><strong>Tailles et styles personnalisables :<\/strong> Disponible dans une vari\u00e9t\u00e9 de tailles pour convenir \u00e0 diff\u00e9rents app\u00e9tits et plans de repas. En outre, la bo\u00eete \u00e0 lunch peut \u00eatre personnalis\u00e9e en termes de couleur, d'emplacement du logo et m\u00eame de configuration des compartiments internes pour r\u00e9pondre \u00e0 vos besoins sp\u00e9cifiques.<\/p>\n<p><strong>Conception ergonomique :<\/strong> Le couvercle de la bo\u00eete \u00e0 lunch de gros est con\u00e7u avec un m\u00e9canisme facile \u00e0 saisir, ce qui permet d'ouvrir et de fermer facilement la bo\u00eete \u00e0 lunch, m\u00eame d'une seule main. Sa construction l\u00e9g\u00e8re mais robuste permet de la transporter facilement dans un porte-documents, un sac \u00e0 dos ou un sac fourre-tout.<\/p>\n<p>Choisissez la bo\u00eete \u00e0 lunch en acier inoxydable de MOYA, le m\u00e9lange parfait de fonctionnalit\u00e9, de style et de s\u00e9curit\u00e9 pour am\u00e9liorer votre exp\u00e9rience quotidienne de la restauration ! Contactez-nous d\u00e8s aujourd'hui pour discuter des d\u00e9tails personnalis\u00e9s et passer votre commande.<\/p>","protected":false},"featured_media":10432,"comment_status":"closed","ping_status":"closed","template":"","meta":[],"product_cat":[58],"product_tag":[87,92],"class_list":{"0":"post-10412","1":"product","2":"type-product","3":"status-publish","4":"has-post-thumbnail","6":"product_cat-lunch-box-wholesale","7":"product_tag-wholesale-multi-compartment-lunch-box","8":"product_tag-wholesale-rectangle-lunch-box","10":"first","11":"instock","12":"shipping-taxable","13":"product-type-simple"},"_links":{"self":[{"href":"https:\/\/moyahousehold.com\/fr\/wp-json\/wp\/v2\/product\/10412","targetHints":{"allow":["GET"]}}],"collection":[{"href":"https:\/\/moyahousehold.com\/fr\/wp-json\/wp\/v2\/product"}],"about":[{"href":"https:\/\/moyahousehold.com\/fr\/wp-json\/wp\/v2\/types\/product"}],"replies":[{"embeddable":true,"href":"https:\/\/moyahousehold.com\/fr\/wp-json\/wp\/v2\/comments?post=10412"}],"version-history":[{"count":0,"href":"https:\/\/moyahousehold.com\/fr\/wp-json\/wp\/v2\/product\/10412\/revisions"}],"wp:featuredmedia":[{"embeddable":true,"href":"https:\/\/moyahousehold.com\/fr\/wp-json\/wp\/v2\/media\/10432"}],"wp:attachment":[{"href":"https:\/\/moyahousehold.com\/fr\/wp-json\/wp\/v2\/media?parent=10412"}],"wp:term":[{"taxonomy":"product_cat","embeddable":true,"href":"https:\/\/moyahousehold.com\/fr\/wp-json\/wp\/v2\/product_cat?post=10412"},{"taxonomy":"product_tag","embeddable":true,"href":"https:\/\/moyahousehold.com\/fr\/wp-json\/wp\/v2\/product_tag?post=10412"}],"curies":[{"name":"wp","href":"https:\/\/api.w.org\/{rel}","templated":true}]}}