{"id":10583,"date":"2025-03-22T07:17:11","date_gmt":"2025-03-14T08:41:33","guid":{"rendered":"https:\/\/moyahousehold.com\/?post_type=product&#038;p=10583"},"modified":"2025-03-22T08:16:58","modified_gmt":"2025-03-22T08:16:58","slug":"wholesale-multi-compartment-bento-boxes-for-kids","status":"publish","type":"product","link":"https:\/\/moyahousehold.com\/fr\/produit\/wholesale-multi-compartment-bento-boxes-for-kids\/","title":{"rendered":"Wholesale Multi Compartment Bento Boxes, Best Stainless Steel Bento Box for Kids to School (Bo\u00eete \u00e0 bento en acier inoxydable pour les enfants \u00e0 l'\u00e9cole)"},"content":{"rendered":"<h2 class=\"wp-block-heading\">Param\u00e8tres de la bo\u00eete \u00e0 lunch multi-compartiments pour enfants \u00e0 l'\u00e9cole<\/h2>\n\n\n\n<p><strong>mat\u00e9riel :<\/strong> 304 + PP <strong> couleur :<\/strong> Noir\u3001Kaki\u3001Jaune<\/p>\n\n\n\n<figure class=\"wp-block-table\"><table class=\"has-fixed-layout\"><tbody><tr><td>Objet<\/td><td>Capacit\u00e9<\/td><td>Taille\/PCS<\/td><td>PCS\/Case<\/td><td>N.W.\/PCS<\/td><td>G.W.\/Cas<\/td><\/tr><tr><td>MYJD284-286<\/td><td>3 grilles<br>4 grilles<br>5 grilles<\/td><td>27*21*8<\/td><td>\/<\/td><td>\/<\/td><td>\/<\/td><\/tr><\/tbody><\/table><\/figure>\n\n\n\n<h3 class=\"wp-block-heading\">Options de bo\u00eetes \u00e0 lunch personnalis\u00e9es<\/h3>\n\n\n\n<p><strong>Logo<\/strong>: personnalisez le logo de votre marque sur la bo\u00eete \u00e0 bento en acier inoxydable et sur l'emballage.<br><strong>Options du logo<\/strong>logo imprim\u00e9, logo grav\u00e9 au laser, etc.<br><strong>Mod\u00e8le<\/strong>: motifs d'impression sur les produits et les emballages.<br><strong>Technologie d'impression<\/strong>Les techniques d'impression sont les suivantes : impression par transfert d'eau, impression par s\u00e9rigraphie, impression par transfert de chaleur, transfert par sublimation, etc.<br><strong>Emballage :<\/strong>bo\u00eete de couleur.<br><a href=\"https:\/\/moyahousehold.com\/fr\/solution-personnalisee\/\"><strong>En savoir plus sur les solutions de bo\u00eetes \u00e0 lunch personnalis\u00e9es.<\/strong><\/a><\/p>\n\n\n\n<div class=\"wp-block-columns is-layout-flex wp-container-core-columns-is-layout-9d6595d7 wp-block-columns-is-layout-flex\">\n<div class=\"wp-block-column is-layout-flow wp-block-column-is-layout-flow\">\n<figure class=\"wp-block-image size-full\"><img fetchpriority=\"high\" decoding=\"async\" width=\"2500\" height=\"2500\" src=\"https:\/\/moyahousehold.com\/wp-content\/uploads\/2025\/03\/Multi-compartment-bento-box-details-1.webp\" alt=\"Bo\u00eete \u00e0 bento \u00e0 compartiments multiples d\u00e9tails (1)\" class=\"wp-image-10615\" srcset=\"https:\/\/moyahousehold.com\/wp-content\/uploads\/2025\/03\/Multi-compartment-bento-box-details-1.webp 2500w, https:\/\/moyahousehold.com\/wp-content\/uploads\/2025\/03\/Multi-compartment-bento-box-details-1-300x300.webp 300w, https:\/\/moyahousehold.com\/wp-content\/uploads\/2025\/03\/Multi-compartment-bento-box-details-1-150x150.webp 150w, https:\/\/moyahousehold.com\/wp-content\/uploads\/2025\/03\/Multi-compartment-bento-box-details-1-768x768.webp 768w, https:\/\/moyahousehold.com\/wp-content\/uploads\/2025\/03\/Multi-compartment-bento-box-details-1-12x12.webp 12w, https:\/\/moyahousehold.com\/wp-content\/uploads\/2025\/03\/Multi-compartment-bento-box-details-1-285x285.webp 285w, https:\/\/moyahousehold.com\/wp-content\/uploads\/2025\/03\/Multi-compartment-bento-box-details-1-1600x1600.webp 1600w, https:\/\/moyahousehold.com\/wp-content\/uploads\/2025\/03\/Multi-compartment-bento-box-details-1-270x270.webp 270w, https:\/\/moyahousehold.com\/wp-content\/uploads\/2025\/03\/Multi-compartment-bento-box-details-1-540x540.webp 540w, https:\/\/moyahousehold.com\/wp-content\/uploads\/2025\/03\/Multi-compartment-bento-box-details-1-660x660.webp 660w\" sizes=\"(max-width: 2500px) 100vw, 2500px\" \/><\/figure>\n<\/div>\n\n\n\n<div class=\"wp-block-column is-layout-flow wp-block-column-is-layout-flow\">\n<figure class=\"wp-block-image size-full\"><img decoding=\"async\" width=\"2500\" height=\"2500\" src=\"https:\/\/moyahousehold.com\/wp-content\/uploads\/2025\/03\/Multi-compartment-bento-box-details-2.webp\" alt=\"D\u00e9tails de la bo\u00eete \u00e0 bento \u00e0 compartiments multiples (2)\" class=\"wp-image-10616\" srcset=\"https:\/\/moyahousehold.com\/wp-content\/uploads\/2025\/03\/Multi-compartment-bento-box-details-2.webp 2500w, https:\/\/moyahousehold.com\/wp-content\/uploads\/2025\/03\/Multi-compartment-bento-box-details-2-300x300.webp 300w, https:\/\/moyahousehold.com\/wp-content\/uploads\/2025\/03\/Multi-compartment-bento-box-details-2-150x150.webp 150w, https:\/\/moyahousehold.com\/wp-content\/uploads\/2025\/03\/Multi-compartment-bento-box-details-2-768x768.webp 768w, https:\/\/moyahousehold.com\/wp-content\/uploads\/2025\/03\/Multi-compartment-bento-box-details-2-12x12.webp 12w, https:\/\/moyahousehold.com\/wp-content\/uploads\/2025\/03\/Multi-compartment-bento-box-details-2-285x285.webp 285w, https:\/\/moyahousehold.com\/wp-content\/uploads\/2025\/03\/Multi-compartment-bento-box-details-2-1600x1600.webp 1600w, https:\/\/moyahousehold.com\/wp-content\/uploads\/2025\/03\/Multi-compartment-bento-box-details-2-270x270.webp 270w, https:\/\/moyahousehold.com\/wp-content\/uploads\/2025\/03\/Multi-compartment-bento-box-details-2-540x540.webp 540w, https:\/\/moyahousehold.com\/wp-content\/uploads\/2025\/03\/Multi-compartment-bento-box-details-2-660x660.webp 660w\" sizes=\"(max-width: 2500px) 100vw, 2500px\" \/><\/figure>\n<\/div>\n<\/div>\n\n\n\n<div class=\"wp-block-columns is-layout-flex wp-container-core-columns-is-layout-9d6595d7 wp-block-columns-is-layout-flex\">\n<div class=\"wp-block-column is-layout-flow wp-block-column-is-layout-flow\">\n<figure class=\"wp-block-image size-full\"><img decoding=\"async\" width=\"2500\" height=\"2500\" src=\"https:\/\/moyahousehold.com\/wp-content\/uploads\/2025\/03\/Multi-compartment-bento-box-details-3.webp\" alt=\"Bo\u00eete \u00e0 bento \u00e0 compartiments multiples d\u00e9tails (3)\" class=\"wp-image-10617\" srcset=\"https:\/\/moyahousehold.com\/wp-content\/uploads\/2025\/03\/Multi-compartment-bento-box-details-3.webp 2500w, https:\/\/moyahousehold.com\/wp-content\/uploads\/2025\/03\/Multi-compartment-bento-box-details-3-300x300.webp 300w, https:\/\/moyahousehold.com\/wp-content\/uploads\/2025\/03\/Multi-compartment-bento-box-details-3-150x150.webp 150w, https:\/\/moyahousehold.com\/wp-content\/uploads\/2025\/03\/Multi-compartment-bento-box-details-3-768x768.webp 768w, https:\/\/moyahousehold.com\/wp-content\/uploads\/2025\/03\/Multi-compartment-bento-box-details-3-12x12.webp 12w, https:\/\/moyahousehold.com\/wp-content\/uploads\/2025\/03\/Multi-compartment-bento-box-details-3-285x285.webp 285w, https:\/\/moyahousehold.com\/wp-content\/uploads\/2025\/03\/Multi-compartment-bento-box-details-3-1600x1600.webp 1600w, https:\/\/moyahousehold.com\/wp-content\/uploads\/2025\/03\/Multi-compartment-bento-box-details-3-270x270.webp 270w, https:\/\/moyahousehold.com\/wp-content\/uploads\/2025\/03\/Multi-compartment-bento-box-details-3-540x540.webp 540w, https:\/\/moyahousehold.com\/wp-content\/uploads\/2025\/03\/Multi-compartment-bento-box-details-3-660x660.webp 660w\" sizes=\"(max-width: 2500px) 100vw, 2500px\" \/><\/figure>\n<\/div>\n\n\n\n<div class=\"wp-block-column is-layout-flow wp-block-column-is-layout-flow\">\n<figure class=\"wp-block-image size-full\"><img loading=\"lazy\" decoding=\"async\" width=\"2500\" height=\"2500\" src=\"https:\/\/moyahousehold.com\/wp-content\/uploads\/2025\/03\/Multi-compartment-bento-box-details-4.webp\" alt=\"D\u00e9tails de la bo\u00eete \u00e0 bento \u00e0 compartiments multiples (4)\" class=\"wp-image-10618\" srcset=\"https:\/\/moyahousehold.com\/wp-content\/uploads\/2025\/03\/Multi-compartment-bento-box-details-4.webp 2500w, https:\/\/moyahousehold.com\/wp-content\/uploads\/2025\/03\/Multi-compartment-bento-box-details-4-300x300.webp 300w, https:\/\/moyahousehold.com\/wp-content\/uploads\/2025\/03\/Multi-compartment-bento-box-details-4-150x150.webp 150w, https:\/\/moyahousehold.com\/wp-content\/uploads\/2025\/03\/Multi-compartment-bento-box-details-4-768x768.webp 768w, https:\/\/moyahousehold.com\/wp-content\/uploads\/2025\/03\/Multi-compartment-bento-box-details-4-12x12.webp 12w, https:\/\/moyahousehold.com\/wp-content\/uploads\/2025\/03\/Multi-compartment-bento-box-details-4-285x285.webp 285w, https:\/\/moyahousehold.com\/wp-content\/uploads\/2025\/03\/Multi-compartment-bento-box-details-4-1600x1600.webp 1600w, https:\/\/moyahousehold.com\/wp-content\/uploads\/2025\/03\/Multi-compartment-bento-box-details-4-270x270.webp 270w, https:\/\/moyahousehold.com\/wp-content\/uploads\/2025\/03\/Multi-compartment-bento-box-details-4-540x540.webp 540w, https:\/\/moyahousehold.com\/wp-content\/uploads\/2025\/03\/Multi-compartment-bento-box-details-4-660x660.webp 660w\" sizes=\"(max-width: 2500px) 100vw, 2500px\" \/><\/figure>\n<\/div>\n<\/div>","protected":false},"excerpt":{"rendered":"<p>Bo\u00eetes \u00e0 bento multi-compartiments en acier inoxydable, fabriqu\u00e9es en acier inoxydable 304 de qualit\u00e9 alimentaire, avec un design multi-compartiments pour une classification facile des diff\u00e9rents aliments, adapt\u00e9es aux \u00e9tudiants et au personnel, supportant la personnalisation OEM &amp; ODM, b\u00e9n\u00e9ficiez de prix pr\u00e9f\u00e9rentiels pour les achats en gros, bienvenue pour discuter de la coop\u00e9ration !<\/p>\n<h3>Caract\u00e9ristiques de la bo\u00eete \u00e0 lunch en acier inoxydable \u00e0 compartiments multiples<\/h3>\n<p>Vous cherchez une bo\u00eete \u00e0 lunch pour votre enfant ? Nos bo\u00eetes \u00e0 compartiments multiples en acier inoxydable sont parfaites !<\/p>\n<p><strong>Design amusant :<\/strong> Les couleurs vives et les dessins anim\u00e9s rendent l'heure du repas passionnante.<br \/><strong>Compartiments intelligents :<\/strong> 2 ou 3 compartiments permettent de s\u00e9parer les aliments et de contr\u00f4ler les portions.<br \/><strong>Mat\u00e9riau s\u00fbr :<\/strong> Fabriqu\u00e9 en acier inoxydable 100% de qualit\u00e9 alimentaire, certifi\u00e9 ISO et FDA.<br \/><strong>Nombreuses options :<\/strong> Disponible en plusieurs couleurs, styles et capacit\u00e9s.<br \/><strong>Enfants : les enfants sont les bienvenus :<\/strong> Couvercle facile \u00e0 ouvrir, l\u00e9ger et compact pour les sacs d'\u00e9cole.<\/p>\n<p>Personnalisation<br \/>En tant que fabricant leader de bo\u00eetes \u00e0 lunch, MOYA propose des services OEM et ODM.<br \/>Choisissez MOYA pour un d\u00e9jeuner sain et amusant. Contactez-nous pour personnaliser et commander !<\/p>","protected":false},"featured_media":10628,"comment_status":"closed","ping_status":"closed","template":"","meta":[],"product_cat":[58],"product_tag":[87,92],"class_list":{"0":"post-10583","1":"product","2":"type-product","3":"status-publish","4":"has-post-thumbnail","6":"product_cat-lunch-box-wholesale","7":"product_tag-wholesale-multi-compartment-lunch-box","8":"product_tag-wholesale-rectangle-lunch-box","10":"first","11":"instock","12":"shipping-taxable","13":"product-type-simple"},"_links":{"self":[{"href":"https:\/\/moyahousehold.com\/fr\/wp-json\/wp\/v2\/product\/10583","targetHints":{"allow":["GET"]}}],"collection":[{"href":"https:\/\/moyahousehold.com\/fr\/wp-json\/wp\/v2\/product"}],"about":[{"href":"https:\/\/moyahousehold.com\/fr\/wp-json\/wp\/v2\/types\/product"}],"replies":[{"embeddable":true,"href":"https:\/\/moyahousehold.com\/fr\/wp-json\/wp\/v2\/comments?post=10583"}],"version-history":[{"count":0,"href":"https:\/\/moyahousehold.com\/fr\/wp-json\/wp\/v2\/product\/10583\/revisions"}],"wp:featuredmedia":[{"embeddable":true,"href":"https:\/\/moyahousehold.com\/fr\/wp-json\/wp\/v2\/media\/10628"}],"wp:attachment":[{"href":"https:\/\/moyahousehold.com\/fr\/wp-json\/wp\/v2\/media?parent=10583"}],"wp:term":[{"taxonomy":"product_cat","embeddable":true,"href":"https:\/\/moyahousehold.com\/fr\/wp-json\/wp\/v2\/product_cat?post=10583"},{"taxonomy":"product_tag","embeddable":true,"href":"https:\/\/moyahousehold.com\/fr\/wp-json\/wp\/v2\/product_tag?post=10583"}],"curies":[{"name":"wp","href":"https:\/\/api.w.org\/{rel}","templated":true}]}}