{"id":11077,"date":"2025-06-16T02:53:22","date_gmt":"2025-06-16T02:53:22","guid":{"rendered":"https:\/\/moyahousehold.com\/?post_type=product&#038;p=11077"},"modified":"2025-06-17T09:36:49","modified_gmt":"2025-06-17T09:36:49","slug":"wholesale-new-steel-cover-bento-boxes-304-stainless-steel-bento-box-crisper","status":"publish","type":"product","link":"https:\/\/moyahousehold.com\/fr\/produit\/wholesale-new-steel-cover-bento-boxes-304-stainless-steel-bento-box-crisper\/","title":{"rendered":"Bo\u00eetes \u00e0 bento avec couvercle en acier inoxydable 304 Bo\u00eete \u00e0 bento avec couvercle en acier inoxydable 304"},"content":{"rendered":"<p><strong>mat\u00e9riel :<\/strong> 304 + PP <strong> couleur :<\/strong> Noir\/acier<\/p>\n\n\n\n<figure class=\"wp-block-table\"><table class=\"has-fixed-layout\"><tbody><tr><td>Objet<\/td><td>Capacit\u00e9<\/td><td>Taille\/PCS<\/td><td>PCS\/Case<\/td><td>N.W.\/PCS<\/td><td>G.W.\/Cas<\/td><\/tr><tr><td>MYJD294<\/td><td>580ml<\/td><td>18.2*12*6.7<\/td><td>80<\/td><td>0.3&nbsp;<\/td><td>22.0&nbsp;<\/td><\/tr><tr><td>MYJD295<\/td><td>880ml<\/td><td>18.2*12*9.2<\/td><td>60<\/td><td>0.3&nbsp;<\/td><td>18.4&nbsp;<\/td><\/tr><tr><td>MYJD296<\/td><td>1180ml<\/td><td>18.2*12*11.6<\/td><td>50<\/td><td>0.4&nbsp;<\/td><td>18.6&nbsp;<\/td><\/tr><tr><td>MYJD297<\/td><td>1000ml<\/td><td>22*15.4*6.7<\/td><td>56<\/td><td>0.4&nbsp;<\/td><td>22.9&nbsp;<\/td><\/tr><tr><td>MYJD298<\/td><td>1600ml<\/td><td>22*15.4*9.2<\/td><td>40<\/td><td>0.4&nbsp;<\/td><td>18.4&nbsp;<\/td><\/tr><tr><td>MYJD299<\/td><td>2100ml<\/td><td>22*15.4*11.6<\/td><td>32<\/td><td>0.5&nbsp;<\/td><td>17.3&nbsp;<\/td><\/tr><tr><td>MYJD300<\/td><td>1500ml<\/td><td>25.7*19*6.7<\/td><td>48<\/td><td>0.5&nbsp;<\/td><td>27.2&nbsp;<\/td><\/tr><tr><td>MYJD301<\/td><td>2300ml<\/td><td>25.7*19*9.2<\/td><td>36<\/td><td>0.6&nbsp;<\/td><td>22.5&nbsp;<\/td><\/tr><tr><td>MYJD302<\/td><td>3100ml<\/td><td>25.7*19*11.6<\/td><td>24<\/td><td>0.7&nbsp;<\/td><td>17.4&nbsp;<\/td><\/tr><tr><td>MYJD303<\/td><td>1100ml<\/td><td>19.2*19.2*6.7<\/td><td>60<\/td><td>0.41&nbsp;<\/td><td>25.72&nbsp;<\/td><\/tr><tr><td>MYJD304<\/td><td>1700ml<\/td><td>19.2*19.2*9.2<\/td><td>36<\/td><td>0.44&nbsp;<\/td><td>16.88&nbsp;<\/td><\/tr><tr><td>MYJD305<\/td><td>2300ml<\/td><td>19.2*19.2*11.6<\/td><td>24<\/td><td>0.52&nbsp;<\/td><td>13.36&nbsp;<\/td><\/tr><tr><td>MYJD306<\/td><td>450ml<\/td><td>15*15*6.3<\/td><td>80<\/td><td>0.22&nbsp;<\/td><td>18.28&nbsp;<\/td><\/tr><tr><td>MYJD307<\/td><td>680ml<\/td><td>15*15*8.7<\/td><td>56<\/td><td>0.24&nbsp;<\/td><td>14.66&nbsp;<\/td><\/tr><tr><td>MYJD308<\/td><td>900ml<\/td><td>15*15*10.8<\/td><td>40<\/td><td>0.27&nbsp;<\/td><td>11.80&nbsp;<\/td><\/tr><\/tbody><\/table><\/figure>\n\n\n\n<h3 class=\"wp-block-heading\">Options de bo\u00eetes \u00e0 lunch personnalis\u00e9es<\/h3>\n\n\n\n<p><strong>Logo<\/strong>: personnalisez le logo de votre marque sur la bo\u00eete \u00e0 bento en acier inoxydable et sur l'emballage.<br><strong>Options du logo<\/strong>logo imprim\u00e9, logo grav\u00e9 au laser, etc.<br><strong>Mod\u00e8le<\/strong>: motifs d'impression sur les produits et les emballages.<br><strong>Technologie d'impression<\/strong>Les techniques d'impression sont les suivantes : impression par transfert d'eau, impression par s\u00e9rigraphie, impression par transfert de chaleur, transfert par sublimation, etc.<br><strong>Emballage :<\/strong>bo\u00eete de couleur.<br><a href=\"https:\/\/moyahousehold.com\/fr\/solution-personnalisee\/\"><strong>En savoir plus sur les solutions de bo\u00eetes \u00e0 lunch personnalis\u00e9es.<\/strong><\/a><\/p>\n\n\n\n<div class=\"wp-block-columns is-layout-flex wp-container-core-columns-is-layout-9d6595d7 wp-block-columns-is-layout-flex\">\n<div class=\"wp-block-column is-layout-flow wp-block-column-is-layout-flow\">\n<figure class=\"wp-block-image size-full\"><img fetchpriority=\"high\" decoding=\"async\" width=\"3702\" height=\"3702\" src=\"https:\/\/moyahousehold.com\/wp-content\/uploads\/2025\/06\/Steel-Cover-Storage-Box-17_\u526f\u672c.webp\" alt=\"Bo\u00eete de rangement \u00e0 couvercle en acier\" class=\"wp-image-11094\" srcset=\"https:\/\/moyahousehold.com\/wp-content\/uploads\/2025\/06\/Steel-Cover-Storage-Box-17_\u526f\u672c.webp 3702w, https:\/\/moyahousehold.com\/wp-content\/uploads\/2025\/06\/Steel-Cover-Storage-Box-17_\u526f\u672c-300x300.webp 300w, https:\/\/moyahousehold.com\/wp-content\/uploads\/2025\/06\/Steel-Cover-Storage-Box-17_\u526f\u672c-150x150.webp 150w, https:\/\/moyahousehold.com\/wp-content\/uploads\/2025\/06\/Steel-Cover-Storage-Box-17_\u526f\u672c-768x768.webp 768w, https:\/\/moyahousehold.com\/wp-content\/uploads\/2025\/06\/Steel-Cover-Storage-Box-17_\u526f\u672c-12x12.webp 12w, https:\/\/moyahousehold.com\/wp-content\/uploads\/2025\/06\/Steel-Cover-Storage-Box-17_\u526f\u672c-285x285.webp 285w, https:\/\/moyahousehold.com\/wp-content\/uploads\/2025\/06\/Steel-Cover-Storage-Box-17_\u526f\u672c-1600x1600.webp 1600w, https:\/\/moyahousehold.com\/wp-content\/uploads\/2025\/06\/Steel-Cover-Storage-Box-17_\u526f\u672c-270x270.webp 270w, https:\/\/moyahousehold.com\/wp-content\/uploads\/2025\/06\/Steel-Cover-Storage-Box-17_\u526f\u672c-540x540.webp 540w, https:\/\/moyahousehold.com\/wp-content\/uploads\/2025\/06\/Steel-Cover-Storage-Box-17_\u526f\u672c-660x660.webp 660w\" sizes=\"(max-width: 3702px) 100vw, 3702px\" \/><\/figure>\n<\/div>\n\n\n\n<div class=\"wp-block-column is-layout-flow wp-block-column-is-layout-flow\">\n<figure class=\"wp-block-image size-full\"><img decoding=\"async\" width=\"4160\" height=\"4160\" src=\"https:\/\/moyahousehold.com\/wp-content\/uploads\/2025\/06\/Steel-Cover-Storage-Box-19_\u526f\u672c.webp\" alt=\"Bo\u00eete de rangement \u00e0 couvercle en acier\" class=\"wp-image-11096\" srcset=\"https:\/\/moyahousehold.com\/wp-content\/uploads\/2025\/06\/Steel-Cover-Storage-Box-19_\u526f\u672c.webp 4160w, https:\/\/moyahousehold.com\/wp-content\/uploads\/2025\/06\/Steel-Cover-Storage-Box-19_\u526f\u672c-300x300.webp 300w, https:\/\/moyahousehold.com\/wp-content\/uploads\/2025\/06\/Steel-Cover-Storage-Box-19_\u526f\u672c-150x150.webp 150w, https:\/\/moyahousehold.com\/wp-content\/uploads\/2025\/06\/Steel-Cover-Storage-Box-19_\u526f\u672c-768x768.webp 768w, https:\/\/moyahousehold.com\/wp-content\/uploads\/2025\/06\/Steel-Cover-Storage-Box-19_\u526f\u672c-12x12.webp 12w, https:\/\/moyahousehold.com\/wp-content\/uploads\/2025\/06\/Steel-Cover-Storage-Box-19_\u526f\u672c-285x285.webp 285w, https:\/\/moyahousehold.com\/wp-content\/uploads\/2025\/06\/Steel-Cover-Storage-Box-19_\u526f\u672c-1600x1600.webp 1600w, https:\/\/moyahousehold.com\/wp-content\/uploads\/2025\/06\/Steel-Cover-Storage-Box-19_\u526f\u672c-270x270.webp 270w, https:\/\/moyahousehold.com\/wp-content\/uploads\/2025\/06\/Steel-Cover-Storage-Box-19_\u526f\u672c-540x540.webp 540w, https:\/\/moyahousehold.com\/wp-content\/uploads\/2025\/06\/Steel-Cover-Storage-Box-19_\u526f\u672c-660x660.webp 660w\" sizes=\"(max-width: 4160px) 100vw, 4160px\" \/><\/figure>\n<\/div>\n<\/div>\n\n\n\n<div class=\"wp-block-columns is-layout-flex wp-container-core-columns-is-layout-9d6595d7 wp-block-columns-is-layout-flex\">\n<div class=\"wp-block-column is-layout-flow wp-block-column-is-layout-flow\">\n<figure class=\"wp-block-image size-full\"><img decoding=\"async\" width=\"4093\" height=\"4093\" src=\"https:\/\/moyahousehold.com\/wp-content\/uploads\/2025\/06\/Steel-Cover-Storage-Box-18_\u526f\u672c.webp\" alt=\"Bo\u00eete de rangement \u00e0 couvercle en acier\" class=\"wp-image-11095\" srcset=\"https:\/\/moyahousehold.com\/wp-content\/uploads\/2025\/06\/Steel-Cover-Storage-Box-18_\u526f\u672c.webp 4093w, https:\/\/moyahousehold.com\/wp-content\/uploads\/2025\/06\/Steel-Cover-Storage-Box-18_\u526f\u672c-300x300.webp 300w, https:\/\/moyahousehold.com\/wp-content\/uploads\/2025\/06\/Steel-Cover-Storage-Box-18_\u526f\u672c-150x150.webp 150w, https:\/\/moyahousehold.com\/wp-content\/uploads\/2025\/06\/Steel-Cover-Storage-Box-18_\u526f\u672c-768x768.webp 768w, https:\/\/moyahousehold.com\/wp-content\/uploads\/2025\/06\/Steel-Cover-Storage-Box-18_\u526f\u672c-12x12.webp 12w, https:\/\/moyahousehold.com\/wp-content\/uploads\/2025\/06\/Steel-Cover-Storage-Box-18_\u526f\u672c-285x285.webp 285w, https:\/\/moyahousehold.com\/wp-content\/uploads\/2025\/06\/Steel-Cover-Storage-Box-18_\u526f\u672c-1600x1600.webp 1600w, https:\/\/moyahousehold.com\/wp-content\/uploads\/2025\/06\/Steel-Cover-Storage-Box-18_\u526f\u672c-270x270.webp 270w, https:\/\/moyahousehold.com\/wp-content\/uploads\/2025\/06\/Steel-Cover-Storage-Box-18_\u526f\u672c-540x540.webp 540w, https:\/\/moyahousehold.com\/wp-content\/uploads\/2025\/06\/Steel-Cover-Storage-Box-18_\u526f\u672c-660x660.webp 660w\" sizes=\"(max-width: 4093px) 100vw, 4093px\" \/><\/figure>\n<\/div>\n\n\n\n<div class=\"wp-block-column is-layout-flow wp-block-column-is-layout-flow\">\n<figure class=\"wp-block-image size-full\"><img loading=\"lazy\" decoding=\"async\" width=\"3593\" height=\"3593\" src=\"https:\/\/moyahousehold.com\/wp-content\/uploads\/2025\/06\/Steel-Cover-Storage-Box-16_\u526f\u672c.webp\" alt=\"Bo\u00eete de rangement \u00e0 couvercle en acier\" class=\"wp-image-11093\" srcset=\"https:\/\/moyahousehold.com\/wp-content\/uploads\/2025\/06\/Steel-Cover-Storage-Box-16_\u526f\u672c.webp 3593w, https:\/\/moyahousehold.com\/wp-content\/uploads\/2025\/06\/Steel-Cover-Storage-Box-16_\u526f\u672c-300x300.webp 300w, https:\/\/moyahousehold.com\/wp-content\/uploads\/2025\/06\/Steel-Cover-Storage-Box-16_\u526f\u672c-150x150.webp 150w, https:\/\/moyahousehold.com\/wp-content\/uploads\/2025\/06\/Steel-Cover-Storage-Box-16_\u526f\u672c-768x768.webp 768w, https:\/\/moyahousehold.com\/wp-content\/uploads\/2025\/06\/Steel-Cover-Storage-Box-16_\u526f\u672c-12x12.webp 12w, https:\/\/moyahousehold.com\/wp-content\/uploads\/2025\/06\/Steel-Cover-Storage-Box-16_\u526f\u672c-285x285.webp 285w, https:\/\/moyahousehold.com\/wp-content\/uploads\/2025\/06\/Steel-Cover-Storage-Box-16_\u526f\u672c-1600x1600.webp 1600w, https:\/\/moyahousehold.com\/wp-content\/uploads\/2025\/06\/Steel-Cover-Storage-Box-16_\u526f\u672c-270x270.webp 270w, https:\/\/moyahousehold.com\/wp-content\/uploads\/2025\/06\/Steel-Cover-Storage-Box-16_\u526f\u672c-540x540.webp 540w, https:\/\/moyahousehold.com\/wp-content\/uploads\/2025\/06\/Steel-Cover-Storage-Box-16_\u526f\u672c-660x660.webp 660w\" sizes=\"(max-width: 3593px) 100vw, 3593px\" \/><\/figure>\n<\/div>\n<\/div>\n\n\n\n<p><\/p>","protected":false},"excerpt":{"rendered":"<h3 class=\"header-OdWb_u auto-hide-last-sibling-br\">Grossiste R\u00e9cipients de conservation en acier inoxydable avec couvercles en acier - Fra\u00eecheur scell\u00e9e, solutions personnalisables<\/h3>\n<h4 class=\"header-OdWb_u auto-hide-last-sibling-br\">Avantages des produits de base<\/h4>\n<div class=\"auto-hide-last-sibling-br paragraph-Oc488D paragraph-element br-paragraph-space\"><strong>Mat\u00e9riau en acier inoxydable de qualit\u00e9 alimentaire<\/strong><br class=\"container-Vdm5p7 wrapper-_7axQ_ undefined\" \/>Fabriqu\u00e9 en acier inoxydable de qualit\u00e9 alimentaire, certifi\u00e9 par des institutions faisant autorit\u00e9, garantissant l'absence de toxines, la r\u00e9sistance \u00e0 la corrosion et l'absence d'odeurs. Facile \u00e0 nettoyer et sans danger pour le contact direct avec les aliments, il pr\u00e9serve la sant\u00e9 alimentaire.<\/div>\n<div>\u00a0<\/div>\n<div class=\"auto-hide-last-sibling-br paragraph-Oc488D paragraph-element br-paragraph-space\"><strong>Couvercle en acier scell\u00e9 \u00e0 haut rendement<\/strong><br class=\"container-Vdm5p7 wrapper-_7axQ_ undefined\" \/>\u00c9quip\u00e9 d'un couvercle en acier \u00e9tanche et d'un anneau d'\u00e9tanch\u00e9it\u00e9 en silicone, formant un espace herm\u00e9tiquement clos. Bloque efficacement l'air et l'humidit\u00e9, emp\u00eache le m\u00e9lange des odeurs et la d\u00e9t\u00e9rioration des aliments, prolongeant ainsi consid\u00e9rablement la fra\u00eecheur. Pr\u00e9serve la qualit\u00e9 des aliments, qu'ils soient r\u00e9frig\u00e9r\u00e9s ou conserv\u00e9s \u00e0 temp\u00e9rature ambiante.<\/div>\n<div>\u00a0<\/div>\n<div class=\"auto-hide-last-sibling-br paragraph-Oc488D paragraph-element br-paragraph-space\"><strong>Diverses tailles et sp\u00e9cifications<\/strong><br class=\"container-Vdm5p7 wrapper-_7axQ_ undefined\" \/>Offre une large gamme de tailles et de capacit\u00e9s, des mini-conteneurs pour les sauces et les en-cas aux grands conteneurs pour le stockage des repas familiaux. S'adapte \u00e0 diff\u00e9rents sc\u00e9narios de conservation des aliments et r\u00e9pond \u00e0 divers besoins d'utilisation.<\/div>\n<div>\u00a0<\/div>\n<div class=\"auto-hide-last-sibling-br paragraph-Oc488D paragraph-element br-paragraph-space\"><strong>Services de personnalisation<\/strong><br class=\"container-Vdm5p7 wrapper-_7axQ_ undefined\" \/>Possibilit\u00e9 de personnalisation OEM et ODM : adapter les mod\u00e8les de couvercles en acier, les couleurs des r\u00e9cipients, les logos de la marque, etc. Parfaits pour un usage domestique personnalis\u00e9, des cadeaux d'entreprise ou des articles promotionnels, ils permettent de cr\u00e9er des produits exclusifs conformes \u00e0 l'image de la marque.<\/div>\n<div>\u00a0<\/div>\n<div class=\"auto-hide-last-sibling-br paragraph-Oc488D paragraph-element br-paragraph-space\"><strong>Remises sur les achats en gros<\/strong><br class=\"container-Vdm5p7 wrapper-_7axQ_ undefined\" \/>Offre des prix attractifs pour les grossistes, les d\u00e9taillants et les entreprises. Des commandes plus importantes se traduisent par des remises plus importantes, avec des mod\u00e8les de coop\u00e9ration flexibles pour r\u00e9duire les co\u00fbts d'approvisionnement.<\/div>","protected":false},"featured_media":11089,"comment_status":"closed","ping_status":"closed","template":"","meta":[],"product_cat":[57],"product_tag":[87,92],"class_list":{"0":"post-11077","1":"product","2":"type-product","3":"status-publish","4":"has-post-thumbnail","6":"product_cat-food-storage-container-wholesale","7":"product_tag-wholesale-multi-compartment-lunch-box","8":"product_tag-wholesale-rectangle-lunch-box","10":"first","11":"instock","12":"shipping-taxable","13":"product-type-simple"},"_links":{"self":[{"href":"https:\/\/moyahousehold.com\/fr\/wp-json\/wp\/v2\/product\/11077","targetHints":{"allow":["GET"]}}],"collection":[{"href":"https:\/\/moyahousehold.com\/fr\/wp-json\/wp\/v2\/product"}],"about":[{"href":"https:\/\/moyahousehold.com\/fr\/wp-json\/wp\/v2\/types\/product"}],"replies":[{"embeddable":true,"href":"https:\/\/moyahousehold.com\/fr\/wp-json\/wp\/v2\/comments?post=11077"}],"version-history":[{"count":0,"href":"https:\/\/moyahousehold.com\/fr\/wp-json\/wp\/v2\/product\/11077\/revisions"}],"wp:featuredmedia":[{"embeddable":true,"href":"https:\/\/moyahousehold.com\/fr\/wp-json\/wp\/v2\/media\/11089"}],"wp:attachment":[{"href":"https:\/\/moyahousehold.com\/fr\/wp-json\/wp\/v2\/media?parent=11077"}],"wp:term":[{"taxonomy":"product_cat","embeddable":true,"href":"https:\/\/moyahousehold.com\/fr\/wp-json\/wp\/v2\/product_cat?post=11077"},{"taxonomy":"product_tag","embeddable":true,"href":"https:\/\/moyahousehold.com\/fr\/wp-json\/wp\/v2\/product_tag?post=11077"}],"curies":[{"name":"wp","href":"https:\/\/api.w.org\/{rel}","templated":true}]}}