{"id":11178,"date":"2025-06-28T09:54:27","date_gmt":"2025-06-28T09:54:27","guid":{"rendered":"https:\/\/moyahousehold.com\/?post_type=product&#038;p=11178"},"modified":"2025-06-28T10:05:03","modified_gmt":"2025-06-28T10:05:03","slug":"304-stainless-steel-portable-bento-lunch-box-with-compartment-for-working-adults","status":"publish","type":"product","link":"https:\/\/moyahousehold.com\/fr\/produit\/304-stainless-steel-portable-bento-lunch-box-with-compartment-for-working-adults\/","title":{"rendered":"Bo\u00eete \u00e0 lunch portable Bento en acier inoxydable 304 avec compartiment pour les adultes qui travaillent"},"content":{"rendered":"<h2 class=\"wp-block-heading\">Param\u00e8tres de la bo\u00eete \u00e0 lunch multi-compartiments pour enfants \u00e0 l'\u00e9cole<\/h2>\n\n\n\n<p><strong>mat\u00e9riel :<\/strong> 304 + PP <strong> couleur :<\/strong> Noir\u3001Kaki\u3001Pink\u3001Green<\/p>\n\n\n\n<figure class=\"wp-block-table\"><table class=\"has-fixed-layout\"><tbody><tr><td>Objet<\/td><td>Capacit\u00e9<\/td><td>Taille\/PCS<\/td><td>PCS\/Case<\/td><td>N.W.\/PCS<\/td><td>G.W.\/Cas<\/td><\/tr><tr><td>MYJD412<\/td><td>4 grilles + bol \u00e0 soupe<\/td><td>27.3*19*7.2<\/td><td>36<\/td><td>0.7<\/td><td>27.2<\/td><\/tr><tr><td>MYJD413<\/td><td>5 grilles + bol \u00e0 soupe<\/td><td>27.3*19*7.2<\/td><td>36<\/td><td>0.7<\/td><td>27.2<\/td><\/tr><\/tbody><\/table><\/figure>\n\n\n\n<h3 class=\"wp-block-heading\">Options de bo\u00eetes \u00e0 lunch personnalis\u00e9es<\/h3>\n\n\n\n<p><strong>Logo<\/strong>: personnalisez le logo de votre marque sur la bo\u00eete \u00e0 bento en acier inoxydable et sur l'emballage.<br><strong>Options du logo<\/strong>logo imprim\u00e9, logo grav\u00e9 au laser, etc.<br><strong>Mod\u00e8le<\/strong>: motifs d'impression sur les produits et les emballages.<br><strong>Technologie d'impression<\/strong>Les techniques d'impression sont les suivantes : impression par transfert d'eau, impression par s\u00e9rigraphie, impression par transfert de chaleur, transfert par sublimation, etc.<br><strong>Emballage :<\/strong>bo\u00eete de couleur.<br><a href=\"https:\/\/moyahousehold.com\/fr\/solution-personnalisee\/\"><strong>En savoir plus sur les solutions de bo\u00eetes \u00e0 lunch personnalis\u00e9es.<\/strong><\/a><\/p>\n\n\n\n<div class=\"wp-block-columns is-layout-flex wp-container-core-columns-is-layout-9d6595d7 wp-block-columns-is-layout-flex\">\n<div class=\"wp-block-column is-layout-flow wp-block-column-is-layout-flow\">\n<figure class=\"wp-block-image size-full\"><img fetchpriority=\"high\" decoding=\"async\" width=\"3575\" height=\"3575\" src=\"https:\/\/moyahousehold.com\/wp-content\/uploads\/2025\/06\/Stainless-Steel-Lunch-Box-2.webp\" alt=\"Bo\u00eete \u00e0 lunch en acier inoxydable\" class=\"wp-image-11195\" srcset=\"https:\/\/moyahousehold.com\/wp-content\/uploads\/2025\/06\/Stainless-Steel-Lunch-Box-2.webp 3575w, https:\/\/moyahousehold.com\/wp-content\/uploads\/2025\/06\/Stainless-Steel-Lunch-Box-2-300x300.webp 300w, https:\/\/moyahousehold.com\/wp-content\/uploads\/2025\/06\/Stainless-Steel-Lunch-Box-2-150x150.webp 150w, https:\/\/moyahousehold.com\/wp-content\/uploads\/2025\/06\/Stainless-Steel-Lunch-Box-2-768x768.webp 768w, https:\/\/moyahousehold.com\/wp-content\/uploads\/2025\/06\/Stainless-Steel-Lunch-Box-2-12x12.webp 12w, https:\/\/moyahousehold.com\/wp-content\/uploads\/2025\/06\/Stainless-Steel-Lunch-Box-2-285x285.webp 285w, https:\/\/moyahousehold.com\/wp-content\/uploads\/2025\/06\/Stainless-Steel-Lunch-Box-2-1600x1600.webp 1600w, https:\/\/moyahousehold.com\/wp-content\/uploads\/2025\/06\/Stainless-Steel-Lunch-Box-2-270x270.webp 270w, https:\/\/moyahousehold.com\/wp-content\/uploads\/2025\/06\/Stainless-Steel-Lunch-Box-2-540x540.webp 540w, https:\/\/moyahousehold.com\/wp-content\/uploads\/2025\/06\/Stainless-Steel-Lunch-Box-2-660x660.webp 660w\" sizes=\"(max-width: 3575px) 100vw, 3575px\" \/><\/figure>\n<\/div>\n\n\n\n<div class=\"wp-block-column is-layout-flow wp-block-column-is-layout-flow\">\n<figure class=\"wp-block-image size-full\"><img decoding=\"async\" width=\"3235\" height=\"3235\" src=\"https:\/\/moyahousehold.com\/wp-content\/uploads\/2025\/06\/Stainless-Steel-Lunch-Box-4.webp\" alt=\"Bo\u00eete \u00e0 lunch en acier inoxydable\" class=\"wp-image-11197\" srcset=\"https:\/\/moyahousehold.com\/wp-content\/uploads\/2025\/06\/Stainless-Steel-Lunch-Box-4.webp 3235w, https:\/\/moyahousehold.com\/wp-content\/uploads\/2025\/06\/Stainless-Steel-Lunch-Box-4-300x300.webp 300w, https:\/\/moyahousehold.com\/wp-content\/uploads\/2025\/06\/Stainless-Steel-Lunch-Box-4-150x150.webp 150w, https:\/\/moyahousehold.com\/wp-content\/uploads\/2025\/06\/Stainless-Steel-Lunch-Box-4-768x768.webp 768w, https:\/\/moyahousehold.com\/wp-content\/uploads\/2025\/06\/Stainless-Steel-Lunch-Box-4-12x12.webp 12w, https:\/\/moyahousehold.com\/wp-content\/uploads\/2025\/06\/Stainless-Steel-Lunch-Box-4-285x285.webp 285w, https:\/\/moyahousehold.com\/wp-content\/uploads\/2025\/06\/Stainless-Steel-Lunch-Box-4-1600x1600.webp 1600w, https:\/\/moyahousehold.com\/wp-content\/uploads\/2025\/06\/Stainless-Steel-Lunch-Box-4-270x270.webp 270w, https:\/\/moyahousehold.com\/wp-content\/uploads\/2025\/06\/Stainless-Steel-Lunch-Box-4-540x540.webp 540w, https:\/\/moyahousehold.com\/wp-content\/uploads\/2025\/06\/Stainless-Steel-Lunch-Box-4-660x660.webp 660w\" sizes=\"(max-width: 3235px) 100vw, 3235px\" \/><\/figure>\n<\/div>\n<\/div>\n\n\n\n<div class=\"wp-block-columns is-layout-flex wp-container-core-columns-is-layout-9d6595d7 wp-block-columns-is-layout-flex\">\n<div class=\"wp-block-column is-layout-flow wp-block-column-is-layout-flow\">\n<figure class=\"wp-block-image size-full\"><img decoding=\"async\" width=\"3608\" height=\"3608\" src=\"https:\/\/moyahousehold.com\/wp-content\/uploads\/2025\/06\/Stainless-Steel-Lunch-Box-5.webp\" alt=\"Bo\u00eete \u00e0 lunch en acier inoxydable\" class=\"wp-image-11198\" srcset=\"https:\/\/moyahousehold.com\/wp-content\/uploads\/2025\/06\/Stainless-Steel-Lunch-Box-5.webp 3608w, https:\/\/moyahousehold.com\/wp-content\/uploads\/2025\/06\/Stainless-Steel-Lunch-Box-5-300x300.webp 300w, https:\/\/moyahousehold.com\/wp-content\/uploads\/2025\/06\/Stainless-Steel-Lunch-Box-5-150x150.webp 150w, https:\/\/moyahousehold.com\/wp-content\/uploads\/2025\/06\/Stainless-Steel-Lunch-Box-5-768x768.webp 768w, https:\/\/moyahousehold.com\/wp-content\/uploads\/2025\/06\/Stainless-Steel-Lunch-Box-5-12x12.webp 12w, https:\/\/moyahousehold.com\/wp-content\/uploads\/2025\/06\/Stainless-Steel-Lunch-Box-5-285x285.webp 285w, https:\/\/moyahousehold.com\/wp-content\/uploads\/2025\/06\/Stainless-Steel-Lunch-Box-5-1600x1600.webp 1600w, https:\/\/moyahousehold.com\/wp-content\/uploads\/2025\/06\/Stainless-Steel-Lunch-Box-5-270x270.webp 270w, https:\/\/moyahousehold.com\/wp-content\/uploads\/2025\/06\/Stainless-Steel-Lunch-Box-5-540x540.webp 540w, https:\/\/moyahousehold.com\/wp-content\/uploads\/2025\/06\/Stainless-Steel-Lunch-Box-5-660x660.webp 660w\" sizes=\"(max-width: 3608px) 100vw, 3608px\" \/><\/figure>\n<\/div>\n\n\n\n<div class=\"wp-block-column is-layout-flow wp-block-column-is-layout-flow\">\n<figure class=\"wp-block-image size-full\"><img loading=\"lazy\" decoding=\"async\" width=\"3575\" height=\"3575\" src=\"https:\/\/moyahousehold.com\/wp-content\/uploads\/2025\/06\/Stainless-Steel-Lunch-Box-3.webp\" alt=\"Bo\u00eete \u00e0 lunch en acier inoxydable\" class=\"wp-image-11196\" srcset=\"https:\/\/moyahousehold.com\/wp-content\/uploads\/2025\/06\/Stainless-Steel-Lunch-Box-3.webp 3575w, https:\/\/moyahousehold.com\/wp-content\/uploads\/2025\/06\/Stainless-Steel-Lunch-Box-3-300x300.webp 300w, https:\/\/moyahousehold.com\/wp-content\/uploads\/2025\/06\/Stainless-Steel-Lunch-Box-3-150x150.webp 150w, https:\/\/moyahousehold.com\/wp-content\/uploads\/2025\/06\/Stainless-Steel-Lunch-Box-3-768x768.webp 768w, https:\/\/moyahousehold.com\/wp-content\/uploads\/2025\/06\/Stainless-Steel-Lunch-Box-3-12x12.webp 12w, https:\/\/moyahousehold.com\/wp-content\/uploads\/2025\/06\/Stainless-Steel-Lunch-Box-3-285x285.webp 285w, https:\/\/moyahousehold.com\/wp-content\/uploads\/2025\/06\/Stainless-Steel-Lunch-Box-3-1600x1600.webp 1600w, https:\/\/moyahousehold.com\/wp-content\/uploads\/2025\/06\/Stainless-Steel-Lunch-Box-3-270x270.webp 270w, https:\/\/moyahousehold.com\/wp-content\/uploads\/2025\/06\/Stainless-Steel-Lunch-Box-3-540x540.webp 540w, https:\/\/moyahousehold.com\/wp-content\/uploads\/2025\/06\/Stainless-Steel-Lunch-Box-3-660x660.webp 660w\" sizes=\"(max-width: 3575px) 100vw, 3575px\" \/><\/figure>\n<\/div>\n<\/div>","protected":false},"excerpt":{"rendered":"<div class=\"inter-tejLiY\">\n<div class=\"container-Cxy479\">\n<div class=\"item-InGWJf\">\n<div class=\"container-S3UiLA chrome70-container\">\n<div class=\"inner-Jx6WFr inner-item-WP6NRr\" data-target-id=\"message-box-target-id\" data-testid=\"union_message\">\n<div class=\"message-block-container-yay_EG\" data-testid=\"message-block-container\">\n<div class=\"flex flex-row w-full w-full max-w-full s-font-base text-s-color-text-secondary p-0 rounded-s-radius-s bg-transparent group data-[attr=select-mode]:-mt-10 data-[attr=select-mode]:py-10 data-[attr=select-mode]:px-16 data-[attr=select-mode]:sm:p-10 data-[attr=select-mode]:hover:bg-s-color-bg-base data-[attr=select-mode]:hover:rounded-s-radius-xs data-[attr=select-mode]:has-[:checked]:bg-s-color-bg-base data-[attr=select-mode]:has-[:checked]:rounded-s-radius-xs data-[attr=select-mode]:pointer-events-none\" data-testid=\"receive_message\">\n<div class=\"flex flex-col flex-grow max-w-full min-w-0\">\n<div class=\"flex flex-row w-full\" data-testid=\"message_content\" data-message-id=\"10338114480324610\">\n<div class=\"w-full\" data-plugin-identifier=\"Symbol(infra:receive-message-box:text)\">\n<div class=\"container-n4oTXW flow-markdown-body theme-samantha-qFInyN text-content-nhvb3V\" dir=\"ltr\" data-testid=\"message_text_content\" data-show-indicator=\"false\">\n<h3 class=\"header-ZWWO7s auto-hide-last-sibling-br\">Grossiste Bo\u00eetes \u00e0 bento en acier inoxydable \u00e0 compartiments multiples<\/h3>\n<div class=\"auto-hide-last-sibling-br paragraph-jgxDqs paragraph-element br-paragraph-space\"><strong>Qualit\u00e9 sup\u00e9rieure et design pratique<\/strong><br class=\"container-sJOC95 wrapper-Blebgw undefined\" \/>Fabriqu\u00e9es en acier inoxydable 304 de qualit\u00e9 alimentaire, ces bo\u00eetes \u00e0 bento sont dot\u00e9es d'une structure \u00e0 compartiments multiples, ce qui permet de classer facilement les diff\u00e9rents aliments. Id\u00e9ales pour les \u00e9tudiants et le personnel de bureau, elles garantissent que les repas restent frais, organis\u00e9s et sans d\u00e9sordre. Gr\u00e2ce \u00e0 des remises sur les achats en gros et \u00e0 la possibilit\u00e9 de personnaliser les produits OEM et ODM, nous sommes pr\u00eats \u00e0 collaborer avec vous pour r\u00e9pondre \u00e0 vos besoins sp\u00e9cifiques.<\/div>\n<h3 class=\"header-ZWWO7s auto-hide-last-sibling-br\">Caract\u00e9ristiques de la bo\u00eete \u00e0 lunch en acier inoxydable \u00e0 compartiments multiples<\/h3>\n<h4 class=\"header-ZWWO7s auto-hide-last-sibling-br\">1.\u00a0<strong>Fun Design<\/strong><\/h4>\n<ul class=\"auto-hide-last-sibling-br\">\n<li>Les couleurs vives et les adorables dessins anim\u00e9s transforment l'heure du repas en une exp\u00e9rience passionnante, surtout pour les enfants.<\/li>\n<li>L'esth\u00e9tique accrocheuse rend les bo\u00eetes \u00e0 lunch attrayantes et encourage des habitudes alimentaires saines.<\/li>\n<\/ul>\n<h4 class=\"header-ZWWO7s auto-hide-last-sibling-br\">2.\u00a0<strong>Syst\u00e8me de compartiments intelligents<\/strong><\/h4>\n<ul class=\"auto-hide-last-sibling-br\">\n<li>2 ou 3 compartiments s\u00e9par\u00e9s permettent d'isoler les plats tels que les salades, les plats principaux et les snacks, \u00e9vitant ainsi les m\u00e9langes de saveurs.<\/li>\n<li>Aide \u00e0 contr\u00f4ler les portions, ce qui le rend adapt\u00e9 aux r\u00e9gimes \u00e9quilibr\u00e9s et \u00e0 la gestion nutritionnelle.<\/li>\n<\/ul>\n<h4 class=\"header-ZWWO7s auto-hide-last-sibling-br\">3.\u00a0<strong>Mat\u00e9riau s\u00fbr et certifi\u00e9<\/strong><\/h4>\n<ul class=\"auto-hide-last-sibling-br\">\n<li>Fabriqu\u00e9 en acier inoxydable 100% de qualit\u00e9 alimentaire, exempt de BPA et de produits chimiques nocifs.<\/li>\n<li>Certifi\u00e9 par l'ISO et la FDA, garantissant la conformit\u00e9 aux normes internationales de s\u00e9curit\u00e9 alimentaire.<\/li>\n<\/ul>\n<h4 class=\"header-ZWWO7s auto-hide-last-sibling-br\">4.\u00a0<strong>Diverses options<\/strong><\/h4>\n<ul class=\"auto-hide-last-sibling-br\">\n<li>Disponibles dans une gamme de couleurs (par exemple, bleu, rose, vert), de styles (minimaliste ou ludique) et de capacit\u00e9s (500 ml-1500 ml).<\/li>\n<li>Les mod\u00e8les polyvalents s'adressent \u00e0 diff\u00e9rents groupes d'\u00e2ge et sc\u00e9narios d'utilisation, de l'\u00e9cole au travail.<\/li>\n<\/ul>\n<h4 class=\"header-ZWWO7s auto-hide-last-sibling-br\">5.\u00a0<strong>D\u00e9tails pour les enfants<\/strong><\/h4>\n<ul class=\"auto-hide-last-sibling-br\">\n<li>Couvercles \u00e0 ouverture facile con\u00e7us pour les petites mains, r\u00e9duisant la frustration \u00e0 l'heure du repas.<\/li>\n<li>L\u00e9ger et compact, il s'int\u00e8gre parfaitement dans les cartables ou les sacs \u00e0 dos sans les encombrer.<\/li>\n<\/ul>\n<h3 class=\"header-ZWWO7s auto-hide-last-sibling-br\">Services de personnalisation<\/h3>\n<div class=\"auto-hide-last-sibling-br paragraph-jgxDqs paragraph-element br-paragraph-space\">En tant que fabricant de bo\u00eetes \u00e0 lunch de premier plan, MOYA fournit des services complets de restauration et d'alimentation.\u00a0<strong>Solutions OEM et ODM<\/strong>:<\/div>\n<p><br class=\"container-sJOC95 wrapper-Blebgw undefined\" \/><\/p>\n<ul class=\"auto-hide-last-sibling-br\">\n<li><strong>OEM<\/strong>: Personnalisez les logos, les imprim\u00e9s ou les emballages pour qu'ils correspondent \u00e0 l'identit\u00e9 de votre marque.<\/li>\n<li><strong>ODM<\/strong>: Collaborer \u00e0 la conception des produits, de l'agencement des compartiments aux finitions des mat\u00e9riaux, afin de cr\u00e9er des solutions uniques et adapt\u00e9es au march\u00e9.<\/li>\n<\/ul>\n<p>&nbsp;<\/p>\n<\/div>\n<\/div>\n<\/div>\n<\/div>\n<\/div>\n<\/div>\n<\/div>\n<\/div>\n<\/div>\n<\/div>\n<\/div>","protected":false},"featured_media":11199,"comment_status":"closed","ping_status":"closed","template":"","meta":[],"product_cat":[58],"product_tag":[87,92],"class_list":{"0":"post-11178","1":"product","2":"type-product","3":"status-publish","4":"has-post-thumbnail","6":"product_cat-lunch-box-wholesale","7":"product_tag-wholesale-multi-compartment-lunch-box","8":"product_tag-wholesale-rectangle-lunch-box","10":"first","11":"instock","12":"shipping-taxable","13":"product-type-simple"},"_links":{"self":[{"href":"https:\/\/moyahousehold.com\/fr\/wp-json\/wp\/v2\/product\/11178","targetHints":{"allow":["GET"]}}],"collection":[{"href":"https:\/\/moyahousehold.com\/fr\/wp-json\/wp\/v2\/product"}],"about":[{"href":"https:\/\/moyahousehold.com\/fr\/wp-json\/wp\/v2\/types\/product"}],"replies":[{"embeddable":true,"href":"https:\/\/moyahousehold.com\/fr\/wp-json\/wp\/v2\/comments?post=11178"}],"version-history":[{"count":0,"href":"https:\/\/moyahousehold.com\/fr\/wp-json\/wp\/v2\/product\/11178\/revisions"}],"wp:featuredmedia":[{"embeddable":true,"href":"https:\/\/moyahousehold.com\/fr\/wp-json\/wp\/v2\/media\/11199"}],"wp:attachment":[{"href":"https:\/\/moyahousehold.com\/fr\/wp-json\/wp\/v2\/media?parent=11178"}],"wp:term":[{"taxonomy":"product_cat","embeddable":true,"href":"https:\/\/moyahousehold.com\/fr\/wp-json\/wp\/v2\/product_cat?post=11178"},{"taxonomy":"product_tag","embeddable":true,"href":"https:\/\/moyahousehold.com\/fr\/wp-json\/wp\/v2\/product_tag?post=11178"}],"curies":[{"name":"wp","href":"https:\/\/api.w.org\/{rel}","templated":true}]}}