{"id":11204,"date":"2025-06-28T10:18:29","date_gmt":"2025-06-28T10:07:19","guid":{"rendered":"https:\/\/moyahousehold.com\/?post_type=product&#038;p=11204"},"modified":"2025-06-28T10:19:44","modified_gmt":"2025-06-28T10:19:44","slug":"new-style-food-grade-sealed-container-lunch-box-tiffin-bento-lunch-box-with-lid","status":"publish","type":"product","link":"https:\/\/moyahousehold.com\/fr\/produit\/new-style-food-grade-sealed-container-lunch-box-tiffin-bento-lunch-box-with-lid\/","title":{"rendered":"Nouveau style de r\u00e9cipient scell\u00e9 de qualit\u00e9 alimentaire Bo\u00eete \u00e0 lunch Tiffin Bento Lunch Box With Lid"},"content":{"rendered":"<h2 class=\"wp-block-heading\">Param\u00e8tres de la bo\u00eete \u00e0 lunch ronde empilable<\/h2>\n\n\n\n<p><strong>mat\u00e9riel :<\/strong>316\/304\/C\u00e9ramique\/Verre + PP <strong> couleur :<\/strong>Rouge\/Kaki\/Vert\/Jaune<\/p>\n\n\n\n<figure class=\"wp-block-table\"><table class=\"has-fixed-layout\"><tbody><tr><td>Objet<\/td><td>Mat\u00e9riau<\/td><td>Capacit\u00e9<\/td><td>Taille\/PCS<\/td><td>PCS\/Case<\/td><td>N.W.\/PCS<\/td><td>G.W.\/Cas<\/td><\/tr><tr><td>MYSK014<\/td><td rowspan=\"5\">PP+Silicone<br>c\u00e9ramique<\/td><td>420ml<\/td><td>13.3*13.3*7.7<\/td><td>60<\/td><td>0.42<\/td><td>27.2&nbsp;<\/td><\/tr><tr><td>MYSK015<\/td><td>600ml<\/td><td>13.3*13.3*10.2<\/td><td>48<\/td><td>0.5<\/td><td>26.0&nbsp;<\/td><\/tr><tr><td>MYSK016<\/td><td>Deux paquets de 1020ml<br>(1 grand 1 petit + sac isotherme)<\/td><td>14.3*14.3*18<\/td><td>20<\/td><td>1<\/td><td>22.0&nbsp;<\/td><\/tr><tr><td>MYSK017<\/td><td>1440ml en 3 paquets<br>(1 grand 2 petits + sac isotherme)<\/td><td>14.3*14.3*25<\/td><td>16<\/td><td>1.5<\/td><td>26.0&nbsp;<\/td><\/tr><tr><td>MYSK018<\/td><td>Quatre paquets de 2040ml<br>(2 grands 2 petits + sac isotherme)<\/td><td>27.5*14.5*17.8<\/td><td>12<\/td><td>2<\/td><td>26.0&nbsp;<\/td><\/tr><tr><td>MYSK019<\/td><td rowspan=\"5\">PP+Silicone+Verre<\/td><td>420ml<\/td><td>13.3*13.3*7.7<\/td><td>60<\/td><td>0.26<\/td><td>17.6&nbsp;<\/td><\/tr><tr><td>MYSK020<\/td><td>600ml<\/td><td>13.3*13.3*10.2<\/td><td>48<\/td><td>0.32<\/td><td>17.4&nbsp;<\/td><\/tr><tr><td>MYSK021<\/td><td>Deux paquets de 1020ml<br>(1 grand 1 petit + sac isotherme)<\/td><td>14.3*14.3*18<\/td><td>20<\/td><td>0.68<\/td><td>15.6&nbsp;<\/td><\/tr><tr><td>MYSK022<\/td><td>1440ml en 3 paquets<br>(1 grand 2 petits + sac isotherme)<\/td><td>14.3*14.3*25<\/td><td>16<\/td><td>0.96<\/td><td>17.4&nbsp;<\/td><\/tr><tr><td>MYSK023<\/td><td>Quatre paquets de 2040ml<br>(2 grands 2 petits + sac isotherme)<\/td><td>27.5*14.5*17.8<\/td><td>12<\/td><td>1.3<\/td><td>17.6&nbsp;<\/td><\/tr><tr><td>MYSK024<\/td><td rowspan=\"5\">PP+Silicone<br>304<\/td><td>420ml<\/td><td>13.3*13.3*7.7<\/td><td>60<\/td><td>0.2<\/td><td>14.0&nbsp;<\/td><\/tr><tr><td>MYSK025<\/td><td>600ml<\/td><td>13.3*13.3*10.2<\/td><td>48<\/td><td>0.23<\/td><td>13.0&nbsp;<\/td><\/tr><tr><td>MYSK026<\/td><td>Deux paquets de 1020ml<br>(1 grand 1 petit + sac isotherme)<\/td><td>14.3*14.3*18<\/td><td>20<\/td><td>0.54<\/td><td>12.8&nbsp;<\/td><\/tr><tr><td>MYSK027<\/td><td>1440ml en 3 paquets<br>(1 grand 2 petits + sac isotherme)<\/td><td>14.3*14.3*25<\/td><td>16<\/td><td>0.75<\/td><td>14.0&nbsp;<\/td><\/tr><tr><td>MYSK028<\/td><td>Quatre paquets de 2040ml<br>(2 grands 2 petits + sac isotherme)<\/td><td>27.5*14.5*17.8<\/td><td>12<\/td><td>1<\/td><td>14.0&nbsp;<\/td><\/tr><tr><td>MYSK029<\/td><td rowspan=\"5\">PP+Silicone<br>316<\/td><td>420ml<\/td><td>13.3*13.3*7.7<\/td><td>60<\/td><td>0.2<\/td><td>14.0&nbsp;<\/td><\/tr><tr><td>MYSK030<\/td><td>600ml<\/td><td>13.3*13.3*10.2<\/td><td>48<\/td><td>0.23<\/td><td>13.0&nbsp;<\/td><\/tr><tr><td>MYSK031<\/td><td>Deux paquets de 1020ml<br>(1 grand 1 petit + sac isotherme)<\/td><td>14.3*14.3*18<\/td><td>20<\/td><td>0.54<\/td><td>12.8&nbsp;<\/td><\/tr><tr><td>MYSK032<\/td><td>1440ml en 3 paquets<br>(1 grand 2 petits + sac isotherme)<\/td><td>14.3*14.3*25<\/td><td>16<\/td><td>0.75<\/td><td>14.0&nbsp;<\/td><\/tr><tr><td>MYSK033<\/td><td>Quatre paquets de 2040ml<br>(2 grands 2 petits + sac isotherme)<\/td><td>27.5*14.5*17.8<\/td><td>12<\/td><td>1<\/td><td>14.0&nbsp;<\/td><\/tr><\/tbody><\/table><\/figure>\n\n\n\n<h3 class=\"wp-block-heading\">Bo\u00eete \u00e0 lunch personnalis\u00e9e Options<\/h3>\n\n\n\n<p><strong>Logo : <\/strong>Personnalisez le logo de votre marque sur les bo\u00eetes \u00e0 bento et les emballages.<br><strong>Options de logo :<\/strong> logo imprim\u00e9, logo grav\u00e9 au laser, etc.<br><strong>Mod\u00e8le : <\/strong>motifs d'impression <br><strong>Technologie d'impression : <\/strong>impression par transfert d'eau, impression par s\u00e9rigraphie, impression par transfert thermique, transfert par sublimation, etc.<br><strong>Emballage : <\/strong>bo\u00eete \u00e0 couleurs<br><a href=\"https:\/\/moyahousehold.com\/fr\/solution-personnalisee\/\"><strong>En savoir plus sur les solutions de bo\u00eetes \u00e0 bento personnalis\u00e9es<\/strong><\/a><\/p>\n\n\n\n<div class=\"wp-block-columns is-layout-flex wp-container-core-columns-is-layout-9d6595d7 wp-block-columns-is-layout-flex\">\n<div class=\"wp-block-column is-layout-flow wp-block-column-is-layout-flow\">\n<figure class=\"wp-block-image size-full\"><img fetchpriority=\"high\" decoding=\"async\" width=\"3933\" height=\"3933\" src=\"https:\/\/moyahousehold.com\/wp-content\/uploads\/2025\/06\/Detachable-lunch-box-13.webp\" alt=\"Bo\u00eete \u00e0 lunch amovible\" class=\"wp-image-11191\" srcset=\"https:\/\/moyahousehold.com\/wp-content\/uploads\/2025\/06\/Detachable-lunch-box-13.webp 3933w, https:\/\/moyahousehold.com\/wp-content\/uploads\/2025\/06\/Detachable-lunch-box-13-300x300.webp 300w, https:\/\/moyahousehold.com\/wp-content\/uploads\/2025\/06\/Detachable-lunch-box-13-150x150.webp 150w, https:\/\/moyahousehold.com\/wp-content\/uploads\/2025\/06\/Detachable-lunch-box-13-768x768.webp 768w, https:\/\/moyahousehold.com\/wp-content\/uploads\/2025\/06\/Detachable-lunch-box-13-12x12.webp 12w, https:\/\/moyahousehold.com\/wp-content\/uploads\/2025\/06\/Detachable-lunch-box-13-285x285.webp 285w, https:\/\/moyahousehold.com\/wp-content\/uploads\/2025\/06\/Detachable-lunch-box-13-1600x1600.webp 1600w, https:\/\/moyahousehold.com\/wp-content\/uploads\/2025\/06\/Detachable-lunch-box-13-270x270.webp 270w, https:\/\/moyahousehold.com\/wp-content\/uploads\/2025\/06\/Detachable-lunch-box-13-540x540.webp 540w, https:\/\/moyahousehold.com\/wp-content\/uploads\/2025\/06\/Detachable-lunch-box-13-660x660.webp 660w\" sizes=\"(max-width: 3933px) 100vw, 3933px\" \/><\/figure>\n<\/div>\n\n\n\n<div class=\"wp-block-column is-layout-flow wp-block-column-is-layout-flow\">\n<figure class=\"wp-block-image size-full\"><img decoding=\"async\" width=\"3849\" height=\"3849\" src=\"https:\/\/moyahousehold.com\/wp-content\/uploads\/2025\/06\/Detachable-lunch-box-1.webp\" alt=\"Bo\u00eete \u00e0 lunch amovible\" class=\"wp-image-11179\" srcset=\"https:\/\/moyahousehold.com\/wp-content\/uploads\/2025\/06\/Detachable-lunch-box-1.webp 3849w, https:\/\/moyahousehold.com\/wp-content\/uploads\/2025\/06\/Detachable-lunch-box-1-300x300.webp 300w, https:\/\/moyahousehold.com\/wp-content\/uploads\/2025\/06\/Detachable-lunch-box-1-150x150.webp 150w, https:\/\/moyahousehold.com\/wp-content\/uploads\/2025\/06\/Detachable-lunch-box-1-768x768.webp 768w, https:\/\/moyahousehold.com\/wp-content\/uploads\/2025\/06\/Detachable-lunch-box-1-12x12.webp 12w, https:\/\/moyahousehold.com\/wp-content\/uploads\/2025\/06\/Detachable-lunch-box-1-285x285.webp 285w, https:\/\/moyahousehold.com\/wp-content\/uploads\/2025\/06\/Detachable-lunch-box-1-1600x1600.webp 1600w, https:\/\/moyahousehold.com\/wp-content\/uploads\/2025\/06\/Detachable-lunch-box-1-270x270.webp 270w, https:\/\/moyahousehold.com\/wp-content\/uploads\/2025\/06\/Detachable-lunch-box-1-540x540.webp 540w, https:\/\/moyahousehold.com\/wp-content\/uploads\/2025\/06\/Detachable-lunch-box-1-660x660.webp 660w\" sizes=\"(max-width: 3849px) 100vw, 3849px\" \/><\/figure>\n<\/div>\n<\/div>\n\n\n\n<div class=\"wp-block-columns is-layout-flex wp-container-core-columns-is-layout-9d6595d7 wp-block-columns-is-layout-flex\">\n<div class=\"wp-block-column is-layout-flow wp-block-column-is-layout-flow\">\n<figure class=\"wp-block-image size-full\"><img decoding=\"async\" width=\"3798\" height=\"3798\" src=\"https:\/\/moyahousehold.com\/wp-content\/uploads\/2025\/06\/Detachable-lunch-box-15.webp\" alt=\"Bo\u00eete \u00e0 lunch amovible\" class=\"wp-image-11193\" srcset=\"https:\/\/moyahousehold.com\/wp-content\/uploads\/2025\/06\/Detachable-lunch-box-15.webp 3798w, https:\/\/moyahousehold.com\/wp-content\/uploads\/2025\/06\/Detachable-lunch-box-15-300x300.webp 300w, https:\/\/moyahousehold.com\/wp-content\/uploads\/2025\/06\/Detachable-lunch-box-15-150x150.webp 150w, https:\/\/moyahousehold.com\/wp-content\/uploads\/2025\/06\/Detachable-lunch-box-15-768x768.webp 768w, https:\/\/moyahousehold.com\/wp-content\/uploads\/2025\/06\/Detachable-lunch-box-15-12x12.webp 12w, https:\/\/moyahousehold.com\/wp-content\/uploads\/2025\/06\/Detachable-lunch-box-15-285x285.webp 285w, https:\/\/moyahousehold.com\/wp-content\/uploads\/2025\/06\/Detachable-lunch-box-15-1600x1600.webp 1600w, https:\/\/moyahousehold.com\/wp-content\/uploads\/2025\/06\/Detachable-lunch-box-15-270x270.webp 270w, https:\/\/moyahousehold.com\/wp-content\/uploads\/2025\/06\/Detachable-lunch-box-15-540x540.webp 540w, https:\/\/moyahousehold.com\/wp-content\/uploads\/2025\/06\/Detachable-lunch-box-15-660x660.webp 660w\" sizes=\"(max-width: 3798px) 100vw, 3798px\" \/><\/figure>\n<\/div>\n\n\n\n<div class=\"wp-block-column is-layout-flow wp-block-column-is-layout-flow\">\n<figure class=\"wp-block-image size-full\"><img loading=\"lazy\" decoding=\"async\" width=\"3813\" height=\"3813\" src=\"https:\/\/moyahousehold.com\/wp-content\/uploads\/2025\/06\/Detachable-lunch-box-14.webp\" alt=\"Bo\u00eete \u00e0 lunch amovible\" class=\"wp-image-11192\" srcset=\"https:\/\/moyahousehold.com\/wp-content\/uploads\/2025\/06\/Detachable-lunch-box-14.webp 3813w, https:\/\/moyahousehold.com\/wp-content\/uploads\/2025\/06\/Detachable-lunch-box-14-300x300.webp 300w, https:\/\/moyahousehold.com\/wp-content\/uploads\/2025\/06\/Detachable-lunch-box-14-150x150.webp 150w, https:\/\/moyahousehold.com\/wp-content\/uploads\/2025\/06\/Detachable-lunch-box-14-768x768.webp 768w, https:\/\/moyahousehold.com\/wp-content\/uploads\/2025\/06\/Detachable-lunch-box-14-12x12.webp 12w, https:\/\/moyahousehold.com\/wp-content\/uploads\/2025\/06\/Detachable-lunch-box-14-285x285.webp 285w, https:\/\/moyahousehold.com\/wp-content\/uploads\/2025\/06\/Detachable-lunch-box-14-1600x1600.webp 1600w, https:\/\/moyahousehold.com\/wp-content\/uploads\/2025\/06\/Detachable-lunch-box-14-270x270.webp 270w, https:\/\/moyahousehold.com\/wp-content\/uploads\/2025\/06\/Detachable-lunch-box-14-540x540.webp 540w, https:\/\/moyahousehold.com\/wp-content\/uploads\/2025\/06\/Detachable-lunch-box-14-660x660.webp 660w\" sizes=\"(max-width: 3813px) 100vw, 3813px\" \/><\/figure>\n<\/div>\n<\/div>","protected":false},"excerpt":{"rendered":"<h3 class=\"header-ZWWO7s auto-hide-last-sibling-br\">Bo\u00eetes \u00e0 lunch \u00e0 doublure d\u00e9tachable en gros avec options c\u00e9ramique, verre et acier inoxydable<\/h3>\n<div class=\"auto-hide-last-sibling-br paragraph-jgxDqs paragraph-element br-paragraph-space\">D\u00e9couvrez nos bo\u00eetes \u00e0 lunch polyvalentes dot\u00e9es de doublures amovibles en c\u00e9ramique, verre et acier inoxydable de premi\u00e8re qualit\u00e9, con\u00e7ues pour les modes de vie modernes qui exigent fonctionnalit\u00e9, hygi\u00e8ne et style. Parfaites pour la pr\u00e9paration des repas, les repas sur le pouce ou les consommateurs soucieux de l'environnement, ces bo\u00eetes \u00e0 lunch allient durabilit\u00e9 et facilit\u00e9 d'entretien. Nous proposons des prix de gros et des services de personnalisation complets pour les commandes en gros - contactez-nous pour explorer les possibilit\u00e9s de partenariat !<\/div>\n<h3 class=\"header-ZWWO7s auto-hide-last-sibling-br\">Principales caract\u00e9ristiques et avantages<\/h3>\n<h4 class=\"header-ZWWO7s auto-hide-last-sibling-br\">1.\u00a0<strong>Tri-Material Detachable Liners (doublures d\u00e9tachables)<\/strong><\/h4>\n<ul class=\"auto-hide-last-sibling-br\">\n<li><strong>Rev\u00eatement en c\u00e9ramique<\/strong>:\n<ul class=\"auto-hide-last-sibling-br\">\n<li>La surface non poreuse et r\u00e9sistante aux rayures emp\u00eache l'absorption des odeurs et des go\u00fbts des aliments.<\/li>\n<li>Id\u00e9al pour r\u00e9chauffer au four (jusqu'\u00e0 230\u00b0C) ou pour servir directement des plats chauds.<\/li>\n<\/ul>\n<\/li>\n<li><strong>Liner en verre<\/strong>:\n<ul class=\"auto-hide-last-sibling-br\">\n<li>Le verre borosilicat\u00e9 r\u00e9siste aux chocs thermiques et peut \u00eatre utilis\u00e9 au micro-ondes et au lave-vaisselle.<\/li>\n<li>La conception transparente permet aux utilisateurs de voir le contenu d'un seul coup d'\u0153il.<\/li>\n<\/ul>\n<\/li>\n<li><strong>Rev\u00eatement en acier inoxydable<\/strong>:\n<ul class=\"auto-hide-last-sibling-br\">\n<li>L'acier de qualit\u00e9 alimentaire 304 garantit la durabilit\u00e9 et la r\u00e9sistance \u00e0 la corrosion.<\/li>\n<li>L\u00e9ger et parfait pour les repas froids, les en-cas ou le stockage \u00e0 l'abri des fuites.<\/li>\n<\/ul>\n<\/li>\n<\/ul>\n<h4 class=\"header-ZWWO7s auto-hide-last-sibling-br\">2.\u00a0<strong>Conception amovible pour un entretien facile<\/strong><\/h4>\n<ul class=\"auto-hide-last-sibling-br\">\n<li>Les doublures se s\u00e9parent de la coque ext\u00e9rieure pour un nettoyage en profondeur (pas de coins difficiles \u00e0 atteindre).<\/li>\n<li>Les rev\u00eatements rempla\u00e7ables prolongent la dur\u00e9e de vie du produit - remplacez les mat\u00e9riaux en fonction des types de repas ou des pr\u00e9f\u00e9rences.<\/li>\n<\/ul>\n<h4 class=\"header-ZWWO7s auto-hide-last-sibling-br\">3.\u00a0<strong>Construction \u00e9tanche et isol\u00e9e<\/strong><\/h4>\n<ul class=\"auto-hide-last-sibling-br\">\n<li>Les couvercles scell\u00e9s au silicone emp\u00eachent les \u00e9claboussures. Convient pour les soupes, les salades ou les sauces.<\/li>\n<li>Les enveloppes ext\u00e9rieures \u00e0 double paroi (plastique PP ou ABS) assurent l'isolation thermique :\n<ul class=\"auto-hide-last-sibling-br\">\n<li>Conserve les aliments chauds pendant 4 \u00e0 6 heures*.<\/li>\n<li>Maintient la fra\u00eecheur des produits froids pendant 6 \u00e0 8 heures*.<\/li>\n<\/ul>\n<\/li>\n<\/ul>\n<p>&nbsp;<\/p>\n<div class=\"auto-hide-last-sibling-br paragraph-jgxDqs paragraph-element br-paragraph-space\"><em>Note : Les performances d'isolation varient en fonction du mat\u00e9riau de la gaine et des conditions environnementales.<\/em><\/div>\n<h4 class=\"header-ZWWO7s auto-hide-last-sibling-br\">4.\u00a0<strong>Options polyvalentes de taille et de compartiment<\/strong><\/h4>\n<ul class=\"auto-hide-last-sibling-br\">\n<li>Mod\u00e8les \u00e0 un seul niveau (500ml-1L) et \u00e0 plusieurs compartiments (2-3 couches) :\n<ul class=\"auto-hide-last-sibling-br\">\n<li>Les mod\u00e8les \u00e0 compartiments multiples s\u00e9parent les prot\u00e9ines, les c\u00e9r\u00e9ales et les l\u00e9gumes pour des repas \u00e9quilibr\u00e9s.<\/li>\n<\/ul>\n<\/li>\n<li>La conception empilable permet d'\u00e9conomiser de l'espace de stockage dans les cuisines, les bureaux ou les casiers.<\/li>\n<\/ul>\n<h4 class=\"header-ZWWO7s auto-hide-last-sibling-br\">5.\u00a0<strong>Mat\u00e9riaux \u00e9cologiques et s\u00fbrs<\/strong><\/h4>\n<ul class=\"auto-hide-last-sibling-br\">\n<li>Tous les manchons et les coquilles sont exempts de BPA, certifi\u00e9s par la FDA et conformes aux normes de s\u00e9curit\u00e9 alimentaire de l'UE.<\/li>\n<li>Les rev\u00eatements en c\u00e9ramique et en verre sont non toxiques et exempts de m\u00e9taux lourds, ce qui est id\u00e9al pour les utilisateurs soucieux de leur sant\u00e9.<\/li>\n<\/ul>\n<h3 class=\"header-ZWWO7s auto-hide-last-sibling-br\">Services de vente en gros et de personnalisation<\/h3>\n<div class=\"auto-hide-last-sibling-br paragraph-jgxDqs paragraph-element br-paragraph-space\">En tant que fabricant leader, nous offrons :<\/div>\n<p>&nbsp;<\/p>\n<ul class=\"auto-hide-last-sibling-br\">\n<li><strong>Remises sur les commandes en gros<\/strong>: Prix comp\u00e9titifs pour les commandes \u2265200 unit\u00e9s, avec des devis sur mesure pour les achats \u00e0 grande \u00e9chelle.<\/li>\n<li><strong>Capacit\u00e9s OEM\/ODM<\/strong>:\n<ul class=\"auto-hide-last-sibling-br\">\n<li><strong>L'image de marque<\/strong>: Int\u00e9grer des logos par gravure laser, s\u00e9rigraphie ou \u00e9tiquettes emboss\u00e9es.<\/li>\n<li><strong>Doublures sur mesure<\/strong>: S'approvisionner en mat\u00e9riaux sp\u00e9cifiques (par exemple, c\u00e9ramique color\u00e9e, verre \u00e0 motifs) ou ajuster l'\u00e9paisseur du rev\u00eatement.<\/li>\n<li><strong>Emballage<\/strong>: Concevoir des bo\u00eetes personnalis\u00e9es, des encarts ou des emballages \u00e9cologiques pour am\u00e9liorer l'attrait de la vente au d\u00e9tail.<\/li>\n<\/ul>\n<\/li>\n<li><strong>Test d'\u00e9chantillons<\/strong>: Demandez des \u00e9chantillons gratuits pour \u00e9valuer la qualit\u00e9 des mat\u00e9riaux, la fonctionnalit\u00e9 et la conception avant de passer une commande en gros.<\/li>\n<\/ul>","protected":false},"featured_media":11206,"comment_status":"closed","ping_status":"closed","template":"","meta":[],"product_cat":[58],"product_tag":[86,91],"class_list":{"0":"post-11204","1":"product","2":"type-product","3":"status-publish","4":"has-post-thumbnail","6":"product_cat-lunch-box-wholesale","7":"product_tag-wholesale-insulated-lunch-box","8":"product_tag-wholesale-round-lunch-box","10":"first","11":"instock","12":"shipping-taxable","13":"product-type-simple"},"_links":{"self":[{"href":"https:\/\/moyahousehold.com\/fr\/wp-json\/wp\/v2\/product\/11204","targetHints":{"allow":["GET"]}}],"collection":[{"href":"https:\/\/moyahousehold.com\/fr\/wp-json\/wp\/v2\/product"}],"about":[{"href":"https:\/\/moyahousehold.com\/fr\/wp-json\/wp\/v2\/types\/product"}],"replies":[{"embeddable":true,"href":"https:\/\/moyahousehold.com\/fr\/wp-json\/wp\/v2\/comments?post=11204"}],"version-history":[{"count":0,"href":"https:\/\/moyahousehold.com\/fr\/wp-json\/wp\/v2\/product\/11204\/revisions"}],"wp:featuredmedia":[{"embeddable":true,"href":"https:\/\/moyahousehold.com\/fr\/wp-json\/wp\/v2\/media\/11206"}],"wp:attachment":[{"href":"https:\/\/moyahousehold.com\/fr\/wp-json\/wp\/v2\/media?parent=11204"}],"wp:term":[{"taxonomy":"product_cat","embeddable":true,"href":"https:\/\/moyahousehold.com\/fr\/wp-json\/wp\/v2\/product_cat?post=11204"},{"taxonomy":"product_tag","embeddable":true,"href":"https:\/\/moyahousehold.com\/fr\/wp-json\/wp\/v2\/product_tag?post=11204"}],"curies":[{"name":"wp","href":"https:\/\/api.w.org\/{rel}","templated":true}]}}