{"id":11263,"date":"2025-07-11T08:07:45","date_gmt":"2025-07-11T08:07:45","guid":{"rendered":"https:\/\/moyahousehold.com\/?post_type=product&#038;p=11263"},"modified":"2025-07-11T09:43:04","modified_gmt":"2025-07-11T09:43:04","slug":"wholesale-denmark-style-thermal-water-kettle-with-wooden-handle-1-3l","status":"publish","type":"product","link":"https:\/\/moyahousehold.com\/fr\/produit\/wholesale-denmark-style-thermal-water-kettle-with-wooden-handle-1-3l\/","title":{"rendered":"Wholesale Denmark Style Thermal Water Kettle with Wooden Handle 1.3L (bouilloire thermique avec poign\u00e9e en bois)"},"content":{"rendered":"<h3 class=\"wp-block-heading\">Param\u00e8tres de la cruche \u00e0 vide de style danois<\/h3>\n\n\n\n<figure class=\"wp-block-table\"><table><tbody><tr><td>Nom du produit<\/td><td>Couleur<\/td><td>Mat\u00e9riau<\/td><td>Taille du produit<\/td><td>Poids brut (kg)<\/td><\/tr><tr><td>Pichet danois sous vide de 1,3 litre avec poign\u00e9e en bois<\/td><td>noir\/beige<\/td><td>PP, acier inoxydable 304\uff0csilica gel\uff0ch\u00eatre<\/td><td>179x111x225mm<\/td><td>1.4<\/td><\/tr><\/tbody><\/table><\/figure>\n\n\n\n<h3 class=\"wp-block-heading\">Options de carafe thermique personnalis\u00e9e<\/h3>\n\n\n\n<p><strong>Logo : <\/strong>personnaliser le logo de votre marque sur la carafe thermique et l'emballage.<br><strong>Options de logo : <\/strong>logo imprim\u00e9, logo grav\u00e9 au laser, etc.<br><strong>Mod\u00e8le : <\/strong>motifs d'impression<br><strong>Technologie d'impression :<\/strong> impression par transfert d'eau, s\u00e9rigraphie, impression par transfert de chaleur, transfert par sublimation, etc. <br><strong>Emballage : <\/strong>bo\u00eete \u00e0 couleurs<br><a href=\"https:\/\/moyahousehold.com\/fr\/solution-personnalisee\/\"><strong>D\u00e9couvrez d'autres personnalisations de carafes thermiques<\/strong><\/a><\/p>\n\n\n\n<div class=\"wp-block-columns is-layout-flex wp-container-core-columns-is-layout-9d6595d7 wp-block-columns-is-layout-flex\">\n<div class=\"wp-block-column is-layout-flow wp-block-column-is-layout-flow\">\n<figure class=\"wp-block-image size-full\"><img fetchpriority=\"high\" decoding=\"async\" width=\"4118\" height=\"4118\" src=\"https:\/\/moyahousehold.com\/wp-content\/uploads\/2025\/07\/1.3L-Danish-thermos-flask-4.webp\" alt=\"Bouteille thermos danoise de 1,3 litre\" class=\"wp-image-11267\" srcset=\"https:\/\/moyahousehold.com\/wp-content\/uploads\/2025\/07\/1.3L-Danish-thermos-flask-4.webp 4118w, https:\/\/moyahousehold.com\/wp-content\/uploads\/2025\/07\/1.3L-Danish-thermos-flask-4-300x300.webp 300w, https:\/\/moyahousehold.com\/wp-content\/uploads\/2025\/07\/1.3L-Danish-thermos-flask-4-150x150.webp 150w, https:\/\/moyahousehold.com\/wp-content\/uploads\/2025\/07\/1.3L-Danish-thermos-flask-4-768x768.webp 768w, https:\/\/moyahousehold.com\/wp-content\/uploads\/2025\/07\/1.3L-Danish-thermos-flask-4-12x12.webp 12w, https:\/\/moyahousehold.com\/wp-content\/uploads\/2025\/07\/1.3L-Danish-thermos-flask-4-285x285.webp 285w, https:\/\/moyahousehold.com\/wp-content\/uploads\/2025\/07\/1.3L-Danish-thermos-flask-4-1600x1600.webp 1600w, https:\/\/moyahousehold.com\/wp-content\/uploads\/2025\/07\/1.3L-Danish-thermos-flask-4-270x270.webp 270w, https:\/\/moyahousehold.com\/wp-content\/uploads\/2025\/07\/1.3L-Danish-thermos-flask-4-540x540.webp 540w, https:\/\/moyahousehold.com\/wp-content\/uploads\/2025\/07\/1.3L-Danish-thermos-flask-4-660x660.webp 660w\" sizes=\"(max-width: 4118px) 100vw, 4118px\" \/><\/figure>\n<\/div>\n\n\n\n<div class=\"wp-block-column is-layout-flow wp-block-column-is-layout-flow\">\n<figure class=\"wp-block-image size-full\"><img decoding=\"async\" width=\"2750\" height=\"2750\" src=\"https:\/\/moyahousehold.com\/wp-content\/uploads\/2025\/07\/1.3L-Danish-thermos-flask-5.webp\" alt=\"Bouteille thermos danoise de 1,3 litre\" class=\"wp-image-11268\" srcset=\"https:\/\/moyahousehold.com\/wp-content\/uploads\/2025\/07\/1.3L-Danish-thermos-flask-5.webp 2750w, https:\/\/moyahousehold.com\/wp-content\/uploads\/2025\/07\/1.3L-Danish-thermos-flask-5-300x300.webp 300w, https:\/\/moyahousehold.com\/wp-content\/uploads\/2025\/07\/1.3L-Danish-thermos-flask-5-150x150.webp 150w, https:\/\/moyahousehold.com\/wp-content\/uploads\/2025\/07\/1.3L-Danish-thermos-flask-5-768x768.webp 768w, https:\/\/moyahousehold.com\/wp-content\/uploads\/2025\/07\/1.3L-Danish-thermos-flask-5-12x12.webp 12w, https:\/\/moyahousehold.com\/wp-content\/uploads\/2025\/07\/1.3L-Danish-thermos-flask-5-285x285.webp 285w, https:\/\/moyahousehold.com\/wp-content\/uploads\/2025\/07\/1.3L-Danish-thermos-flask-5-1600x1600.webp 1600w, https:\/\/moyahousehold.com\/wp-content\/uploads\/2025\/07\/1.3L-Danish-thermos-flask-5-270x270.webp 270w, https:\/\/moyahousehold.com\/wp-content\/uploads\/2025\/07\/1.3L-Danish-thermos-flask-5-540x540.webp 540w, https:\/\/moyahousehold.com\/wp-content\/uploads\/2025\/07\/1.3L-Danish-thermos-flask-5-660x660.webp 660w\" sizes=\"(max-width: 2750px) 100vw, 2750px\" \/><\/figure>\n<\/div>\n<\/div>\n\n\n\n<p><\/p>","protected":false},"excerpt":{"rendered":"<h1 class=\"header-vfC6AV auto-hide-last-sibling-br\">Grossiste Jug thermo sous vide \u00e0 la danoise<\/h1>\n<div class=\"auto-hide-last-sibling-br paragraph-JOTKXA paragraph-element br-paragraph-space\">Cette carafe thermique sous vide de style danois offre une excellente exp\u00e9rience visuelle gr\u00e2ce \u00e0 son design esth\u00e9tique simple. La poign\u00e9e en bois est agr\u00e9able \u00e0 tenir et ajoute une touche d'\u00e9l\u00e9gance naturelle \u00e0 votre d\u00e9coration int\u00e9rieure. Sur le plan pratique, elle est dot\u00e9e d'une double couche de vide qui permet de conserver efficacement les boissons \u00e0 leur temp\u00e9rature d'origine pendant 24 heures. N'h\u00e9sitez pas \u00e0 nous contacter pour obtenir un devis.<\/div>\n<h2 class=\"header-vfC6AV auto-hide-last-sibling-br\">Caract\u00e9ristiques de la cruche \u00e0 vide thermique<\/h2>\n<ul class=\"auto-hide-last-sibling-br\">\n<li><strong>Design simple<\/strong>: Cette carafe \u00e0 vide thermique adopte un concept esth\u00e9tique minimaliste, pr\u00e9sentant un aspect \u00e9l\u00e9gant et moderne. Elle s'int\u00e8gre facilement dans divers environnements domestiques, professionnels ou h\u00f4teliers.<\/li>\n<li><strong>Poign\u00e9e en bois<\/strong>: Cette carafe \u00e0 vide thermique est \u00e9quip\u00e9e d'une poign\u00e9e ergonomique en bois qui offre une excellente prise en main et un grand confort.<\/li>\n<li><strong>Excellente performance en mati\u00e8re d'isolation thermique<\/strong>: Il utilise une technologie d'isolation sous vide \u00e0 double couche pour r\u00e9duire efficacement la perte de chaleur et maintenir la temp\u00e9rature des boissons pendant une p\u00e9riode prolong\u00e9e.<\/li>\n<li><strong>Mat\u00e9riaux \u00e9cologiques<\/strong>: La cruche \u00e0 vide thermique est fabriqu\u00e9e \u00e0 partir de mat\u00e9riaux \u00e9cologiques sans BPA, r\u00e9pondant aux normes environnementales internationales et emp\u00eachant les substances nocives d'affecter le corps humain.<\/li>\n<li><strong>Distribution d'eau par un seul bouton<\/strong>: Le design unique du bec verseur rend le processus de versement plus fluide et plus contr\u00f4lable, \u00e9vitant ainsi les \u00e9claboussures d'eau. Il convient pour verser du th\u00e9, du caf\u00e9 et de l'eau chaude.<\/li>\n<li><strong>Conception \u00e0 petite capacit\u00e9<\/strong>: La capacit\u00e9 de 1,3 litre est id\u00e9ale pour un usage personnel ou pour une petite famille, r\u00e9pondant aux besoins quotidiens en boisson d'une personne seule et aux exigences des voyages de courte dur\u00e9e.<\/li>\n<li><strong>Solutions de personnalisation OEM et ODM<\/strong>: Moya, le fabricant de carafes thermiques, peut personnaliser l'aspect du produit, sa capacit\u00e9, sa couleur, le logo de la marque, etc. en fonction des besoins uniques des clients.<\/li>\n<\/ul>","protected":false},"featured_media":11264,"comment_status":"closed","ping_status":"closed","template":"","meta":[],"product_cat":[54],"product_tag":[81,85],"class_list":{"0":"post-11263","1":"product","2":"type-product","3":"status-publish","4":"has-post-thumbnail","6":"product_cat-thermal-carafe-wholesale","7":"product_tag-wholesale-600ml-thermos-carafe","8":"product_tag-wholesale-stainless-steel-liner-thermos-carafe","10":"first","11":"instock","12":"shipping-taxable","13":"product-type-simple"},"_links":{"self":[{"href":"https:\/\/moyahousehold.com\/fr\/wp-json\/wp\/v2\/product\/11263","targetHints":{"allow":["GET"]}}],"collection":[{"href":"https:\/\/moyahousehold.com\/fr\/wp-json\/wp\/v2\/product"}],"about":[{"href":"https:\/\/moyahousehold.com\/fr\/wp-json\/wp\/v2\/types\/product"}],"replies":[{"embeddable":true,"href":"https:\/\/moyahousehold.com\/fr\/wp-json\/wp\/v2\/comments?post=11263"}],"version-history":[{"count":0,"href":"https:\/\/moyahousehold.com\/fr\/wp-json\/wp\/v2\/product\/11263\/revisions"}],"wp:featuredmedia":[{"embeddable":true,"href":"https:\/\/moyahousehold.com\/fr\/wp-json\/wp\/v2\/media\/11264"}],"wp:attachment":[{"href":"https:\/\/moyahousehold.com\/fr\/wp-json\/wp\/v2\/media?parent=11263"}],"wp:term":[{"taxonomy":"product_cat","embeddable":true,"href":"https:\/\/moyahousehold.com\/fr\/wp-json\/wp\/v2\/product_cat?post=11263"},{"taxonomy":"product_tag","embeddable":true,"href":"https:\/\/moyahousehold.com\/fr\/wp-json\/wp\/v2\/product_tag?post=11263"}],"curies":[{"name":"wp","href":"https:\/\/api.w.org\/{rel}","templated":true}]}}