{"id":11299,"date":"2025-07-12T02:23:16","date_gmt":"2025-07-12T02:23:16","guid":{"rendered":"https:\/\/moyahousehold.com\/?post_type=product&#038;p=11299"},"modified":"2025-07-12T02:29:33","modified_gmt":"2025-07-12T02:29:33","slug":"wholesale-glass-inner-vacuum-insulated-coffee-carafe%ef%bc%880-6l-and-1-0l%ef%bc%89-moya-thermal-carafe-manufacturer","status":"publish","type":"product","link":"https:\/\/moyahousehold.com\/fr\/produit\/wholesale-glass-inner-vacuum-insulated-coffee-carafe%ef%bc%880-6l-and-1-0l%ef%bc%89-moya-thermal-carafe-manufacturer\/","title":{"rendered":"Carafe \u00e0 caf\u00e9 isol\u00e9e sous vide en verre\uff080.6L et 1.0L\uff09 en gros - Fabricant de carafe thermique MOYA"},"content":{"rendered":"<h3 class=\"wp-block-heading\">Param\u00e8tres de la carafe \u00e0 caf\u00e9 isol\u00e9e sous vide<\/h3>\n\n\n\n<figure class=\"wp-block-table\"><table><tbody><tr><td>Capacit\u00e9<\/td><td>Mat\u00e9riau<\/td><td>Taille du produit<\/td><td>Taille de la bo\u00eete ext\u00e9rieure<\/td><td>Quantit\u00e9 par caisse<\/td><td>Couleur<\/td><\/tr><tr><td>0.6L<\/td><td rowspan=\"2\">Bois, PP, Borosilicate, Inox<br>Acier, Silicone<\/td><td>19,9*13,4*20,9cm<\/td><td>\/<\/td><td>12<\/td><td>Noir,Blanc cass\u00e9,Acier<\/td><\/tr><tr><td>1.0L<\/td><td>19.9*13.4*24.4cm<\/td><td>\/<\/td><td>12<\/td><td>Noir,Blanc cass\u00e9,Acier<\/td><\/tr><\/tbody><\/table><\/figure>\n\n\n\n<h3 class=\"wp-block-heading\">Options de carafe \u00e0 caf\u00e9 personnalis\u00e9e<\/h3>\n\n\n\n<p><strong>Couvercles : <\/strong>couvercle \u00e0 pression en acier inoxydable<br><strong>Logo :<\/strong> personnaliser le logo de votre marque sur le produit et l'emballage.<br><strong>Options de logo :<\/strong> logo imprim\u00e9, logo grav\u00e9 au laser, etc.<br><strong>Mod\u00e8le : <\/strong>impression de motifs sur des bouteilles thermos.<br><strong>Technologie d'impression : <\/strong>impression par transfert d'eau, impression par s\u00e9rigraphie, impression par transfert de chaleur, transfert par sublimation, etc.<br><strong>Emballage :<\/strong> bo\u00eete \u00e0 couleurs<br><a href=\"https:\/\/moyahousehold.com\/fr\/solution-personnalisee\/\"><strong>D\u00e9couvrez d'autres solutions de carafes \u00e0 caf\u00e9 personnalis\u00e9es.<\/strong><\/a><\/p>\n\n\n\n<div class=\"wp-block-columns is-layout-flex wp-container-core-columns-is-layout-9d6595d7 wp-block-columns-is-layout-flex\">\n<div class=\"wp-block-column is-layout-flow wp-block-column-is-layout-flow\">\n<figure class=\"wp-block-image size-full\"><img fetchpriority=\"high\" decoding=\"async\" width=\"3512\" height=\"3512\" src=\"https:\/\/moyahousehold.com\/wp-content\/uploads\/2025\/07\/Glass-lined-pizza-thermos-9.webp\" alt=\"Thermos \u00e0 pizza en verre\" class=\"wp-image-11278\" srcset=\"https:\/\/moyahousehold.com\/wp-content\/uploads\/2025\/07\/Glass-lined-pizza-thermos-9.webp 3512w, https:\/\/moyahousehold.com\/wp-content\/uploads\/2025\/07\/Glass-lined-pizza-thermos-9-300x300.webp 300w, https:\/\/moyahousehold.com\/wp-content\/uploads\/2025\/07\/Glass-lined-pizza-thermos-9-150x150.webp 150w, https:\/\/moyahousehold.com\/wp-content\/uploads\/2025\/07\/Glass-lined-pizza-thermos-9-768x768.webp 768w, https:\/\/moyahousehold.com\/wp-content\/uploads\/2025\/07\/Glass-lined-pizza-thermos-9-12x12.webp 12w, https:\/\/moyahousehold.com\/wp-content\/uploads\/2025\/07\/Glass-lined-pizza-thermos-9-285x285.webp 285w, https:\/\/moyahousehold.com\/wp-content\/uploads\/2025\/07\/Glass-lined-pizza-thermos-9-1600x1600.webp 1600w, https:\/\/moyahousehold.com\/wp-content\/uploads\/2025\/07\/Glass-lined-pizza-thermos-9-270x270.webp 270w, https:\/\/moyahousehold.com\/wp-content\/uploads\/2025\/07\/Glass-lined-pizza-thermos-9-540x540.webp 540w, https:\/\/moyahousehold.com\/wp-content\/uploads\/2025\/07\/Glass-lined-pizza-thermos-9-660x660.webp 660w\" sizes=\"(max-width: 3512px) 100vw, 3512px\" \/><\/figure>\n<\/div>\n\n\n\n<div class=\"wp-block-column is-layout-flow wp-block-column-is-layout-flow\">\n<figure class=\"wp-block-image size-full\"><img decoding=\"async\" width=\"3476\" height=\"3476\" src=\"https:\/\/moyahousehold.com\/wp-content\/uploads\/2025\/07\/Glass-lined-pizza-thermos-8.webp\" alt=\"Thermos \u00e0 pizza en verre\" class=\"wp-image-11277\" srcset=\"https:\/\/moyahousehold.com\/wp-content\/uploads\/2025\/07\/Glass-lined-pizza-thermos-8.webp 3476w, https:\/\/moyahousehold.com\/wp-content\/uploads\/2025\/07\/Glass-lined-pizza-thermos-8-300x300.webp 300w, https:\/\/moyahousehold.com\/wp-content\/uploads\/2025\/07\/Glass-lined-pizza-thermos-8-150x150.webp 150w, https:\/\/moyahousehold.com\/wp-content\/uploads\/2025\/07\/Glass-lined-pizza-thermos-8-768x768.webp 768w, https:\/\/moyahousehold.com\/wp-content\/uploads\/2025\/07\/Glass-lined-pizza-thermos-8-12x12.webp 12w, https:\/\/moyahousehold.com\/wp-content\/uploads\/2025\/07\/Glass-lined-pizza-thermos-8-285x285.webp 285w, https:\/\/moyahousehold.com\/wp-content\/uploads\/2025\/07\/Glass-lined-pizza-thermos-8-1600x1600.webp 1600w, https:\/\/moyahousehold.com\/wp-content\/uploads\/2025\/07\/Glass-lined-pizza-thermos-8-270x270.webp 270w, https:\/\/moyahousehold.com\/wp-content\/uploads\/2025\/07\/Glass-lined-pizza-thermos-8-540x540.webp 540w, https:\/\/moyahousehold.com\/wp-content\/uploads\/2025\/07\/Glass-lined-pizza-thermos-8-660x660.webp 660w\" sizes=\"(max-width: 3476px) 100vw, 3476px\" \/><\/figure>\n<\/div>\n<\/div>\n\n\n\n<p><\/p>","protected":false},"excerpt":{"rendered":"<h1 class=\"header-vfC6AV auto-hide-last-sibling-br\">Grossiste Carafe \u00e0 caf\u00e9 isol\u00e9e avec rev\u00eatement en verre<\/h1>\n<div class=\"auto-hide-last-sibling-br paragraph-JOTKXA paragraph-element br-paragraph-space\">Cette carafe \u00e0 caf\u00e9 isotherme pr\u00e9sente un effet de r\u00e9tention de la chaleur exceptionnel et permet de distribuer facilement de l'eau \u00e0 l'aide d'un seul bouton. D'apparence simple et \u00e9l\u00e9gante, elle convient aussi bien \u00e0 la maison qu'au bureau. Nous proposons des services de vente en gros de carafes \u00e0 caf\u00e9 isothermes ainsi que des solutions personnalis\u00e9es. N'h\u00e9sitez pas \u00e0 nous contacter \u00e0 tout moment.<\/div>\n<h2 class=\"header-vfC6AV auto-hide-last-sibling-br\">Caract\u00e9ristiques de la carafe \u00e0 caf\u00e9 isol\u00e9e avec rev\u00eatement en verre<\/h2>\n<ul class=\"auto-hide-last-sibling-br\">\n<li>\n<div class=\"auto-hide-last-sibling-br paragraph-JOTKXA paragraph-element br-paragraph-space\"><strong>Aspect simple et \u00e9l\u00e9gant<\/strong>: Dot\u00e9e d'un design minimaliste, cette carafe \u00e0 caf\u00e9 isotherme est disponible dans les couleurs classiques noir et beige. Son allure \u00e9l\u00e9gante s'int\u00e8gre parfaitement \u00e0 la maison, au bureau ou dans un environnement commercial.<\/div>\n<\/li>\n<li>\n<div class=\"auto-hide-last-sibling-br paragraph-JOTKXA paragraph-element br-paragraph-space\"><strong>Liner en verre<\/strong>: Le rev\u00eatement en verre de haute qualit\u00e9 garantit la durabilit\u00e9 et la solidit\u00e9, pr\u00e9servant la s\u00e9curit\u00e9 et le go\u00fbt pur de l'eau, du caf\u00e9 et d'autres boissons.<\/div>\n<\/li>\n<li>\n<div class=\"auto-hide-last-sibling-br paragraph-JOTKXA paragraph-element br-paragraph-space\"><strong>Conception \u00e0 pression d'un seul bouton<\/strong>: \u00c9quip\u00e9e d'un m\u00e9canisme innovant de pression \u00e0 bouton unique, elle \u00e9limine le fonctionnement fastidieux des carafes thermiques traditionnelles, ce qui rend l'utilisation plus pratique.<\/div>\n<\/li>\n<li>\n<div class=\"auto-hide-last-sibling-br paragraph-JOTKXA paragraph-element br-paragraph-space\"><strong>Effet isolant durable<\/strong>: Gr\u00e2ce \u00e0 la technologie d'isolation sous vide, cette carafe peut garder les liquides chauds pendant une p\u00e9riode prolong\u00e9e, garantissant que le caf\u00e9, le th\u00e9 et d'autres boissons conservent leur temp\u00e9rature optimale pendant des heures.<\/div>\n<\/li>\n<li>\n<div class=\"auto-hide-last-sibling-br paragraph-JOTKXA paragraph-element br-paragraph-space\"><strong>Prix de gros<\/strong>: Les fabricants de Moya proposent des prix de gros tr\u00e8s comp\u00e9titifs, id\u00e9aux pour les d\u00e9taillants, les distributeurs et les achats en gros dans le secteur de la restauration.<\/div>\n<\/li>\n<li>\n<div class=\"auto-hide-last-sibling-br paragraph-JOTKXA paragraph-element br-paragraph-space\"><strong>Services de personnalisation OEM et ODM<\/strong>: Gr\u00e2ce \u00e0 nos services OEM et ODM, vous pouvez personnaliser l'aspect de la carafe, sa capacit\u00e9 et le logo de votre marque pour cr\u00e9er des produits uniques et sur mesure.<\/div>\n<\/li>\n<\/ul>","protected":false},"featured_media":11276,"comment_status":"open","ping_status":"closed","template":"","meta":[],"product_cat":[54],"product_tag":[66,78,85],"class_list":{"0":"post-11299","1":"product","2":"type-product","3":"status-publish","4":"has-post-thumbnail","6":"product_cat-thermal-carafe-wholesale","7":"product_tag-wholesale-1000ml-thermos-carafe","8":"product_tag-wholesale-1500ml-thermos-carafe","9":"product_tag-wholesale-stainless-steel-liner-thermos-carafe","11":"first","12":"instock","13":"shipping-taxable","14":"product-type-simple"},"_links":{"self":[{"href":"https:\/\/moyahousehold.com\/fr\/wp-json\/wp\/v2\/product\/11299","targetHints":{"allow":["GET"]}}],"collection":[{"href":"https:\/\/moyahousehold.com\/fr\/wp-json\/wp\/v2\/product"}],"about":[{"href":"https:\/\/moyahousehold.com\/fr\/wp-json\/wp\/v2\/types\/product"}],"replies":[{"embeddable":true,"href":"https:\/\/moyahousehold.com\/fr\/wp-json\/wp\/v2\/comments?post=11299"}],"version-history":[{"count":0,"href":"https:\/\/moyahousehold.com\/fr\/wp-json\/wp\/v2\/product\/11299\/revisions"}],"wp:featuredmedia":[{"embeddable":true,"href":"https:\/\/moyahousehold.com\/fr\/wp-json\/wp\/v2\/media\/11276"}],"wp:attachment":[{"href":"https:\/\/moyahousehold.com\/fr\/wp-json\/wp\/v2\/media?parent=11299"}],"wp:term":[{"taxonomy":"product_cat","embeddable":true,"href":"https:\/\/moyahousehold.com\/fr\/wp-json\/wp\/v2\/product_cat?post=11299"},{"taxonomy":"product_tag","embeddable":true,"href":"https:\/\/moyahousehold.com\/fr\/wp-json\/wp\/v2\/product_tag?post=11299"}],"curies":[{"name":"wp","href":"https:\/\/api.w.org\/{rel}","templated":true}]}}